{"id":1918,"date":"2025-10-20T21:32:38","date_gmt":"2025-10-20T21:32:38","guid":{"rendered":"https:\/\/fluxrecords.fr\/?page_id=1918"},"modified":"2026-04-10T09:08:25","modified_gmt":"2026-04-10T09:08:25","slug":"effemmessence-album","status":"publish","type":"page","link":"https:\/\/fluxrecords.fr\/en\/effemmessence-album\/","title":{"rendered":"Effemmessence Album"},"content":{"rendered":"<div class=\"wp-block-group alignfull is-style-ext-preset--group--natural-1--section has-background-background-color has-background is-layout-constrained wp-container-core-group-is-layout-032be580 wp-block-group-is-layout-constrained\" style=\"margin-top:0;margin-bottom:0;padding-top:var(--wp--preset--spacing--30);padding-right:0;padding-bottom:var(--wp--preset--spacing--30);padding-left:0\">\n<div class=\"wp-block-columns alignwide is-layout-flex wp-container-core-columns-is-layout-174606dc wp-block-columns-is-layout-flex\">\n<div class=\"wp-block-column is-vertically-aligned-center is-layout-flow wp-container-core-column-is-layout-8a368f38 wp-block-column-is-layout-flow\">\n<figure class=\"wp-block-image size-full is-resized is-style-ext-preset--image--natural-1--image-1--content-left\"><img fetchpriority=\"high\" decoding=\"async\" width=\"500\" height=\"500\" src=\"https:\/\/fluxrecords.fr\/wp-content\/uploads\/2025\/10\/cover-effemme-web-ok.webp\" alt=\"Effemmessence QAlbum\" class=\"wp-image-508\" style=\"box-shadow:var(--wp--preset--shadow--natural);object-fit:cover;width:586px;height:auto\" title=\"Effemmessence Album\" srcset=\"https:\/\/fluxrecords.fr\/wp-content\/uploads\/2025\/10\/cover-effemme-web-ok.webp 500w, https:\/\/fluxrecords.fr\/wp-content\/uploads\/2025\/10\/cover-effemme-web-ok-300x300.webp 300w, https:\/\/fluxrecords.fr\/wp-content\/uploads\/2025\/10\/cover-effemme-web-ok-150x150.webp 150w\" sizes=\"(max-width: 500px) 100vw, 500px\" \/><\/figure>\n<\/div>\n\n\n\n<div class=\"wp-block-column is-vertically-aligned-top is-layout-flow wp-container-core-column-is-layout-77f8e629 wp-block-column-is-layout-flow\" style=\"padding-right:var(--wp--preset--spacing--70);padding-left:var(--wp--preset--spacing--70)\">\n<div class=\"wp-block-group alignwide is-vertical is-layout-flex wp-container-core-group-is-layout-c35747d5 wp-block-group-is-layout-flex\">\n<div class=\"wp-block-group is-layout-constrained wp-container-core-group-is-layout-dd32767c wp-block-group-is-layout-constrained\">\n<h1 class=\"wp-block-heading\" style=\"letter-spacing:6px\">EFFEMMESSENCE<\/h1>\n\n\n\n<p class=\"has-small-font-size\">Album Effemmessence : Pop Fran\u00e7aise<\/p>\n\n\n\n<p class=\"has-small-font-size\"><strong>BY FAYA CHIDEKH<\/strong><\/p>\n\n\n\n<p class=\"has-small-font-size\"><strong>Projet en cours<\/strong><\/p>\n\n\n\n<p class=\"has-normal-font-size\"><strong>Tracklist provisoire :<\/strong><\/p>\n\n\n\n<ol class=\"wp-block-list\">\n<li class=\"has-normal-font-size\">Une Histoire Sans Fin<\/li>\n\n\n\n<li class=\"has-normal-font-size\">Si La Nuit<\/li>\n\n\n\n<li class=\"has-normal-font-size\">Secret woman<\/li>\n\n\n\n<li class=\"has-normal-font-size\">Juste Un Chant<\/li>\n\n\n\n<li class=\"has-normal-font-size\">Pourquoi Pas<\/li>\n\n\n\n<li class=\"has-normal-font-size\">Passer Les Heures<\/li>\n\n\n\n<li class=\"has-normal-font-size\">Few Days<\/li>\n\n\n\n<li class=\"has-normal-font-size\">An another story<\/li>\n\n\n\n<li class=\"has-normal-font-size\">Mon Piano Et Toi<\/li>\n\n\n\n<li class=\"has-normal-font-size\">To Us<\/li>\n\n\n\n<li class=\"has-normal-font-size\">Si Tu Disais Oui<\/li>\n<\/ol>\n<\/div>\n\n\n\n<div class=\"wp-block-buttons is-layout-flex wp-block-buttons-is-layout-flex\"><\/div>\n<\/div>\n<\/div>\n<\/div>\n<\/div>\n\n\n\n<figure class=\"wp-block-audio alignwide\"><audio controls src=\"https:\/\/fluxrecords.fr\/wp-content\/uploads\/2025\/10\/histoire-sans-fin.mp3\"><\/audio><\/figure>\n\n\n\n<div class=\"wp-block-buttons is-content-justification-center is-layout-flex wp-container-core-buttons-is-layout-a89b3969 wp-block-buttons-is-layout-flex\">\n<div class=\"wp-block-button is-style-outline wpopus-hover-zoom-in is-style-outline--1\"><a class=\"wp-block-button__link has-small-font-size has-custom-font-size wp-element-button\" href=\"https:\/\/soundcloud.com\/faya-1-1\" style=\"padding-top:var(--wp--preset--spacing--20);padding-right:var(--wp--preset--spacing--40);padding-bottom:var(--wp--preset--spacing--20);padding-left:var(--wp--preset--spacing--40)\" target=\"_blank\" rel=\"noreferrer noopener\">more music<\/a><\/div>\n<\/div>\n\n\n\n<div style=\"height:20px\" aria-hidden=\"true\" class=\"wp-block-spacer\"><\/div>\n\n\n\n<div class=\"wp-block-cover alignfull\" style=\"min-height:267px;aspect-ratio:unset;\"><img decoding=\"async\" width=\"1024\" height=\"683\" class=\"wp-block-cover__image-background wp-image-4433 size-large\" alt=\"background human music\" src=\"https:\/\/fluxrecords.fr\/wp-content\/uploads\/2026\/01\/2026-01-28-23-12-23-b6176774-0e95-4f02-9f36-13779f77d430-1024x683.png\" data-object-fit=\"cover\" srcset=\"https:\/\/fluxrecords.fr\/wp-content\/uploads\/2026\/01\/2026-01-28-23-12-23-b6176774-0e95-4f02-9f36-13779f77d430-1024x683.png 1024w, https:\/\/fluxrecords.fr\/wp-content\/uploads\/2026\/01\/2026-01-28-23-12-23-b6176774-0e95-4f02-9f36-13779f77d430-300x200.png 300w, https:\/\/fluxrecords.fr\/wp-content\/uploads\/2026\/01\/2026-01-28-23-12-23-b6176774-0e95-4f02-9f36-13779f77d430-768x512.png 768w, https:\/\/fluxrecords.fr\/wp-content\/uploads\/2026\/01\/2026-01-28-23-12-23-b6176774-0e95-4f02-9f36-13779f77d430-18x12.png 18w, https:\/\/fluxrecords.fr\/wp-content\/uploads\/2026\/01\/2026-01-28-23-12-23-b6176774-0e95-4f02-9f36-13779f77d430.png 1248w\" sizes=\"(max-width: 1024px) 100vw, 1024px\" \/><span aria-hidden=\"true\" class=\"wp-block-cover__background has-red-coral-background-color has-background-dim-10 has-background-dim\"><\/span><div class=\"wp-block-cover__inner-container is-layout-constrained wp-block-cover-is-layout-constrained\">\n<div class=\"wp-block-columns alignwide is-layout-flex wp-container-core-columns-is-layout-28f84493 wp-block-columns-is-layout-flex\">\n<div class=\"wp-block-column is-layout-flow wp-block-column-is-layout-flow\">\n<figure class=\"wp-block-image alignright size-large is-resized\"><img decoding=\"async\" width=\"1024\" height=\"951\" src=\"https:\/\/fluxrecords.fr\/wp-content\/uploads\/2026\/03\/symbole-blanc-1024x951.png\" alt=\"symbole blanc\" class=\"wp-image-6030\" style=\"aspect-ratio:1.0767732901109504;width:187px;height:auto\" title=\"Flux  Records symbole\" srcset=\"https:\/\/fluxrecords.fr\/wp-content\/uploads\/2026\/03\/symbole-blanc-1024x951.png 1024w, https:\/\/fluxrecords.fr\/wp-content\/uploads\/2026\/03\/symbole-blanc-300x279.png 300w, https:\/\/fluxrecords.fr\/wp-content\/uploads\/2026\/03\/symbole-blanc-768x713.png 768w, https:\/\/fluxrecords.fr\/wp-content\/uploads\/2026\/03\/symbole-blanc-1536x1427.png 1536w, https:\/\/fluxrecords.fr\/wp-content\/uploads\/2026\/03\/symbole-blanc-2048x1902.png 2048w, https:\/\/fluxrecords.fr\/wp-content\/uploads\/2026\/03\/symbole-blanc-13x12.png 13w, https:\/\/fluxrecords.fr\/wp-content\/uploads\/2026\/03\/symbole-blanc-1320x1226.png 1320w\" sizes=\"(max-width: 1024px) 100vw, 1024px\" \/><\/figure>\n<\/div>\n\n\n\n<div class=\"wp-block-column is-vertically-aligned-center is-layout-flow wp-block-column-is-layout-flow\">\n<h2 class=\"wp-block-heading has-text-align-left\" style=\"font-size:65px;font-style:normal;font-weight:900;letter-spacing:6px\">HUMAN MUSIC<\/h2>\n<\/div>\n<\/div>\n<\/div><\/div>\n\n\n\n<p class=\"\"><\/p>","protected":false},"excerpt":{"rendered":"<p>EFFEMMESSENCE Album Effemmessence : Pop Fran\u00e7aise PAR FAYA CHIDEKH Projet en cours Tracklist provisoire :<\/p>","protected":false},"author":1,"featured_media":508,"parent":0,"menu_order":0,"comment_status":"closed","ping_status":"closed","template":"wp-custom-template-l-ment-unique-article","meta":{"footnotes":""},"class_list":["post-1918","page","type-page","status-publish","has-post-thumbnail","hentry"],"yoast_head":"<!-- This site is optimized with the Yoast SEO plugin v27.3 - https:\/\/yoast.com\/product\/yoast-seo-wordpress\/ -->\n<title>Effemmessence Album - FLUX RECORDS<\/title>\n<meta name=\"description\" content=\"D\u00e9couvrez l&#039;album Effemmessence de Faya Chidekh. L&#039;artiste rend un vibrant hommage \u00e0 toutes les femmes qui ont compt\u00e9 dans sa vie.\" \/>\n<meta name=\"robots\" content=\"index, follow, max-snippet:-1, max-image-preview:large, max-video-preview:-1\" \/>\n<link rel=\"canonical\" href=\"https:\/\/fluxrecords.fr\/en\/effemmessence-album\/\" \/>\n<meta property=\"og:locale\" content=\"en_US\" \/>\n<meta property=\"og:type\" content=\"article\" \/>\n<meta property=\"og:title\" content=\"Effemmessence Album - FLUX RECORDS\" \/>\n<meta property=\"og:description\" content=\"D\u00e9couvrez l&#039;album Effemmessence de Faya Chidekh. L&#039;artiste rend un vibrant hommage \u00e0 toutes les femmes qui ont compt\u00e9 dans sa vie.\" \/>\n<meta property=\"og:url\" content=\"https:\/\/fluxrecords.fr\/en\/effemmessence-album\/\" \/>\n<meta property=\"og:site_name\" content=\"FLUX RECORDS\" \/>\n<meta property=\"article:modified_time\" content=\"2026-04-10T09:08:25+00:00\" \/>\n<meta property=\"og:image\" content=\"https:\/\/fluxrecords.fr\/wp-content\/uploads\/2025\/10\/cover-effemme-web-ok.webp\" \/>\n\t<meta property=\"og:image:width\" content=\"500\" \/>\n\t<meta property=\"og:image:height\" content=\"500\" \/>\n\t<meta property=\"og:image:type\" content=\"image\/webp\" \/>\n<meta name=\"twitter:card\" content=\"summary_large_image\" \/>\n<meta name=\"twitter:label1\" content=\"Est. reading time\" \/>\n\t<meta name=\"twitter:data1\" content=\"2 minutes\" \/>\n<script type=\"application\/ld+json\" class=\"yoast-schema-graph\">{\"@context\":\"https:\\\/\\\/schema.org\",\"@graph\":[{\"@type\":\"WebPage\",\"@id\":\"https:\\\/\\\/fluxrecords.fr\\\/effemmessence-album\\\/\",\"url\":\"https:\\\/\\\/fluxrecords.fr\\\/effemmessence-album\\\/\",\"name\":\"Effemmessence Album - FLUX RECORDS\",\"isPartOf\":{\"@id\":\"https:\\\/\\\/fluxrecords.fr\\\/#website\"},\"primaryImageOfPage\":{\"@id\":\"https:\\\/\\\/fluxrecords.fr\\\/effemmessence-album\\\/#primaryimage\"},\"image\":{\"@id\":\"https:\\\/\\\/fluxrecords.fr\\\/effemmessence-album\\\/#primaryimage\"},\"thumbnailUrl\":\"https:\\\/\\\/fluxrecords.fr\\\/wp-content\\\/uploads\\\/2025\\\/10\\\/cover-effemme-web-ok.webp\",\"datePublished\":\"2025-10-20T21:32:38+00:00\",\"dateModified\":\"2026-04-10T09:08:25+00:00\",\"description\":\"D\u00e9couvrez l'album Effemmessence de Faya Chidekh. L'artiste rend un vibrant hommage \u00e0 toutes les femmes qui ont compt\u00e9 dans sa vie.\",\"breadcrumb\":{\"@id\":\"https:\\\/\\\/fluxrecords.fr\\\/effemmessence-album\\\/#breadcrumb\"},\"inLanguage\":\"en-US\",\"potentialAction\":[{\"@type\":\"ReadAction\",\"target\":[\"https:\\\/\\\/fluxrecords.fr\\\/effemmessence-album\\\/\"]}]},{\"@type\":\"ImageObject\",\"inLanguage\":\"en-US\",\"@id\":\"https:\\\/\\\/fluxrecords.fr\\\/effemmessence-album\\\/#primaryimage\",\"url\":\"https:\\\/\\\/fluxrecords.fr\\\/wp-content\\\/uploads\\\/2025\\\/10\\\/cover-effemme-web-ok.webp\",\"contentUrl\":\"https:\\\/\\\/fluxrecords.fr\\\/wp-content\\\/uploads\\\/2025\\\/10\\\/cover-effemme-web-ok.webp\",\"width\":500,\"height\":500,\"caption\":\"Effemmessence\"},{\"@type\":\"BreadcrumbList\",\"@id\":\"https:\\\/\\\/fluxrecords.fr\\\/effemmessence-album\\\/#breadcrumb\",\"itemListElement\":[{\"@type\":\"ListItem\",\"position\":1,\"name\":\"Accueil\",\"item\":\"https:\\\/\\\/fluxrecords.fr\\\/\"},{\"@type\":\"ListItem\",\"position\":2,\"name\":\"Effemmessence Album\"}]},{\"@type\":\"WebSite\",\"@id\":\"https:\\\/\\\/fluxrecords.fr\\\/#website\",\"url\":\"https:\\\/\\\/fluxrecords.fr\\\/\",\"name\":\"FLUX RECORDS\",\"description\":\"FLUX Records\",\"publisher\":{\"@id\":\"https:\\\/\\\/fluxrecords.fr\\\/#organization\"},\"potentialAction\":[{\"@type\":\"SearchAction\",\"target\":{\"@type\":\"EntryPoint\",\"urlTemplate\":\"https:\\\/\\\/fluxrecords.fr\\\/?s={search_term_string}\"},\"query-input\":{\"@type\":\"PropertyValueSpecification\",\"valueRequired\":true,\"valueName\":\"search_term_string\"}}],\"inLanguage\":\"en-US\"},{\"@type\":\"Organization\",\"@id\":\"https:\\\/\\\/fluxrecords.fr\\\/#organization\",\"name\":\"FLUX RECORDS\",\"url\":\"https:\\\/\\\/fluxrecords.fr\\\/\",\"logo\":{\"@type\":\"ImageObject\",\"inLanguage\":\"en-US\",\"@id\":\"https:\\\/\\\/fluxrecords.fr\\\/#\\\/schema\\\/logo\\\/image\\\/\",\"url\":\"https:\\\/\\\/fluxrecords.fr\\\/wp-content\\\/uploads\\\/2025\\\/10\\\/symbole-noir.png\",\"contentUrl\":\"https:\\\/\\\/fluxrecords.fr\\\/wp-content\\\/uploads\\\/2025\\\/10\\\/symbole-noir.png\",\"width\":2280,\"height\":2016,\"caption\":\"FLUX RECORDS\"},\"image\":{\"@id\":\"https:\\\/\\\/fluxrecords.fr\\\/#\\\/schema\\\/logo\\\/image\\\/\"}}]}<\/script>\n<!-- \/ Yoast SEO plugin. -->","yoast_head_json":{"title":"Effemmessence Album - FLUX RECORDS","description":"D\u00e9couvrez l'album Effemmessence de Faya Chidekh. L'artiste rend un vibrant hommage \u00e0 toutes les femmes qui ont compt\u00e9 dans sa vie.","robots":{"index":"index","follow":"follow","max-snippet":"max-snippet:-1","max-image-preview":"max-image-preview:large","max-video-preview":"max-video-preview:-1"},"canonical":"https:\/\/fluxrecords.fr\/en\/effemmessence-album\/","og_locale":"en_US","og_type":"article","og_title":"Effemmessence Album - FLUX RECORDS","og_description":"D\u00e9couvrez l'album Effemmessence de Faya Chidekh. L'artiste rend un vibrant hommage \u00e0 toutes les femmes qui ont compt\u00e9 dans sa vie.","og_url":"https:\/\/fluxrecords.fr\/en\/effemmessence-album\/","og_site_name":"FLUX RECORDS","article_modified_time":"2026-04-10T09:08:25+00:00","og_image":[{"width":500,"height":500,"url":"https:\/\/fluxrecords.fr\/wp-content\/uploads\/2025\/10\/cover-effemme-web-ok.webp","type":"image\/webp"}],"twitter_card":"summary_large_image","twitter_misc":{"Est. reading time":"2 minutes"},"schema":{"@context":"https:\/\/schema.org","@graph":[{"@type":"WebPage","@id":"https:\/\/fluxrecords.fr\/effemmessence-album\/","url":"https:\/\/fluxrecords.fr\/effemmessence-album\/","name":"Effemmessence Album - FLUX RECORDS","isPartOf":{"@id":"https:\/\/fluxrecords.fr\/#website"},"primaryImageOfPage":{"@id":"https:\/\/fluxrecords.fr\/effemmessence-album\/#primaryimage"},"image":{"@id":"https:\/\/fluxrecords.fr\/effemmessence-album\/#primaryimage"},"thumbnailUrl":"https:\/\/fluxrecords.fr\/wp-content\/uploads\/2025\/10\/cover-effemme-web-ok.webp","datePublished":"2025-10-20T21:32:38+00:00","dateModified":"2026-04-10T09:08:25+00:00","description":"D\u00e9couvrez l'album Effemmessence de Faya Chidekh. L'artiste rend un vibrant hommage \u00e0 toutes les femmes qui ont compt\u00e9 dans sa vie.","breadcrumb":{"@id":"https:\/\/fluxrecords.fr\/effemmessence-album\/#breadcrumb"},"inLanguage":"en-US","potentialAction":[{"@type":"ReadAction","target":["https:\/\/fluxrecords.fr\/effemmessence-album\/"]}]},{"@type":"ImageObject","inLanguage":"en-US","@id":"https:\/\/fluxrecords.fr\/effemmessence-album\/#primaryimage","url":"https:\/\/fluxrecords.fr\/wp-content\/uploads\/2025\/10\/cover-effemme-web-ok.webp","contentUrl":"https:\/\/fluxrecords.fr\/wp-content\/uploads\/2025\/10\/cover-effemme-web-ok.webp","width":500,"height":500,"caption":"Effemmessence"},{"@type":"BreadcrumbList","@id":"https:\/\/fluxrecords.fr\/effemmessence-album\/#breadcrumb","itemListElement":[{"@type":"ListItem","position":1,"name":"Accueil","item":"https:\/\/fluxrecords.fr\/"},{"@type":"ListItem","position":2,"name":"Effemmessence Album"}]},{"@type":"WebSite","@id":"https:\/\/fluxrecords.fr\/#website","url":"https:\/\/fluxrecords.fr\/","name":"FLUX RECORDS","description":"FLUX Records","publisher":{"@id":"https:\/\/fluxrecords.fr\/#organization"},"potentialAction":[{"@type":"SearchAction","target":{"@type":"EntryPoint","urlTemplate":"https:\/\/fluxrecords.fr\/?s={search_term_string}"},"query-input":{"@type":"PropertyValueSpecification","valueRequired":true,"valueName":"search_term_string"}}],"inLanguage":"en-US"},{"@type":"Organization","@id":"https:\/\/fluxrecords.fr\/#organization","name":"FLUX RECORDS","url":"https:\/\/fluxrecords.fr\/","logo":{"@type":"ImageObject","inLanguage":"en-US","@id":"https:\/\/fluxrecords.fr\/#\/schema\/logo\/image\/","url":"https:\/\/fluxrecords.fr\/wp-content\/uploads\/2025\/10\/symbole-noir.png","contentUrl":"https:\/\/fluxrecords.fr\/wp-content\/uploads\/2025\/10\/symbole-noir.png","width":2280,"height":2016,"caption":"FLUX RECORDS"},"image":{"@id":"https:\/\/fluxrecords.fr\/#\/schema\/logo\/image\/"}}]}},"_links":{"self":[{"href":"https:\/\/fluxrecords.fr\/en\/wp-json\/wp\/v2\/pages\/1918","targetHints":{"allow":["GET"]}}],"collection":[{"href":"https:\/\/fluxrecords.fr\/en\/wp-json\/wp\/v2\/pages"}],"about":[{"href":"https:\/\/fluxrecords.fr\/en\/wp-json\/wp\/v2\/types\/page"}],"author":[{"embeddable":true,"href":"https:\/\/fluxrecords.fr\/en\/wp-json\/wp\/v2\/users\/1"}],"replies":[{"embeddable":true,"href":"https:\/\/fluxrecords.fr\/en\/wp-json\/wp\/v2\/comments?post=1918"}],"version-history":[{"count":37,"href":"https:\/\/fluxrecords.fr\/en\/wp-json\/wp\/v2\/pages\/1918\/revisions"}],"predecessor-version":[{"id":6308,"href":"https:\/\/fluxrecords.fr\/en\/wp-json\/wp\/v2\/pages\/1918\/revisions\/6308"}],"wp:featuredmedia":[{"embeddable":true,"href":"https:\/\/fluxrecords.fr\/en\/wp-json\/wp\/v2\/media\/508"}],"wp:attachment":[{"href":"https:\/\/fluxrecords.fr\/en\/wp-json\/wp\/v2\/media?parent=1918"}],"curies":[{"name":"wp","href":"https:\/\/api.w.org\/{rel}","templated":true}]}}