{"id":1946,"date":"2025-10-21T07:42:16","date_gmt":"2025-10-21T07:42:16","guid":{"rendered":"https:\/\/fluxrecords.fr\/?page_id=1946"},"modified":"2026-04-10T09:10:38","modified_gmt":"2026-04-10T09:10:38","slug":"titania-danse","status":"publish","type":"page","link":"https:\/\/fluxrecords.fr\/en\/titania-danse\/","title":{"rendered":"Titania Dance"},"content":{"rendered":"<div class=\"wp-block-group is-layout-constrained wp-container-core-group-is-layout-92b9201d wp-block-group-is-layout-constrained\">\n<h1 class=\"wp-block-heading has-text-align-center\" style=\"font-style:normal;font-weight:600;letter-spacing:10px\">TITANIA DANSE<\/h1>\n\n\n\n<p class=\"has-text-align-center has-small-font-size\" style=\"font-style:normal;font-weight:100;letter-spacing:3px\">BY FAYA CHIDEKH<\/p>\n\n\n\n<p class=\"has-text-align-center has-small-font-size\" style=\"font-style:normal;font-weight:300;letter-spacing:4px\">Date de sortie : 2012<\/p>\n<\/div>\n\n\n\n<div class=\"\"><iframe width=\"100%\" height=\"450\" scrolling=\"no\" frameborder=\"no\" allow=\"autoplay\" src=\"https:\/\/w.soundcloud.com\/player\/?url=https%3A\/\/api.soundcloud.com\/playlists\/soundcloud%253Aplaylists%253A208086422&#038;color=%23ff5500&#038;auto_play=false&#038;hide_related=false&#038;show_comments=true&#038;show_user=true&#038;show_reposts=false&#038;show_teaser=true\"><\/iframe><div style=\"font-size: 10px; color: #cccccc;line-break: anywhere;word-break: normal;overflow: hidden;white-space: nowrap;text-overflow: ellipsis; font-family: Interstate,Lucida Grande,Lucida Sans Unicode,Lucida Sans,Garuda,Verdana,Tahoma,sans-serif;font-weight: 100;\"><a href=\"https:\/\/soundcloud.com\/faya-1-1\" title=\"fcprod\" target=\"_blank\" style=\"color: #cccccc; text-decoration: none;\">fcprod<\/a> \u00b7 <a href=\"https:\/\/soundcloud.com\/faya-1-1\/sets\/titania-danse-1\" title=\"Titania Dance\" target=\"_blank\" style=\"color: #cccccc; text-decoration: none;\">Titania Dance<\/a><\/div><\/div>\n\n\n\n<div class=\"wp-block-group is-vertical is-content-justification-center is-layout-flex wp-container-core-group-is-layout-ce155fab wp-block-group-is-layout-flex\">\n<div class=\"wp-block-buttons is-layout-flex wp-block-buttons-is-layout-flex\">\n<div class=\"wp-block-button is-style-outline wpopus-hover-zoom-in is-style-outline--1\"><a class=\"wp-block-button__link has-small-font-size has-custom-font-size wp-element-button\" href=\"https:\/\/soundcloud.com\/faya-1-1\" style=\"padding-top:var(--wp--preset--spacing--30);padding-right:var(--wp--preset--spacing--30);padding-bottom:var(--wp--preset--spacing--30);padding-left:var(--wp--preset--spacing--30)\" target=\"_blank\" rel=\"noreferrer noopener\">more music<\/a><\/div>\n<\/div>\n<\/div>\n\n\n\n<div style=\"height:20px\" aria-hidden=\"true\" class=\"wp-block-spacer\"><\/div>\n\n\n\n<div class=\"wp-block-cover alignfull\" style=\"min-height:267px;aspect-ratio:unset;\"><img fetchpriority=\"high\" decoding=\"async\" width=\"1024\" height=\"683\" class=\"wp-block-cover__image-background wp-image-4433 size-large\" alt=\"background human music\" src=\"https:\/\/fluxrecords.fr\/wp-content\/uploads\/2026\/01\/2026-01-28-23-12-23-b6176774-0e95-4f02-9f36-13779f77d430-1024x683.png\" data-object-fit=\"cover\" srcset=\"https:\/\/fluxrecords.fr\/wp-content\/uploads\/2026\/01\/2026-01-28-23-12-23-b6176774-0e95-4f02-9f36-13779f77d430-1024x683.png 1024w, https:\/\/fluxrecords.fr\/wp-content\/uploads\/2026\/01\/2026-01-28-23-12-23-b6176774-0e95-4f02-9f36-13779f77d430-300x200.png 300w, https:\/\/fluxrecords.fr\/wp-content\/uploads\/2026\/01\/2026-01-28-23-12-23-b6176774-0e95-4f02-9f36-13779f77d430-768x512.png 768w, https:\/\/fluxrecords.fr\/wp-content\/uploads\/2026\/01\/2026-01-28-23-12-23-b6176774-0e95-4f02-9f36-13779f77d430-18x12.png 18w, https:\/\/fluxrecords.fr\/wp-content\/uploads\/2026\/01\/2026-01-28-23-12-23-b6176774-0e95-4f02-9f36-13779f77d430.png 1248w\" sizes=\"(max-width: 1024px) 100vw, 1024px\" \/><span aria-hidden=\"true\" class=\"wp-block-cover__background has-red-coral-background-color has-background-dim-10 has-background-dim\"><\/span><div class=\"wp-block-cover__inner-container is-layout-constrained wp-block-cover-is-layout-constrained\">\n<div class=\"wp-block-columns alignwide is-layout-flex wp-container-core-columns-is-layout-28f84493 wp-block-columns-is-layout-flex\">\n<div class=\"wp-block-column is-layout-flow wp-block-column-is-layout-flow\">\n<figure class=\"wp-block-image alignright size-large is-resized\"><img decoding=\"async\" width=\"1024\" height=\"951\" src=\"https:\/\/fluxrecords.fr\/wp-content\/uploads\/2026\/03\/symbole-blanc-1024x951.png\" alt=\"symbole blanc\" class=\"wp-image-6030\" style=\"aspect-ratio:1.0767732901109504;width:187px;height:auto\" title=\"Flux  Records symbole\" srcset=\"https:\/\/fluxrecords.fr\/wp-content\/uploads\/2026\/03\/symbole-blanc-1024x951.png 1024w, https:\/\/fluxrecords.fr\/wp-content\/uploads\/2026\/03\/symbole-blanc-300x279.png 300w, https:\/\/fluxrecords.fr\/wp-content\/uploads\/2026\/03\/symbole-blanc-768x713.png 768w, https:\/\/fluxrecords.fr\/wp-content\/uploads\/2026\/03\/symbole-blanc-1536x1427.png 1536w, https:\/\/fluxrecords.fr\/wp-content\/uploads\/2026\/03\/symbole-blanc-2048x1902.png 2048w, https:\/\/fluxrecords.fr\/wp-content\/uploads\/2026\/03\/symbole-blanc-13x12.png 13w, https:\/\/fluxrecords.fr\/wp-content\/uploads\/2026\/03\/symbole-blanc-1320x1226.png 1320w\" sizes=\"(max-width: 1024px) 100vw, 1024px\" \/><\/figure>\n<\/div>\n\n\n\n<div class=\"wp-block-column is-vertically-aligned-center is-layout-flow wp-block-column-is-layout-flow\">\n<h2 class=\"wp-block-heading has-text-align-left\" style=\"font-size:65px;font-style:normal;font-weight:900;letter-spacing:6px\">HUMAN MUSIC<\/h2>\n<\/div>\n<\/div>\n<\/div><\/div>\n\n\n\n<div style=\"height:100px\" aria-hidden=\"true\" class=\"wp-block-spacer\"><\/div>","protected":false},"excerpt":{"rendered":"<p>TITANIA DANSE PAR FAYA CHIDEKH Date de sortie : 2012 fcprod \u00b7 Titania Danse<\/p>","protected":false},"author":1,"featured_media":0,"parent":0,"menu_order":0,"comment_status":"closed","ping_status":"closed","template":"wp-custom-template-l-ment-unique-article","meta":{"footnotes":""},"class_list":["post-1946","page","type-page","status-publish","hentry"],"yoast_head":"<!-- This site is optimized with the Yoast SEO plugin v27.3 - https:\/\/yoast.com\/product\/yoast-seo-wordpress\/ -->\n<title>Titania Danse - FLUX RECORDS<\/title>\n<meta name=\"description\" content=\"Titania Danse est un album con\u00e7u sur les plan\u00e8tes avec au centre le satellite de Saturne, Titania, pi\u00e8ce phare de l&#039;album.\" \/>\n<meta name=\"robots\" content=\"index, follow, max-snippet:-1, max-image-preview:large, max-video-preview:-1\" \/>\n<link rel=\"canonical\" href=\"https:\/\/fluxrecords.fr\/en\/titania-danse\/\" \/>\n<meta property=\"og:locale\" content=\"en_US\" \/>\n<meta property=\"og:type\" content=\"article\" \/>\n<meta property=\"og:title\" content=\"Titania Danse - FLUX RECORDS\" \/>\n<meta property=\"og:description\" content=\"Titania Danse est un album con\u00e7u sur les plan\u00e8tes avec au centre le satellite de Saturne, Titania, pi\u00e8ce phare de l&#039;album.\" \/>\n<meta property=\"og:url\" content=\"https:\/\/fluxrecords.fr\/en\/titania-danse\/\" \/>\n<meta property=\"og:site_name\" content=\"FLUX RECORDS\" \/>\n<meta property=\"article:modified_time\" content=\"2026-04-10T09:10:38+00:00\" \/>\n<meta property=\"og:image\" content=\"https:\/\/fluxrecords.fr\/wp-content\/uploads\/2026\/01\/2026-01-28-23-12-23-b6176774-0e95-4f02-9f36-13779f77d430.png\" \/>\n\t<meta property=\"og:image:width\" content=\"1248\" \/>\n\t<meta property=\"og:image:height\" content=\"832\" \/>\n\t<meta property=\"og:image:type\" content=\"image\/png\" \/>\n<meta name=\"twitter:card\" content=\"summary_large_image\" \/>\n<meta name=\"twitter:label1\" content=\"Est. reading time\" \/>\n\t<meta name=\"twitter:data1\" content=\"1 minute\" \/>\n<script type=\"application\/ld+json\" class=\"yoast-schema-graph\">{\"@context\":\"https:\\\/\\\/schema.org\",\"@graph\":[{\"@type\":\"WebPage\",\"@id\":\"https:\\\/\\\/fluxrecords.fr\\\/titania-danse\\\/\",\"url\":\"https:\\\/\\\/fluxrecords.fr\\\/titania-danse\\\/\",\"name\":\"Titania Danse - FLUX RECORDS\",\"isPartOf\":{\"@id\":\"https:\\\/\\\/fluxrecords.fr\\\/#website\"},\"primaryImageOfPage\":{\"@id\":\"https:\\\/\\\/fluxrecords.fr\\\/titania-danse\\\/#primaryimage\"},\"image\":{\"@id\":\"https:\\\/\\\/fluxrecords.fr\\\/titania-danse\\\/#primaryimage\"},\"thumbnailUrl\":\"https:\\\/\\\/fluxrecords.fr\\\/wp-content\\\/uploads\\\/2026\\\/01\\\/2026-01-28-23-12-23-b6176774-0e95-4f02-9f36-13779f77d430-1024x683.png\",\"datePublished\":\"2025-10-21T07:42:16+00:00\",\"dateModified\":\"2026-04-10T09:10:38+00:00\",\"description\":\"Titania Danse est un album con\u00e7u sur les plan\u00e8tes avec au centre le satellite de Saturne, Titania, pi\u00e8ce phare de l'album.\",\"breadcrumb\":{\"@id\":\"https:\\\/\\\/fluxrecords.fr\\\/titania-danse\\\/#breadcrumb\"},\"inLanguage\":\"en-US\",\"potentialAction\":[{\"@type\":\"ReadAction\",\"target\":[\"https:\\\/\\\/fluxrecords.fr\\\/titania-danse\\\/\"]}]},{\"@type\":\"ImageObject\",\"inLanguage\":\"en-US\",\"@id\":\"https:\\\/\\\/fluxrecords.fr\\\/titania-danse\\\/#primaryimage\",\"url\":\"https:\\\/\\\/fluxrecords.fr\\\/wp-content\\\/uploads\\\/2026\\\/01\\\/2026-01-28-23-12-23-b6176774-0e95-4f02-9f36-13779f77d430-1024x683.png\",\"contentUrl\":\"https:\\\/\\\/fluxrecords.fr\\\/wp-content\\\/uploads\\\/2026\\\/01\\\/2026-01-28-23-12-23-b6176774-0e95-4f02-9f36-13779f77d430-1024x683.png\"},{\"@type\":\"BreadcrumbList\",\"@id\":\"https:\\\/\\\/fluxrecords.fr\\\/titania-danse\\\/#breadcrumb\",\"itemListElement\":[{\"@type\":\"ListItem\",\"position\":1,\"name\":\"Accueil\",\"item\":\"https:\\\/\\\/fluxrecords.fr\\\/\"},{\"@type\":\"ListItem\",\"position\":2,\"name\":\"Titania Danse\"}]},{\"@type\":\"WebSite\",\"@id\":\"https:\\\/\\\/fluxrecords.fr\\\/#website\",\"url\":\"https:\\\/\\\/fluxrecords.fr\\\/\",\"name\":\"FLUX RECORDS\",\"description\":\"FLUX Records\",\"publisher\":{\"@id\":\"https:\\\/\\\/fluxrecords.fr\\\/#organization\"},\"potentialAction\":[{\"@type\":\"SearchAction\",\"target\":{\"@type\":\"EntryPoint\",\"urlTemplate\":\"https:\\\/\\\/fluxrecords.fr\\\/?s={search_term_string}\"},\"query-input\":{\"@type\":\"PropertyValueSpecification\",\"valueRequired\":true,\"valueName\":\"search_term_string\"}}],\"inLanguage\":\"en-US\"},{\"@type\":\"Organization\",\"@id\":\"https:\\\/\\\/fluxrecords.fr\\\/#organization\",\"name\":\"FLUX RECORDS\",\"url\":\"https:\\\/\\\/fluxrecords.fr\\\/\",\"logo\":{\"@type\":\"ImageObject\",\"inLanguage\":\"en-US\",\"@id\":\"https:\\\/\\\/fluxrecords.fr\\\/#\\\/schema\\\/logo\\\/image\\\/\",\"url\":\"https:\\\/\\\/fluxrecords.fr\\\/wp-content\\\/uploads\\\/2025\\\/10\\\/symbole-noir.png\",\"contentUrl\":\"https:\\\/\\\/fluxrecords.fr\\\/wp-content\\\/uploads\\\/2025\\\/10\\\/symbole-noir.png\",\"width\":2280,\"height\":2016,\"caption\":\"FLUX RECORDS\"},\"image\":{\"@id\":\"https:\\\/\\\/fluxrecords.fr\\\/#\\\/schema\\\/logo\\\/image\\\/\"}}]}<\/script>\n<!-- \/ Yoast SEO plugin. -->","yoast_head_json":{"title":"Titania Danse - FLUX RECORDS","description":"Titania Danse est un album con\u00e7u sur les plan\u00e8tes avec au centre le satellite de Saturne, Titania, pi\u00e8ce phare de l'album.","robots":{"index":"index","follow":"follow","max-snippet":"max-snippet:-1","max-image-preview":"max-image-preview:large","max-video-preview":"max-video-preview:-1"},"canonical":"https:\/\/fluxrecords.fr\/en\/titania-danse\/","og_locale":"en_US","og_type":"article","og_title":"Titania Danse - FLUX RECORDS","og_description":"Titania Danse est un album con\u00e7u sur les plan\u00e8tes avec au centre le satellite de Saturne, Titania, pi\u00e8ce phare de l'album.","og_url":"https:\/\/fluxrecords.fr\/en\/titania-danse\/","og_site_name":"FLUX RECORDS","article_modified_time":"2026-04-10T09:10:38+00:00","og_image":[{"width":1248,"height":832,"url":"https:\/\/fluxrecords.fr\/wp-content\/uploads\/2026\/01\/2026-01-28-23-12-23-b6176774-0e95-4f02-9f36-13779f77d430.png","type":"image\/png"}],"twitter_card":"summary_large_image","twitter_misc":{"Est. reading time":"1 minute"},"schema":{"@context":"https:\/\/schema.org","@graph":[{"@type":"WebPage","@id":"https:\/\/fluxrecords.fr\/titania-danse\/","url":"https:\/\/fluxrecords.fr\/titania-danse\/","name":"Titania Danse - FLUX RECORDS","isPartOf":{"@id":"https:\/\/fluxrecords.fr\/#website"},"primaryImageOfPage":{"@id":"https:\/\/fluxrecords.fr\/titania-danse\/#primaryimage"},"image":{"@id":"https:\/\/fluxrecords.fr\/titania-danse\/#primaryimage"},"thumbnailUrl":"https:\/\/fluxrecords.fr\/wp-content\/uploads\/2026\/01\/2026-01-28-23-12-23-b6176774-0e95-4f02-9f36-13779f77d430-1024x683.png","datePublished":"2025-10-21T07:42:16+00:00","dateModified":"2026-04-10T09:10:38+00:00","description":"Titania Danse est un album con\u00e7u sur les plan\u00e8tes avec au centre le satellite de Saturne, Titania, pi\u00e8ce phare de l'album.","breadcrumb":{"@id":"https:\/\/fluxrecords.fr\/titania-danse\/#breadcrumb"},"inLanguage":"en-US","potentialAction":[{"@type":"ReadAction","target":["https:\/\/fluxrecords.fr\/titania-danse\/"]}]},{"@type":"ImageObject","inLanguage":"en-US","@id":"https:\/\/fluxrecords.fr\/titania-danse\/#primaryimage","url":"https:\/\/fluxrecords.fr\/wp-content\/uploads\/2026\/01\/2026-01-28-23-12-23-b6176774-0e95-4f02-9f36-13779f77d430-1024x683.png","contentUrl":"https:\/\/fluxrecords.fr\/wp-content\/uploads\/2026\/01\/2026-01-28-23-12-23-b6176774-0e95-4f02-9f36-13779f77d430-1024x683.png"},{"@type":"BreadcrumbList","@id":"https:\/\/fluxrecords.fr\/titania-danse\/#breadcrumb","itemListElement":[{"@type":"ListItem","position":1,"name":"Accueil","item":"https:\/\/fluxrecords.fr\/"},{"@type":"ListItem","position":2,"name":"Titania Danse"}]},{"@type":"WebSite","@id":"https:\/\/fluxrecords.fr\/#website","url":"https:\/\/fluxrecords.fr\/","name":"FLUX RECORDS","description":"FLUX Records","publisher":{"@id":"https:\/\/fluxrecords.fr\/#organization"},"potentialAction":[{"@type":"SearchAction","target":{"@type":"EntryPoint","urlTemplate":"https:\/\/fluxrecords.fr\/?s={search_term_string}"},"query-input":{"@type":"PropertyValueSpecification","valueRequired":true,"valueName":"search_term_string"}}],"inLanguage":"en-US"},{"@type":"Organization","@id":"https:\/\/fluxrecords.fr\/#organization","name":"FLUX RECORDS","url":"https:\/\/fluxrecords.fr\/","logo":{"@type":"ImageObject","inLanguage":"en-US","@id":"https:\/\/fluxrecords.fr\/#\/schema\/logo\/image\/","url":"https:\/\/fluxrecords.fr\/wp-content\/uploads\/2025\/10\/symbole-noir.png","contentUrl":"https:\/\/fluxrecords.fr\/wp-content\/uploads\/2025\/10\/symbole-noir.png","width":2280,"height":2016,"caption":"FLUX RECORDS"},"image":{"@id":"https:\/\/fluxrecords.fr\/#\/schema\/logo\/image\/"}}]}},"_links":{"self":[{"href":"https:\/\/fluxrecords.fr\/en\/wp-json\/wp\/v2\/pages\/1946","targetHints":{"allow":["GET"]}}],"collection":[{"href":"https:\/\/fluxrecords.fr\/en\/wp-json\/wp\/v2\/pages"}],"about":[{"href":"https:\/\/fluxrecords.fr\/en\/wp-json\/wp\/v2\/types\/page"}],"author":[{"embeddable":true,"href":"https:\/\/fluxrecords.fr\/en\/wp-json\/wp\/v2\/users\/1"}],"replies":[{"embeddable":true,"href":"https:\/\/fluxrecords.fr\/en\/wp-json\/wp\/v2\/comments?post=1946"}],"version-history":[{"count":21,"href":"https:\/\/fluxrecords.fr\/en\/wp-json\/wp\/v2\/pages\/1946\/revisions"}],"predecessor-version":[{"id":6311,"href":"https:\/\/fluxrecords.fr\/en\/wp-json\/wp\/v2\/pages\/1946\/revisions\/6311"}],"wp:attachment":[{"href":"https:\/\/fluxrecords.fr\/en\/wp-json\/wp\/v2\/media?parent=1946"}],"curies":[{"name":"wp","href":"https:\/\/api.w.org\/{rel}","templated":true}]}}