{"id":2022,"date":"2025-10-21T12:10:00","date_gmt":"2025-10-21T12:10:00","guid":{"rendered":"https:\/\/fluxrecords.fr\/?page_id=2022"},"modified":"2026-03-16T03:39:16","modified_gmt":"2026-03-16T03:39:16","slug":"dust-in-my-eyes","status":"publish","type":"page","link":"https:\/\/fluxrecords.fr\/en\/dust-in-my-eyes\/","title":{"rendered":"Dust In My Eyes"},"content":{"rendered":"<h1 class=\"wp-block-heading has-text-align-center\">DUST IN MY EYES<\/h1>\n\n\n\n<div class=\"wp-block-group alignfull has-background-background-color has-background is-layout-constrained wp-container-core-group-is-layout-b3d2e160 wp-block-group-is-layout-constrained\" style=\"margin-top:0;margin-bottom:0;padding-top:var(--wp--preset--spacing--30);padding-right:0;padding-bottom:var(--wp--preset--spacing--30);padding-left:0\">\n<h4 class=\"wp-block-heading has-text-align-center\">2026<\/h4>\n<\/div>\n\n\n\n<div class=\"wp-block-group is-vertical is-content-justification-center is-layout-flex wp-container-core-group-is-layout-6e30c359 wp-block-group-is-layout-flex\" style=\"margin-top:0;margin-bottom:0\">\n<figure class=\"wp-block-image size-full is-resized has-custom-border\"><img fetchpriority=\"high\" decoding=\"async\" width=\"800\" height=\"800\" src=\"https:\/\/fluxrecords.fr\/wp-content\/uploads\/2026\/03\/Cover-Dust-in-my-eyes-flux.jpg\" alt=\"Cover Dust in my eyes flux\" class=\"has-border-color has-black-border-color wp-image-6022\" style=\"border-width:1px;object-fit:cover;width:500px;height:500px\" title=\"cover Dust In My Eyes\" srcset=\"https:\/\/fluxrecords.fr\/wp-content\/uploads\/2026\/03\/Cover-Dust-in-my-eyes-flux.jpg 800w, https:\/\/fluxrecords.fr\/wp-content\/uploads\/2026\/03\/Cover-Dust-in-my-eyes-flux-300x300.jpg 300w, https:\/\/fluxrecords.fr\/wp-content\/uploads\/2026\/03\/Cover-Dust-in-my-eyes-flux-150x150.jpg 150w, https:\/\/fluxrecords.fr\/wp-content\/uploads\/2026\/03\/Cover-Dust-in-my-eyes-flux-768x768.jpg 768w, https:\/\/fluxrecords.fr\/wp-content\/uploads\/2026\/03\/Cover-Dust-in-my-eyes-flux-12x12.jpg 12w\" sizes=\"(max-width: 800px) 100vw, 800px\" \/><\/figure>\n\n\n\n<p class=\"\"><\/p>\n\n\n\n<h2 class=\"wp-block-heading has-text-align-center\">TRACES<\/h2>\n\n\n\n<div class=\"wp-block-group alignfull has-background-background-color has-background is-layout-constrained wp-container-core-group-is-layout-69e97b25 wp-block-group-is-layout-constrained\" style=\"margin-top:0;margin-bottom:0;padding-top:var(--wp--preset--spacing--30);padding-right:var(--wp--preset--spacing--30);padding-bottom:var(--wp--preset--spacing--30);padding-left:var(--wp--preset--spacing--30)\">\n<p class=\"has-normal-font-size\">Dust In My Eyes est le troisi\u00e8me titre de l&rsquo;album Traces.<\/p>\n<\/div>\n\n\n\n<div class=\"wp-block-group is-vertical is-content-justification-center is-layout-flex wp-container-core-group-is-layout-ce155fab wp-block-group-is-layout-flex\">\n<figure class=\"wp-block-image size-full is-resized has-custom-border\"><img decoding=\"async\" width=\"800\" height=\"800\" src=\"https:\/\/fluxrecords.fr\/wp-content\/uploads\/2026\/03\/cover-album-concept-Traces-flux.jpg\" alt=\"cover album concept Traces flux\" class=\"has-border-color has-black-border-color wp-image-6021\" style=\"border-width:1px;object-fit:cover;width:500px;height:500px\" title=\"cover album Traces\" srcset=\"https:\/\/fluxrecords.fr\/wp-content\/uploads\/2026\/03\/cover-album-concept-Traces-flux.jpg 800w, https:\/\/fluxrecords.fr\/wp-content\/uploads\/2026\/03\/cover-album-concept-Traces-flux-300x300.jpg 300w, https:\/\/fluxrecords.fr\/wp-content\/uploads\/2026\/03\/cover-album-concept-Traces-flux-150x150.jpg 150w, https:\/\/fluxrecords.fr\/wp-content\/uploads\/2026\/03\/cover-album-concept-Traces-flux-768x768.jpg 768w, https:\/\/fluxrecords.fr\/wp-content\/uploads\/2026\/03\/cover-album-concept-Traces-flux-12x12.jpg 12w\" sizes=\"(max-width: 800px) 100vw, 800px\" \/><\/figure>\n\n\n\n<div class=\"wp-block-buttons is-layout-flex wp-block-buttons-is-layout-flex\"><\/div>\n\n\n\n<p class=\"has-normal-font-size\">An album conceived as a true sonic, poetic, and visual journey, a unique immersive experience. Each track represents an essential step, a singular imprint on this artistic path. Together, they form a complete and coherent work: captivating music, profound lyrics, evocative imagery, and imaginary constellations that guide the listener through this universe.<\/p>\n\n\n\n<p class=\"has-normal-font-size\">This project brings together music, poetry and imagery to create a universe where each art form intertwines and transports the listener on a unique sensory journey.<\/p>\n\n\n\n<p class=\"has-normal-font-size\">Inspir\u00e9 par Alexandre Scriabine, <em>Traces <\/em>repousse les fronti\u00e8res traditionnelles en m\u00ealant innovation musicale et expression visuelle pour une exp\u00e9rience enrichissante.<\/p>\n\n\n\n<p class=\"\"><\/p>\n<\/div>\n\n\n\n<div class=\"wp-block-buttons is-layout-flex wp-block-buttons-is-layout-flex\">\n<div class=\"wp-block-button is-style-outline is-style-outline--1\"><a class=\"wp-block-button__link has-small-font-size has-custom-font-size wp-element-button\" href=\"https:\/\/soundcloud.com\/faya-1-1\" style=\"padding-top:var(--wp--preset--spacing--20);padding-right:var(--wp--preset--spacing--30);padding-bottom:var(--wp--preset--spacing--20);padding-left:var(--wp--preset--spacing--30)\" target=\"_blank\" rel=\"noreferrer noopener\">more music<\/a><\/div>\n<\/div>\n<\/div>\n\n\n\n<p class=\"\"><\/p>\n\n\n\n<div class=\"wp-block-cover alignfull\" style=\"min-height:267px;aspect-ratio:unset;\"><img decoding=\"async\" width=\"1024\" height=\"683\" class=\"wp-block-cover__image-background wp-image-4433 size-large\" alt=\"background human music\" src=\"https:\/\/fluxrecords.fr\/wp-content\/uploads\/2026\/01\/2026-01-28-23-12-23-b6176774-0e95-4f02-9f36-13779f77d430-1024x683.png\" data-object-fit=\"cover\" srcset=\"https:\/\/fluxrecords.fr\/wp-content\/uploads\/2026\/01\/2026-01-28-23-12-23-b6176774-0e95-4f02-9f36-13779f77d430-1024x683.png 1024w, https:\/\/fluxrecords.fr\/wp-content\/uploads\/2026\/01\/2026-01-28-23-12-23-b6176774-0e95-4f02-9f36-13779f77d430-300x200.png 300w, https:\/\/fluxrecords.fr\/wp-content\/uploads\/2026\/01\/2026-01-28-23-12-23-b6176774-0e95-4f02-9f36-13779f77d430-768x512.png 768w, https:\/\/fluxrecords.fr\/wp-content\/uploads\/2026\/01\/2026-01-28-23-12-23-b6176774-0e95-4f02-9f36-13779f77d430-18x12.png 18w, https:\/\/fluxrecords.fr\/wp-content\/uploads\/2026\/01\/2026-01-28-23-12-23-b6176774-0e95-4f02-9f36-13779f77d430.png 1248w\" sizes=\"(max-width: 1024px) 100vw, 1024px\" \/><span aria-hidden=\"true\" class=\"wp-block-cover__background has-red-coral-background-color has-background-dim-10 has-background-dim\"><\/span><div class=\"wp-block-cover__inner-container is-layout-constrained wp-block-cover-is-layout-constrained\">\n<div class=\"wp-block-columns alignwide is-layout-flex wp-container-core-columns-is-layout-28f84493 wp-block-columns-is-layout-flex\">\n<div class=\"wp-block-column is-layout-flow wp-block-column-is-layout-flow\">\n<figure class=\"wp-block-image alignright size-large is-resized\"><img loading=\"lazy\" decoding=\"async\" width=\"1024\" height=\"951\" src=\"https:\/\/fluxrecords.fr\/wp-content\/uploads\/2026\/03\/symbole-blanc-1024x951.png\" alt=\"symbole blanc\" class=\"wp-image-6030\" style=\"aspect-ratio:1.0767732901109504;width:187px;height:auto\" title=\"Flux  Records symbole\" srcset=\"https:\/\/fluxrecords.fr\/wp-content\/uploads\/2026\/03\/symbole-blanc-1024x951.png 1024w, https:\/\/fluxrecords.fr\/wp-content\/uploads\/2026\/03\/symbole-blanc-300x279.png 300w, https:\/\/fluxrecords.fr\/wp-content\/uploads\/2026\/03\/symbole-blanc-768x713.png 768w, https:\/\/fluxrecords.fr\/wp-content\/uploads\/2026\/03\/symbole-blanc-1536x1427.png 1536w, https:\/\/fluxrecords.fr\/wp-content\/uploads\/2026\/03\/symbole-blanc-2048x1902.png 2048w, https:\/\/fluxrecords.fr\/wp-content\/uploads\/2026\/03\/symbole-blanc-13x12.png 13w, https:\/\/fluxrecords.fr\/wp-content\/uploads\/2026\/03\/symbole-blanc-1320x1226.png 1320w\" sizes=\"(max-width: 1024px) 100vw, 1024px\" \/><\/figure>\n<\/div>\n\n\n\n<div class=\"wp-block-column is-vertically-aligned-center is-layout-flow wp-block-column-is-layout-flow\">\n<h2 class=\"wp-block-heading has-text-align-left\" style=\"font-size:65px;font-style:normal;font-weight:900;letter-spacing:6px\">HUMAN MUSIC<\/h2>\n<\/div>\n<\/div>\n<\/div><\/div>\n\n\n\n<p class=\"\"><\/p>","protected":false},"excerpt":{"rendered":"<p>DUST IN MY EYES 2026 TRACES Dust In My Eyes est le troisi\u00e8me titre de l&rsquo;album Traces. Un album con\u00e7u comme un v\u00e9ritable voyage sonore, po\u00e9tique et visuel, une exp\u00e9rience immersive unique. Chaque morceau repr\u00e9sente une \u00e9tape essentielle, une empreinte singuli\u00e8re sur ce chemin artistique. L\u2019ensemble compose une \u0153uvre totale et coh\u00e9rente : musique envo\u00fbtante, [&hellip;]<\/p>\n","protected":false},"author":1,"featured_media":0,"parent":0,"menu_order":0,"comment_status":"closed","ping_status":"closed","template":"wp-custom-template-l-ment-unique-article","meta":{"footnotes":""},"class_list":["post-2022","page","type-page","status-publish","hentry"],"yoast_head":"<!-- This site is optimized with the Yoast SEO plugin v27.3 - https:\/\/yoast.com\/product\/yoast-seo-wordpress\/ -->\n<title>Dust In My Eyes - FLUX RECORDS<\/title>\n<meta name=\"description\" content=\"Le single Dust In My Eyes est extrait de l&#039;album Traces, Un album con\u00e7u comme un v\u00e9ritable voyage sonore,m\u00ealant musique et po\u00e9sie.\" \/>\n<meta name=\"robots\" content=\"index, follow, max-snippet:-1, max-image-preview:large, max-video-preview:-1\" \/>\n<link rel=\"canonical\" href=\"https:\/\/fluxrecords.fr\/en\/dust-in-my-eyes\/\" \/>\n<meta property=\"og:locale\" content=\"en_US\" \/>\n<meta property=\"og:type\" content=\"article\" \/>\n<meta property=\"og:title\" content=\"Dust In My Eyes - FLUX RECORDS\" \/>\n<meta property=\"og:description\" content=\"Le single Dust In My Eyes est extrait de l&#039;album Traces, Un album con\u00e7u comme un v\u00e9ritable voyage sonore,m\u00ealant musique et po\u00e9sie.\" \/>\n<meta property=\"og:url\" content=\"https:\/\/fluxrecords.fr\/en\/dust-in-my-eyes\/\" \/>\n<meta property=\"og:site_name\" content=\"FLUX RECORDS\" \/>\n<meta property=\"article:modified_time\" content=\"2026-03-16T03:39:16+00:00\" \/>\n<meta property=\"og:image\" content=\"https:\/\/fluxrecords.fr\/wp-content\/uploads\/2026\/03\/Cover-Dust-in-my-eyes-flux.jpg\" \/>\n\t<meta property=\"og:image:width\" content=\"800\" \/>\n\t<meta property=\"og:image:height\" content=\"800\" \/>\n\t<meta property=\"og:image:type\" content=\"image\/jpeg\" \/>\n<meta name=\"twitter:card\" content=\"summary_large_image\" \/>\n<meta name=\"twitter:label1\" content=\"Est. reading time\" \/>\n\t<meta name=\"twitter:data1\" content=\"2 minutes\" \/>\n<script type=\"application\/ld+json\" class=\"yoast-schema-graph\">{\"@context\":\"https:\\\/\\\/schema.org\",\"@graph\":[{\"@type\":\"WebPage\",\"@id\":\"https:\\\/\\\/fluxrecords.fr\\\/dust-in-my-eyes\\\/\",\"url\":\"https:\\\/\\\/fluxrecords.fr\\\/dust-in-my-eyes\\\/\",\"name\":\"Dust In My Eyes - FLUX RECORDS\",\"isPartOf\":{\"@id\":\"https:\\\/\\\/fluxrecords.fr\\\/#website\"},\"primaryImageOfPage\":{\"@id\":\"https:\\\/\\\/fluxrecords.fr\\\/dust-in-my-eyes\\\/#primaryimage\"},\"image\":{\"@id\":\"https:\\\/\\\/fluxrecords.fr\\\/dust-in-my-eyes\\\/#primaryimage\"},\"thumbnailUrl\":\"https:\\\/\\\/fluxrecords.fr\\\/wp-content\\\/uploads\\\/2026\\\/03\\\/Cover-Dust-in-my-eyes-flux.jpg\",\"datePublished\":\"2025-10-21T12:10:00+00:00\",\"dateModified\":\"2026-03-16T03:39:16+00:00\",\"description\":\"Le single Dust In My Eyes est extrait de l'album Traces, Un album con\u00e7u comme un v\u00e9ritable voyage sonore,m\u00ealant musique et po\u00e9sie.\",\"breadcrumb\":{\"@id\":\"https:\\\/\\\/fluxrecords.fr\\\/dust-in-my-eyes\\\/#breadcrumb\"},\"inLanguage\":\"en-US\",\"potentialAction\":[{\"@type\":\"ReadAction\",\"target\":[\"https:\\\/\\\/fluxrecords.fr\\\/dust-in-my-eyes\\\/\"]}]},{\"@type\":\"ImageObject\",\"inLanguage\":\"en-US\",\"@id\":\"https:\\\/\\\/fluxrecords.fr\\\/dust-in-my-eyes\\\/#primaryimage\",\"url\":\"https:\\\/\\\/fluxrecords.fr\\\/wp-content\\\/uploads\\\/2026\\\/03\\\/Cover-Dust-in-my-eyes-flux.jpg\",\"contentUrl\":\"https:\\\/\\\/fluxrecords.fr\\\/wp-content\\\/uploads\\\/2026\\\/03\\\/Cover-Dust-in-my-eyes-flux.jpg\"},{\"@type\":\"BreadcrumbList\",\"@id\":\"https:\\\/\\\/fluxrecords.fr\\\/dust-in-my-eyes\\\/#breadcrumb\",\"itemListElement\":[{\"@type\":\"ListItem\",\"position\":1,\"name\":\"Accueil\",\"item\":\"https:\\\/\\\/fluxrecords.fr\\\/\"},{\"@type\":\"ListItem\",\"position\":2,\"name\":\"Dust In My Eyes\"}]},{\"@type\":\"WebSite\",\"@id\":\"https:\\\/\\\/fluxrecords.fr\\\/#website\",\"url\":\"https:\\\/\\\/fluxrecords.fr\\\/\",\"name\":\"FLUX RECORDS\",\"description\":\"FLUX Records\",\"publisher\":{\"@id\":\"https:\\\/\\\/fluxrecords.fr\\\/#organization\"},\"potentialAction\":[{\"@type\":\"SearchAction\",\"target\":{\"@type\":\"EntryPoint\",\"urlTemplate\":\"https:\\\/\\\/fluxrecords.fr\\\/?s={search_term_string}\"},\"query-input\":{\"@type\":\"PropertyValueSpecification\",\"valueRequired\":true,\"valueName\":\"search_term_string\"}}],\"inLanguage\":\"en-US\"},{\"@type\":\"Organization\",\"@id\":\"https:\\\/\\\/fluxrecords.fr\\\/#organization\",\"name\":\"FLUX RECORDS\",\"url\":\"https:\\\/\\\/fluxrecords.fr\\\/\",\"logo\":{\"@type\":\"ImageObject\",\"inLanguage\":\"en-US\",\"@id\":\"https:\\\/\\\/fluxrecords.fr\\\/#\\\/schema\\\/logo\\\/image\\\/\",\"url\":\"https:\\\/\\\/fluxrecords.fr\\\/wp-content\\\/uploads\\\/2025\\\/10\\\/symbole-noir.png\",\"contentUrl\":\"https:\\\/\\\/fluxrecords.fr\\\/wp-content\\\/uploads\\\/2025\\\/10\\\/symbole-noir.png\",\"width\":2280,\"height\":2016,\"caption\":\"FLUX RECORDS\"},\"image\":{\"@id\":\"https:\\\/\\\/fluxrecords.fr\\\/#\\\/schema\\\/logo\\\/image\\\/\"}}]}<\/script>\n<!-- \/ Yoast SEO plugin. -->","yoast_head_json":{"title":"Dust In My Eyes - FLUX RECORDS","description":"Le single Dust In My Eyes est extrait de l'album Traces, Un album con\u00e7u comme un v\u00e9ritable voyage sonore,m\u00ealant musique et po\u00e9sie.","robots":{"index":"index","follow":"follow","max-snippet":"max-snippet:-1","max-image-preview":"max-image-preview:large","max-video-preview":"max-video-preview:-1"},"canonical":"https:\/\/fluxrecords.fr\/en\/dust-in-my-eyes\/","og_locale":"en_US","og_type":"article","og_title":"Dust In My Eyes - FLUX RECORDS","og_description":"Le single Dust In My Eyes est extrait de l'album Traces, Un album con\u00e7u comme un v\u00e9ritable voyage sonore,m\u00ealant musique et po\u00e9sie.","og_url":"https:\/\/fluxrecords.fr\/en\/dust-in-my-eyes\/","og_site_name":"FLUX RECORDS","article_modified_time":"2026-03-16T03:39:16+00:00","og_image":[{"width":800,"height":800,"url":"https:\/\/fluxrecords.fr\/wp-content\/uploads\/2026\/03\/Cover-Dust-in-my-eyes-flux.jpg","type":"image\/jpeg"}],"twitter_card":"summary_large_image","twitter_misc":{"Est. reading time":"2 minutes"},"schema":{"@context":"https:\/\/schema.org","@graph":[{"@type":"WebPage","@id":"https:\/\/fluxrecords.fr\/dust-in-my-eyes\/","url":"https:\/\/fluxrecords.fr\/dust-in-my-eyes\/","name":"Dust In My Eyes - FLUX RECORDS","isPartOf":{"@id":"https:\/\/fluxrecords.fr\/#website"},"primaryImageOfPage":{"@id":"https:\/\/fluxrecords.fr\/dust-in-my-eyes\/#primaryimage"},"image":{"@id":"https:\/\/fluxrecords.fr\/dust-in-my-eyes\/#primaryimage"},"thumbnailUrl":"https:\/\/fluxrecords.fr\/wp-content\/uploads\/2026\/03\/Cover-Dust-in-my-eyes-flux.jpg","datePublished":"2025-10-21T12:10:00+00:00","dateModified":"2026-03-16T03:39:16+00:00","description":"Le single Dust In My Eyes est extrait de l'album Traces, Un album con\u00e7u comme un v\u00e9ritable voyage sonore,m\u00ealant musique et po\u00e9sie.","breadcrumb":{"@id":"https:\/\/fluxrecords.fr\/dust-in-my-eyes\/#breadcrumb"},"inLanguage":"en-US","potentialAction":[{"@type":"ReadAction","target":["https:\/\/fluxrecords.fr\/dust-in-my-eyes\/"]}]},{"@type":"ImageObject","inLanguage":"en-US","@id":"https:\/\/fluxrecords.fr\/dust-in-my-eyes\/#primaryimage","url":"https:\/\/fluxrecords.fr\/wp-content\/uploads\/2026\/03\/Cover-Dust-in-my-eyes-flux.jpg","contentUrl":"https:\/\/fluxrecords.fr\/wp-content\/uploads\/2026\/03\/Cover-Dust-in-my-eyes-flux.jpg"},{"@type":"BreadcrumbList","@id":"https:\/\/fluxrecords.fr\/dust-in-my-eyes\/#breadcrumb","itemListElement":[{"@type":"ListItem","position":1,"name":"Accueil","item":"https:\/\/fluxrecords.fr\/"},{"@type":"ListItem","position":2,"name":"Dust In My Eyes"}]},{"@type":"WebSite","@id":"https:\/\/fluxrecords.fr\/#website","url":"https:\/\/fluxrecords.fr\/","name":"FLUX RECORDS","description":"FLUX Records","publisher":{"@id":"https:\/\/fluxrecords.fr\/#organization"},"potentialAction":[{"@type":"SearchAction","target":{"@type":"EntryPoint","urlTemplate":"https:\/\/fluxrecords.fr\/?s={search_term_string}"},"query-input":{"@type":"PropertyValueSpecification","valueRequired":true,"valueName":"search_term_string"}}],"inLanguage":"en-US"},{"@type":"Organization","@id":"https:\/\/fluxrecords.fr\/#organization","name":"FLUX RECORDS","url":"https:\/\/fluxrecords.fr\/","logo":{"@type":"ImageObject","inLanguage":"en-US","@id":"https:\/\/fluxrecords.fr\/#\/schema\/logo\/image\/","url":"https:\/\/fluxrecords.fr\/wp-content\/uploads\/2025\/10\/symbole-noir.png","contentUrl":"https:\/\/fluxrecords.fr\/wp-content\/uploads\/2025\/10\/symbole-noir.png","width":2280,"height":2016,"caption":"FLUX RECORDS"},"image":{"@id":"https:\/\/fluxrecords.fr\/#\/schema\/logo\/image\/"}}]}},"_links":{"self":[{"href":"https:\/\/fluxrecords.fr\/en\/wp-json\/wp\/v2\/pages\/2022","targetHints":{"allow":["GET"]}}],"collection":[{"href":"https:\/\/fluxrecords.fr\/en\/wp-json\/wp\/v2\/pages"}],"about":[{"href":"https:\/\/fluxrecords.fr\/en\/wp-json\/wp\/v2\/types\/page"}],"author":[{"embeddable":true,"href":"https:\/\/fluxrecords.fr\/en\/wp-json\/wp\/v2\/users\/1"}],"replies":[{"embeddable":true,"href":"https:\/\/fluxrecords.fr\/en\/wp-json\/wp\/v2\/comments?post=2022"}],"version-history":[{"count":44,"href":"https:\/\/fluxrecords.fr\/en\/wp-json\/wp\/v2\/pages\/2022\/revisions"}],"predecessor-version":[{"id":6039,"href":"https:\/\/fluxrecords.fr\/en\/wp-json\/wp\/v2\/pages\/2022\/revisions\/6039"}],"wp:attachment":[{"href":"https:\/\/fluxrecords.fr\/en\/wp-json\/wp\/v2\/media?parent=2022"}],"curies":[{"name":"wp","href":"https:\/\/api.w.org\/{rel}","templated":true}]}}