{"id":2038,"date":"2025-10-22T08:27:05","date_gmt":"2025-10-22T08:27:05","guid":{"rendered":"https:\/\/fluxrecords.fr\/conditions-generales\/"},"modified":"2025-11-19T14:16:11","modified_gmt":"2025-11-19T14:16:11","slug":"conditions-generales","status":"publish","type":"page","link":"https:\/\/fluxrecords.fr\/en\/conditions-generales\/","title":{"rendered":"Conditions g\u00e9n\u00e9rales."},"content":{"rendered":"<p class=\"\">Nous avons mis \u00e0 jour les conditions g\u00e9n\u00e9rales pour la derni\u00e8re fois le 22 octobre 2025<\/p>\n\n\n\n<h2 class=\"wp-block-heading\">1. Introduction<\/h2>\n\n\n\n<p class=\"has-system-font-family\">Les pr\u00e9sentes conditions g\u00e9n\u00e9rales s\u2019appliquent \u00e0 ce site web et \u00e0 nos produits et services. Par ailleurs, vous pouvez \u00eatre soumis \u00e0 des contrats suppl\u00e9mentaires li\u00e9s \u00e0 votre relation avec nous ou \u00e0 nos offres. En cas de conflit, les clauses des contrats suppl\u00e9mentaires l\u2019emportent sur celles des pr\u00e9sentes conditions.<\/p>\n\n\n\n<h2 class=\"wp-block-heading\">2. Mandatory<\/h2>\n\n\n\n<p class=\"\">En vous inscrivant sur ce site, en y acc\u00e9dant ou en l\u2019utilisant de toute autre mani\u00e8re, vous acceptez par les pr\u00e9sentes de respecter les conditions g\u00e9n\u00e9rales \u00e9nonc\u00e9es ci-dessous.\u00a0Vous reconnaissez et acceptez les pr\u00e9sentes conditions g\u00e9n\u00e9rales d\u00e8s que vous utilisez ce site web.\u00a0Dans certains cas particuliers, nous vous demanderons \u00e9galement de donner votre accord explicite.<\/p>\n\n\n\n<h2 class=\"wp-block-heading\">3. Electronic communication<\/h2>\n\n\n\n<p class=\"\">En utilisant ce site ou en nous contactant par voie \u00e9lectronique, vous acceptez que nous communiquions avec vous par ce biais. Vous acceptez que tous les accords, notifications et communications \u00e9lectroniques remplissent les exigences l\u00e9gales, y compris l\u2019obligation d\u2019\u00e9crit.<\/p>\n\n\n\n<h2 class=\"wp-block-heading\">4. Intellectual Property<\/h2>\n\n\n\n<p class=\"\">We or our licensees own and control all copyright and other intellectual property rights in and to the website and the data, information and other resources displayed or accessible on the website.<\/p>\n\n\n\n<p class=\"\">4.1 All rights reserved<\/p>\n\n\n\n<p class=\"\">Sauf indication contraire, nous ne conc\u00e9dons aucune licence ni droit sur les droits d\u2019auteur, marques, brevets ou autres droits de propri\u00e9t\u00e9 intellectuelle. Par cons\u00e9quent, vous ne devez pas utiliser, copier, reproduire, afficher, distribuer, modifier, d\u00e9compiler, transf\u00e9rer, t\u00e9l\u00e9charger, vendre ou exploiter les ressources de ce site sans notre autorisation \u00e9crite, sauf dans les limites du droit imp\u00e9ratif (comme le droit de citation).<\/p>\n\n\n\n<h2 class=\"wp-block-heading\">5. Newsletter<\/h2>\n\n\n\n<p class=\"\">Vous pouvez transmettre notre lettre d\u2019informations sous forme \u00e9lectronique \u00e0 d\u2019autres personnes qui pourraient s\u2019int\u00e9resser \u00e0 la visite de notre site web, malgr\u00e9 ce qui pr\u00e9c\u00e8de.<\/p>\n\n\n\n<h2 class=\"wp-block-heading\">6. Third-party property<\/h2>\n\n\n\n<p class=\"\">Notre site web inclut des hyperliens ou d\u2019autres r\u00e9f\u00e9rences aux sites web de tierces parties. Nous ne surveillons ni n\u2019examinons pas le contenu des sites web de tierces parties li\u00e9s \u00e0 ce site web. Ces tiers appliquent leurs propres conditions g\u00e9n\u00e9rales aux produits ou services qu\u2019ils offrent. Nous ne partageons ni n\u2019approuvons pas n\u00e9cessairement les opinions exprim\u00e9es ou les \u00e9l\u00e9ments apparaissant sur ces sites.<\/p>\n\n\n\n<p class=\"\">We are not responsible for the privacy practices or content of these sites. You assume all risks associated with using these websites and any third-party services. We will not accept any liability for any loss or damage, regardless of cause, resulting from the disclosure of your personal information to third parties.<\/p>\n\n\n\n<h2 class=\"wp-block-heading\">7. Responsible Use<\/h2>\n\n\n\n<p class=\"\">En visitant notre site, vous acceptez de l\u2019utiliser uniquement selon ces conditions, les contrats avec nous, les lois en vigueur, et les bonnes pratiques du secteur. Vous ne devez pas publier ou distribuer de logiciels malveillants via notre site. L\u2019utilisation des donn\u00e9es collect\u00e9es pour le marketing direct ou la collecte automatis\u00e9e est interdite.<\/p>\n\n\n\n<p class=\"\">Vous ne devez pas vous engager dans une activit\u00e9 qui cause ou pourrait causer des dommages au site web ou qui interf\u00e8re avec la performance, la disponibilit\u00e9 ou l\u2019accessibilit\u00e9 du site web.<\/p>\n\n\n\n<h2 class=\"wp-block-heading\">8. Idea Submission<\/h2>\n\n\n\n<p class=\"\">Ne nous envoyez aucune id\u00e9e, invention, \u0153uvre ou information que vous consid\u00e9rez comme votre propri\u00e9t\u00e9 intellectuelle, sauf accord pr\u00e9alable sign\u00e9. Sans cet accord, vous nous accordez une licence mondiale, irr\u00e9vocable, non exclusive et gratuite pour utiliser, reproduire, adapter, publier, traduire et distribuer votre contenu sur tout support.<\/p>\n\n\n\n<h2 class=\"wp-block-heading\">9. End of use<\/h2>\n\n\n\n<p class=\"\">Nous pouvons modifier ou interrompre, temporairement ou d\u00e9finitivement, l\u2019acc\u00e8s au site web ou \u00e0 ses services \u00e0 tout moment. L\u2019utilisateur accepte que nous ne soyons pas responsables envers lui ou un tiers pour toute modification, suspension ou interruption de son acc\u00e8s ou de son contenu. Il ne recevra aucune compensation, m\u00eame en cas de perte d\u00e9finitive de fonctionnalit\u00e9s, r\u00e9glages ou contenu. L\u2019utilisateur ne doit pas contourner ni tenter de contourner les mesures de restriction d\u2019acc\u00e8s \u00e0 notre site.<\/p>\n\n\n\n<h2 class=\"wp-block-heading\">10. Guarantees and liability<\/h2>\n\n\n\n<p class=\"\">Cette section ne limite ni n\u2019exclut aucune garantie implicite pr\u00e9vue par la loi lorsque cela serait ill\u00e9gal. Nous fournissons ce site web et tout son contenu \u00ab en l\u2019\u00e9tat \u00bb et \u00ab selon disponibilit\u00e9 \u00bb. Ils peuvent contenir des inexactitudes ou des erreurs typographiques. Nous d\u00e9clinons express\u00e9ment toute garantie, expresse ou implicite, concernant la disponibilit\u00e9, l\u2019exactitude ou l\u2019exhaustivit\u00e9 du contenu. Nous ne garantissons pas ce qui suit :<\/p>\n\n\n\n<ul class=\"wp-block-list\">\n<li class=\"\">que ce site web ou notre contenu r\u00e9pondront \u00e0 vos besoins&nbsp;;<\/li>\n\n\n\n<li class=\"\">This website will be available in an uninterrupted, timely, secure, or error-free manner.<\/li>\n<\/ul>\n\n\n\n<p class=\"\">Ce site ne fournit pas de conseils juridiques, financiers ou m\u00e9dicaux. Pour cela, consultez un professionnel.<\/p>\n\n\n\n<p class=\"\">Les dispositions suivantes s\u2019appliqueront dans la limite permise par la loi et ne limiteront pas notre responsabilit\u00e9 lorsqu\u2019elle est ill\u00e9gale. Nous ne serons pas responsables des dommages directs ou indirects (y compris perte de profits, donn\u00e9es, logiciels ou biens) subis par vous ou un tiers li\u00e9s \u00e0 l\u2019acc\u00e8s ou l\u2019utilisation de notre site web.<\/p>\n\n\n\n<p class=\"\">Sauf indication contraire dans un contrat suppl\u00e9mentaire, notre responsabilit\u00e9 maximale envers vous pour tout dommage li\u00e9 au site web ou \u00e0 nos produits et services est limit\u00e9e au montant total que vous avez pay\u00e9. Cette limite s\u2019applique \u00e0 toutes vos r\u00e9clamations, actions ou causes d\u2019action, quelle que soit leur nature ou leur type.<\/p>\n\n\n\n<h2 class=\"wp-block-heading\">11. Confidentiality<\/h2>\n\n\n\n<p class=\"\">Pour acc\u00e9der \u00e0 notre site web et\/ou \u00e0 nos services, nous pouvons vous demander de fournir certaines informations vous concernant lors de la proc\u00e9dure d\u2019inscription. Vous devez toujours fournir des informations exactes, correctes et \u00e0 jour.<\/p>\n\n\n\n<p class=\"\">We have developed a policy to address all your privacy concerns. For more information, please see our <a href=\"https:\/\/fluxrecords.fr\/en\/conditions-generales\/\">privacy statement<\/a> and our <a href=\"https:\/\/fluxrecords.fr\/en\/conditions-generales\/\">cookies policy<\/a>.<\/p>\n\n\n\n<h2 class=\"wp-block-heading\">12. Accessibility<\/h2>\n\n\n\n<p class=\"\">Nous rendons notre contenu accessible aux personnes handicap\u00e9es. Cependant, si vous ne pouvez pas acc\u00e9der \u00e0 une partie de notre site \u00e0 cause de votre handicap, envoyez-nous une notification avec une description d\u00e9taill\u00e9e du probl\u00e8me. Si le probl\u00e8me est facile \u00e0 identifier et \u00e0 r\u00e9soudre avec les outils standards, nous le traiterons rapidement.<\/p>\n\n\n\n<h2 class=\"wp-block-heading\">13. Export restrictions \/ Legal compliance<\/h2>\n\n\n\n<p class=\"\">Nous interdisons l\u2019acc\u00e8s au site web depuis des territoires ou des pays o\u00f9 le contenu ou l\u2019achat des produits ou services vendus sur le site web est ill\u00e9gal. Vous ne devez pas utiliser ce site web en violation des lois et r\u00e8glements d\u2019exportation de .<\/p>\n\n\n\n<h2 class=\"wp-block-heading\">14. Assignment<\/h2>\n\n\n\n<p class=\"\">Vous ne pouvez c\u00e9der, transf\u00e9rer ou sous-traiter vos droits ou obligations sans notre accord \u00e9crit. Toute cession sans consentement sera nulle.<\/p>\n\n\n\n<h2 class=\"wp-block-heading\">15. Violation of these terms and conditions<\/h2>\n\n\n\n<p class=\"\">Sans pr\u00e9judice de nos autres droits, si vous violez ces conditions, nous pouvons agir comme nous le jugeons n\u00e9cessaire, y compris suspendre votre acc\u00e8s au site, contacter votre fournisseur d\u2019acc\u00e8s pour bloquer l\u2019acc\u00e8s, et\/ou engager une action en justice.<\/p>\n\n\n\n<h2 class=\"wp-block-heading\">16. Compensation<\/h2>\n\n\n\n<p class=\"\">Vous acceptez de nous indemniser, d\u00e9fendre et prot\u00e9ger contre toute r\u00e9clamation, responsabilit\u00e9 ou dommage li\u00e9s \u00e0 votre violation des pr\u00e9sentes conditions et des lois, y compris les droits de propri\u00e9t\u00e9 intellectuelle et la vie priv\u00e9e. Vous nous rembourserez rapidement les co\u00fbts et pertes li\u00e9s \u00e0 ces r\u00e9clamations.<\/p>\n\n\n\n<h2 class=\"wp-block-heading\">17. Derogation<\/h2>\n\n\n\n<p class=\"\">Ne pas appliquer une disposition des pr\u00e9sentes conditions ou d\u2019un accord, ni exercer une option de r\u00e9siliation, ne signifie pas que nous y renon\u00e7ons. Cela n\u2019affecte pas la validit\u00e9 des conditions, de l\u2019accord ou notre droit de les appliquer ult\u00e9rieurement.<\/p>\n\n\n\n<h2 class=\"wp-block-heading\">18. Language<\/h2>\n\n\n\n<p class=\"\">Nous traduirons les pr\u00e9sentes conditions g\u00e9n\u00e9rales exclusivement en Fran\u00e7ais. Nous r\u00e9digerons toutes les notifications et la correspondance exclusivement dans cette langue.<\/p>\n\n\n\n<h2 class=\"wp-block-heading\">19. Full Agreement<\/h2>\n\n\n\n<p class=\"\">These terms and conditions, as well as our <a href=\"https:\/\/fluxrecords.fr\/en\/conditions-generales\/\">privacy statement<\/a> and <a href=\"https:\/\/fluxrecords.fr\/en\/conditions-generales\/\">cookies policy<\/a>, constitute the entire agreement between you and regarding your use of this website.<\/p>\n\n\n\n<h2 class=\"wp-block-heading\">20. Update of these general terms and conditions<\/h2>\n\n\n\n<p class=\"\">Nous mettons ces conditions g\u00e9n\u00e9rales \u00e0 jour r\u00e9guli\u00e8rement. La date en t\u00eate correspond \u00e0 la derni\u00e8re r\u00e9vision. Nous vous informons par \u00e9crit de toute modification, qui prend effet \u00e0 la notification. En utilisant ce site apr\u00e8s ces changements, vous acceptez ces conditions. Pour une version ant\u00e9rieure, veuillez nous contacter.<\/p>\n\n\n\n<h2 class=\"wp-block-heading\">21. Choice of law and jurisdiction<\/h2>\n\n\n\n<p class=\"\">Les pr\u00e9sentes conditions g\u00e9n\u00e9rales sont r\u00e9gies par les lois. Les tribunaux de seront comp\u00e9tents pour tout litige les concernant. Si une partie est jug\u00e9e invalide ou inapplicable, elle sera modifi\u00e9e ou supprim\u00e9e pour respecter l\u2019intention des conditions. Les autres dispositions resteront valides.<\/p>\n\n\n\n<h2 class=\"wp-block-heading\">22. Contact information<\/h2>\n\n\n\n<p class=\"\">Faya Chidekh | FC Music Productions d\u00e9tient et exploite ce site web. Ils sont situ\u00e9s au 13 Rue Scud\u00e9ri, 06390 CONTES. Vous pouvez les contacter par email \u00e0 contact@fcprod.com ou par t\u00e9l\u00e9phone au 06.11.51.84.15.<\/p>\n\n\n\n<h2 class=\"wp-block-heading\">23. Download<\/h2>\n\n\n\n<p class=\"\">You can also <a href=\"https:\/\/fluxrecords.fr\/wp-content\/plugins\/complianz-terms-conditions\/download.php\">download<\/a> Our general terms and conditions are available in PDF format.<\/p>","protected":false},"excerpt":{"rendered":"<p>Nous avons mis \u00e0 jour les conditions g\u00e9n\u00e9rales pour la derni\u00e8re fois le 22 octobre 2025 1. Introduction Les pr\u00e9sentes conditions g\u00e9n\u00e9rales s\u2019appliquent \u00e0 ce site web et \u00e0 nos produits et services. Par ailleurs, vous pouvez \u00eatre soumis \u00e0 des contrats suppl\u00e9mentaires li\u00e9s \u00e0 votre relation avec nous ou \u00e0 nos offres. En cas [&hellip;]<\/p>\n","protected":false},"author":1,"featured_media":0,"parent":0,"menu_order":0,"comment_status":"closed","ping_status":"closed","template":"wp-custom-template-l-ment-unique-article","meta":{"footnotes":""},"class_list":["post-2038","page","type-page","status-publish","hentry"],"yoast_head":"<!-- This site is optimized with the Yoast SEO plugin v27.3 - https:\/\/yoast.com\/product\/yoast-seo-wordpress\/ -->\n<title>Conditions g\u00e9n\u00e9rales. - FLUX RECORDS<\/title>\n<meta name=\"description\" content=\"Les pr\u00e9sentes conditions g\u00e9n\u00e9rales s\u2019appliquent \u00e0 ce site web et aux transactions li\u00e9es \u00e0 nos produits et services.\" \/>\n<meta name=\"robots\" content=\"index, follow, max-snippet:-1, max-image-preview:large, max-video-preview:-1\" \/>\n<link rel=\"canonical\" href=\"https:\/\/fluxrecords.fr\/en\/conditions-generales\/\" \/>\n<meta property=\"og:locale\" content=\"en_US\" \/>\n<meta property=\"og:type\" content=\"article\" \/>\n<meta property=\"og:title\" content=\"Conditions g\u00e9n\u00e9rales. - FLUX RECORDS\" \/>\n<meta property=\"og:description\" content=\"Les pr\u00e9sentes conditions g\u00e9n\u00e9rales s\u2019appliquent \u00e0 ce site web et aux transactions li\u00e9es \u00e0 nos produits et services.\" \/>\n<meta property=\"og:url\" content=\"https:\/\/fluxrecords.fr\/en\/conditions-generales\/\" \/>\n<meta property=\"og:site_name\" content=\"FLUX RECORDS\" \/>\n<meta property=\"article:modified_time\" content=\"2025-11-19T14:16:11+00:00\" \/>\n<meta name=\"twitter:card\" content=\"summary_large_image\" \/>\n<meta name=\"twitter:label1\" content=\"Est. reading time\" \/>\n\t<meta name=\"twitter:data1\" content=\"8 minutes\" \/>\n<script type=\"application\/ld+json\" class=\"yoast-schema-graph\">{\"@context\":\"https:\\\/\\\/schema.org\",\"@graph\":[{\"@type\":\"WebPage\",\"@id\":\"https:\\\/\\\/fluxrecords.fr\\\/conditions-generales\\\/\",\"url\":\"https:\\\/\\\/fluxrecords.fr\\\/conditions-generales\\\/\",\"name\":\"Conditions g\u00e9n\u00e9rales. - FLUX RECORDS\",\"isPartOf\":{\"@id\":\"https:\\\/\\\/fluxrecords.fr\\\/#website\"},\"datePublished\":\"2025-10-22T08:27:05+00:00\",\"dateModified\":\"2025-11-19T14:16:11+00:00\",\"description\":\"Les pr\u00e9sentes conditions g\u00e9n\u00e9rales s\u2019appliquent \u00e0 ce site web et aux transactions li\u00e9es \u00e0 nos produits et services.\",\"breadcrumb\":{\"@id\":\"https:\\\/\\\/fluxrecords.fr\\\/conditions-generales\\\/#breadcrumb\"},\"inLanguage\":\"en-US\",\"potentialAction\":[{\"@type\":\"ReadAction\",\"target\":[\"https:\\\/\\\/fluxrecords.fr\\\/conditions-generales\\\/\"]}]},{\"@type\":\"BreadcrumbList\",\"@id\":\"https:\\\/\\\/fluxrecords.fr\\\/conditions-generales\\\/#breadcrumb\",\"itemListElement\":[{\"@type\":\"ListItem\",\"position\":1,\"name\":\"Accueil\",\"item\":\"https:\\\/\\\/fluxrecords.fr\\\/\"},{\"@type\":\"ListItem\",\"position\":2,\"name\":\"Conditions g\u00e9n\u00e9rales.\"}]},{\"@type\":\"WebSite\",\"@id\":\"https:\\\/\\\/fluxrecords.fr\\\/#website\",\"url\":\"https:\\\/\\\/fluxrecords.fr\\\/\",\"name\":\"FLUX RECORDS\",\"description\":\"FLUX Records\",\"publisher\":{\"@id\":\"https:\\\/\\\/fluxrecords.fr\\\/#organization\"},\"potentialAction\":[{\"@type\":\"SearchAction\",\"target\":{\"@type\":\"EntryPoint\",\"urlTemplate\":\"https:\\\/\\\/fluxrecords.fr\\\/?s={search_term_string}\"},\"query-input\":{\"@type\":\"PropertyValueSpecification\",\"valueRequired\":true,\"valueName\":\"search_term_string\"}}],\"inLanguage\":\"en-US\"},{\"@type\":\"Organization\",\"@id\":\"https:\\\/\\\/fluxrecords.fr\\\/#organization\",\"name\":\"FLUX RECORDS\",\"url\":\"https:\\\/\\\/fluxrecords.fr\\\/\",\"logo\":{\"@type\":\"ImageObject\",\"inLanguage\":\"en-US\",\"@id\":\"https:\\\/\\\/fluxrecords.fr\\\/#\\\/schema\\\/logo\\\/image\\\/\",\"url\":\"https:\\\/\\\/fluxrecords.fr\\\/wp-content\\\/uploads\\\/2025\\\/10\\\/symbole-noir.png\",\"contentUrl\":\"https:\\\/\\\/fluxrecords.fr\\\/wp-content\\\/uploads\\\/2025\\\/10\\\/symbole-noir.png\",\"width\":2280,\"height\":2016,\"caption\":\"FLUX RECORDS\"},\"image\":{\"@id\":\"https:\\\/\\\/fluxrecords.fr\\\/#\\\/schema\\\/logo\\\/image\\\/\"}}]}<\/script>\n<!-- \/ Yoast SEO plugin. -->","yoast_head_json":{"title":"Conditions g\u00e9n\u00e9rales. - FLUX RECORDS","description":"Les pr\u00e9sentes conditions g\u00e9n\u00e9rales s\u2019appliquent \u00e0 ce site web et aux transactions li\u00e9es \u00e0 nos produits et services.","robots":{"index":"index","follow":"follow","max-snippet":"max-snippet:-1","max-image-preview":"max-image-preview:large","max-video-preview":"max-video-preview:-1"},"canonical":"https:\/\/fluxrecords.fr\/en\/conditions-generales\/","og_locale":"en_US","og_type":"article","og_title":"Conditions g\u00e9n\u00e9rales. - FLUX RECORDS","og_description":"Les pr\u00e9sentes conditions g\u00e9n\u00e9rales s\u2019appliquent \u00e0 ce site web et aux transactions li\u00e9es \u00e0 nos produits et services.","og_url":"https:\/\/fluxrecords.fr\/en\/conditions-generales\/","og_site_name":"FLUX RECORDS","article_modified_time":"2025-11-19T14:16:11+00:00","twitter_card":"summary_large_image","twitter_misc":{"Est. reading time":"8 minutes"},"schema":{"@context":"https:\/\/schema.org","@graph":[{"@type":"WebPage","@id":"https:\/\/fluxrecords.fr\/conditions-generales\/","url":"https:\/\/fluxrecords.fr\/conditions-generales\/","name":"Conditions g\u00e9n\u00e9rales. - FLUX RECORDS","isPartOf":{"@id":"https:\/\/fluxrecords.fr\/#website"},"datePublished":"2025-10-22T08:27:05+00:00","dateModified":"2025-11-19T14:16:11+00:00","description":"Les pr\u00e9sentes conditions g\u00e9n\u00e9rales s\u2019appliquent \u00e0 ce site web et aux transactions li\u00e9es \u00e0 nos produits et services.","breadcrumb":{"@id":"https:\/\/fluxrecords.fr\/conditions-generales\/#breadcrumb"},"inLanguage":"en-US","potentialAction":[{"@type":"ReadAction","target":["https:\/\/fluxrecords.fr\/conditions-generales\/"]}]},{"@type":"BreadcrumbList","@id":"https:\/\/fluxrecords.fr\/conditions-generales\/#breadcrumb","itemListElement":[{"@type":"ListItem","position":1,"name":"Accueil","item":"https:\/\/fluxrecords.fr\/"},{"@type":"ListItem","position":2,"name":"Conditions g\u00e9n\u00e9rales."}]},{"@type":"WebSite","@id":"https:\/\/fluxrecords.fr\/#website","url":"https:\/\/fluxrecords.fr\/","name":"FLUX RECORDS","description":"FLUX Records","publisher":{"@id":"https:\/\/fluxrecords.fr\/#organization"},"potentialAction":[{"@type":"SearchAction","target":{"@type":"EntryPoint","urlTemplate":"https:\/\/fluxrecords.fr\/?s={search_term_string}"},"query-input":{"@type":"PropertyValueSpecification","valueRequired":true,"valueName":"search_term_string"}}],"inLanguage":"en-US"},{"@type":"Organization","@id":"https:\/\/fluxrecords.fr\/#organization","name":"FLUX RECORDS","url":"https:\/\/fluxrecords.fr\/","logo":{"@type":"ImageObject","inLanguage":"en-US","@id":"https:\/\/fluxrecords.fr\/#\/schema\/logo\/image\/","url":"https:\/\/fluxrecords.fr\/wp-content\/uploads\/2025\/10\/symbole-noir.png","contentUrl":"https:\/\/fluxrecords.fr\/wp-content\/uploads\/2025\/10\/symbole-noir.png","width":2280,"height":2016,"caption":"FLUX RECORDS"},"image":{"@id":"https:\/\/fluxrecords.fr\/#\/schema\/logo\/image\/"}}]}},"_links":{"self":[{"href":"https:\/\/fluxrecords.fr\/en\/wp-json\/wp\/v2\/pages\/2038","targetHints":{"allow":["GET"]}}],"collection":[{"href":"https:\/\/fluxrecords.fr\/en\/wp-json\/wp\/v2\/pages"}],"about":[{"href":"https:\/\/fluxrecords.fr\/en\/wp-json\/wp\/v2\/types\/page"}],"author":[{"embeddable":true,"href":"https:\/\/fluxrecords.fr\/en\/wp-json\/wp\/v2\/users\/1"}],"replies":[{"embeddable":true,"href":"https:\/\/fluxrecords.fr\/en\/wp-json\/wp\/v2\/comments?post=2038"}],"version-history":[{"count":7,"href":"https:\/\/fluxrecords.fr\/en\/wp-json\/wp\/v2\/pages\/2038\/revisions"}],"predecessor-version":[{"id":3308,"href":"https:\/\/fluxrecords.fr\/en\/wp-json\/wp\/v2\/pages\/2038\/revisions\/3308"}],"wp:attachment":[{"href":"https:\/\/fluxrecords.fr\/en\/wp-json\/wp\/v2\/media?parent=2038"}],"curies":[{"name":"wp","href":"https:\/\/api.w.org\/{rel}","templated":true}]}}