{"id":211,"date":"2025-10-03T14:25:22","date_gmt":"2025-10-03T14:25:22","guid":{"rendered":"https:\/\/fluxrecords.fr\/?page_id=211"},"modified":"2025-11-19T22:51:05","modified_gmt":"2025-11-19T22:51:05","slug":"mentions-legales","status":"publish","type":"page","link":"https:\/\/fluxrecords.fr\/en\/mentions-legales\/","title":{"rendered":"Legal notice"},"content":{"rendered":"<p class=\"\"><\/p>\n\n\n\n<h2 class=\"wp-block-heading\">Legal notice<\/h2>\n\n\n\n<h2 class=\"wp-block-heading\">Mentions L\u00e9gales : \u00c9dition du site Internet<\/h2>\n\n\n\n<p class=\"\">FAYA CHIDEKH \u00e9dite le site fcprod.com, accessible \u00e0 l\u2019adresse www.fcprod.com. Il habite au 13 Rue Scud\u00e9ri, 06390 CONTES.<\/p>\n\n\n\n<p class=\"\">Siret : 523 841 708 000 28<\/p>\n\n\n\n<h2 class=\"wp-block-heading\">Website content writing<\/h2>\n\n\n\n<p class=\"\">Publishing Director: FAYA CHIDEKH<\/p>\n\n\n\n<p class=\"\">Contact : 06.11.51.84.15<\/p>\n\n\n\n<p class=\"\">Email : <a href=\"mailto:contact@fcprod.com\" target=\"_blank\" rel=\"noreferrer noopener\">contact@fcprod.com<\/a><\/p>\n\n\n\n<h2 class=\"wp-block-heading\">Website host<\/h2>\n\n\n\n<p class=\"\">IONOS SARL, Soci\u00e9t\u00e9 \u00e0 responsabilit\u00e9 limit\u00e9e (sans autre indication), au capital social de 100000.0 \u20ac, h\u00e9berge le site www.fcprod.com. Cette soci\u00e9t\u00e9 a son si\u00e8ge social situ\u00e9 au 7 Place DE LA GARE 57200 SARREGUEMINES et est immatricul\u00e9e au Registre du Commerce et des Soci\u00e9t\u00e9s sous le num\u00e9ro 431303775.<\/p>\n\n\n\n<h2 class=\"wp-block-heading\">Respect for intellectual property<\/h2>\n\n\n\n<p class=\"\">Les lois en vigueur au titre de la propri\u00e9t\u00e9 intellectuelle prot\u00e8gent toutes les marques, photographies, textes, commentaires, illustrations, images anim\u00e9es ou non, s\u00e9quences vid\u00e9os, sons ainsi que toutes applications informatiques utilis\u00e9es pour faire fonctionner le site et plus g\u00e9n\u00e9ralement tous les \u00e9l\u00e9ments reproduits et utilis\u00e9s sur le site.<\/p>\n\n\n\n<p class=\"\">L&rsquo;\u00c9diteur ou ses partenaires poss\u00e8dent pleinement et enti\u00e8rement ces \u00e9l\u00e9ments, sauf mentions contraires. Toute personne qui reproduit, repr\u00e9sente, utilise ou adapte, sous quelque forme que ce soit, tout ou partie de ces \u00e9l\u00e9ments, y compris les applications informatiques, sans l&rsquo;accord pr\u00e9alable et \u00e9crit de l&rsquo;\u00c9diteur, commet une infraction strictement interdite. Lorsque l&rsquo;\u00c9diteur ne lance pas de proc\u00e9dure d\u00e8s qu&rsquo;il d\u00e9couvre ces utilisations non autoris\u00e9es, il n&rsquo;accepte pas ces utilisations et ne renonce pas aux poursuites.<\/p>\n\n\n\n<p class=\"\">Vous \u00eates autoris\u00e9 \u00e0 utiliser ce contenu uniquement pour un usage priv\u00e9 dans un cercle de famille ou d&rsquo;amis. Toute autre utilisation constitue une contrefa\u00e7on et\/ou une atteinte aux droits voisins ou aux droits d&rsquo;auteur, que le Code de la propri\u00e9t\u00e9 intellectuelle sanctionne.<\/p>\n\n\n\n<p class=\"\">Reproduction of all or part of this content requires prior authorization from the Publisher or the rights holder of this content.<\/p>","protected":false},"excerpt":{"rendered":"<p>Mentions l\u00e9gales Mentions L\u00e9gales : \u00c9dition du site Internet FAYA CHIDEKH \u00e9dite le site fcprod.com, accessible \u00e0 l\u2019adresse www.fcprod.com. Il habite au 13 Rue Scud\u00e9ri, 06390 CONTES. Siret : 523 841 708 000 28 R\u00e9daction du site Internet Directeur de la publication : FAYA CHIDEKH Contact : 06.11.51.84.15 Email : contact@fcprod.com H\u00e9bergeur du site Internet [&hellip;]<\/p>\n","protected":false},"author":1,"featured_media":0,"parent":0,"menu_order":0,"comment_status":"closed","ping_status":"closed","template":"wp-custom-template-l-ment-unique-article","meta":{"footnotes":""},"class_list":["post-211","page","type-page","status-publish","hentry"],"yoast_head":"<!-- This site is optimized with the Yoast SEO plugin v27.3 - https:\/\/yoast.com\/product\/yoast-seo-wordpress\/ -->\n<title>Mentions l\u00e9gales pour fcprod.com et FAYA CHIDEKH - FLUX RECORDS<\/title>\n<meta name=\"description\" content=\"Document officiel des mentions l\u00e9gales du site de Faya Chidekh, www.fcprod.com. \u00c9dition du site, r\u00e9daction du site, h\u00e9bergeur du site.\" \/>\n<meta name=\"robots\" content=\"index, follow, max-snippet:-1, max-image-preview:large, max-video-preview:-1\" \/>\n<link rel=\"canonical\" href=\"https:\/\/fluxrecords.fr\/en\/mentions-legales\/\" \/>\n<meta property=\"og:locale\" content=\"en_US\" \/>\n<meta property=\"og:type\" content=\"article\" \/>\n<meta property=\"og:title\" content=\"Mentions l\u00e9gales pour fcprod.com et FAYA CHIDEKH - FLUX RECORDS\" \/>\n<meta property=\"og:description\" content=\"Document officiel des mentions l\u00e9gales du site de Faya Chidekh, www.fcprod.com. \u00c9dition du site, r\u00e9daction du site, h\u00e9bergeur du site.\" \/>\n<meta property=\"og:url\" content=\"https:\/\/fluxrecords.fr\/en\/mentions-legales\/\" \/>\n<meta property=\"og:site_name\" content=\"FLUX RECORDS\" \/>\n<meta property=\"article:modified_time\" content=\"2025-11-19T22:51:05+00:00\" \/>\n<meta name=\"twitter:card\" content=\"summary_large_image\" \/>\n<meta name=\"twitter:label1\" content=\"Est. reading time\" \/>\n\t<meta name=\"twitter:data1\" content=\"2 minutes\" \/>\n<script type=\"application\/ld+json\" class=\"yoast-schema-graph\">{\"@context\":\"https:\\\/\\\/schema.org\",\"@graph\":[{\"@type\":\"WebPage\",\"@id\":\"https:\\\/\\\/fluxrecords.fr\\\/mentions-legales\\\/\",\"url\":\"https:\\\/\\\/fluxrecords.fr\\\/mentions-legales\\\/\",\"name\":\"Mentions l\u00e9gales pour fcprod.com et FAYA CHIDEKH - FLUX RECORDS\",\"isPartOf\":{\"@id\":\"https:\\\/\\\/fluxrecords.fr\\\/#website\"},\"datePublished\":\"2025-10-03T14:25:22+00:00\",\"dateModified\":\"2025-11-19T22:51:05+00:00\",\"description\":\"Document officiel des mentions l\u00e9gales du site de Faya Chidekh, www.fcprod.com. \u00c9dition du site, r\u00e9daction du site, h\u00e9bergeur du site.\",\"breadcrumb\":{\"@id\":\"https:\\\/\\\/fluxrecords.fr\\\/mentions-legales\\\/#breadcrumb\"},\"inLanguage\":\"en-US\",\"potentialAction\":[{\"@type\":\"ReadAction\",\"target\":[\"https:\\\/\\\/fluxrecords.fr\\\/mentions-legales\\\/\"]}]},{\"@type\":\"BreadcrumbList\",\"@id\":\"https:\\\/\\\/fluxrecords.fr\\\/mentions-legales\\\/#breadcrumb\",\"itemListElement\":[{\"@type\":\"ListItem\",\"position\":1,\"name\":\"Accueil\",\"item\":\"https:\\\/\\\/fluxrecords.fr\\\/\"},{\"@type\":\"ListItem\",\"position\":2,\"name\":\"Mentions l\u00e9gales\"}]},{\"@type\":\"WebSite\",\"@id\":\"https:\\\/\\\/fluxrecords.fr\\\/#website\",\"url\":\"https:\\\/\\\/fluxrecords.fr\\\/\",\"name\":\"FLUX RECORDS\",\"description\":\"FLUX Records\",\"publisher\":{\"@id\":\"https:\\\/\\\/fluxrecords.fr\\\/#organization\"},\"potentialAction\":[{\"@type\":\"SearchAction\",\"target\":{\"@type\":\"EntryPoint\",\"urlTemplate\":\"https:\\\/\\\/fluxrecords.fr\\\/?s={search_term_string}\"},\"query-input\":{\"@type\":\"PropertyValueSpecification\",\"valueRequired\":true,\"valueName\":\"search_term_string\"}}],\"inLanguage\":\"en-US\"},{\"@type\":\"Organization\",\"@id\":\"https:\\\/\\\/fluxrecords.fr\\\/#organization\",\"name\":\"FLUX RECORDS\",\"url\":\"https:\\\/\\\/fluxrecords.fr\\\/\",\"logo\":{\"@type\":\"ImageObject\",\"inLanguage\":\"en-US\",\"@id\":\"https:\\\/\\\/fluxrecords.fr\\\/#\\\/schema\\\/logo\\\/image\\\/\",\"url\":\"https:\\\/\\\/fluxrecords.fr\\\/wp-content\\\/uploads\\\/2025\\\/10\\\/symbole-noir.png\",\"contentUrl\":\"https:\\\/\\\/fluxrecords.fr\\\/wp-content\\\/uploads\\\/2025\\\/10\\\/symbole-noir.png\",\"width\":2280,\"height\":2016,\"caption\":\"FLUX RECORDS\"},\"image\":{\"@id\":\"https:\\\/\\\/fluxrecords.fr\\\/#\\\/schema\\\/logo\\\/image\\\/\"}}]}<\/script>\n<!-- \/ Yoast SEO plugin. -->","yoast_head_json":{"title":"Mentions l\u00e9gales pour fcprod.com et FAYA CHIDEKH - FLUX RECORDS","description":"Document officiel des mentions l\u00e9gales du site de Faya Chidekh, www.fcprod.com. \u00c9dition du site, r\u00e9daction du site, h\u00e9bergeur du site.","robots":{"index":"index","follow":"follow","max-snippet":"max-snippet:-1","max-image-preview":"max-image-preview:large","max-video-preview":"max-video-preview:-1"},"canonical":"https:\/\/fluxrecords.fr\/en\/mentions-legales\/","og_locale":"en_US","og_type":"article","og_title":"Mentions l\u00e9gales pour fcprod.com et FAYA CHIDEKH - FLUX RECORDS","og_description":"Document officiel des mentions l\u00e9gales du site de Faya Chidekh, www.fcprod.com. \u00c9dition du site, r\u00e9daction du site, h\u00e9bergeur du site.","og_url":"https:\/\/fluxrecords.fr\/en\/mentions-legales\/","og_site_name":"FLUX RECORDS","article_modified_time":"2025-11-19T22:51:05+00:00","twitter_card":"summary_large_image","twitter_misc":{"Est. reading time":"2 minutes"},"schema":{"@context":"https:\/\/schema.org","@graph":[{"@type":"WebPage","@id":"https:\/\/fluxrecords.fr\/mentions-legales\/","url":"https:\/\/fluxrecords.fr\/mentions-legales\/","name":"Mentions l\u00e9gales pour fcprod.com et FAYA CHIDEKH - FLUX RECORDS","isPartOf":{"@id":"https:\/\/fluxrecords.fr\/#website"},"datePublished":"2025-10-03T14:25:22+00:00","dateModified":"2025-11-19T22:51:05+00:00","description":"Document officiel des mentions l\u00e9gales du site de Faya Chidekh, www.fcprod.com. \u00c9dition du site, r\u00e9daction du site, h\u00e9bergeur du site.","breadcrumb":{"@id":"https:\/\/fluxrecords.fr\/mentions-legales\/#breadcrumb"},"inLanguage":"en-US","potentialAction":[{"@type":"ReadAction","target":["https:\/\/fluxrecords.fr\/mentions-legales\/"]}]},{"@type":"BreadcrumbList","@id":"https:\/\/fluxrecords.fr\/mentions-legales\/#breadcrumb","itemListElement":[{"@type":"ListItem","position":1,"name":"Accueil","item":"https:\/\/fluxrecords.fr\/"},{"@type":"ListItem","position":2,"name":"Mentions l\u00e9gales"}]},{"@type":"WebSite","@id":"https:\/\/fluxrecords.fr\/#website","url":"https:\/\/fluxrecords.fr\/","name":"FLUX RECORDS","description":"FLUX Records","publisher":{"@id":"https:\/\/fluxrecords.fr\/#organization"},"potentialAction":[{"@type":"SearchAction","target":{"@type":"EntryPoint","urlTemplate":"https:\/\/fluxrecords.fr\/?s={search_term_string}"},"query-input":{"@type":"PropertyValueSpecification","valueRequired":true,"valueName":"search_term_string"}}],"inLanguage":"en-US"},{"@type":"Organization","@id":"https:\/\/fluxrecords.fr\/#organization","name":"FLUX RECORDS","url":"https:\/\/fluxrecords.fr\/","logo":{"@type":"ImageObject","inLanguage":"en-US","@id":"https:\/\/fluxrecords.fr\/#\/schema\/logo\/image\/","url":"https:\/\/fluxrecords.fr\/wp-content\/uploads\/2025\/10\/symbole-noir.png","contentUrl":"https:\/\/fluxrecords.fr\/wp-content\/uploads\/2025\/10\/symbole-noir.png","width":2280,"height":2016,"caption":"FLUX RECORDS"},"image":{"@id":"https:\/\/fluxrecords.fr\/#\/schema\/logo\/image\/"}}]}},"_links":{"self":[{"href":"https:\/\/fluxrecords.fr\/en\/wp-json\/wp\/v2\/pages\/211","targetHints":{"allow":["GET"]}}],"collection":[{"href":"https:\/\/fluxrecords.fr\/en\/wp-json\/wp\/v2\/pages"}],"about":[{"href":"https:\/\/fluxrecords.fr\/en\/wp-json\/wp\/v2\/types\/page"}],"author":[{"embeddable":true,"href":"https:\/\/fluxrecords.fr\/en\/wp-json\/wp\/v2\/users\/1"}],"replies":[{"embeddable":true,"href":"https:\/\/fluxrecords.fr\/en\/wp-json\/wp\/v2\/comments?post=211"}],"version-history":[{"count":19,"href":"https:\/\/fluxrecords.fr\/en\/wp-json\/wp\/v2\/pages\/211\/revisions"}],"predecessor-version":[{"id":3483,"href":"https:\/\/fluxrecords.fr\/en\/wp-json\/wp\/v2\/pages\/211\/revisions\/3483"}],"wp:attachment":[{"href":"https:\/\/fluxrecords.fr\/en\/wp-json\/wp\/v2\/media?parent=211"}],"curies":[{"name":"wp","href":"https:\/\/api.w.org\/{rel}","templated":true}]}}