{"id":3015,"date":"2025-11-12T11:46:54","date_gmt":"2025-11-12T11:46:54","guid":{"rendered":"https:\/\/fluxrecords.fr\/?page_id=3015"},"modified":"2026-02-20T14:29:46","modified_gmt":"2026-02-20T14:29:46","slug":"eclaboussures-larmes-et-ricochets","status":"publish","type":"page","link":"https:\/\/fluxrecords.fr\/en\/eclaboussures-larmes-et-ricochets\/","title":{"rendered":"Splashes, tears, and ricochets"},"content":{"rendered":"<div class=\"wp-block-group alignfull is-style-ext-preset--group--natural-1--section is-layout-constrained wp-container-core-group-is-layout-b686cac8 wp-block-group-is-layout-constrained has-background\" style=\"margin-top:0;margin-bottom:0;padding-top:var(--wp--preset--spacing--70);padding-right:0;padding-bottom:var(--wp--preset--spacing--70);padding-left:0;background-image:url(&apos;https:\/\/fluxrecords.fr\/wp-content\/uploads\/2026\/01\/2026-01-18-04-26-52-b6176774-0e95-4f02-9f36-13779f77d430-3.jpg&apos;);background-size:cover;\">\n<div class=\"wp-block-media-text is-stacked-on-mobile is-vertically-aligned-top is-style-ext-preset--media-text--natural-1--card-1 has-tertiary-background-color has-background\" style=\"border-style:none;border-width:0px;border-top-left-radius:0px;border-top-right-radius:0px;border-bottom-left-radius:0px;border-bottom-right-radius:0px;padding-right:0;padding-left:0;grid-template-columns:36% auto\"><figure class=\"wp-block-media-text__media\"><a href=\"https:\/\/www.amazon.fr\/stores\/Faya-Chidekh\/author\/B00VF4A19A?ref=ap_rdr&amp;shoppingPortalEnabled=true\" target=\"_blank\" rel=\" noreferrer noopener\"><img fetchpriority=\"high\" decoding=\"async\" width=\"306\" height=\"494\" src=\"https:\/\/fluxrecords.fr\/wp-content\/uploads\/2025\/10\/couv-ELR-web.jpg\" alt=\"couverture \u00e9claboussures larmes et ricochets\" class=\"wp-image-2506 size-full\" srcset=\"https:\/\/fluxrecords.fr\/wp-content\/uploads\/2025\/10\/couv-ELR-web.jpg 306w, https:\/\/fluxrecords.fr\/wp-content\/uploads\/2025\/10\/couv-ELR-web-186x300.jpg 186w\" sizes=\"(max-width: 306px) 100vw, 306px\" \/><\/a><\/figure><div class=\"wp-block-media-text__content\">\n<div class=\"wp-block-group alignwide is-vertical is-layout-flex wp-container-core-group-is-layout-77880bde wp-block-group-is-layout-flex\" style=\"padding-top:var(--wp--preset--spacing--30);padding-bottom:var(--wp--preset--spacing--30)\">\n<div class=\"wp-block-group is-layout-constrained wp-container-core-group-is-layout-812d5580 wp-block-group-is-layout-constrained\" style=\"padding-top:0;padding-right:0;padding-bottom:0;padding-left:0\">\n<h2 class=\"wp-block-heading\">\u00c9claboussures larmes et ricochets<\/h2>\n\n\n\n<div class=\"wp-block-group is-nowrap is-layout-flex wp-container-core-group-is-layout-6fee25ed wp-block-group-is-layout-flex\" style=\"margin-top:24px;padding-top:0;padding-right:0;padding-bottom:0;padding-left:0\">\n<div class=\"wp-block-group is-nowrap is-layout-flex wp-container-core-group-is-layout-2ca071df wp-block-group-is-layout-flex\" style=\"padding-top:0;padding-right:0;padding-bottom:0;padding-left:0\">\n<p style=\"font-size:16px\" class=\"wp-container-content-9cfa9a5a\">2019<\/p>\n<\/div>\n\n\n\n<div class=\"wp-block-group is-nowrap is-layout-flex wp-container-core-group-is-layout-2ca071df wp-block-group-is-layout-flex\" style=\"padding-top:0;padding-right:0;padding-bottom:0;padding-left:0\">\n<p style=\"font-size:16px\" class=\"\">My Poems<\/p>\n<\/div>\n<\/div>\n\n\n\n<p class=\"\"><\/p>\n<\/div>\n\n\n\n<div class=\"wp-block-buttons is-layout-flex wp-block-buttons-is-layout-flex\">\n<div class=\"wp-block-button is-style-ext-preset--button--natural-1--button-1 is-style-outline wpopus-hover-zoom-in is-style-outline--1\"><a class=\"wp-block-button__link has-small-font-size has-custom-font-size wp-element-button\" href=\"https:\/\/www.amazon.fr\/%C3%89claboussures-larmes-ricochets-Faya-CHIDEKH\/dp\/0244201439?ref_=ast_author_mpb\" style=\"border-top-left-radius:9px;border-top-right-radius:9px;border-bottom-left-radius:9px;border-bottom-right-radius:9px;padding-top:var(--wp--preset--spacing--20);padding-right:var(--wp--preset--spacing--50);padding-bottom:var(--wp--preset--spacing--20);padding-left:var(--wp--preset--spacing--50)\" target=\"_blank\" rel=\"noreferrer noopener\">Amazon<\/a><\/div>\n\n\n\n<div class=\"wp-block-button is-style-ext-preset--button--natural-1--button-1 is-style-outline wpopus-hover-zoom-in is-style-outline--2\"><a class=\"wp-block-button__link has-small-font-size has-custom-font-size wp-element-button\" href=\"https:\/\/www.lulu.com\/shop\/faya-chidekh\/%C3%A9claboussures-larmes-et-ricochets\/paperback\/product-1dgnz59e.html?q=%C3%89claboussures%2C+larmes+et+ricochets&amp;page=1&amp;pageSize=4\" style=\"border-top-left-radius:9px;border-top-right-radius:9px;border-bottom-left-radius:9px;border-bottom-right-radius:9px;padding-top:var(--wp--preset--spacing--20);padding-right:var(--wp--preset--spacing--50);padding-bottom:var(--wp--preset--spacing--20);padding-left:var(--wp--preset--spacing--50)\" target=\"_blank\" rel=\"noreferrer noopener\">Lulu.com<\/a><\/div>\n<\/div>\n\n\n\n<div class=\"wp-block-buttons is-layout-flex wp-block-buttons-is-layout-flex\">\n<div class=\"wp-block-button is-style-outline wpopus-hover-zoom-in is-style-outline--3\"><a class=\"wp-block-button__link has-small-font-size has-custom-font-size wp-element-button\" href=\"https:\/\/lire.amazon.fr\/sample\/0244201439?clientId=share\" style=\"border-top-left-radius:9px;border-top-right-radius:9px;border-bottom-left-radius:9px;border-bottom-right-radius:9px;padding-top:var(--wp--preset--spacing--20);padding-right:var(--wp--preset--spacing--50);padding-bottom:var(--wp--preset--spacing--20);padding-left:var(--wp--preset--spacing--50)\" target=\"_blank\" rel=\"noreferrer noopener\">Browse<\/a><\/div>\n<\/div>\n<\/div>\n<\/div><\/div>\n<\/div>\n\n\n\n<h4 class=\"wp-block-heading\">Descriptif<\/h4>\n\n\n\n<p class=\"has-black-color has-text-color has-small-font-size wp-elements-ca3e11c16ffc5b8c41caa1a74fff5eb4\">Ce recueil pr\u00e9sente des<a href=\"https:\/\/fluxrecords.fr\/en\/ecritures-textes-fragments-paroles-et-poemes\/\" type=\"page\" id=\"4954\" target=\"_blank\" rel=\"noreferrer noopener\"> po\u00e8mes<\/a> en vers libres, qui s&rsquo;apparentent au Ha\u00efku japonais. Inspir\u00e9e par cette forme sp\u00e9cifique de po\u00e9sie qu&rsquo;est le Ha\u00efku, Faya Chidekh s&rsquo;affranchit des conventions pour en proposer une r\u00e9interpr\u00e9tation originale.<\/p>\n\n\n\n<p class=\"has-black-color has-text-color has-link-color has-small-font-size wp-elements-7cb980e5955794e3238392bb397f1632\">Cet ouvrage est construit autour de plusieurs th\u00e8mes majeurs qui se d\u00e9ploient avec profondeur : la nature dans toute sa splendeur, l&rsquo;introspection personnelle et profonde, les diff\u00e9rentes facettes de l&rsquo;amour, la richesse des liens d&rsquo;amiti\u00e9 et l&rsquo;influence omnipr\u00e9sente de la musique.<\/p>\n\n\n\n<hr class=\"wp-block-separator has-alpha-channel-opacity\"\/>\n\n\n\n<h4 class=\"wp-block-heading\">D\u00e9tails<\/h4>\n\n\n\n<div class=\"wp-block-columns is-layout-flex wp-container-core-columns-is-layout-28f84493 wp-block-columns-is-layout-flex\">\n<div class=\"wp-block-column is-layout-flow wp-container-core-column-is-layout-119bc444 wp-block-column-is-layout-flow\">\n<p class=\"has-small-font-size\">Auteure<\/p>\n\n\n\n<p class=\"has-small-font-size\">Cat\u00e9gorie<\/p>\n\n\n\n<p class=\"has-small-font-size\">Nombre de pages<\/p>\n<\/div>\n\n\n\n<div class=\"wp-block-column is-layout-flow wp-container-core-column-is-layout-119bc444 wp-block-column-is-layout-flow\">\n<p class=\"has-small-font-size\"><strong>Faya Chidekh<\/strong><\/p>\n\n\n\n<p class=\"has-small-font-size\"><strong>My Poems<\/strong><\/p>\n\n\n\n<p class=\"has-small-font-size\"><strong>78<\/strong><\/p>\n<\/div>\n\n\n\n<div class=\"wp-block-column is-layout-flow wp-container-core-column-is-layout-119bc444 wp-block-column-is-layout-flow\">\n<p class=\"has-small-font-size\">ISBN 10<\/p>\n\n\n\n<p class=\"has-small-font-size\">ISBN 13<\/p>\n\n\n\n<p class=\"has-small-font-size\">Prix du format broch\u00e9<\/p>\n\n\n\n<p class=\"has-small-font-size\">Publication date<\/p>\n\n\n\n<p class=\"has-small-font-size\">Format<\/p>\n<\/div>\n\n\n\n<div class=\"wp-block-column is-layout-flow wp-container-core-column-is-layout-119bc444 wp-block-column-is-layout-flow\">\n<p class=\"has-small-font-size\"><strong>0244201439<\/strong><\/p>\n\n\n\n<p class=\"has-small-font-size\"><strong>978-0244201432<\/strong><\/p>\n\n\n\n<p class=\"has-small-font-size\"><strong>13 \u20ac<\/strong><\/p>\n\n\n\n<p class=\"has-small-font-size\"><strong>29\/08\/2019<\/strong><\/p>\n\n\n\n<p class=\"has-small-font-size\"><strong>10.8 x 0.46 x 17.48 cm<\/strong><\/p>\n<\/div>\n<\/div>\n\n\n\n<p class=\"\"><\/p>\n\n\n\n<div class=\"wp-block-group alignfull is-style-ext-preset--group--natural-1--section has-background-background-color has-background is-layout-constrained wp-container-core-group-is-layout-49ab0498 wp-block-group-is-layout-constrained\" style=\"margin-top:0;margin-bottom:0;padding-top:var(--wp--preset--spacing--70);padding-bottom:var(--wp--preset--spacing--70)\">\n<div class=\"wp-block-media-text is-stacked-on-mobile is-style-ext-preset--media-text--natural-1--card-1 has-tertiary-background-color has-background\" style=\"grid-template-columns:22% auto\"><figure class=\"wp-block-media-text__media\"><img decoding=\"async\" width=\"250\" height=\"400\" src=\"https:\/\/fluxrecords.fr\/wp-content\/uploads\/2025\/10\/jardin-de-poemes-last.webp\" alt=\"\" class=\"wp-image-581 size-full\" srcset=\"https:\/\/fluxrecords.fr\/wp-content\/uploads\/2025\/10\/jardin-de-poemes-last.webp 250w, https:\/\/fluxrecords.fr\/wp-content\/uploads\/2025\/10\/jardin-de-poemes-last-188x300.webp 188w\" sizes=\"(max-width: 250px) 100vw, 250px\" \/><\/figure><div class=\"wp-block-media-text__content\">\n<div class=\"wp-block-group alignwide is-vertical is-layout-flex wp-container-core-group-is-layout-262076d7 wp-block-group-is-layout-flex\" style=\"padding-top:var(--wp--preset--spacing--20);padding-bottom:var(--wp--preset--spacing--20)\">\n<div class=\"wp-block-group is-layout-constrained wp-container-core-group-is-layout-4bbb2653 wp-block-group-is-layout-constrained\" style=\"padding-top:0;padding-right:0;padding-bottom:0;padding-left:0\">\n<h3 class=\"wp-block-heading\" style=\"font-size:40px;font-style:normal;font-weight:200;letter-spacing:3px\">\u00c0 D\u00c9COUVRIR \u00c9GALEMENT :<\/h3>\n\n\n\n<h2 class=\"wp-block-heading\" style=\"font-size:40px;font-style:normal;font-weight:200;letter-spacing:3px\">JARDIN DE PO\u00c8MES | HERBES FOLLES<\/h2>\n\n\n\n<div class=\"wp-block-group is-nowrap is-layout-flex wp-container-core-group-is-layout-6fee25ed wp-block-group-is-layout-flex\" style=\"margin-top:24px;padding-top:0;padding-right:0;padding-bottom:0;padding-left:0\">\n<div class=\"wp-block-group is-nowrap is-layout-flex wp-container-core-group-is-layout-2ca071df wp-block-group-is-layout-flex\" style=\"padding-top:0;padding-right:0;padding-bottom:0;padding-left:0\">\n<p style=\"font-size:16px\" class=\"wp-container-content-9cfa9a5a\">Recueil de Po\u00e9sies<\/p>\n<\/div>\n<\/div>\n\n\n\n<p class=\"\"><\/p>\n<\/div>\n\n\n\n<div class=\"wp-block-buttons is-layout-flex wp-block-buttons-is-layout-flex\">\n<div class=\"wp-block-button is-style-ext-preset--button--natural-1--button-1 is-style-outline wpopus-hover-zoom-in is-style-outline--4\"><a class=\"wp-block-button__link has-small-font-size has-custom-font-size wp-element-button\" href=\"https:\/\/www.amazon.fr\/Jardin-Po%C3%A8mes-Herbes-Folles-Faya-CHIDEKH\/dp\/0244245053?ref_=ast_author_dp&amp;th=1&amp;psc=1\" style=\"border-top-left-radius:9px;border-top-right-radius:9px;border-bottom-left-radius:9px;border-bottom-right-radius:9px;padding-top:var(--wp--preset--spacing--20);padding-right:var(--wp--preset--spacing--50);padding-bottom:var(--wp--preset--spacing--20);padding-left:var(--wp--preset--spacing--50)\" target=\"_blank\" rel=\"noreferrer noopener\">ORDER<\/a><\/div>\n<\/div>\n<\/div>\n<\/div><\/div>\n<\/div>\n\n\n\n<h3 class=\"wp-block-heading has-text-align-center\" style=\"letter-spacing:3px\">Critiques &amp; Citations<\/h3>\n\n\n\n<p class=\"\"><\/p>\n\n\n\n<div class=\"wp-block-group has-primary-background-color has-background is-layout-flow wp-container-core-group-is-layout-22bf37b9 wp-block-group-is-layout-flow\" style=\"border-radius:20px;margin-top:0;margin-bottom:0;padding-top:var(--wp--preset--spacing--30);padding-right:var(--wp--preset--spacing--40);padding-bottom:var(--wp--preset--spacing--30);padding-left:var(--wp--preset--spacing--40);background-position:56.99999999999999% 52%;background-repeat:no-repeat;background-size:contain;\">\n<div class=\"wp-block-group is-content-justification-space-between is-nowrap is-layout-flex wp-container-core-group-is-layout-dcf8363c wp-block-group-is-layout-flex has-background\" style=\"padding-left:var(--wp--preset--spacing--50);background-image:url(&apos;https:\/\/wpopus.com\/wp-content\/uploads\/2024\/11\/testimonial-quote.webp&apos;);background-position:0% 50%;background-repeat:no-repeat;background-size:contain;\">\n<div class=\"wp-block-group is-layout-constrained wp-container-core-group-is-layout-19e250f3 wp-block-group-is-layout-constrained\">\n<h5 class=\"wp-block-heading has-white-color has-text-color has-link-color has-system-font-family wp-elements-d442b17928a7adca0cef2e49634312a0\" style=\"font-style:normal;font-weight:700\">EclatDeReve<\/h5>\n\n\n\n<p class=\"has-white-color has-text-color has-link-color has-small-font-size wp-elements-b234506eaeffb39ccc06c18698fb6233\" style=\"font-style:normal;font-weight:600;text-transform:uppercase\">18\/01\/2026<\/p>\n<\/div>\n\n\n\n<div class=\"wp-block-wpopus-star-rating wpopus-star-rating\"><div class=\"star-rating\" style=\"--wpopus-rating:5;--wpopus-star-content:&quot;\u2605\u2605\u2605\u2605\u2605&quot;;--wpopus-star-size:40px;--wpopus-star-basecolor:#dddddd;--wpopus-star-highlightcolor:#f9d02f\" title=\"Rating is 2.3 out of 5.\"><\/div><\/div>\n\n\n\n<figure class=\"wp-block-image size-full is-resized is-style-rounded wpopus-hover-zoom-in\" style=\"margin-top:var(--wp--preset--spacing--40);margin-right:var(--wp--preset--spacing--50);margin-bottom:var(--wp--preset--spacing--40);margin-left:var(--wp--preset--spacing--50)\"><a href=\"https:\/\/www.babelio.com\/livres\/CHIDEKH-claboussures-larmes-et-ricochets\/1988625\" target=\"_blank\" rel=\" noreferrer noopener\"><img decoding=\"async\" width=\"65\" height=\"65\" src=\"https:\/\/fluxrecords.fr\/wp-content\/uploads\/2026\/02\/eclatde-reve.webp\" alt=\"eclatde reve\" class=\"wp-image-5026\" style=\"box-shadow:var(--wp--preset--shadow--natural);width:75px;height:auto\" title=\"Babelio.com\" srcset=\"https:\/\/fluxrecords.fr\/wp-content\/uploads\/2026\/02\/eclatde-reve.webp 65w, https:\/\/fluxrecords.fr\/wp-content\/uploads\/2026\/02\/eclatde-reve-12x12.webp 12w\" sizes=\"(max-width: 65px) 100vw, 65px\" \/><\/a><\/figure>\n<\/div>\n\n\n\n<p class=\"has-white-color has-text-color has-link-color has-system-font-family has-small-font-size wp-elements-40e0a5cc0c632e2afb4368a2e9955280\" style=\"margin-top:0;margin-right:var(--wp--preset--spacing--50);margin-bottom:0;margin-left:var(--wp--preset--spacing--50);padding-top:0;padding-bottom:0\">\u00c9claboussures, larmes et ricochets est un tr\u00e8s beau recueil de po\u00e9sie.<br>Chaque po\u00e8me, qui compte 3 lignes maximum, capte des instants de vie et des \u00e9motions avec finesse.<br>Ce recueil offre une lecture douce et touchante et nous am\u00e8ne \u00e0 savourer les petites \u00e9motions du quotidien.<\/p>\n\n\n\n<p class=\"\"><\/p>\n<\/div>\n\n\n\n<div style=\"height:100px\" aria-hidden=\"true\" class=\"wp-block-spacer\"><\/div>\n\n\n\n<div class=\"wp-block-cover alignfull\" style=\"min-height:216px;aspect-ratio:unset;\"><img loading=\"lazy\" decoding=\"async\" width=\"1024\" height=\"307\" class=\"wp-block-cover__image-background wp-image-3089 size-large\" alt=\"banner human author certification black\" src=\"https:\/\/fluxrecords.fr\/wp-content\/uploads\/2025\/11\/banner-human-author-black--1024x307.jpg\" data-object-fit=\"cover\" srcset=\"https:\/\/fluxrecords.fr\/wp-content\/uploads\/2025\/11\/banner-human-author-black--1024x307.jpg 1024w, https:\/\/fluxrecords.fr\/wp-content\/uploads\/2025\/11\/banner-human-author-black--300x90.jpg 300w, https:\/\/fluxrecords.fr\/wp-content\/uploads\/2025\/11\/banner-human-author-black--768x230.jpg 768w, https:\/\/fluxrecords.fr\/wp-content\/uploads\/2025\/11\/banner-human-author-black--1536x461.jpg 1536w, https:\/\/fluxrecords.fr\/wp-content\/uploads\/2025\/11\/banner-human-author-black--18x5.jpg 18w, https:\/\/fluxrecords.fr\/wp-content\/uploads\/2025\/11\/banner-human-author-black--1320x396.jpg 1320w, https:\/\/fluxrecords.fr\/wp-content\/uploads\/2025\/11\/banner-human-author-black-.jpg 2000w\" sizes=\"(max-width: 1024px) 100vw, 1024px\" \/><span aria-hidden=\"true\" class=\"wp-block-cover__background has-primary-background-color has-background-dim\"><\/span><div class=\"wp-block-cover__inner-container is-layout-constrained wp-block-cover-is-layout-constrained\">\n<p class=\"has-text-align-center has-large-font-size\"><\/p>\n<\/div><\/div>\n\n\n\n<div style=\"height:100px\" aria-hidden=\"true\" class=\"wp-block-spacer\"><\/div>","protected":false},"excerpt":{"rendered":"<p>\u00c9claboussures larmes et ricochets 2019 Mes Po\u00e9sies Descriptif Ce recueil pr\u00e9sente des po\u00e8mes en vers libres, qui s&rsquo;apparentent au Ha\u00efku japonais. Inspir\u00e9e par cette forme sp\u00e9cifique de po\u00e9sie qu&rsquo;est le Ha\u00efku, Faya Chidekh s&rsquo;affranchit des conventions pour en proposer une r\u00e9interpr\u00e9tation originale. Cet ouvrage est construit autour de plusieurs th\u00e8mes majeurs qui se d\u00e9ploient avec [&hellip;]<\/p>\n","protected":false},"author":1,"featured_media":0,"parent":0,"menu_order":0,"comment_status":"closed","ping_status":"closed","template":"wp-custom-template-l-ment-unique-article","meta":{"footnotes":""},"class_list":["post-3015","page","type-page","status-publish","hentry"],"yoast_head":"<!-- This site is optimized with the Yoast SEO plugin v27.3 - https:\/\/yoast.com\/product\/yoast-seo-wordpress\/ -->\n<title>\u00c9claboussures, larmes et ricochets - FLUX RECORDS<\/title>\n<meta name=\"description\" content=\"\u00c9claboussures,larmes et ricochets est un recueil de po\u00e8mes de formes libres, similaires au haiku japonais.\" \/>\n<meta name=\"robots\" content=\"index, follow, max-snippet:-1, max-image-preview:large, max-video-preview:-1\" \/>\n<link rel=\"canonical\" href=\"https:\/\/fluxrecords.fr\/en\/eclaboussures-larmes-et-ricochets\/\" \/>\n<meta property=\"og:locale\" content=\"en_US\" \/>\n<meta property=\"og:type\" content=\"article\" \/>\n<meta property=\"og:title\" content=\"\u00c9claboussures, larmes et ricochets - FLUX RECORDS\" \/>\n<meta property=\"og:description\" content=\"\u00c9claboussures,larmes et ricochets est un recueil de po\u00e8mes de formes libres, similaires au haiku japonais.\" \/>\n<meta property=\"og:url\" content=\"https:\/\/fluxrecords.fr\/en\/eclaboussures-larmes-et-ricochets\/\" \/>\n<meta property=\"og:site_name\" content=\"FLUX RECORDS\" \/>\n<meta property=\"article:modified_time\" content=\"2026-02-20T14:29:46+00:00\" \/>\n<meta property=\"og:image\" content=\"https:\/\/fluxrecords.fr\/wp-content\/uploads\/2025\/10\/couv-ELR-web.jpg\" \/>\n\t<meta property=\"og:image:width\" content=\"306\" \/>\n\t<meta property=\"og:image:height\" content=\"494\" \/>\n\t<meta property=\"og:image:type\" content=\"image\/jpeg\" \/>\n<meta name=\"twitter:card\" content=\"summary_large_image\" \/>\n<meta name=\"twitter:label1\" content=\"Est. reading time\" \/>\n\t<meta name=\"twitter:data1\" content=\"2 minutes\" \/>\n<script type=\"application\/ld+json\" class=\"yoast-schema-graph\">{\"@context\":\"https:\\\/\\\/schema.org\",\"@graph\":[{\"@type\":\"WebPage\",\"@id\":\"https:\\\/\\\/fluxrecords.fr\\\/eclaboussures-larmes-et-ricochets\\\/\",\"url\":\"https:\\\/\\\/fluxrecords.fr\\\/eclaboussures-larmes-et-ricochets\\\/\",\"name\":\"\u00c9claboussures, larmes et ricochets - FLUX RECORDS\",\"isPartOf\":{\"@id\":\"https:\\\/\\\/fluxrecords.fr\\\/#website\"},\"primaryImageOfPage\":{\"@id\":\"https:\\\/\\\/fluxrecords.fr\\\/eclaboussures-larmes-et-ricochets\\\/#primaryimage\"},\"image\":{\"@id\":\"https:\\\/\\\/fluxrecords.fr\\\/eclaboussures-larmes-et-ricochets\\\/#primaryimage\"},\"thumbnailUrl\":\"https:\\\/\\\/fluxrecords.fr\\\/wp-content\\\/uploads\\\/2025\\\/10\\\/couv-ELR-web.jpg\",\"datePublished\":\"2025-11-12T11:46:54+00:00\",\"dateModified\":\"2026-02-20T14:29:46+00:00\",\"description\":\"\u00c9claboussures,larmes et ricochets est un recueil de po\u00e8mes de formes libres, similaires au haiku japonais.\",\"breadcrumb\":{\"@id\":\"https:\\\/\\\/fluxrecords.fr\\\/eclaboussures-larmes-et-ricochets\\\/#breadcrumb\"},\"inLanguage\":\"en-US\",\"potentialAction\":[{\"@type\":\"ReadAction\",\"target\":[\"https:\\\/\\\/fluxrecords.fr\\\/eclaboussures-larmes-et-ricochets\\\/\"]}]},{\"@type\":\"ImageObject\",\"inLanguage\":\"en-US\",\"@id\":\"https:\\\/\\\/fluxrecords.fr\\\/eclaboussures-larmes-et-ricochets\\\/#primaryimage\",\"url\":\"https:\\\/\\\/fluxrecords.fr\\\/wp-content\\\/uploads\\\/2025\\\/10\\\/couv-ELR-web.jpg\",\"contentUrl\":\"https:\\\/\\\/fluxrecords.fr\\\/wp-content\\\/uploads\\\/2025\\\/10\\\/couv-ELR-web.jpg\"},{\"@type\":\"BreadcrumbList\",\"@id\":\"https:\\\/\\\/fluxrecords.fr\\\/eclaboussures-larmes-et-ricochets\\\/#breadcrumb\",\"itemListElement\":[{\"@type\":\"ListItem\",\"position\":1,\"name\":\"Accueil\",\"item\":\"https:\\\/\\\/fluxrecords.fr\\\/\"},{\"@type\":\"ListItem\",\"position\":2,\"name\":\"\u00c9claboussures, larmes et ricochets\"}]},{\"@type\":\"WebSite\",\"@id\":\"https:\\\/\\\/fluxrecords.fr\\\/#website\",\"url\":\"https:\\\/\\\/fluxrecords.fr\\\/\",\"name\":\"FLUX RECORDS\",\"description\":\"FLUX Records\",\"publisher\":{\"@id\":\"https:\\\/\\\/fluxrecords.fr\\\/#organization\"},\"potentialAction\":[{\"@type\":\"SearchAction\",\"target\":{\"@type\":\"EntryPoint\",\"urlTemplate\":\"https:\\\/\\\/fluxrecords.fr\\\/?s={search_term_string}\"},\"query-input\":{\"@type\":\"PropertyValueSpecification\",\"valueRequired\":true,\"valueName\":\"search_term_string\"}}],\"inLanguage\":\"en-US\"},{\"@type\":\"Organization\",\"@id\":\"https:\\\/\\\/fluxrecords.fr\\\/#organization\",\"name\":\"FLUX RECORDS\",\"url\":\"https:\\\/\\\/fluxrecords.fr\\\/\",\"logo\":{\"@type\":\"ImageObject\",\"inLanguage\":\"en-US\",\"@id\":\"https:\\\/\\\/fluxrecords.fr\\\/#\\\/schema\\\/logo\\\/image\\\/\",\"url\":\"https:\\\/\\\/fluxrecords.fr\\\/wp-content\\\/uploads\\\/2025\\\/10\\\/symbole-noir.png\",\"contentUrl\":\"https:\\\/\\\/fluxrecords.fr\\\/wp-content\\\/uploads\\\/2025\\\/10\\\/symbole-noir.png\",\"width\":2280,\"height\":2016,\"caption\":\"FLUX RECORDS\"},\"image\":{\"@id\":\"https:\\\/\\\/fluxrecords.fr\\\/#\\\/schema\\\/logo\\\/image\\\/\"}}]}<\/script>\n<!-- \/ Yoast SEO plugin. -->","yoast_head_json":{"title":"\u00c9claboussures, larmes et ricochets - FLUX RECORDS","description":"Splashes, tears and ricochets is a collection of free-form poems, similar to Japanese haiku.","robots":{"index":"index","follow":"follow","max-snippet":"max-snippet:-1","max-image-preview":"max-image-preview:large","max-video-preview":"max-video-preview:-1"},"canonical":"https:\/\/fluxrecords.fr\/en\/eclaboussures-larmes-et-ricochets\/","og_locale":"en_US","og_type":"article","og_title":"\u00c9claboussures, larmes et ricochets - FLUX RECORDS","og_description":"\u00c9claboussures,larmes et ricochets est un recueil de po\u00e8mes de formes libres, similaires au haiku japonais.","og_url":"https:\/\/fluxrecords.fr\/en\/eclaboussures-larmes-et-ricochets\/","og_site_name":"FLUX RECORDS","article_modified_time":"2026-02-20T14:29:46+00:00","og_image":[{"width":306,"height":494,"url":"https:\/\/fluxrecords.fr\/wp-content\/uploads\/2025\/10\/couv-ELR-web.jpg","type":"image\/jpeg"}],"twitter_card":"summary_large_image","twitter_misc":{"Est. reading time":"2 minutes"},"schema":{"@context":"https:\/\/schema.org","@graph":[{"@type":"WebPage","@id":"https:\/\/fluxrecords.fr\/eclaboussures-larmes-et-ricochets\/","url":"https:\/\/fluxrecords.fr\/eclaboussures-larmes-et-ricochets\/","name":"\u00c9claboussures, larmes et ricochets - FLUX RECORDS","isPartOf":{"@id":"https:\/\/fluxrecords.fr\/#website"},"primaryImageOfPage":{"@id":"https:\/\/fluxrecords.fr\/eclaboussures-larmes-et-ricochets\/#primaryimage"},"image":{"@id":"https:\/\/fluxrecords.fr\/eclaboussures-larmes-et-ricochets\/#primaryimage"},"thumbnailUrl":"https:\/\/fluxrecords.fr\/wp-content\/uploads\/2025\/10\/couv-ELR-web.jpg","datePublished":"2025-11-12T11:46:54+00:00","dateModified":"2026-02-20T14:29:46+00:00","description":"Splashes, tears and ricochets is a collection of free-form poems, similar to Japanese haiku.","breadcrumb":{"@id":"https:\/\/fluxrecords.fr\/eclaboussures-larmes-et-ricochets\/#breadcrumb"},"inLanguage":"en-US","potentialAction":[{"@type":"ReadAction","target":["https:\/\/fluxrecords.fr\/eclaboussures-larmes-et-ricochets\/"]}]},{"@type":"ImageObject","inLanguage":"en-US","@id":"https:\/\/fluxrecords.fr\/eclaboussures-larmes-et-ricochets\/#primaryimage","url":"https:\/\/fluxrecords.fr\/wp-content\/uploads\/2025\/10\/couv-ELR-web.jpg","contentUrl":"https:\/\/fluxrecords.fr\/wp-content\/uploads\/2025\/10\/couv-ELR-web.jpg"},{"@type":"BreadcrumbList","@id":"https:\/\/fluxrecords.fr\/eclaboussures-larmes-et-ricochets\/#breadcrumb","itemListElement":[{"@type":"ListItem","position":1,"name":"Accueil","item":"https:\/\/fluxrecords.fr\/"},{"@type":"ListItem","position":2,"name":"\u00c9claboussures, larmes et ricochets"}]},{"@type":"WebSite","@id":"https:\/\/fluxrecords.fr\/#website","url":"https:\/\/fluxrecords.fr\/","name":"FLUX RECORDS","description":"FLUX Records","publisher":{"@id":"https:\/\/fluxrecords.fr\/#organization"},"potentialAction":[{"@type":"SearchAction","target":{"@type":"EntryPoint","urlTemplate":"https:\/\/fluxrecords.fr\/?s={search_term_string}"},"query-input":{"@type":"PropertyValueSpecification","valueRequired":true,"valueName":"search_term_string"}}],"inLanguage":"en-US"},{"@type":"Organization","@id":"https:\/\/fluxrecords.fr\/#organization","name":"FLUX RECORDS","url":"https:\/\/fluxrecords.fr\/","logo":{"@type":"ImageObject","inLanguage":"en-US","@id":"https:\/\/fluxrecords.fr\/#\/schema\/logo\/image\/","url":"https:\/\/fluxrecords.fr\/wp-content\/uploads\/2025\/10\/symbole-noir.png","contentUrl":"https:\/\/fluxrecords.fr\/wp-content\/uploads\/2025\/10\/symbole-noir.png","width":2280,"height":2016,"caption":"FLUX RECORDS"},"image":{"@id":"https:\/\/fluxrecords.fr\/#\/schema\/logo\/image\/"}}]}},"_links":{"self":[{"href":"https:\/\/fluxrecords.fr\/en\/wp-json\/wp\/v2\/pages\/3015","targetHints":{"allow":["GET"]}}],"collection":[{"href":"https:\/\/fluxrecords.fr\/en\/wp-json\/wp\/v2\/pages"}],"about":[{"href":"https:\/\/fluxrecords.fr\/en\/wp-json\/wp\/v2\/types\/page"}],"author":[{"embeddable":true,"href":"https:\/\/fluxrecords.fr\/en\/wp-json\/wp\/v2\/users\/1"}],"replies":[{"embeddable":true,"href":"https:\/\/fluxrecords.fr\/en\/wp-json\/wp\/v2\/comments?post=3015"}],"version-history":[{"count":53,"href":"https:\/\/fluxrecords.fr\/en\/wp-json\/wp\/v2\/pages\/3015\/revisions"}],"predecessor-version":[{"id":5652,"href":"https:\/\/fluxrecords.fr\/en\/wp-json\/wp\/v2\/pages\/3015\/revisions\/5652"}],"wp:attachment":[{"href":"https:\/\/fluxrecords.fr\/en\/wp-json\/wp\/v2\/media?parent=3015"}],"curies":[{"name":"wp","href":"https:\/\/api.w.org\/{rel}","templated":true}]}}