{"id":3041,"date":"2025-11-12T12:16:15","date_gmt":"2025-11-12T12:16:15","guid":{"rendered":"https:\/\/fluxrecords.fr\/?page_id=3041"},"modified":"2026-02-20T15:28:15","modified_gmt":"2026-02-20T15:28:15","slug":"le-corps-musical-et-la-methode-p-r-m","status":"publish","type":"page","link":"https:\/\/fluxrecords.fr\/en\/le-corps-musical-et-la-methode-p-r-m\/","title":{"rendered":"The Musical Body and the P.R.M. Method"},"content":{"rendered":"<div class=\"wp-block-cover alignfull\" style=\"min-height:493px;aspect-ratio:unset;\"><img fetchpriority=\"high\" decoding=\"async\" width=\"1248\" height=\"832\" class=\"wp-block-cover__image-background wp-image-5657\" alt=\"livre ouvert\" src=\"https:\/\/fluxrecords.fr\/wp-content\/uploads\/2026\/02\/2026-02-20-13-43-08-b6176774-0e95-4f02-9f36-13779f77d430.png\" data-object-fit=\"cover\" srcset=\"https:\/\/fluxrecords.fr\/wp-content\/uploads\/2026\/02\/2026-02-20-13-43-08-b6176774-0e95-4f02-9f36-13779f77d430.png 1248w, https:\/\/fluxrecords.fr\/wp-content\/uploads\/2026\/02\/2026-02-20-13-43-08-b6176774-0e95-4f02-9f36-13779f77d430-300x200.png 300w, https:\/\/fluxrecords.fr\/wp-content\/uploads\/2026\/02\/2026-02-20-13-43-08-b6176774-0e95-4f02-9f36-13779f77d430-1024x683.png 1024w, https:\/\/fluxrecords.fr\/wp-content\/uploads\/2026\/02\/2026-02-20-13-43-08-b6176774-0e95-4f02-9f36-13779f77d430-768x512.png 768w, https:\/\/fluxrecords.fr\/wp-content\/uploads\/2026\/02\/2026-02-20-13-43-08-b6176774-0e95-4f02-9f36-13779f77d430-18x12.png 18w\" sizes=\"(max-width: 1248px) 100vw, 1248px\" \/><span aria-hidden=\"true\" class=\"wp-block-cover__background has-primary-background-color has-background-dim-70 has-background-dim\"><\/span><div class=\"wp-block-cover__inner-container is-layout-constrained wp-block-cover-is-layout-constrained\">\n<div class=\"wp-block-group is-nowrap is-layout-flex wp-container-core-group-is-layout-6c531013 wp-block-group-is-layout-flex\">\n<figure class=\"wp-block-image size-full wp-container-content-9cfa9a5a\"><img decoding=\"async\" width=\"224\" height=\"320\" src=\"https:\/\/fluxrecords.fr\/wp-content\/uploads\/2025\/10\/cover-prm-lulu.webp\" alt=\"couverture le corps musical et la m\u00e9thode P.R.M\" class=\"wp-image-579\" style=\"object-fit:cover\" srcset=\"https:\/\/fluxrecords.fr\/wp-content\/uploads\/2025\/10\/cover-prm-lulu.webp 224w, https:\/\/fluxrecords.fr\/wp-content\/uploads\/2025\/10\/cover-prm-lulu-210x300.webp 210w\" sizes=\"(max-width: 224px) 100vw, 224px\" \/><\/figure>\n\n\n\n<div class=\"wp-block-group alignwide is-content-justification-left is-layout-constrained wp-container-core-group-is-layout-12dd3699 wp-block-group-is-layout-constrained\">\n<div class=\"wp-block-group is-layout-constrained wp-container-core-group-is-layout-e0082cf6 wp-block-group-is-layout-constrained\">\n<h1 class=\"wp-block-heading has-huge-font-size\" style=\"font-style:normal;font-weight:100;letter-spacing:1px\">Le Corps Musical et La M\u00e9thode P.R.M<\/h1>\n\n\n\n<p class=\"has-small-font-size\" style=\"margin-top:var(--wp--preset--spacing--50)\">2016  Mes Essais<\/p>\n\n\n\n<div class=\"wp-block-buttons is-layout-flex wp-container-core-buttons-is-layout-0621b6bb wp-block-buttons-is-layout-flex\" style=\"margin-top:var(--wp--preset--spacing--60)\">\n<div class=\"wp-block-button is-style-outline wpopus-hover-zoom-in is-style-outline--1\"><a class=\"wp-block-button__link has-white-color has-text-color has-link-color has-normal-font-size has-custom-font-size wp-element-button\" href=\"https:\/\/www.amazon.fr\/Corps-Musical-M%C3%A9thode-P-R-M\/dp\/3639860292\/ref=sr_1_1?__mk_fr_FR=%C3%85M%C3%85%C5%BD%C3%95%C3%91&amp;crid=K3WCKNORSJKD&amp;dib=eyJ2IjoiMSJ9.yV_BpwZ1OMtYxmOjLx20AQ.IOkrJxSXA8DHsTZr7d-EEI0A2Bn1oBJ_Qb5yjRPmnus&amp;dib_tag=se&amp;keywords=Le+Corps+musical+et+la+m%C3%A9thode+P.R.M&amp;qid=1762949629&amp;s=books&amp;sprefix=le+corps+musical+et+la+m%C3%A9thode+p.r.m%2Cstripbooks%2C69&amp;sr=1-1\" style=\"border-radius:50px\" target=\"_blank\" rel=\"noreferrer noopener\">Amazon<\/a><\/div>\n\n\n\n<div class=\"wp-block-button is-style-outline wpopus-hover-zoom-in is-style-outline--2\"><a class=\"wp-block-button__link has-white-color has-text-color has-link-color has-normal-font-size has-custom-font-size wp-element-button\" href=\"https:\/\/www.lulu.com\/shop\/faya-chidekh\/le-corps-musical-et-la-m%C3%A9thode-prm\/paperback\/product-14rkyd4n.html?q=Le+corps+musical+et+la+m%C3%A9thode+P.R.M&amp;page=1&amp;pageSize=4\" style=\"border-radius:50px\" target=\"_blank\" rel=\"noreferrer noopener\">Lulu.com<\/a><\/div>\n\n\n\n<div class=\"wp-block-button is-style-outline wpopus-hover-zoom-in is-style-outline--3\"><a class=\"wp-block-button__link has-white-color has-text-color has-link-color has-normal-font-size has-custom-font-size wp-element-button\" href=\"https:\/\/lire.amazon.fr\/sample\/3639860292?clientId=share\" style=\"border-radius:50px\" target=\"_blank\" rel=\"noreferrer noopener\">Browse<\/a><\/div>\n<\/div>\n<\/div>\n<\/div>\n<\/div>\n<\/div><\/div>\n\n\n\n<h4 class=\"wp-block-heading\">Descriptif<\/h4>\n\n\n\n<p class=\"has-normal-font-size\">Le Corps Musical et la M\u00e9thode P.R.M est une m\u00e9thode de d\u00e9veloppement personnel fond\u00e9e sur le son, les vibrations et plus particuli\u00e8rement les fr\u00e9quences corporelles. Plus pr\u00e9cis\u00e9ment, il s\u2019appuie sur la pulsation, le rythme et la m\u00e9lodie. Cette approche innovante de la musicoth\u00e9rapie met en lumi\u00e8re la r\u00e9sonance du corps \u00e0 travers les fr\u00e9quences et offre une vision globale et int\u00e9gr\u00e9e de notre \u00eatre.<\/p>\n\n\n\n<hr class=\"wp-block-separator has-alpha-channel-opacity\"\/>\n\n\n\n<h4 class=\"wp-block-heading\">D\u00e9tails<\/h4>\n\n\n\n<div class=\"wp-block-columns is-layout-flex wp-container-core-columns-is-layout-28f84493 wp-block-columns-is-layout-flex\">\n<div class=\"wp-block-column is-layout-flow wp-container-core-column-is-layout-119bc444 wp-block-column-is-layout-flow\">\n<p class=\"has-small-font-size\">Auteure<\/p>\n\n\n\n<p class=\"has-small-font-size\">Cat\u00e9gorie<\/p>\n\n\n\n<p class=\"has-small-font-size\">Nombre de pages<\/p>\n<\/div>\n\n\n\n<div class=\"wp-block-column is-layout-flow wp-container-core-column-is-layout-119bc444 wp-block-column-is-layout-flow\">\n<p class=\"has-small-font-size\"><strong>Faya Chidekh<\/strong><\/p>\n\n\n\n<p class=\"has-small-font-size\"><strong>My Essays<\/strong><\/p>\n\n\n\n<p class=\"has-small-font-size\"><strong>136<\/strong><\/p>\n<\/div>\n\n\n\n<div class=\"wp-block-column is-layout-flow wp-container-core-column-is-layout-119bc444 wp-block-column-is-layout-flow\">\n<p class=\"has-small-font-size\">ISBN <\/p>\n\n\n\n<p class=\"has-small-font-size\">Prix du format broch\u00e9<\/p>\n\n\n\n<p class=\"has-small-font-size\">Publication date<\/p>\n\n\n\n<p class=\"has-small-font-size\">Format<\/p>\n<\/div>\n\n\n\n<div class=\"wp-block-column is-layout-flow wp-container-core-column-is-layout-119bc444 wp-block-column-is-layout-flow\">\n<p class=\"has-small-font-size\"><strong>9783639860290<\/strong><\/p>\n\n\n\n<p class=\"has-small-font-size\"><strong>17,42 \u20ac<\/strong><\/p>\n\n\n\n<p class=\"has-small-font-size\"><strong>21\/11\/2016<\/strong><\/p>\n\n\n\n<p class=\"has-small-font-size\"><strong>14.81 x 0.79 x 21.01 cm<\/strong><\/p>\n<\/div>\n<\/div>\n\n\n\n<hr class=\"wp-block-separator has-alpha-channel-opacity\"\/>\n\n\n\n<figure class=\"wp-block-embed is-type-video is-provider-youtube wp-block-embed-youtube wp-embed-aspect-16-9 wp-has-aspect-ratio\"><div class=\"wp-block-embed__wrapper\">\n<iframe title=\"Conference by Faya Chidekh: &quot;The Musical Body and the P.R.M. Method&quot;\" width=\"500\" height=\"281\" src=\"https:\/\/www.youtube.com\/embed\/PMNhGrqtbo0?feature=oembed\" frameborder=\"0\" allow=\"accelerometer; autoplay; clipboard-write; encrypted-media; gyroscope; picture-in-picture; web-share\" referrerpolicy=\"strict-origin-when-cross-origin\" allowfullscreen><\/iframe>\n<\/div><\/figure>\n\n\n\n<div style=\"height:100px\" aria-hidden=\"true\" class=\"wp-block-spacer\"><\/div>\n\n\n\n<div class=\"wp-block-cover alignfull\" style=\"min-height:216px;aspect-ratio:unset;\"><img decoding=\"async\" width=\"1024\" height=\"307\" class=\"wp-block-cover__image-background wp-image-3089 size-large\" alt=\"banner human author black\" src=\"https:\/\/fluxrecords.fr\/wp-content\/uploads\/2025\/11\/banner-human-author-black--1024x307.jpg\" data-object-fit=\"cover\" srcset=\"https:\/\/fluxrecords.fr\/wp-content\/uploads\/2025\/11\/banner-human-author-black--1024x307.jpg 1024w, https:\/\/fluxrecords.fr\/wp-content\/uploads\/2025\/11\/banner-human-author-black--300x90.jpg 300w, https:\/\/fluxrecords.fr\/wp-content\/uploads\/2025\/11\/banner-human-author-black--768x230.jpg 768w, https:\/\/fluxrecords.fr\/wp-content\/uploads\/2025\/11\/banner-human-author-black--1536x461.jpg 1536w, https:\/\/fluxrecords.fr\/wp-content\/uploads\/2025\/11\/banner-human-author-black--18x5.jpg 18w, https:\/\/fluxrecords.fr\/wp-content\/uploads\/2025\/11\/banner-human-author-black--1320x396.jpg 1320w, https:\/\/fluxrecords.fr\/wp-content\/uploads\/2025\/11\/banner-human-author-black-.jpg 2000w\" sizes=\"(max-width: 1024px) 100vw, 1024px\" \/><span aria-hidden=\"true\" class=\"wp-block-cover__background has-primary-background-color has-background-dim\"><\/span><div class=\"wp-block-cover__inner-container is-layout-constrained wp-block-cover-is-layout-constrained\">\n<p class=\"has-text-align-center has-large-font-size\"><\/p>\n<\/div><\/div>\n\n\n\n<div style=\"height:100px\" aria-hidden=\"true\" class=\"wp-block-spacer\"><\/div>\n\n\n\n<p class=\"\"><\/p>","protected":false},"excerpt":{"rendered":"<p>Descriptif Le Corps Musical et la M\u00e9thode P.R.M est une m\u00e9thode de d\u00e9veloppement personnel fond\u00e9e sur le son, les vibrations et plus particuli\u00e8rement les fr\u00e9quences corporelles. Plus pr\u00e9cis\u00e9ment, il s\u2019appuie sur la pulsation, le rythme et la m\u00e9lodie. Cette approche innovante de la musicoth\u00e9rapie met en lumi\u00e8re la r\u00e9sonance du corps \u00e0 travers les fr\u00e9quences [&hellip;]<\/p>\n","protected":false},"author":1,"featured_media":0,"parent":0,"menu_order":0,"comment_status":"closed","ping_status":"closed","template":"wp-custom-template-l-ment-unique-article","meta":{"footnotes":""},"class_list":["post-3041","page","type-page","status-publish","hentry"],"yoast_head":"<!-- This site is optimized with the Yoast SEO plugin v27.3 - https:\/\/yoast.com\/product\/yoast-seo-wordpress\/ -->\n<title>Le Corps Musical et la M\u00e9thode P.R.M - FLUX RECORDS<\/title>\n<meta name=\"description\" content=\"Le Corps Musical et la M\u00e9thode P.R.M est une m\u00e9thode de d\u00e9veloppement personnel bas\u00e9e sur les vibrations et les fr\u00e9quences corporelles.\" \/>\n<meta name=\"robots\" content=\"index, follow, max-snippet:-1, max-image-preview:large, max-video-preview:-1\" \/>\n<link rel=\"canonical\" href=\"https:\/\/fluxrecords.fr\/en\/le-corps-musical-et-la-methode-p-r-m\/\" \/>\n<meta property=\"og:locale\" content=\"en_US\" \/>\n<meta property=\"og:type\" content=\"article\" \/>\n<meta property=\"og:title\" content=\"Le Corps Musical et la M\u00e9thode P.R.M - FLUX RECORDS\" \/>\n<meta property=\"og:description\" content=\"Le Corps Musical et la M\u00e9thode P.R.M est une m\u00e9thode de d\u00e9veloppement personnel bas\u00e9e sur les vibrations et les fr\u00e9quences corporelles.\" \/>\n<meta property=\"og:url\" content=\"https:\/\/fluxrecords.fr\/en\/le-corps-musical-et-la-methode-p-r-m\/\" \/>\n<meta property=\"og:site_name\" content=\"FLUX RECORDS\" \/>\n<meta property=\"article:modified_time\" content=\"2026-02-20T15:28:15+00:00\" \/>\n<meta property=\"og:image\" content=\"https:\/\/fluxrecords.fr\/wp-content\/uploads\/2026\/02\/2026-02-20-13-43-08-b6176774-0e95-4f02-9f36-13779f77d430.png\" \/>\n\t<meta property=\"og:image:width\" content=\"1248\" \/>\n\t<meta property=\"og:image:height\" content=\"832\" \/>\n\t<meta property=\"og:image:type\" content=\"image\/png\" \/>\n<meta name=\"twitter:card\" content=\"summary_large_image\" \/>\n<meta name=\"twitter:label1\" content=\"Est. reading time\" \/>\n\t<meta name=\"twitter:data1\" content=\"2 minutes\" \/>\n<script type=\"application\/ld+json\" class=\"yoast-schema-graph\">{\"@context\":\"https:\\\/\\\/schema.org\",\"@graph\":[{\"@type\":\"WebPage\",\"@id\":\"https:\\\/\\\/fluxrecords.fr\\\/le-corps-musical-et-la-methode-p-r-m\\\/\",\"url\":\"https:\\\/\\\/fluxrecords.fr\\\/le-corps-musical-et-la-methode-p-r-m\\\/\",\"name\":\"Le Corps Musical et la M\u00e9thode P.R.M - FLUX RECORDS\",\"isPartOf\":{\"@id\":\"https:\\\/\\\/fluxrecords.fr\\\/#website\"},\"primaryImageOfPage\":{\"@id\":\"https:\\\/\\\/fluxrecords.fr\\\/le-corps-musical-et-la-methode-p-r-m\\\/#primaryimage\"},\"image\":{\"@id\":\"https:\\\/\\\/fluxrecords.fr\\\/le-corps-musical-et-la-methode-p-r-m\\\/#primaryimage\"},\"thumbnailUrl\":\"https:\\\/\\\/fluxrecords.fr\\\/wp-content\\\/uploads\\\/2026\\\/02\\\/2026-02-20-13-43-08-b6176774-0e95-4f02-9f36-13779f77d430.png\",\"datePublished\":\"2025-11-12T12:16:15+00:00\",\"dateModified\":\"2026-02-20T15:28:15+00:00\",\"description\":\"Le Corps Musical et la M\u00e9thode P.R.M est une m\u00e9thode de d\u00e9veloppement personnel bas\u00e9e sur les vibrations et les fr\u00e9quences corporelles.\",\"breadcrumb\":{\"@id\":\"https:\\\/\\\/fluxrecords.fr\\\/le-corps-musical-et-la-methode-p-r-m\\\/#breadcrumb\"},\"inLanguage\":\"en-US\",\"potentialAction\":[{\"@type\":\"ReadAction\",\"target\":[\"https:\\\/\\\/fluxrecords.fr\\\/le-corps-musical-et-la-methode-p-r-m\\\/\"]}]},{\"@type\":\"ImageObject\",\"inLanguage\":\"en-US\",\"@id\":\"https:\\\/\\\/fluxrecords.fr\\\/le-corps-musical-et-la-methode-p-r-m\\\/#primaryimage\",\"url\":\"https:\\\/\\\/fluxrecords.fr\\\/wp-content\\\/uploads\\\/2026\\\/02\\\/2026-02-20-13-43-08-b6176774-0e95-4f02-9f36-13779f77d430.png\",\"contentUrl\":\"https:\\\/\\\/fluxrecords.fr\\\/wp-content\\\/uploads\\\/2026\\\/02\\\/2026-02-20-13-43-08-b6176774-0e95-4f02-9f36-13779f77d430.png\"},{\"@type\":\"BreadcrumbList\",\"@id\":\"https:\\\/\\\/fluxrecords.fr\\\/le-corps-musical-et-la-methode-p-r-m\\\/#breadcrumb\",\"itemListElement\":[{\"@type\":\"ListItem\",\"position\":1,\"name\":\"Accueil\",\"item\":\"https:\\\/\\\/fluxrecords.fr\\\/\"},{\"@type\":\"ListItem\",\"position\":2,\"name\":\"Le Corps Musical et la M\u00e9thode P.R.M\"}]},{\"@type\":\"WebSite\",\"@id\":\"https:\\\/\\\/fluxrecords.fr\\\/#website\",\"url\":\"https:\\\/\\\/fluxrecords.fr\\\/\",\"name\":\"FLUX RECORDS\",\"description\":\"FLUX Records\",\"publisher\":{\"@id\":\"https:\\\/\\\/fluxrecords.fr\\\/#organization\"},\"potentialAction\":[{\"@type\":\"SearchAction\",\"target\":{\"@type\":\"EntryPoint\",\"urlTemplate\":\"https:\\\/\\\/fluxrecords.fr\\\/?s={search_term_string}\"},\"query-input\":{\"@type\":\"PropertyValueSpecification\",\"valueRequired\":true,\"valueName\":\"search_term_string\"}}],\"inLanguage\":\"en-US\"},{\"@type\":\"Organization\",\"@id\":\"https:\\\/\\\/fluxrecords.fr\\\/#organization\",\"name\":\"FLUX RECORDS\",\"url\":\"https:\\\/\\\/fluxrecords.fr\\\/\",\"logo\":{\"@type\":\"ImageObject\",\"inLanguage\":\"en-US\",\"@id\":\"https:\\\/\\\/fluxrecords.fr\\\/#\\\/schema\\\/logo\\\/image\\\/\",\"url\":\"https:\\\/\\\/fluxrecords.fr\\\/wp-content\\\/uploads\\\/2025\\\/10\\\/symbole-noir.png\",\"contentUrl\":\"https:\\\/\\\/fluxrecords.fr\\\/wp-content\\\/uploads\\\/2025\\\/10\\\/symbole-noir.png\",\"width\":2280,\"height\":2016,\"caption\":\"FLUX RECORDS\"},\"image\":{\"@id\":\"https:\\\/\\\/fluxrecords.fr\\\/#\\\/schema\\\/logo\\\/image\\\/\"}}]}<\/script>\n<!-- \/ Yoast SEO plugin. -->","yoast_head_json":{"title":"Le Corps Musical et la M\u00e9thode P.R.M - FLUX RECORDS","description":"Le Corps Musical et la M\u00e9thode P.R.M est une m\u00e9thode de d\u00e9veloppement personnel bas\u00e9e sur les vibrations et les fr\u00e9quences corporelles.","robots":{"index":"index","follow":"follow","max-snippet":"max-snippet:-1","max-image-preview":"max-image-preview:large","max-video-preview":"max-video-preview:-1"},"canonical":"https:\/\/fluxrecords.fr\/en\/le-corps-musical-et-la-methode-p-r-m\/","og_locale":"en_US","og_type":"article","og_title":"Le Corps Musical et la M\u00e9thode P.R.M - FLUX RECORDS","og_description":"Le Corps Musical et la M\u00e9thode P.R.M est une m\u00e9thode de d\u00e9veloppement personnel bas\u00e9e sur les vibrations et les fr\u00e9quences corporelles.","og_url":"https:\/\/fluxrecords.fr\/en\/le-corps-musical-et-la-methode-p-r-m\/","og_site_name":"FLUX RECORDS","article_modified_time":"2026-02-20T15:28:15+00:00","og_image":[{"width":1248,"height":832,"url":"https:\/\/fluxrecords.fr\/wp-content\/uploads\/2026\/02\/2026-02-20-13-43-08-b6176774-0e95-4f02-9f36-13779f77d430.png","type":"image\/png"}],"twitter_card":"summary_large_image","twitter_misc":{"Est. reading time":"2 minutes"},"schema":{"@context":"https:\/\/schema.org","@graph":[{"@type":"WebPage","@id":"https:\/\/fluxrecords.fr\/le-corps-musical-et-la-methode-p-r-m\/","url":"https:\/\/fluxrecords.fr\/le-corps-musical-et-la-methode-p-r-m\/","name":"Le Corps Musical et la M\u00e9thode P.R.M - FLUX RECORDS","isPartOf":{"@id":"https:\/\/fluxrecords.fr\/#website"},"primaryImageOfPage":{"@id":"https:\/\/fluxrecords.fr\/le-corps-musical-et-la-methode-p-r-m\/#primaryimage"},"image":{"@id":"https:\/\/fluxrecords.fr\/le-corps-musical-et-la-methode-p-r-m\/#primaryimage"},"thumbnailUrl":"https:\/\/fluxrecords.fr\/wp-content\/uploads\/2026\/02\/2026-02-20-13-43-08-b6176774-0e95-4f02-9f36-13779f77d430.png","datePublished":"2025-11-12T12:16:15+00:00","dateModified":"2026-02-20T15:28:15+00:00","description":"Le Corps Musical et la M\u00e9thode P.R.M est une m\u00e9thode de d\u00e9veloppement personnel bas\u00e9e sur les vibrations et les fr\u00e9quences corporelles.","breadcrumb":{"@id":"https:\/\/fluxrecords.fr\/le-corps-musical-et-la-methode-p-r-m\/#breadcrumb"},"inLanguage":"en-US","potentialAction":[{"@type":"ReadAction","target":["https:\/\/fluxrecords.fr\/le-corps-musical-et-la-methode-p-r-m\/"]}]},{"@type":"ImageObject","inLanguage":"en-US","@id":"https:\/\/fluxrecords.fr\/le-corps-musical-et-la-methode-p-r-m\/#primaryimage","url":"https:\/\/fluxrecords.fr\/wp-content\/uploads\/2026\/02\/2026-02-20-13-43-08-b6176774-0e95-4f02-9f36-13779f77d430.png","contentUrl":"https:\/\/fluxrecords.fr\/wp-content\/uploads\/2026\/02\/2026-02-20-13-43-08-b6176774-0e95-4f02-9f36-13779f77d430.png"},{"@type":"BreadcrumbList","@id":"https:\/\/fluxrecords.fr\/le-corps-musical-et-la-methode-p-r-m\/#breadcrumb","itemListElement":[{"@type":"ListItem","position":1,"name":"Accueil","item":"https:\/\/fluxrecords.fr\/"},{"@type":"ListItem","position":2,"name":"Le Corps Musical et la M\u00e9thode P.R.M"}]},{"@type":"WebSite","@id":"https:\/\/fluxrecords.fr\/#website","url":"https:\/\/fluxrecords.fr\/","name":"FLUX RECORDS","description":"FLUX Records","publisher":{"@id":"https:\/\/fluxrecords.fr\/#organization"},"potentialAction":[{"@type":"SearchAction","target":{"@type":"EntryPoint","urlTemplate":"https:\/\/fluxrecords.fr\/?s={search_term_string}"},"query-input":{"@type":"PropertyValueSpecification","valueRequired":true,"valueName":"search_term_string"}}],"inLanguage":"en-US"},{"@type":"Organization","@id":"https:\/\/fluxrecords.fr\/#organization","name":"FLUX RECORDS","url":"https:\/\/fluxrecords.fr\/","logo":{"@type":"ImageObject","inLanguage":"en-US","@id":"https:\/\/fluxrecords.fr\/#\/schema\/logo\/image\/","url":"https:\/\/fluxrecords.fr\/wp-content\/uploads\/2025\/10\/symbole-noir.png","contentUrl":"https:\/\/fluxrecords.fr\/wp-content\/uploads\/2025\/10\/symbole-noir.png","width":2280,"height":2016,"caption":"FLUX RECORDS"},"image":{"@id":"https:\/\/fluxrecords.fr\/#\/schema\/logo\/image\/"}}]}},"_links":{"self":[{"href":"https:\/\/fluxrecords.fr\/en\/wp-json\/wp\/v2\/pages\/3041","targetHints":{"allow":["GET"]}}],"collection":[{"href":"https:\/\/fluxrecords.fr\/en\/wp-json\/wp\/v2\/pages"}],"about":[{"href":"https:\/\/fluxrecords.fr\/en\/wp-json\/wp\/v2\/types\/page"}],"author":[{"embeddable":true,"href":"https:\/\/fluxrecords.fr\/en\/wp-json\/wp\/v2\/users\/1"}],"replies":[{"embeddable":true,"href":"https:\/\/fluxrecords.fr\/en\/wp-json\/wp\/v2\/comments?post=3041"}],"version-history":[{"count":46,"href":"https:\/\/fluxrecords.fr\/en\/wp-json\/wp\/v2\/pages\/3041\/revisions"}],"predecessor-version":[{"id":5682,"href":"https:\/\/fluxrecords.fr\/en\/wp-json\/wp\/v2\/pages\/3041\/revisions\/5682"}],"wp:attachment":[{"href":"https:\/\/fluxrecords.fr\/en\/wp-json\/wp\/v2\/media?parent=3041"}],"curies":[{"name":"wp","href":"https:\/\/api.w.org\/{rel}","templated":true}]}}