{"id":3073,"date":"2025-11-12T12:57:21","date_gmt":"2025-11-12T12:57:21","guid":{"rendered":"https:\/\/fluxrecords.fr\/?page_id=3073"},"modified":"2026-02-20T16:12:25","modified_gmt":"2026-02-20T16:12:25","slug":"limprovisation-musicale-2","status":"publish","type":"page","link":"https:\/\/fluxrecords.fr\/en\/limprovisation-musicale-2\/","title":{"rendered":"L&rsquo;Improvisation Musicale-2"},"content":{"rendered":"<div class=\"wp-block-cover alignfull is-light wp-duotone-purple-and-white\" style=\"min-height:440px;aspect-ratio:unset;\"><img fetchpriority=\"high\" decoding=\"async\" width=\"1248\" height=\"832\" class=\"wp-block-cover__image-background wp-image-5657\" alt=\"livre ouvert\" src=\"https:\/\/fluxrecords.fr\/wp-content\/uploads\/2026\/02\/2026-02-20-13-43-08-b6176774-0e95-4f02-9f36-13779f77d430.png\" data-object-fit=\"cover\" srcset=\"https:\/\/fluxrecords.fr\/wp-content\/uploads\/2026\/02\/2026-02-20-13-43-08-b6176774-0e95-4f02-9f36-13779f77d430.png 1248w, https:\/\/fluxrecords.fr\/wp-content\/uploads\/2026\/02\/2026-02-20-13-43-08-b6176774-0e95-4f02-9f36-13779f77d430-300x200.png 300w, https:\/\/fluxrecords.fr\/wp-content\/uploads\/2026\/02\/2026-02-20-13-43-08-b6176774-0e95-4f02-9f36-13779f77d430-1024x683.png 1024w, https:\/\/fluxrecords.fr\/wp-content\/uploads\/2026\/02\/2026-02-20-13-43-08-b6176774-0e95-4f02-9f36-13779f77d430-768x512.png 768w, https:\/\/fluxrecords.fr\/wp-content\/uploads\/2026\/02\/2026-02-20-13-43-08-b6176774-0e95-4f02-9f36-13779f77d430-18x12.png 18w\" sizes=\"(max-width: 1248px) 100vw, 1248px\" \/><span aria-hidden=\"true\" class=\"wp-block-cover__background has-muted-grey-background-color has-background-dim-60 has-background-dim\"><\/span><div class=\"wp-block-cover__inner-container is-layout-constrained wp-block-cover-is-layout-constrained\">\n<div class=\"wp-block-group is-nowrap is-layout-flex wp-container-core-group-is-layout-f66f9956 wp-block-group-is-layout-flex\">\n<div class=\"wp-block-columns is-layout-flex wp-container-core-columns-is-layout-28f84493 wp-block-columns-is-layout-flex\">\n<div class=\"wp-block-column is-layout-flow wp-block-column-is-layout-flow\" style=\"flex-basis:100%\">\n<figure data-wp-context=\"{&quot;imageId&quot;:&quot;69dc125e915ac&quot;}\" data-wp-interactive=\"core\/image\" data-wp-key=\"69dc125e915ac\" class=\"wp-block-image size-large is-resized wp-container-content-9cfa9a5a wp-lightbox-container\"><img decoding=\"async\" data-wp-class--hide=\"state.isContentHidden\" data-wp-class--show=\"state.isContentVisible\" data-wp-init=\"callbacks.setButtonStyles\" data-wp-on--click=\"actions.showLightbox\" data-wp-on--load=\"callbacks.setButtonStyles\" data-wp-on-window--resize=\"callbacks.setButtonStyles\" src=\"https:\/\/fluxrecords.fr\/wp-content\/uploads\/2025\/10\/couv-memoire-improvisation2-scaled.jpg\" alt=\"couverture l'improvisation musicale\" style=\"width:293px\"\/><button\n\t\t\tclass=\"lightbox-trigger\"\n\t\t\ttype=\"button\"\n\t\t\taria-haspopup=\"dialog\"\n\t\t\taria-label=\"Enlarge\"\n\t\t\tdata-wp-init=\"callbacks.initTriggerButton\"\n\t\t\tdata-wp-on--click=\"actions.showLightbox\"\n\t\t\tdata-wp-style--right=\"state.imageButtonRight\"\n\t\t\tdata-wp-style--top=\"state.imageButtonTop\"\n\t\t>\n\t\t\t<svg xmlns=\"http:\/\/www.w3.org\/2000\/svg\" width=\"12\" height=\"12\" fill=\"none\" viewbox=\"0 0 12 12\">\n\t\t\t\t<path fill=\"#fff\" d=\"M2 0a2 2 0 0 0-2 2v2h1.5V2a.5.5 0 0 1 .5-.5h2V0H2Zm2 10.5H2a.5.5 0 0 1-.5-.5V8H0v2a2 2 0 0 0 2 2h2v-1.5ZM8 12v-1.5h2a.5.5 0 0 0 .5-.5V8H12v2a2 2 0 0 1-2 2H8Zm2-12a2 2 0 0 1 2 2v2h-1.5V2a.5.5 0 0 0-.5-.5H8V0h2Z\" \/>\n\t\t\t<\/svg>\n\t\t<\/button><\/figure>\n<\/div>\n<\/div>\n\n\n\n<div class=\"wp-block-group alignwide is-nowrap is-layout-flex wp-container-core-group-is-layout-f66f9956 wp-block-group-is-layout-flex\">\n<div class=\"wp-block-group is-layout-constrained wp-container-core-group-is-layout-f8a3dff4 wp-block-group-is-layout-constrained\">\n<h1 class=\"wp-block-heading has-huge-font-size\" style=\"font-style:normal;font-weight:100;letter-spacing:1px\">L&rsquo;Improvisation Musicale-2<\/h1>\n\n\n\n<h4 class=\"wp-block-heading\" style=\"font-style:normal;font-weight:100\">Musical Improvisation: A Comparison of Improvisation Practices in Iranian Music and Jazz<\/h4>\n\n\n\n<p class=\"has-small-font-size\" style=\"margin-top:var(--wp--preset--spacing--50)\">2000 Mes Essais<\/p>\n\n\n\n<div class=\"wp-block-buttons is-layout-flex wp-container-core-buttons-is-layout-0621b6bb wp-block-buttons-is-layout-flex\" style=\"margin-top:var(--wp--preset--spacing--60)\">\n<div class=\"wp-block-button is-style-outline wpopus-hover-zoom-in is-style-outline--1\"><a class=\"wp-block-button__link has-black-color has-text-color has-link-color has-normal-font-size has-custom-font-size wp-element-button\" href=\"https:\/\/fluxrecords.fr\/en\/limprovisation-musicale\/\" style=\"border-radius:50px\" target=\"_blank\" rel=\"noreferrer noopener\">PDF File<\/a><\/div>\n<\/div>\n<\/div>\n<\/div>\n<\/div>\n<\/div><\/div>\n\n\n\n<h4 class=\"wp-block-heading\">Descriptif<\/h4>\n\n\n\n<p class=\"has-normal-font-size\">L&rsquo;improvisation musicale repr\u00e9sente bien plus qu&rsquo;une simple technique sp\u00e9cifique ; elle constitue v\u00e9ritablement une v\u00e9ritable conduite de vie, une mani\u00e8re d&rsquo;\u00eatre et de ressentir au quotidien.<\/p>\n\n\n\n<p class=\"has-normal-font-size\">L&rsquo;improvisation, c&rsquo;est s&rsquo;\u00e9lancer dans une aventure sans savoir o\u00f9 l&rsquo;on commence ni o\u00f9 l&rsquo;on va finir.<\/p>\n\n\n\n<hr class=\"wp-block-separator has-alpha-channel-opacity\"\/>\n\n\n\n<h4 class=\"wp-block-heading\">D\u00e9tails<\/h4>\n\n\n\n<div class=\"wp-block-columns is-layout-flex wp-container-core-columns-is-layout-28f84493 wp-block-columns-is-layout-flex\">\n<div class=\"wp-block-column is-layout-flow wp-container-core-column-is-layout-119bc444 wp-block-column-is-layout-flow\">\n<p class=\"has-small-font-size\">Auteure<\/p>\n\n\n\n<p class=\"has-small-font-size\">Cat\u00e9gorie<\/p>\n\n\n\n<p class=\"has-small-font-size\">Nombre de pages<\/p>\n<\/div>\n\n\n\n<div class=\"wp-block-column is-layout-flow wp-container-core-column-is-layout-119bc444 wp-block-column-is-layout-flow\">\n<p class=\"has-small-font-size\"><strong>Faya Chidekh<\/strong><\/p>\n\n\n\n<p class=\"has-small-font-size\"><strong>My Essays<\/strong><\/p>\n\n\n\n<p class=\"has-small-font-size\"><strong>112<\/strong><\/p>\n<\/div>\n\n\n\n<div class=\"wp-block-column is-layout-flow wp-container-core-column-is-layout-119bc444 wp-block-column-is-layout-flow\">\n<p class=\"has-small-font-size\">Dipl\u00f4me<\/p>\n\n\n\n<p class=\"has-small-font-size\">Universit\u00e9 de NIce<\/p>\n\n\n\n<p class=\"has-small-font-size\">Date de publication<\/p>\n\n\n\n<p class=\"has-small-font-size\"><\/p>\n<\/div>\n\n\n\n<div class=\"wp-block-column is-layout-flow wp-container-core-column-is-layout-119bc444 wp-block-column-is-layout-flow\">\n<p class=\"has-small-font-size\"><strong>Ma\u00eetrise de Musicologie<\/strong><\/p>\n\n\n\n<p class=\"has-small-font-size\"><strong>des Sciences Humaines <\/strong><\/p>\n\n\n\n<p class=\"has-small-font-size\"><strong>10\/2000<\/strong><\/p>\n<\/div>\n<\/div>\n\n\n\n<div class=\"wp-block-cover alignfull\" style=\"min-height:216px;aspect-ratio:unset;\"><img decoding=\"async\" width=\"1024\" height=\"307\" class=\"wp-block-cover__image-background wp-image-3089 size-large\" alt=\"banner human author black\" src=\"https:\/\/fluxrecords.fr\/wp-content\/uploads\/2025\/11\/banner-human-author-black--1024x307.jpg\" data-object-fit=\"cover\" srcset=\"https:\/\/fluxrecords.fr\/wp-content\/uploads\/2025\/11\/banner-human-author-black--1024x307.jpg 1024w, https:\/\/fluxrecords.fr\/wp-content\/uploads\/2025\/11\/banner-human-author-black--300x90.jpg 300w, https:\/\/fluxrecords.fr\/wp-content\/uploads\/2025\/11\/banner-human-author-black--768x230.jpg 768w, https:\/\/fluxrecords.fr\/wp-content\/uploads\/2025\/11\/banner-human-author-black--1536x461.jpg 1536w, https:\/\/fluxrecords.fr\/wp-content\/uploads\/2025\/11\/banner-human-author-black--18x5.jpg 18w, https:\/\/fluxrecords.fr\/wp-content\/uploads\/2025\/11\/banner-human-author-black--1320x396.jpg 1320w, https:\/\/fluxrecords.fr\/wp-content\/uploads\/2025\/11\/banner-human-author-black-.jpg 2000w\" sizes=\"(max-width: 1024px) 100vw, 1024px\" \/><span aria-hidden=\"true\" class=\"wp-block-cover__background has-primary-background-color has-background-dim\"><\/span><div class=\"wp-block-cover__inner-container is-layout-constrained wp-block-cover-is-layout-constrained\">\n<p class=\"has-text-align-center has-large-font-size\"><\/p>\n<\/div><\/div>\n\n\n\n<div style=\"height:100px\" aria-hidden=\"true\" class=\"wp-block-spacer\"><\/div>","protected":false},"excerpt":{"rendered":"<p>Descriptif L&rsquo;improvisation musicale repr\u00e9sente bien plus qu&rsquo;une simple technique sp\u00e9cifique ; elle constitue v\u00e9ritablement une v\u00e9ritable conduite de vie, une mani\u00e8re d&rsquo;\u00eatre et de ressentir au quotidien. L&rsquo;improvisation, c&rsquo;est s&rsquo;\u00e9lancer dans une aventure sans savoir o\u00f9 l&rsquo;on commence ni o\u00f9 l&rsquo;on va finir. D\u00e9tails Auteure Cat\u00e9gorie Nombre de pages Faya Chidekh Mes Essais 112 Dipl\u00f4me [&hellip;]<\/p>\n","protected":false},"author":1,"featured_media":0,"parent":0,"menu_order":0,"comment_status":"closed","ping_status":"closed","template":"wp-custom-template-l-ment-unique-article","meta":{"footnotes":""},"class_list":["post-3073","page","type-page","status-publish","hentry"],"yoast_head":"<!-- This site is optimized with the Yoast SEO plugin v27.3 - https:\/\/yoast.com\/product\/yoast-seo-wordpress\/ -->\n<title>L&#039;Improvisation Musicale-2 - FLUX RECORDS<\/title>\n<meta name=\"description\" content=\"L&#039;Improvisation Musicale-2 : Mise en regard des pratiques de l\u2019improvisation dans la musique Iranienne et dans le Jazz.\" \/>\n<meta name=\"robots\" content=\"index, follow, max-snippet:-1, max-image-preview:large, max-video-preview:-1\" \/>\n<link rel=\"canonical\" href=\"https:\/\/fluxrecords.fr\/en\/limprovisation-musicale-2\/\" \/>\n<meta property=\"og:locale\" content=\"en_US\" \/>\n<meta property=\"og:type\" content=\"article\" \/>\n<meta property=\"og:title\" content=\"L&#039;Improvisation Musicale-2 - FLUX RECORDS\" \/>\n<meta property=\"og:description\" content=\"L&#039;Improvisation Musicale-2 : Mise en regard des pratiques de l\u2019improvisation dans la musique Iranienne et dans le Jazz.\" \/>\n<meta property=\"og:url\" content=\"https:\/\/fluxrecords.fr\/en\/limprovisation-musicale-2\/\" \/>\n<meta property=\"og:site_name\" content=\"FLUX RECORDS\" \/>\n<meta property=\"article:modified_time\" content=\"2026-02-20T16:12:25+00:00\" \/>\n<meta property=\"og:image\" content=\"https:\/\/fluxrecords.fr\/wp-content\/uploads\/2026\/02\/2026-02-20-13-43-08-b6176774-0e95-4f02-9f36-13779f77d430.png\" \/>\n\t<meta property=\"og:image:width\" content=\"1248\" \/>\n\t<meta property=\"og:image:height\" content=\"832\" \/>\n\t<meta property=\"og:image:type\" content=\"image\/png\" \/>\n<meta name=\"twitter:card\" content=\"summary_large_image\" \/>\n<meta name=\"twitter:label1\" content=\"Est. reading time\" \/>\n\t<meta name=\"twitter:data1\" content=\"2 minutes\" \/>\n<script type=\"application\/ld+json\" class=\"yoast-schema-graph\">{\"@context\":\"https:\\\/\\\/schema.org\",\"@graph\":[{\"@type\":\"WebPage\",\"@id\":\"https:\\\/\\\/fluxrecords.fr\\\/limprovisation-musicale-2\\\/\",\"url\":\"https:\\\/\\\/fluxrecords.fr\\\/limprovisation-musicale-2\\\/\",\"name\":\"L'Improvisation Musicale-2 - FLUX RECORDS\",\"isPartOf\":{\"@id\":\"https:\\\/\\\/fluxrecords.fr\\\/#website\"},\"primaryImageOfPage\":{\"@id\":\"https:\\\/\\\/fluxrecords.fr\\\/limprovisation-musicale-2\\\/#primaryimage\"},\"image\":{\"@id\":\"https:\\\/\\\/fluxrecords.fr\\\/limprovisation-musicale-2\\\/#primaryimage\"},\"thumbnailUrl\":\"https:\\\/\\\/fluxrecords.fr\\\/wp-content\\\/uploads\\\/2026\\\/02\\\/2026-02-20-13-43-08-b6176774-0e95-4f02-9f36-13779f77d430.png\",\"datePublished\":\"2025-11-12T12:57:21+00:00\",\"dateModified\":\"2026-02-20T16:12:25+00:00\",\"description\":\"L'Improvisation Musicale-2 : Mise en regard des pratiques de l\u2019improvisation dans la musique Iranienne et dans le Jazz.\",\"breadcrumb\":{\"@id\":\"https:\\\/\\\/fluxrecords.fr\\\/limprovisation-musicale-2\\\/#breadcrumb\"},\"inLanguage\":\"en-US\",\"potentialAction\":[{\"@type\":\"ReadAction\",\"target\":[\"https:\\\/\\\/fluxrecords.fr\\\/limprovisation-musicale-2\\\/\"]}]},{\"@type\":\"ImageObject\",\"inLanguage\":\"en-US\",\"@id\":\"https:\\\/\\\/fluxrecords.fr\\\/limprovisation-musicale-2\\\/#primaryimage\",\"url\":\"https:\\\/\\\/fluxrecords.fr\\\/wp-content\\\/uploads\\\/2026\\\/02\\\/2026-02-20-13-43-08-b6176774-0e95-4f02-9f36-13779f77d430.png\",\"contentUrl\":\"https:\\\/\\\/fluxrecords.fr\\\/wp-content\\\/uploads\\\/2026\\\/02\\\/2026-02-20-13-43-08-b6176774-0e95-4f02-9f36-13779f77d430.png\"},{\"@type\":\"BreadcrumbList\",\"@id\":\"https:\\\/\\\/fluxrecords.fr\\\/limprovisation-musicale-2\\\/#breadcrumb\",\"itemListElement\":[{\"@type\":\"ListItem\",\"position\":1,\"name\":\"Accueil\",\"item\":\"https:\\\/\\\/fluxrecords.fr\\\/\"},{\"@type\":\"ListItem\",\"position\":2,\"name\":\"L&rsquo;Improvisation Musicale-2\"}]},{\"@type\":\"WebSite\",\"@id\":\"https:\\\/\\\/fluxrecords.fr\\\/#website\",\"url\":\"https:\\\/\\\/fluxrecords.fr\\\/\",\"name\":\"FLUX RECORDS\",\"description\":\"FLUX Records\",\"publisher\":{\"@id\":\"https:\\\/\\\/fluxrecords.fr\\\/#organization\"},\"potentialAction\":[{\"@type\":\"SearchAction\",\"target\":{\"@type\":\"EntryPoint\",\"urlTemplate\":\"https:\\\/\\\/fluxrecords.fr\\\/?s={search_term_string}\"},\"query-input\":{\"@type\":\"PropertyValueSpecification\",\"valueRequired\":true,\"valueName\":\"search_term_string\"}}],\"inLanguage\":\"en-US\"},{\"@type\":\"Organization\",\"@id\":\"https:\\\/\\\/fluxrecords.fr\\\/#organization\",\"name\":\"FLUX RECORDS\",\"url\":\"https:\\\/\\\/fluxrecords.fr\\\/\",\"logo\":{\"@type\":\"ImageObject\",\"inLanguage\":\"en-US\",\"@id\":\"https:\\\/\\\/fluxrecords.fr\\\/#\\\/schema\\\/logo\\\/image\\\/\",\"url\":\"https:\\\/\\\/fluxrecords.fr\\\/wp-content\\\/uploads\\\/2025\\\/10\\\/symbole-noir.png\",\"contentUrl\":\"https:\\\/\\\/fluxrecords.fr\\\/wp-content\\\/uploads\\\/2025\\\/10\\\/symbole-noir.png\",\"width\":2280,\"height\":2016,\"caption\":\"FLUX RECORDS\"},\"image\":{\"@id\":\"https:\\\/\\\/fluxrecords.fr\\\/#\\\/schema\\\/logo\\\/image\\\/\"}}]}<\/script>\n<!-- \/ Yoast SEO plugin. -->","yoast_head_json":{"title":"L'Improvisation Musicale-2 - FLUX RECORDS","description":"L'Improvisation Musicale-2 : Mise en regard des pratiques de l\u2019improvisation dans la musique Iranienne et dans le Jazz.","robots":{"index":"index","follow":"follow","max-snippet":"max-snippet:-1","max-image-preview":"max-image-preview:large","max-video-preview":"max-video-preview:-1"},"canonical":"https:\/\/fluxrecords.fr\/en\/limprovisation-musicale-2\/","og_locale":"en_US","og_type":"article","og_title":"L'Improvisation Musicale-2 - FLUX RECORDS","og_description":"L'Improvisation Musicale-2 : Mise en regard des pratiques de l\u2019improvisation dans la musique Iranienne et dans le Jazz.","og_url":"https:\/\/fluxrecords.fr\/en\/limprovisation-musicale-2\/","og_site_name":"FLUX RECORDS","article_modified_time":"2026-02-20T16:12:25+00:00","og_image":[{"width":1248,"height":832,"url":"https:\/\/fluxrecords.fr\/wp-content\/uploads\/2026\/02\/2026-02-20-13-43-08-b6176774-0e95-4f02-9f36-13779f77d430.png","type":"image\/png"}],"twitter_card":"summary_large_image","twitter_misc":{"Est. reading time":"2 minutes"},"schema":{"@context":"https:\/\/schema.org","@graph":[{"@type":"WebPage","@id":"https:\/\/fluxrecords.fr\/limprovisation-musicale-2\/","url":"https:\/\/fluxrecords.fr\/limprovisation-musicale-2\/","name":"L'Improvisation Musicale-2 - FLUX RECORDS","isPartOf":{"@id":"https:\/\/fluxrecords.fr\/#website"},"primaryImageOfPage":{"@id":"https:\/\/fluxrecords.fr\/limprovisation-musicale-2\/#primaryimage"},"image":{"@id":"https:\/\/fluxrecords.fr\/limprovisation-musicale-2\/#primaryimage"},"thumbnailUrl":"https:\/\/fluxrecords.fr\/wp-content\/uploads\/2026\/02\/2026-02-20-13-43-08-b6176774-0e95-4f02-9f36-13779f77d430.png","datePublished":"2025-11-12T12:57:21+00:00","dateModified":"2026-02-20T16:12:25+00:00","description":"L'Improvisation Musicale-2 : Mise en regard des pratiques de l\u2019improvisation dans la musique Iranienne et dans le Jazz.","breadcrumb":{"@id":"https:\/\/fluxrecords.fr\/limprovisation-musicale-2\/#breadcrumb"},"inLanguage":"en-US","potentialAction":[{"@type":"ReadAction","target":["https:\/\/fluxrecords.fr\/limprovisation-musicale-2\/"]}]},{"@type":"ImageObject","inLanguage":"en-US","@id":"https:\/\/fluxrecords.fr\/limprovisation-musicale-2\/#primaryimage","url":"https:\/\/fluxrecords.fr\/wp-content\/uploads\/2026\/02\/2026-02-20-13-43-08-b6176774-0e95-4f02-9f36-13779f77d430.png","contentUrl":"https:\/\/fluxrecords.fr\/wp-content\/uploads\/2026\/02\/2026-02-20-13-43-08-b6176774-0e95-4f02-9f36-13779f77d430.png"},{"@type":"BreadcrumbList","@id":"https:\/\/fluxrecords.fr\/limprovisation-musicale-2\/#breadcrumb","itemListElement":[{"@type":"ListItem","position":1,"name":"Accueil","item":"https:\/\/fluxrecords.fr\/"},{"@type":"ListItem","position":2,"name":"L&rsquo;Improvisation Musicale-2"}]},{"@type":"WebSite","@id":"https:\/\/fluxrecords.fr\/#website","url":"https:\/\/fluxrecords.fr\/","name":"FLUX RECORDS","description":"FLUX Records","publisher":{"@id":"https:\/\/fluxrecords.fr\/#organization"},"potentialAction":[{"@type":"SearchAction","target":{"@type":"EntryPoint","urlTemplate":"https:\/\/fluxrecords.fr\/?s={search_term_string}"},"query-input":{"@type":"PropertyValueSpecification","valueRequired":true,"valueName":"search_term_string"}}],"inLanguage":"en-US"},{"@type":"Organization","@id":"https:\/\/fluxrecords.fr\/#organization","name":"FLUX RECORDS","url":"https:\/\/fluxrecords.fr\/","logo":{"@type":"ImageObject","inLanguage":"en-US","@id":"https:\/\/fluxrecords.fr\/#\/schema\/logo\/image\/","url":"https:\/\/fluxrecords.fr\/wp-content\/uploads\/2025\/10\/symbole-noir.png","contentUrl":"https:\/\/fluxrecords.fr\/wp-content\/uploads\/2025\/10\/symbole-noir.png","width":2280,"height":2016,"caption":"FLUX RECORDS"},"image":{"@id":"https:\/\/fluxrecords.fr\/#\/schema\/logo\/image\/"}}]}},"_links":{"self":[{"href":"https:\/\/fluxrecords.fr\/en\/wp-json\/wp\/v2\/pages\/3073","targetHints":{"allow":["GET"]}}],"collection":[{"href":"https:\/\/fluxrecords.fr\/en\/wp-json\/wp\/v2\/pages"}],"about":[{"href":"https:\/\/fluxrecords.fr\/en\/wp-json\/wp\/v2\/types\/page"}],"author":[{"embeddable":true,"href":"https:\/\/fluxrecords.fr\/en\/wp-json\/wp\/v2\/users\/1"}],"replies":[{"embeddable":true,"href":"https:\/\/fluxrecords.fr\/en\/wp-json\/wp\/v2\/comments?post=3073"}],"version-history":[{"count":36,"href":"https:\/\/fluxrecords.fr\/en\/wp-json\/wp\/v2\/pages\/3073\/revisions"}],"predecessor-version":[{"id":5699,"href":"https:\/\/fluxrecords.fr\/en\/wp-json\/wp\/v2\/pages\/3073\/revisions\/5699"}],"wp:attachment":[{"href":"https:\/\/fluxrecords.fr\/en\/wp-json\/wp\/v2\/media?parent=3073"}],"curies":[{"name":"wp","href":"https:\/\/api.w.org\/{rel}","templated":true}]}}