{"id":334,"date":"2025-10-03T19:08:33","date_gmt":"2025-10-03T19:08:33","guid":{"rendered":"https:\/\/fluxrecords.fr\/?page_id=334"},"modified":"2026-04-08T11:01:42","modified_gmt":"2026-04-08T11:01:42","slug":"contact","status":"publish","type":"page","link":"https:\/\/fluxrecords.fr\/en\/contact\/","title":{"rendered":"Contact"},"content":{"rendered":"<div class=\"wp-block-group alignfull is-layout-constrained wp-container-core-group-is-layout-d8cff217 wp-block-group-is-layout-constrained\" style=\"margin-top:0;margin-bottom:0;padding-top:0;padding-bottom:0\">\n<h2 class=\"wp-block-heading has-text-align-center\">Contact<\/h2>\n\n\n\n<div style=\"height:50px\" aria-hidden=\"true\" class=\"wp-block-spacer\"><\/div>\n<\/div>\n\n\n\n<div class=\"wp-block-columns alignwide is-layout-flex wp-container-core-columns-is-layout-28f84493 wp-block-columns-is-layout-flex\">\n<div class=\"wp-block-column has-border-color has-black-border-color is-layout-flow wp-container-core-column-is-layout-22223934 wp-block-column-is-layout-flow\" style=\"border-width:6px\">\n<h2 class=\"wp-block-heading\" style=\"border-style:none;border-width:0px;padding-top:var(--wp--preset--spacing--40);padding-right:var(--wp--preset--spacing--60);padding-bottom:var(--wp--preset--spacing--40);padding-left:var(--wp--preset--spacing--60)\">Adress<\/h2>\n\n\n\n<p class=\"has-black-color has-text-color has-link-color wp-elements-c8a099607da6ba70746618ab8ff368ac\" style=\"padding-top:0;padding-right:var(--wp--preset--spacing--60);padding-bottom:0;padding-left:var(--wp--preset--spacing--60);font-size:18px;font-style:normal;font-weight:600\">13 Rue Scud\u00e9ri<\/p>\n\n\n\n<p class=\"has-black-color has-text-color has-link-color wp-elements-726c84ab45afca9fb2dc05b9564fd939\" style=\"padding-right:var(--wp--preset--spacing--60);padding-left:var(--wp--preset--spacing--60);font-size:18px;font-style:normal;font-weight:600\">06390 CONTES<\/p>\n\n\n\n<div style=\"height:25px\" aria-hidden=\"true\" class=\"wp-block-spacer\"><\/div>\n\n\n\n<p class=\"has-black-color has-text-color has-link-color wp-elements-09d2484ea59e203f5c04c19111f5a51b\" style=\"padding-right:var(--wp--preset--spacing--60);padding-left:var(--wp--preset--spacing--60);font-size:18px;font-style:normal;font-weight:600\">Demandes g\u00e9n\u00e9rales : <\/p>\n\n\n\n<p class=\"has-black-color has-text-color has-link-color wp-elements-f4370cba6ffb241fd80ab28a3cfab0b5\" style=\"padding-right:var(--wp--preset--spacing--60);padding-left:var(--wp--preset--spacing--60);font-size:18px;font-style:normal;font-weight:600\"><a href=\"https:\/\/fluxrecords.fr\/en\/\">www.fluxrecords.fr<\/a><\/p>\n\n\n\n<div style=\"height:25px\" aria-hidden=\"true\" class=\"wp-block-spacer\"><\/div>\n\n\n\n<p class=\"has-black-color has-text-color has-link-color wp-elements-87d06bed3c914a40cf02a271a5e2167d\" style=\"padding-right:var(--wp--preset--spacing--60);padding-left:var(--wp--preset--spacing--60);font-size:18px;font-style:normal;font-weight:600\">Je r\u00e9ponds directement par email :<\/p>\n\n\n\n<p class=\"has-black-color has-text-color has-link-color wp-elements-8ebfc3492159706f4fe0774ea2b6a722\" style=\"padding-right:var(--wp--preset--spacing--60);padding-left:var(--wp--preset--spacing--60);font-size:18px;font-style:normal;font-weight:600\"><a href=\"mailto:contact@fluxrecords.fr\">contact@fluxrecords.fr<\/a><\/p>\n<\/div>\n\n\n\n<div class=\"wp-block-column has-border-color has-black-border-color is-layout-flow wp-block-column-is-layout-flow\" style=\"border-width:6px;padding-top:0;padding-right:0;padding-bottom:0;padding-left:0\">\n<figure class=\"wp-block-image aligncenter size-full\"><img fetchpriority=\"high\" decoding=\"async\" width=\"700\" height=\"700\" src=\"https:\/\/fluxrecords.fr\/wp-content\/uploads\/2025\/10\/couvrir-lessentiel-web.jpg\" alt=\"\" class=\"wp-image-2515\" style=\"object-fit:cover\" srcset=\"https:\/\/fluxrecords.fr\/wp-content\/uploads\/2025\/10\/couvrir-lessentiel-web.jpg 700w, https:\/\/fluxrecords.fr\/wp-content\/uploads\/2025\/10\/couvrir-lessentiel-web-300x300.jpg 300w, https:\/\/fluxrecords.fr\/wp-content\/uploads\/2025\/10\/couvrir-lessentiel-web-150x150.jpg 150w\" sizes=\"(max-width: 700px) 100vw, 700px\" \/><\/figure>\n<\/div>\n<\/div>\n\n\n\n<div style=\"height:50px\" aria-hidden=\"true\" class=\"wp-block-spacer\"><\/div>\n\n\n\n<div class=\"wp-block-buttons is-content-justification-center is-layout-flex wp-container-core-buttons-is-layout-a89b3969 wp-block-buttons-is-layout-flex\">\n<div class=\"wp-block-button is-style-outline wpopus-hover-zoom-in is-style-outline--1\"><a class=\"wp-block-button__link has-small-font-size has-custom-font-size wp-element-button\" href=\"https:\/\/soundcloud.com\/faya-1-1\" style=\"padding-right:var(--wp--preset--spacing--40);padding-left:var(--wp--preset--spacing--40)\" target=\"_blank\" rel=\"noreferrer noopener\">Plus de musique<\/a><\/div>\n<\/div>\n\n\n\n<p class=\"\"><\/p>","protected":false},"excerpt":{"rendered":"<p>Contact Adresse 13 Rue Scud\u00e9ri 06390 CONTES Demandes g\u00e9n\u00e9rales : www.fluxrecords.fr Je r\u00e9ponds directement par email : contact@fluxrecords.fr<\/p>","protected":false},"author":1,"featured_media":0,"parent":0,"menu_order":0,"comment_status":"closed","ping_status":"closed","template":"wp-custom-template-l-ment-unique-article","meta":{"footnotes":""},"class_list":["post-334","page","type-page","status-publish","hentry"],"yoast_head":"<!-- This site is optimized with the Yoast SEO plugin v27.3 - https:\/\/yoast.com\/product\/yoast-seo-wordpress\/ -->\n<title>Contact - FLUX RECORDS<\/title>\n<meta name=\"description\" content=\"Contact - Contactez-moi pour \u00e9changer autour de projets musicaux ou artistiques, personnels ou \u00e9v\u00e8nementiels.\" \/>\n<meta name=\"robots\" content=\"index, follow, max-snippet:-1, max-image-preview:large, max-video-preview:-1\" \/>\n<link rel=\"canonical\" href=\"https:\/\/fluxrecords.fr\/en\/contact\/\" \/>\n<meta property=\"og:locale\" content=\"en_US\" \/>\n<meta property=\"og:type\" content=\"article\" \/>\n<meta property=\"og:title\" content=\"Contact - FLUX RECORDS\" \/>\n<meta property=\"og:description\" content=\"Contact - Contactez-moi pour \u00e9changer autour de projets musicaux ou artistiques, personnels ou \u00e9v\u00e8nementiels.\" \/>\n<meta property=\"og:url\" content=\"https:\/\/fluxrecords.fr\/en\/contact\/\" \/>\n<meta property=\"og:site_name\" content=\"FLUX RECORDS\" \/>\n<meta property=\"article:modified_time\" content=\"2026-04-08T11:01:42+00:00\" \/>\n<meta property=\"og:image\" content=\"https:\/\/fluxrecords.fr\/wp-content\/uploads\/2025\/10\/couvrir-lessentiel-web.jpg\" \/>\n\t<meta property=\"og:image:width\" content=\"700\" \/>\n\t<meta property=\"og:image:height\" content=\"700\" \/>\n\t<meta property=\"og:image:type\" content=\"image\/jpeg\" \/>\n<meta name=\"twitter:card\" content=\"summary_large_image\" \/>\n<meta name=\"twitter:label1\" content=\"Est. reading time\" \/>\n\t<meta name=\"twitter:data1\" content=\"1 minute\" \/>\n<script type=\"application\/ld+json\" class=\"yoast-schema-graph\">{\"@context\":\"https:\\\/\\\/schema.org\",\"@graph\":[{\"@type\":\"WebPage\",\"@id\":\"https:\\\/\\\/fluxrecords.fr\\\/contact\\\/\",\"url\":\"https:\\\/\\\/fluxrecords.fr\\\/contact\\\/\",\"name\":\"Contact - FLUX RECORDS\",\"isPartOf\":{\"@id\":\"https:\\\/\\\/fluxrecords.fr\\\/#website\"},\"primaryImageOfPage\":{\"@id\":\"https:\\\/\\\/fluxrecords.fr\\\/contact\\\/#primaryimage\"},\"image\":{\"@id\":\"https:\\\/\\\/fluxrecords.fr\\\/contact\\\/#primaryimage\"},\"thumbnailUrl\":\"https:\\\/\\\/fluxrecords.fr\\\/wp-content\\\/uploads\\\/2025\\\/10\\\/couvrir-lessentiel-web.jpg\",\"datePublished\":\"2025-10-03T19:08:33+00:00\",\"dateModified\":\"2026-04-08T11:01:42+00:00\",\"description\":\"Contact - Contactez-moi pour \u00e9changer autour de projets musicaux ou artistiques, personnels ou \u00e9v\u00e8nementiels.\",\"breadcrumb\":{\"@id\":\"https:\\\/\\\/fluxrecords.fr\\\/contact\\\/#breadcrumb\"},\"inLanguage\":\"en-US\",\"potentialAction\":[{\"@type\":\"ReadAction\",\"target\":[\"https:\\\/\\\/fluxrecords.fr\\\/contact\\\/\"]}]},{\"@type\":\"ImageObject\",\"inLanguage\":\"en-US\",\"@id\":\"https:\\\/\\\/fluxrecords.fr\\\/contact\\\/#primaryimage\",\"url\":\"https:\\\/\\\/fluxrecords.fr\\\/wp-content\\\/uploads\\\/2025\\\/10\\\/couvrir-lessentiel-web.jpg\",\"contentUrl\":\"https:\\\/\\\/fluxrecords.fr\\\/wp-content\\\/uploads\\\/2025\\\/10\\\/couvrir-lessentiel-web.jpg\"},{\"@type\":\"BreadcrumbList\",\"@id\":\"https:\\\/\\\/fluxrecords.fr\\\/contact\\\/#breadcrumb\",\"itemListElement\":[{\"@type\":\"ListItem\",\"position\":1,\"name\":\"Accueil\",\"item\":\"https:\\\/\\\/fluxrecords.fr\\\/\"},{\"@type\":\"ListItem\",\"position\":2,\"name\":\"Contact\"}]},{\"@type\":\"WebSite\",\"@id\":\"https:\\\/\\\/fluxrecords.fr\\\/#website\",\"url\":\"https:\\\/\\\/fluxrecords.fr\\\/\",\"name\":\"FLUX RECORDS\",\"description\":\"FLUX Records\",\"publisher\":{\"@id\":\"https:\\\/\\\/fluxrecords.fr\\\/#organization\"},\"potentialAction\":[{\"@type\":\"SearchAction\",\"target\":{\"@type\":\"EntryPoint\",\"urlTemplate\":\"https:\\\/\\\/fluxrecords.fr\\\/?s={search_term_string}\"},\"query-input\":{\"@type\":\"PropertyValueSpecification\",\"valueRequired\":true,\"valueName\":\"search_term_string\"}}],\"inLanguage\":\"en-US\"},{\"@type\":\"Organization\",\"@id\":\"https:\\\/\\\/fluxrecords.fr\\\/#organization\",\"name\":\"FLUX RECORDS\",\"url\":\"https:\\\/\\\/fluxrecords.fr\\\/\",\"logo\":{\"@type\":\"ImageObject\",\"inLanguage\":\"en-US\",\"@id\":\"https:\\\/\\\/fluxrecords.fr\\\/#\\\/schema\\\/logo\\\/image\\\/\",\"url\":\"https:\\\/\\\/fluxrecords.fr\\\/wp-content\\\/uploads\\\/2025\\\/10\\\/symbole-noir.png\",\"contentUrl\":\"https:\\\/\\\/fluxrecords.fr\\\/wp-content\\\/uploads\\\/2025\\\/10\\\/symbole-noir.png\",\"width\":2280,\"height\":2016,\"caption\":\"FLUX RECORDS\"},\"image\":{\"@id\":\"https:\\\/\\\/fluxrecords.fr\\\/#\\\/schema\\\/logo\\\/image\\\/\"}}]}<\/script>\n<!-- \/ Yoast SEO plugin. -->","yoast_head_json":{"title":"Contact - FLUX RECORDS","description":"Contact - Contactez-moi pour \u00e9changer autour de projets musicaux ou artistiques, personnels ou \u00e9v\u00e8nementiels.","robots":{"index":"index","follow":"follow","max-snippet":"max-snippet:-1","max-image-preview":"max-image-preview:large","max-video-preview":"max-video-preview:-1"},"canonical":"https:\/\/fluxrecords.fr\/en\/contact\/","og_locale":"en_US","og_type":"article","og_title":"Contact - FLUX RECORDS","og_description":"Contact - Contactez-moi pour \u00e9changer autour de projets musicaux ou artistiques, personnels ou \u00e9v\u00e8nementiels.","og_url":"https:\/\/fluxrecords.fr\/en\/contact\/","og_site_name":"FLUX RECORDS","article_modified_time":"2026-04-08T11:01:42+00:00","og_image":[{"width":700,"height":700,"url":"https:\/\/fluxrecords.fr\/wp-content\/uploads\/2025\/10\/couvrir-lessentiel-web.jpg","type":"image\/jpeg"}],"twitter_card":"summary_large_image","twitter_misc":{"Est. reading time":"1 minute"},"schema":{"@context":"https:\/\/schema.org","@graph":[{"@type":"WebPage","@id":"https:\/\/fluxrecords.fr\/contact\/","url":"https:\/\/fluxrecords.fr\/contact\/","name":"Contact - FLUX RECORDS","isPartOf":{"@id":"https:\/\/fluxrecords.fr\/#website"},"primaryImageOfPage":{"@id":"https:\/\/fluxrecords.fr\/contact\/#primaryimage"},"image":{"@id":"https:\/\/fluxrecords.fr\/contact\/#primaryimage"},"thumbnailUrl":"https:\/\/fluxrecords.fr\/wp-content\/uploads\/2025\/10\/couvrir-lessentiel-web.jpg","datePublished":"2025-10-03T19:08:33+00:00","dateModified":"2026-04-08T11:01:42+00:00","description":"Contact - Contactez-moi pour \u00e9changer autour de projets musicaux ou artistiques, personnels ou \u00e9v\u00e8nementiels.","breadcrumb":{"@id":"https:\/\/fluxrecords.fr\/contact\/#breadcrumb"},"inLanguage":"en-US","potentialAction":[{"@type":"ReadAction","target":["https:\/\/fluxrecords.fr\/contact\/"]}]},{"@type":"ImageObject","inLanguage":"en-US","@id":"https:\/\/fluxrecords.fr\/contact\/#primaryimage","url":"https:\/\/fluxrecords.fr\/wp-content\/uploads\/2025\/10\/couvrir-lessentiel-web.jpg","contentUrl":"https:\/\/fluxrecords.fr\/wp-content\/uploads\/2025\/10\/couvrir-lessentiel-web.jpg"},{"@type":"BreadcrumbList","@id":"https:\/\/fluxrecords.fr\/contact\/#breadcrumb","itemListElement":[{"@type":"ListItem","position":1,"name":"Accueil","item":"https:\/\/fluxrecords.fr\/"},{"@type":"ListItem","position":2,"name":"Contact"}]},{"@type":"WebSite","@id":"https:\/\/fluxrecords.fr\/#website","url":"https:\/\/fluxrecords.fr\/","name":"FLUX RECORDS","description":"FLUX Records","publisher":{"@id":"https:\/\/fluxrecords.fr\/#organization"},"potentialAction":[{"@type":"SearchAction","target":{"@type":"EntryPoint","urlTemplate":"https:\/\/fluxrecords.fr\/?s={search_term_string}"},"query-input":{"@type":"PropertyValueSpecification","valueRequired":true,"valueName":"search_term_string"}}],"inLanguage":"en-US"},{"@type":"Organization","@id":"https:\/\/fluxrecords.fr\/#organization","name":"FLUX RECORDS","url":"https:\/\/fluxrecords.fr\/","logo":{"@type":"ImageObject","inLanguage":"en-US","@id":"https:\/\/fluxrecords.fr\/#\/schema\/logo\/image\/","url":"https:\/\/fluxrecords.fr\/wp-content\/uploads\/2025\/10\/symbole-noir.png","contentUrl":"https:\/\/fluxrecords.fr\/wp-content\/uploads\/2025\/10\/symbole-noir.png","width":2280,"height":2016,"caption":"FLUX RECORDS"},"image":{"@id":"https:\/\/fluxrecords.fr\/#\/schema\/logo\/image\/"}}]}},"_links":{"self":[{"href":"https:\/\/fluxrecords.fr\/en\/wp-json\/wp\/v2\/pages\/334","targetHints":{"allow":["GET"]}}],"collection":[{"href":"https:\/\/fluxrecords.fr\/en\/wp-json\/wp\/v2\/pages"}],"about":[{"href":"https:\/\/fluxrecords.fr\/en\/wp-json\/wp\/v2\/types\/page"}],"author":[{"embeddable":true,"href":"https:\/\/fluxrecords.fr\/en\/wp-json\/wp\/v2\/users\/1"}],"replies":[{"embeddable":true,"href":"https:\/\/fluxrecords.fr\/en\/wp-json\/wp\/v2\/comments?post=334"}],"version-history":[{"count":76,"href":"https:\/\/fluxrecords.fr\/en\/wp-json\/wp\/v2\/pages\/334\/revisions"}],"predecessor-version":[{"id":6210,"href":"https:\/\/fluxrecords.fr\/en\/wp-json\/wp\/v2\/pages\/334\/revisions\/6210"}],"wp:attachment":[{"href":"https:\/\/fluxrecords.fr\/en\/wp-json\/wp\/v2\/media?parent=334"}],"curies":[{"name":"wp","href":"https:\/\/api.w.org\/{rel}","templated":true}]}}