{"id":5344,"date":"2026-02-15T20:12:34","date_gmt":"2026-02-15T20:12:34","guid":{"rendered":"https:\/\/fluxrecords.fr\/?page_id=5344"},"modified":"2026-03-16T03:36:12","modified_gmt":"2026-03-16T03:36:12","slug":"album-threshold","status":"publish","type":"page","link":"https:\/\/fluxrecords.fr\/en\/album-threshold\/","title":{"rendered":"Album Threshold"},"content":{"rendered":"<div class=\"wp-block-group alignfull is-style-ext-preset--group--natural-1--section has-background-background-color has-background is-layout-constrained wp-container-core-group-is-layout-032be580 wp-block-group-is-layout-constrained\" style=\"margin-top:0;margin-bottom:0;padding-top:var(--wp--preset--spacing--30);padding-right:0;padding-bottom:var(--wp--preset--spacing--30);padding-left:0\">\n<div class=\"wp-block-columns alignwide is-layout-flex wp-container-core-columns-is-layout-174606dc wp-block-columns-is-layout-flex\">\n<div class=\"wp-block-column is-vertically-aligned-center is-layout-flow wp-container-core-column-is-layout-8a368f38 wp-block-column-is-layout-flow\">\n<figure class=\"wp-block-image size-full is-style-ext-preset--image--natural-1--image-1--content-left\"><img fetchpriority=\"high\" decoding=\"async\" width=\"800\" height=\"800\" src=\"https:\/\/fluxrecords.fr\/wp-content\/uploads\/2026\/03\/cover-threshold-flux.jpg\" alt=\"cover threshold flux\" class=\"wp-image-6016\" style=\"box-shadow:var(--wp--preset--shadow--natural);aspect-ratio:1;object-fit:cover\" title=\"Threshold Album\" srcset=\"https:\/\/fluxrecords.fr\/wp-content\/uploads\/2026\/03\/cover-threshold-flux.jpg 800w, https:\/\/fluxrecords.fr\/wp-content\/uploads\/2026\/03\/cover-threshold-flux-300x300.jpg 300w, https:\/\/fluxrecords.fr\/wp-content\/uploads\/2026\/03\/cover-threshold-flux-150x150.jpg 150w, https:\/\/fluxrecords.fr\/wp-content\/uploads\/2026\/03\/cover-threshold-flux-768x768.jpg 768w, https:\/\/fluxrecords.fr\/wp-content\/uploads\/2026\/03\/cover-threshold-flux-12x12.jpg 12w\" sizes=\"(max-width: 800px) 100vw, 800px\" \/><\/figure>\n<\/div>\n\n\n\n<div class=\"wp-block-column is-vertically-aligned-top is-layout-flow wp-container-core-column-is-layout-77f8e629 wp-block-column-is-layout-flow\" style=\"padding-right:var(--wp--preset--spacing--70);padding-left:var(--wp--preset--spacing--70)\">\n<div class=\"wp-block-group alignwide is-vertical is-layout-flex wp-container-core-group-is-layout-c35747d5 wp-block-group-is-layout-flex\">\n<div class=\"wp-block-group is-layout-constrained wp-container-core-group-is-layout-dd32767c wp-block-group-is-layout-constrained\">\n<h1 class=\"wp-block-heading\" style=\"letter-spacing:6px\">THRESHOLD<\/h1>\n\n\n\n<p class=\"\"><strong>released by FLUX RECORDS\u2122<\/strong><\/p>\n\n\n\n<p class=\"has-small-font-size\">Album Threshold : \u00c9lectro<\/p>\n\n\n\n<p class=\"has-small-font-size\"><strong>BY FAYA CHIDEKH<\/strong><\/p>\n\n\n\n<p class=\"has-normal-font-size\"><strong>Tracklist <\/strong><\/p>\n\n\n\n<ol class=\"wp-block-list\">\n<li class=\"has-small-font-size\">Dreadful<\/li>\n\n\n\n<li class=\"has-small-font-size\">In The Cave<\/li>\n\n\n\n<li class=\"has-small-font-size\">Great Reset<\/li>\n\n\n\n<li class=\"has-small-font-size\">Short Prayer<\/li>\n\n\n\n<li class=\"has-small-font-size\">Janus<\/li>\n\n\n\n<li class=\"has-small-font-size\">Gold Phi<\/li>\n\n\n\n<li class=\"has-small-font-size\">Syncopa<\/li>\n\n\n\n<li class=\"has-small-font-size\">Sospiro \u00a92022 \/ 2026 FLUX RECORDS<\/li>\n\n\n\n<li class=\"has-small-font-size\">Larsen<\/li>\n\n\n\n<li class=\"has-small-font-size\">Changes<\/li>\n\n\n\n<li class=\"has-small-font-size\">The Journey<\/li>\n<\/ol>\n<\/div>\n\n\n\n<div class=\"wp-block-buttons is-layout-flex wp-block-buttons-is-layout-flex\"><\/div>\n<\/div>\n<\/div>\n<\/div>\n<\/div>\n\n\n\n<div class=\"wp-block-group is-vertical is-content-justification-center is-layout-flex wp-container-core-group-is-layout-30778a02 wp-block-group-is-layout-flex\">\n<p class=\"has-text-align-center has-small-font-size\">Cet album \u00e9lectro est un v\u00e9ritable voyage initiatique en onze \u00e9tapes distinctes, allant de la plus obscure et myst\u00e9rieuse \u00e0 la plus lumineuse et apaisante. Chaque morceau repr\u00e9sente une invitation profonde et sinc\u00e8re \u00e0 se connecter \u00e0 la Source.<\/p>\n\n\n\n<div class=\"wp-block-buttons is-layout-flex wp-block-buttons-is-layout-flex\"><\/div>\n<\/div>\n\n\n\n<div class=\"wp-block-buttons is-content-justification-center is-layout-flex wp-container-core-buttons-is-layout-a89b3969 wp-block-buttons-is-layout-flex\">\n<div class=\"wp-block-button is-style-outline wpopus-hover-zoom-in is-style-outline--1\"><a class=\"wp-block-button__link has-small-font-size has-custom-font-size wp-element-button\" href=\"https:\/\/soundcloud.com\/faya-1-1\" style=\"padding-top:var(--wp--preset--spacing--30);padding-right:var(--wp--preset--spacing--30);padding-bottom:var(--wp--preset--spacing--30);padding-left:var(--wp--preset--spacing--30)\" target=\"_blank\" rel=\"noreferrer noopener\">more music<\/a><\/div>\n<\/div>\n\n\n\n<div style=\"height:50px\" aria-hidden=\"true\" class=\"wp-block-spacer\"><\/div>\n\n\n\n<div class=\"wp-block-group alignfull is-layout-constrained wp-container-core-group-is-layout-19e250f3 wp-block-group-is-layout-constrained\">\n<div class=\"wp-block-cover alignfull\" style=\"min-height:267px;aspect-ratio:unset;\"><img decoding=\"async\" width=\"1024\" height=\"683\" class=\"wp-block-cover__image-background wp-image-4433 size-large\" alt=\"background human music\" src=\"https:\/\/fluxrecords.fr\/wp-content\/uploads\/2026\/01\/2026-01-28-23-12-23-b6176774-0e95-4f02-9f36-13779f77d430-1024x683.png\" data-object-fit=\"cover\" srcset=\"https:\/\/fluxrecords.fr\/wp-content\/uploads\/2026\/01\/2026-01-28-23-12-23-b6176774-0e95-4f02-9f36-13779f77d430-1024x683.png 1024w, https:\/\/fluxrecords.fr\/wp-content\/uploads\/2026\/01\/2026-01-28-23-12-23-b6176774-0e95-4f02-9f36-13779f77d430-300x200.png 300w, https:\/\/fluxrecords.fr\/wp-content\/uploads\/2026\/01\/2026-01-28-23-12-23-b6176774-0e95-4f02-9f36-13779f77d430-768x512.png 768w, https:\/\/fluxrecords.fr\/wp-content\/uploads\/2026\/01\/2026-01-28-23-12-23-b6176774-0e95-4f02-9f36-13779f77d430-18x12.png 18w, https:\/\/fluxrecords.fr\/wp-content\/uploads\/2026\/01\/2026-01-28-23-12-23-b6176774-0e95-4f02-9f36-13779f77d430.png 1248w\" sizes=\"(max-width: 1024px) 100vw, 1024px\" \/><span aria-hidden=\"true\" class=\"wp-block-cover__background has-red-coral-background-color has-background-dim-10 has-background-dim\"><\/span><div class=\"wp-block-cover__inner-container is-layout-constrained wp-block-cover-is-layout-constrained\">\n<div class=\"wp-block-columns alignwide is-layout-flex wp-container-core-columns-is-layout-28f84493 wp-block-columns-is-layout-flex\">\n<div class=\"wp-block-column is-layout-flow wp-block-column-is-layout-flow\">\n<figure class=\"wp-block-image alignright size-large is-resized\"><img decoding=\"async\" width=\"1024\" height=\"951\" src=\"https:\/\/fluxrecords.fr\/wp-content\/uploads\/2026\/03\/symbole-blanc-1024x951.png\" alt=\"symbole blanc\" class=\"wp-image-6030\" style=\"aspect-ratio:1.0767732901109504;width:187px;height:auto\" title=\"Flux  Records symbole\" srcset=\"https:\/\/fluxrecords.fr\/wp-content\/uploads\/2026\/03\/symbole-blanc-1024x951.png 1024w, https:\/\/fluxrecords.fr\/wp-content\/uploads\/2026\/03\/symbole-blanc-300x279.png 300w, https:\/\/fluxrecords.fr\/wp-content\/uploads\/2026\/03\/symbole-blanc-768x713.png 768w, https:\/\/fluxrecords.fr\/wp-content\/uploads\/2026\/03\/symbole-blanc-1536x1427.png 1536w, https:\/\/fluxrecords.fr\/wp-content\/uploads\/2026\/03\/symbole-blanc-2048x1902.png 2048w, https:\/\/fluxrecords.fr\/wp-content\/uploads\/2026\/03\/symbole-blanc-13x12.png 13w, https:\/\/fluxrecords.fr\/wp-content\/uploads\/2026\/03\/symbole-blanc-1320x1226.png 1320w\" sizes=\"(max-width: 1024px) 100vw, 1024px\" \/><\/figure>\n<\/div>\n\n\n\n<div class=\"wp-block-column is-vertically-aligned-center is-layout-flow wp-block-column-is-layout-flow\">\n<h2 class=\"wp-block-heading has-text-align-left\" style=\"font-size:65px;font-style:normal;font-weight:900;letter-spacing:6px\">HUMAN MUSIC<\/h2>\n<\/div>\n<\/div>\n<\/div><\/div>\n<\/div>\n\n\n\n<p class=\"\"><\/p>","protected":false},"excerpt":{"rendered":"<p>THRESHOLD released by FLUX RECORDS\u2122 Album Threshold : \u00c9lectro PAR FAYA CHIDEKH Tracklist Cet album \u00e9lectro est un v\u00e9ritable voyage initiatique en onze \u00e9tapes distinctes, allant de la plus obscure et myst\u00e9rieuse \u00e0 la plus lumineuse et apaisante. Chaque morceau repr\u00e9sente une invitation profonde et sinc\u00e8re \u00e0 se connecter \u00e0 la Source.<\/p>","protected":false},"author":1,"featured_media":0,"parent":0,"menu_order":0,"comment_status":"closed","ping_status":"closed","template":"wp-custom-template-l-ment-unique-article","meta":{"footnotes":""},"class_list":["post-5344","page","type-page","status-publish","hentry"],"yoast_head":"<!-- This site is optimized with the Yoast SEO plugin v27.3 - https:\/\/yoast.com\/product\/yoast-seo-wordpress\/ -->\n<title>Album Threshold - FLUX RECORDS<\/title>\n<meta name=\"description\" content=\"Threshold : Cet album \u00e9lectro est un voyage initiatique en neuf \u00e9tapes, allant de la plus obscure \u00e0 la plus apaisante.\" \/>\n<meta name=\"robots\" content=\"index, follow, max-snippet:-1, max-image-preview:large, max-video-preview:-1\" \/>\n<link rel=\"canonical\" href=\"https:\/\/fluxrecords.fr\/en\/album-threshold\/\" \/>\n<meta property=\"og:locale\" content=\"en_US\" \/>\n<meta property=\"og:type\" content=\"article\" \/>\n<meta property=\"og:title\" content=\"Album Threshold - FLUX RECORDS\" \/>\n<meta property=\"og:description\" content=\"Threshold : Cet album \u00e9lectro est un voyage initiatique en neuf \u00e9tapes, allant de la plus obscure \u00e0 la plus apaisante.\" \/>\n<meta property=\"og:url\" content=\"https:\/\/fluxrecords.fr\/en\/album-threshold\/\" \/>\n<meta property=\"og:site_name\" content=\"FLUX RECORDS\" \/>\n<meta property=\"article:modified_time\" content=\"2026-03-16T03:36:12+00:00\" \/>\n<meta property=\"og:image\" content=\"https:\/\/fluxrecords.fr\/wp-content\/uploads\/2026\/03\/cover-threshold-flux.jpg\" \/>\n\t<meta property=\"og:image:width\" content=\"800\" \/>\n\t<meta property=\"og:image:height\" content=\"800\" \/>\n\t<meta property=\"og:image:type\" content=\"image\/jpeg\" \/>\n<meta name=\"twitter:card\" content=\"summary_large_image\" \/>\n<meta name=\"twitter:label1\" content=\"Est. reading time\" \/>\n\t<meta name=\"twitter:data1\" content=\"1 minute\" \/>\n<script type=\"application\/ld+json\" class=\"yoast-schema-graph\">{\"@context\":\"https:\\\/\\\/schema.org\",\"@graph\":[{\"@type\":\"WebPage\",\"@id\":\"https:\\\/\\\/fluxrecords.fr\\\/album-threshold\\\/\",\"url\":\"https:\\\/\\\/fluxrecords.fr\\\/album-threshold\\\/\",\"name\":\"Album Threshold - FLUX RECORDS\",\"isPartOf\":{\"@id\":\"https:\\\/\\\/fluxrecords.fr\\\/#website\"},\"primaryImageOfPage\":{\"@id\":\"https:\\\/\\\/fluxrecords.fr\\\/album-threshold\\\/#primaryimage\"},\"image\":{\"@id\":\"https:\\\/\\\/fluxrecords.fr\\\/album-threshold\\\/#primaryimage\"},\"thumbnailUrl\":\"https:\\\/\\\/fluxrecords.fr\\\/wp-content\\\/uploads\\\/2026\\\/03\\\/cover-threshold-flux.jpg\",\"datePublished\":\"2026-02-15T20:12:34+00:00\",\"dateModified\":\"2026-03-16T03:36:12+00:00\",\"description\":\"Threshold : Cet album \u00e9lectro est un voyage initiatique en neuf \u00e9tapes, allant de la plus obscure \u00e0 la plus apaisante.\",\"breadcrumb\":{\"@id\":\"https:\\\/\\\/fluxrecords.fr\\\/album-threshold\\\/#breadcrumb\"},\"inLanguage\":\"en-US\",\"potentialAction\":[{\"@type\":\"ReadAction\",\"target\":[\"https:\\\/\\\/fluxrecords.fr\\\/album-threshold\\\/\"]}]},{\"@type\":\"ImageObject\",\"inLanguage\":\"en-US\",\"@id\":\"https:\\\/\\\/fluxrecords.fr\\\/album-threshold\\\/#primaryimage\",\"url\":\"https:\\\/\\\/fluxrecords.fr\\\/wp-content\\\/uploads\\\/2026\\\/03\\\/cover-threshold-flux.jpg\",\"contentUrl\":\"https:\\\/\\\/fluxrecords.fr\\\/wp-content\\\/uploads\\\/2026\\\/03\\\/cover-threshold-flux.jpg\"},{\"@type\":\"BreadcrumbList\",\"@id\":\"https:\\\/\\\/fluxrecords.fr\\\/album-threshold\\\/#breadcrumb\",\"itemListElement\":[{\"@type\":\"ListItem\",\"position\":1,\"name\":\"Accueil\",\"item\":\"https:\\\/\\\/fluxrecords.fr\\\/\"},{\"@type\":\"ListItem\",\"position\":2,\"name\":\"Album Threshold\"}]},{\"@type\":\"WebSite\",\"@id\":\"https:\\\/\\\/fluxrecords.fr\\\/#website\",\"url\":\"https:\\\/\\\/fluxrecords.fr\\\/\",\"name\":\"FLUX RECORDS\",\"description\":\"FLUX Records\",\"publisher\":{\"@id\":\"https:\\\/\\\/fluxrecords.fr\\\/#organization\"},\"potentialAction\":[{\"@type\":\"SearchAction\",\"target\":{\"@type\":\"EntryPoint\",\"urlTemplate\":\"https:\\\/\\\/fluxrecords.fr\\\/?s={search_term_string}\"},\"query-input\":{\"@type\":\"PropertyValueSpecification\",\"valueRequired\":true,\"valueName\":\"search_term_string\"}}],\"inLanguage\":\"en-US\"},{\"@type\":\"Organization\",\"@id\":\"https:\\\/\\\/fluxrecords.fr\\\/#organization\",\"name\":\"FLUX RECORDS\",\"url\":\"https:\\\/\\\/fluxrecords.fr\\\/\",\"logo\":{\"@type\":\"ImageObject\",\"inLanguage\":\"en-US\",\"@id\":\"https:\\\/\\\/fluxrecords.fr\\\/#\\\/schema\\\/logo\\\/image\\\/\",\"url\":\"https:\\\/\\\/fluxrecords.fr\\\/wp-content\\\/uploads\\\/2025\\\/10\\\/symbole-noir.png\",\"contentUrl\":\"https:\\\/\\\/fluxrecords.fr\\\/wp-content\\\/uploads\\\/2025\\\/10\\\/symbole-noir.png\",\"width\":2280,\"height\":2016,\"caption\":\"FLUX RECORDS\"},\"image\":{\"@id\":\"https:\\\/\\\/fluxrecords.fr\\\/#\\\/schema\\\/logo\\\/image\\\/\"}}]}<\/script>\n<!-- \/ Yoast SEO plugin. -->","yoast_head_json":{"title":"Album Threshold - FLUX RECORDS","description":"Threshold : Cet album \u00e9lectro est un voyage initiatique en neuf \u00e9tapes, allant de la plus obscure \u00e0 la plus apaisante.","robots":{"index":"index","follow":"follow","max-snippet":"max-snippet:-1","max-image-preview":"max-image-preview:large","max-video-preview":"max-video-preview:-1"},"canonical":"https:\/\/fluxrecords.fr\/en\/album-threshold\/","og_locale":"en_US","og_type":"article","og_title":"Album Threshold - FLUX RECORDS","og_description":"Threshold : Cet album \u00e9lectro est un voyage initiatique en neuf \u00e9tapes, allant de la plus obscure \u00e0 la plus apaisante.","og_url":"https:\/\/fluxrecords.fr\/en\/album-threshold\/","og_site_name":"FLUX RECORDS","article_modified_time":"2026-03-16T03:36:12+00:00","og_image":[{"width":800,"height":800,"url":"https:\/\/fluxrecords.fr\/wp-content\/uploads\/2026\/03\/cover-threshold-flux.jpg","type":"image\/jpeg"}],"twitter_card":"summary_large_image","twitter_misc":{"Est. reading time":"1 minute"},"schema":{"@context":"https:\/\/schema.org","@graph":[{"@type":"WebPage","@id":"https:\/\/fluxrecords.fr\/album-threshold\/","url":"https:\/\/fluxrecords.fr\/album-threshold\/","name":"Album Threshold - FLUX RECORDS","isPartOf":{"@id":"https:\/\/fluxrecords.fr\/#website"},"primaryImageOfPage":{"@id":"https:\/\/fluxrecords.fr\/album-threshold\/#primaryimage"},"image":{"@id":"https:\/\/fluxrecords.fr\/album-threshold\/#primaryimage"},"thumbnailUrl":"https:\/\/fluxrecords.fr\/wp-content\/uploads\/2026\/03\/cover-threshold-flux.jpg","datePublished":"2026-02-15T20:12:34+00:00","dateModified":"2026-03-16T03:36:12+00:00","description":"Threshold : Cet album \u00e9lectro est un voyage initiatique en neuf \u00e9tapes, allant de la plus obscure \u00e0 la plus apaisante.","breadcrumb":{"@id":"https:\/\/fluxrecords.fr\/album-threshold\/#breadcrumb"},"inLanguage":"en-US","potentialAction":[{"@type":"ReadAction","target":["https:\/\/fluxrecords.fr\/album-threshold\/"]}]},{"@type":"ImageObject","inLanguage":"en-US","@id":"https:\/\/fluxrecords.fr\/album-threshold\/#primaryimage","url":"https:\/\/fluxrecords.fr\/wp-content\/uploads\/2026\/03\/cover-threshold-flux.jpg","contentUrl":"https:\/\/fluxrecords.fr\/wp-content\/uploads\/2026\/03\/cover-threshold-flux.jpg"},{"@type":"BreadcrumbList","@id":"https:\/\/fluxrecords.fr\/album-threshold\/#breadcrumb","itemListElement":[{"@type":"ListItem","position":1,"name":"Accueil","item":"https:\/\/fluxrecords.fr\/"},{"@type":"ListItem","position":2,"name":"Album Threshold"}]},{"@type":"WebSite","@id":"https:\/\/fluxrecords.fr\/#website","url":"https:\/\/fluxrecords.fr\/","name":"FLUX RECORDS","description":"FLUX Records","publisher":{"@id":"https:\/\/fluxrecords.fr\/#organization"},"potentialAction":[{"@type":"SearchAction","target":{"@type":"EntryPoint","urlTemplate":"https:\/\/fluxrecords.fr\/?s={search_term_string}"},"query-input":{"@type":"PropertyValueSpecification","valueRequired":true,"valueName":"search_term_string"}}],"inLanguage":"en-US"},{"@type":"Organization","@id":"https:\/\/fluxrecords.fr\/#organization","name":"FLUX RECORDS","url":"https:\/\/fluxrecords.fr\/","logo":{"@type":"ImageObject","inLanguage":"en-US","@id":"https:\/\/fluxrecords.fr\/#\/schema\/logo\/image\/","url":"https:\/\/fluxrecords.fr\/wp-content\/uploads\/2025\/10\/symbole-noir.png","contentUrl":"https:\/\/fluxrecords.fr\/wp-content\/uploads\/2025\/10\/symbole-noir.png","width":2280,"height":2016,"caption":"FLUX RECORDS"},"image":{"@id":"https:\/\/fluxrecords.fr\/#\/schema\/logo\/image\/"}}]}},"_links":{"self":[{"href":"https:\/\/fluxrecords.fr\/en\/wp-json\/wp\/v2\/pages\/5344","targetHints":{"allow":["GET"]}}],"collection":[{"href":"https:\/\/fluxrecords.fr\/en\/wp-json\/wp\/v2\/pages"}],"about":[{"href":"https:\/\/fluxrecords.fr\/en\/wp-json\/wp\/v2\/types\/page"}],"author":[{"embeddable":true,"href":"https:\/\/fluxrecords.fr\/en\/wp-json\/wp\/v2\/users\/1"}],"replies":[{"embeddable":true,"href":"https:\/\/fluxrecords.fr\/en\/wp-json\/wp\/v2\/comments?post=5344"}],"version-history":[{"count":40,"href":"https:\/\/fluxrecords.fr\/en\/wp-json\/wp\/v2\/pages\/5344\/revisions"}],"predecessor-version":[{"id":6244,"href":"https:\/\/fluxrecords.fr\/en\/wp-json\/wp\/v2\/pages\/5344\/revisions\/6244"}],"wp:attachment":[{"href":"https:\/\/fluxrecords.fr\/en\/wp-json\/wp\/v2\/media?parent=5344"}],"curies":[{"name":"wp","href":"https:\/\/api.w.org\/{rel}","templated":true}]}}