{"id":5511,"date":"2026-02-20T09:11:12","date_gmt":"2026-02-20T09:11:12","guid":{"rendered":"https:\/\/fluxrecords.fr\/?page_id=5511"},"modified":"2026-02-20T11:26:14","modified_gmt":"2026-02-20T11:26:14","slug":"lire-un-extrait-deux-et-demi","status":"publish","type":"page","link":"https:\/\/fluxrecords.fr\/en\/lire-un-extrait-deux-et-demi\/","title":{"rendered":"Lire un extrait Deux Et Demi"},"content":{"rendered":"<div class=\"wp-block-group alignfull is-layout-constrained wp-container-core-group-is-layout-92b9201d wp-block-group-is-layout-constrained\">\n<div class=\"wp-block-wpopus-icon-text wpopus-icon-text\">\n<div class=\"wp-block-group is-horizontal is-layout-flex wp-block-group-is-layout-flex\">\n<div class=\"wp-block-wpopus-icon\"><span style=\"height:42px;width:42px\" class=\"wpopus-icon\"><svg xmlns=\"http:\/\/www.w3.org\/2000\/svg\" width=\"512\" height=\"512\" viewbox=\"0 0 512 512\"><path d=\"M202.24,74C166.11,56.75,115.61,48.3,48,48h0a31.36,31.36,0,0,0-17.92,5.33A32,32,0,0,0,16,79.9V366c0,19.34,13.76,33.93,32,33.93,71.07,0,142.36,6.64,185.06,47a4.11,4.11,0,0,0,6.94-3V106.82a15.89,15.89,0,0,0-5.46-12A143,143,0,0,0,202.24,74Z\"\/><path d=\"M481.92,53.3A31.33,31.33,0,0,0,464,48h0c-67.61.3-118.11,8.71-154.24,26a143.31,143.31,0,0,0-32.31,20.78,15.93,15.93,0,0,0-5.45,12V443.91a3.93,3.93,0,0,0,6.68,2.81c25.67-25.5,70.72-46.82,185.36-46.81a32,32,0,0,0,32-32v-288A32,32,0,0,0,481.92,53.3Z\"\/><\/svg><\/span><\/div>\n\n\n\n<p class=\"\">Extract<\/p>\n<\/div>\n<\/div>\n\n\n\n<h3 class=\"wp-block-heading\">The message<\/h3>\n\n\n\n<p class=\"has-small-font-size\">Lisa and numbers had a long-standing love affair. The only one, in fact, that had never disappointed her. Her reputation as a mathematician with outlandish theories had followed her to this small coastal town in the south of France, which she had chosen for its unique light.<\/p>\n\n\n\n<p class=\"has-small-font-size\">That morning, when she opened her eyes, the light had changed. She wasn't quite sure how, but she went out onto the terrace, sat down in a chair, and, facing the sea, let her body completely relax. She closed her eyes and felt a soft, sweet, vibrant warmth penetrate her\u2026 a transfusion of happiness! Everything became clear in a dazzling instant, and she literally jumped up in her chair, shouting, \u201cI\u2019ve found it!\u201d<\/p>\n\n\n\n<p class=\"has-small-font-size\">At that very moment, the front door slammed shut and Lisa turned around. Frozen in this state of bliss, arms folded, she refused to return to reality. At the far end of the living room, she noticed her computer screen flashing, indicating an incoming message. Could this be \"the\" message she had been waiting for for the past six months?<\/p>\n\n\n\n<p class=\"has-small-font-size\">It couldn't be a coincidence; she didn't believe it anyway. She slowly approached the object of her delusion and took her time pressing the \"open\" button. It was indeed him, David, her equal in mathematics and the only one with whom she could discuss her latest theory, the solution to which she had just discovered! The content of his message left her speechless:<\/p>\n\n\n\n<p class=\"has-small-font-size\">\u201cLisa, I\u2019ve figured it out\u2026 your latest theory is spot on and absolutely brilliant! It\u2019s going to change everything! I have to see you. Hugs and kisses. David\u201d<\/p>\n<\/div>\n\n\n\n<p class=\"\"><\/p>\n\n\n\n<hr class=\"wp-block-separator has-css-opacity is-style-default\"\/>\n\n\n\n<figure class=\"wp-block-image aligncenter size-full is-resized is-style-rounded\"><a href=\"https:\/\/www.amazon.fr\/stores\/Faya-Chidekh\/author\/B00VF4A19A?ref=ap_rdr&amp;shoppingPortalEnabled=true\" target=\"_blank\" rel=\" noreferrer noopener\"><img fetchpriority=\"high\" decoding=\"async\" width=\"346\" height=\"552\" src=\"https:\/\/fluxrecords.fr\/wp-content\/uploads\/2025\/11\/deux-et-demi-roman-web.jpg\" alt=\"couverture roman deux et demi\" class=\"wp-image-2832\" style=\"aspect-ratio:4\/3;object-fit:contain;width:150px\" title=\"Deux Et Demi\" srcset=\"https:\/\/fluxrecords.fr\/wp-content\/uploads\/2025\/11\/deux-et-demi-roman-web.jpg 346w, https:\/\/fluxrecords.fr\/wp-content\/uploads\/2025\/11\/deux-et-demi-roman-web-188x300.jpg 188w, https:\/\/fluxrecords.fr\/wp-content\/uploads\/2025\/11\/deux-et-demi-roman-web-8x12.jpg 8w\" sizes=\"(max-width: 346px) 100vw, 346px\" \/><\/a><\/figure>\n\n\n\n<blockquote class=\"wp-block-quote has-text-align-center is-style-large is-layout-flow wp-block-quote-is-layout-flow\">\n<p class=\"\">\u00ab&nbsp;L&rsquo;amour est si universel qu&rsquo;il en devient \u00e9trange\u00bb<\/p>\n<cite>\u2014 Faya Chidekh, <em><a href=\"https:\/\/fluxrecords.fr\/en\/lauteure\/\" type=\"page\" id=\"207\">Auteure<\/a><\/em><\/cite><\/blockquote>\n\n\n\n<hr class=\"wp-block-separator has-css-opacity is-style-default\"\/>\n\n\n\n<p class=\"\"><\/p>","protected":false},"excerpt":{"rendered":"<p>Le Message Lisa et les chiffres, c\u2019\u00e9tait une histoire d\u2019amour qui durait depuis tr\u00e8s longtemps d\u00e9j\u00e0. La seule, d\u2019ailleurs, qui ne l\u2019avait jamais d\u00e9\u00e7ue. Sa r\u00e9putation de math\u00e9maticienne aux th\u00e9ories farfelues l\u2019avait suivie jusque dans cette petite ville c\u00f4ti\u00e8re du sud de la France qu\u2019elle avait choisie pour cette lumi\u00e8re si particuli\u00e8re. Ce matin-l\u00e0, lorsqu\u2019elle [&hellip;]<\/p>\n","protected":false},"author":1,"featured_media":0,"parent":0,"menu_order":0,"comment_status":"open","ping_status":"closed","template":"wp-custom-template-l-ment-unique-article","meta":{"footnotes":""},"class_list":["post-5511","page","type-page","status-publish","hentry"],"yoast_head":"<!-- This site is optimized with the Yoast SEO plugin v27.3 - https:\/\/yoast.com\/product\/yoast-seo-wordpress\/ -->\n<title>Lire un extrait Deux Et Demi - FLUX RECORDS<\/title>\n<meta name=\"description\" content=\"Voici un extrait du roman Deux et Demi de Faya Chidekh . L&#039;histoire d&#039;une math\u00e9maticienne renomm\u00e9e qui cherche la formule de l&#039;Amour.\" \/>\n<meta name=\"robots\" content=\"index, follow, max-snippet:-1, max-image-preview:large, max-video-preview:-1\" \/>\n<link rel=\"canonical\" href=\"https:\/\/fluxrecords.fr\/en\/lire-un-extrait-deux-et-demi\/\" \/>\n<meta property=\"og:locale\" content=\"en_US\" \/>\n<meta property=\"og:type\" content=\"article\" \/>\n<meta property=\"og:title\" content=\"Lire un extrait Deux Et Demi - FLUX RECORDS\" \/>\n<meta property=\"og:description\" content=\"Voici un extrait du roman Deux et Demi de Faya Chidekh . L&#039;histoire d&#039;une math\u00e9maticienne renomm\u00e9e qui cherche la formule de l&#039;Amour.\" \/>\n<meta property=\"og:url\" content=\"https:\/\/fluxrecords.fr\/en\/lire-un-extrait-deux-et-demi\/\" \/>\n<meta property=\"og:site_name\" content=\"FLUX RECORDS\" \/>\n<meta property=\"article:modified_time\" content=\"2026-02-20T11:26:14+00:00\" \/>\n<meta property=\"og:image\" content=\"https:\/\/fluxrecords.fr\/wp-content\/uploads\/2025\/11\/deux-et-demi-roman-web.jpg\" \/>\n\t<meta property=\"og:image:width\" content=\"346\" \/>\n\t<meta property=\"og:image:height\" content=\"552\" \/>\n\t<meta property=\"og:image:type\" content=\"image\/jpeg\" \/>\n<meta name=\"twitter:card\" content=\"summary_large_image\" \/>\n<meta name=\"twitter:label1\" content=\"Est. reading time\" \/>\n\t<meta name=\"twitter:data1\" content=\"2 minutes\" \/>\n<script type=\"application\/ld+json\" class=\"yoast-schema-graph\">{\"@context\":\"https:\\\/\\\/schema.org\",\"@graph\":[{\"@type\":\"WebPage\",\"@id\":\"https:\\\/\\\/fluxrecords.fr\\\/lire-un-extrait-deux-et-demi\\\/\",\"url\":\"https:\\\/\\\/fluxrecords.fr\\\/lire-un-extrait-deux-et-demi\\\/\",\"name\":\"Lire un extrait Deux Et Demi - FLUX RECORDS\",\"isPartOf\":{\"@id\":\"https:\\\/\\\/fluxrecords.fr\\\/#website\"},\"primaryImageOfPage\":{\"@id\":\"https:\\\/\\\/fluxrecords.fr\\\/lire-un-extrait-deux-et-demi\\\/#primaryimage\"},\"image\":{\"@id\":\"https:\\\/\\\/fluxrecords.fr\\\/lire-un-extrait-deux-et-demi\\\/#primaryimage\"},\"thumbnailUrl\":\"https:\\\/\\\/fluxrecords.fr\\\/wp-content\\\/uploads\\\/2025\\\/11\\\/deux-et-demi-roman-web.jpg\",\"datePublished\":\"2026-02-20T09:11:12+00:00\",\"dateModified\":\"2026-02-20T11:26:14+00:00\",\"description\":\"Voici un extrait du roman Deux et Demi de Faya Chidekh . L'histoire d'une math\u00e9maticienne renomm\u00e9e qui cherche la formule de l'Amour.\",\"breadcrumb\":{\"@id\":\"https:\\\/\\\/fluxrecords.fr\\\/lire-un-extrait-deux-et-demi\\\/#breadcrumb\"},\"inLanguage\":\"en-US\",\"potentialAction\":[{\"@type\":\"ReadAction\",\"target\":[\"https:\\\/\\\/fluxrecords.fr\\\/lire-un-extrait-deux-et-demi\\\/\"]}]},{\"@type\":\"ImageObject\",\"inLanguage\":\"en-US\",\"@id\":\"https:\\\/\\\/fluxrecords.fr\\\/lire-un-extrait-deux-et-demi\\\/#primaryimage\",\"url\":\"https:\\\/\\\/fluxrecords.fr\\\/wp-content\\\/uploads\\\/2025\\\/11\\\/deux-et-demi-roman-web.jpg\",\"contentUrl\":\"https:\\\/\\\/fluxrecords.fr\\\/wp-content\\\/uploads\\\/2025\\\/11\\\/deux-et-demi-roman-web.jpg\"},{\"@type\":\"BreadcrumbList\",\"@id\":\"https:\\\/\\\/fluxrecords.fr\\\/lire-un-extrait-deux-et-demi\\\/#breadcrumb\",\"itemListElement\":[{\"@type\":\"ListItem\",\"position\":1,\"name\":\"Accueil\",\"item\":\"https:\\\/\\\/fluxrecords.fr\\\/\"},{\"@type\":\"ListItem\",\"position\":2,\"name\":\"Lire un extrait Deux Et Demi\"}]},{\"@type\":\"WebSite\",\"@id\":\"https:\\\/\\\/fluxrecords.fr\\\/#website\",\"url\":\"https:\\\/\\\/fluxrecords.fr\\\/\",\"name\":\"FLUX RECORDS\",\"description\":\"FLUX Records\",\"publisher\":{\"@id\":\"https:\\\/\\\/fluxrecords.fr\\\/#organization\"},\"potentialAction\":[{\"@type\":\"SearchAction\",\"target\":{\"@type\":\"EntryPoint\",\"urlTemplate\":\"https:\\\/\\\/fluxrecords.fr\\\/?s={search_term_string}\"},\"query-input\":{\"@type\":\"PropertyValueSpecification\",\"valueRequired\":true,\"valueName\":\"search_term_string\"}}],\"inLanguage\":\"en-US\"},{\"@type\":\"Organization\",\"@id\":\"https:\\\/\\\/fluxrecords.fr\\\/#organization\",\"name\":\"FLUX RECORDS\",\"url\":\"https:\\\/\\\/fluxrecords.fr\\\/\",\"logo\":{\"@type\":\"ImageObject\",\"inLanguage\":\"en-US\",\"@id\":\"https:\\\/\\\/fluxrecords.fr\\\/#\\\/schema\\\/logo\\\/image\\\/\",\"url\":\"https:\\\/\\\/fluxrecords.fr\\\/wp-content\\\/uploads\\\/2025\\\/10\\\/symbole-noir.png\",\"contentUrl\":\"https:\\\/\\\/fluxrecords.fr\\\/wp-content\\\/uploads\\\/2025\\\/10\\\/symbole-noir.png\",\"width\":2280,\"height\":2016,\"caption\":\"FLUX RECORDS\"},\"image\":{\"@id\":\"https:\\\/\\\/fluxrecords.fr\\\/#\\\/schema\\\/logo\\\/image\\\/\"}}]}<\/script>\n<!-- \/ Yoast SEO plugin. -->","yoast_head_json":{"title":"Lire un extrait Deux Et Demi - FLUX RECORDS","description":"Voici un extrait du roman Deux et Demi de Faya Chidekh . L'histoire d'une math\u00e9maticienne renomm\u00e9e qui cherche la formule de l'Amour.","robots":{"index":"index","follow":"follow","max-snippet":"max-snippet:-1","max-image-preview":"max-image-preview:large","max-video-preview":"max-video-preview:-1"},"canonical":"https:\/\/fluxrecords.fr\/en\/lire-un-extrait-deux-et-demi\/","og_locale":"en_US","og_type":"article","og_title":"Lire un extrait Deux Et Demi - FLUX RECORDS","og_description":"Voici un extrait du roman Deux et Demi de Faya Chidekh . L'histoire d'une math\u00e9maticienne renomm\u00e9e qui cherche la formule de l'Amour.","og_url":"https:\/\/fluxrecords.fr\/en\/lire-un-extrait-deux-et-demi\/","og_site_name":"FLUX RECORDS","article_modified_time":"2026-02-20T11:26:14+00:00","og_image":[{"width":346,"height":552,"url":"https:\/\/fluxrecords.fr\/wp-content\/uploads\/2025\/11\/deux-et-demi-roman-web.jpg","type":"image\/jpeg"}],"twitter_card":"summary_large_image","twitter_misc":{"Est. reading time":"2 minutes"},"schema":{"@context":"https:\/\/schema.org","@graph":[{"@type":"WebPage","@id":"https:\/\/fluxrecords.fr\/lire-un-extrait-deux-et-demi\/","url":"https:\/\/fluxrecords.fr\/lire-un-extrait-deux-et-demi\/","name":"Lire un extrait Deux Et Demi - FLUX RECORDS","isPartOf":{"@id":"https:\/\/fluxrecords.fr\/#website"},"primaryImageOfPage":{"@id":"https:\/\/fluxrecords.fr\/lire-un-extrait-deux-et-demi\/#primaryimage"},"image":{"@id":"https:\/\/fluxrecords.fr\/lire-un-extrait-deux-et-demi\/#primaryimage"},"thumbnailUrl":"https:\/\/fluxrecords.fr\/wp-content\/uploads\/2025\/11\/deux-et-demi-roman-web.jpg","datePublished":"2026-02-20T09:11:12+00:00","dateModified":"2026-02-20T11:26:14+00:00","description":"Voici un extrait du roman Deux et Demi de Faya Chidekh . L'histoire d'une math\u00e9maticienne renomm\u00e9e qui cherche la formule de l'Amour.","breadcrumb":{"@id":"https:\/\/fluxrecords.fr\/lire-un-extrait-deux-et-demi\/#breadcrumb"},"inLanguage":"en-US","potentialAction":[{"@type":"ReadAction","target":["https:\/\/fluxrecords.fr\/lire-un-extrait-deux-et-demi\/"]}]},{"@type":"ImageObject","inLanguage":"en-US","@id":"https:\/\/fluxrecords.fr\/lire-un-extrait-deux-et-demi\/#primaryimage","url":"https:\/\/fluxrecords.fr\/wp-content\/uploads\/2025\/11\/deux-et-demi-roman-web.jpg","contentUrl":"https:\/\/fluxrecords.fr\/wp-content\/uploads\/2025\/11\/deux-et-demi-roman-web.jpg"},{"@type":"BreadcrumbList","@id":"https:\/\/fluxrecords.fr\/lire-un-extrait-deux-et-demi\/#breadcrumb","itemListElement":[{"@type":"ListItem","position":1,"name":"Accueil","item":"https:\/\/fluxrecords.fr\/"},{"@type":"ListItem","position":2,"name":"Lire un extrait Deux Et Demi"}]},{"@type":"WebSite","@id":"https:\/\/fluxrecords.fr\/#website","url":"https:\/\/fluxrecords.fr\/","name":"FLUX RECORDS","description":"FLUX Records","publisher":{"@id":"https:\/\/fluxrecords.fr\/#organization"},"potentialAction":[{"@type":"SearchAction","target":{"@type":"EntryPoint","urlTemplate":"https:\/\/fluxrecords.fr\/?s={search_term_string}"},"query-input":{"@type":"PropertyValueSpecification","valueRequired":true,"valueName":"search_term_string"}}],"inLanguage":"en-US"},{"@type":"Organization","@id":"https:\/\/fluxrecords.fr\/#organization","name":"FLUX RECORDS","url":"https:\/\/fluxrecords.fr\/","logo":{"@type":"ImageObject","inLanguage":"en-US","@id":"https:\/\/fluxrecords.fr\/#\/schema\/logo\/image\/","url":"https:\/\/fluxrecords.fr\/wp-content\/uploads\/2025\/10\/symbole-noir.png","contentUrl":"https:\/\/fluxrecords.fr\/wp-content\/uploads\/2025\/10\/symbole-noir.png","width":2280,"height":2016,"caption":"FLUX RECORDS"},"image":{"@id":"https:\/\/fluxrecords.fr\/#\/schema\/logo\/image\/"}}]}},"_links":{"self":[{"href":"https:\/\/fluxrecords.fr\/en\/wp-json\/wp\/v2\/pages\/5511","targetHints":{"allow":["GET"]}}],"collection":[{"href":"https:\/\/fluxrecords.fr\/en\/wp-json\/wp\/v2\/pages"}],"about":[{"href":"https:\/\/fluxrecords.fr\/en\/wp-json\/wp\/v2\/types\/page"}],"author":[{"embeddable":true,"href":"https:\/\/fluxrecords.fr\/en\/wp-json\/wp\/v2\/users\/1"}],"replies":[{"embeddable":true,"href":"https:\/\/fluxrecords.fr\/en\/wp-json\/wp\/v2\/comments?post=5511"}],"version-history":[{"count":14,"href":"https:\/\/fluxrecords.fr\/en\/wp-json\/wp\/v2\/pages\/5511\/revisions"}],"predecessor-version":[{"id":5581,"href":"https:\/\/fluxrecords.fr\/en\/wp-json\/wp\/v2\/pages\/5511\/revisions\/5581"}],"wp:attachment":[{"href":"https:\/\/fluxrecords.fr\/en\/wp-json\/wp\/v2\/media?parent=5511"}],"curies":[{"name":"wp","href":"https:\/\/api.w.org\/{rel}","templated":true}]}}