{"id":5545,"date":"2026-02-20T10:21:30","date_gmt":"2026-02-20T10:21:30","guid":{"rendered":"https:\/\/fluxrecords.fr\/?page_id=5545"},"modified":"2026-02-20T11:29:59","modified_gmt":"2026-02-20T11:29:59","slug":"lire-un-extrait-encore-un-dimanche","status":"publish","type":"page","link":"https:\/\/fluxrecords.fr\/en\/lire-un-extrait-encore-un-dimanche\/","title":{"rendered":"Lire un extrait Encore Un Dimanche"},"content":{"rendered":"<div class=\"wp-block-group alignfull is-layout-constrained wp-container-core-group-is-layout-92b9201d wp-block-group-is-layout-constrained\">\n<div class=\"wp-block-wpopus-icon-text wpopus-icon-text\">\n<div class=\"wp-block-group is-horizontal is-layout-flex wp-block-group-is-layout-flex\">\n<div class=\"wp-block-wpopus-icon\"><span style=\"height:42px;width:42px\" class=\"wpopus-icon\"><svg xmlns=\"http:\/\/www.w3.org\/2000\/svg\" width=\"512\" height=\"512\" viewbox=\"0 0 512 512\"><path d=\"M202.24,74C166.11,56.75,115.61,48.3,48,48h0a31.36,31.36,0,0,0-17.92,5.33A32,32,0,0,0,16,79.9V366c0,19.34,13.76,33.93,32,33.93,71.07,0,142.36,6.64,185.06,47a4.11,4.11,0,0,0,6.94-3V106.82a15.89,15.89,0,0,0-5.46-12A143,143,0,0,0,202.24,74Z\"\/><path d=\"M481.92,53.3A31.33,31.33,0,0,0,464,48h0c-67.61.3-118.11,8.71-154.24,26a143.31,143.31,0,0,0-32.31,20.78,15.93,15.93,0,0,0-5.45,12V443.91a3.93,3.93,0,0,0,6.68,2.81c25.67-25.5,70.72-46.82,185.36-46.81a32,32,0,0,0,32-32v-288A32,32,0,0,0,481.92,53.3Z\"\/><\/svg><\/span><\/div>\n\n\n\n<p class=\"\">Extract<\/p>\n<\/div>\n<\/div>\n\n\n\n<h3 class=\"wp-block-heading\">The Breakup<\/h3>\n\n\n\n<p class=\"has-black-color has-text-color has-link-color has-small-font-size wp-elements-00b47c78a62f2ad7956097ba7addd1d2\">Late October\u2026 We\u2019re driving at high speed in the pouring rain. The coastline is jagged under the harsh glare of streetlights, and the sea is inky black. The silence is heavy; Kim clings to the steering wheel like a rider to her reins, and every time we pass a streetlamp, I catch a glimpse of her beauty mark, right there at the base of her jaw. I have a crazy urge to touch it and caress her cheek, but I resist. Resisting\u2014that was the key!<\/p>\n\n\n\n<p class=\"has-black-color has-text-color has-link-color has-small-font-size wp-elements-cd12bd22680ec08459141be794259a3f\">A few minutes earlier, over a glass of delicious wine, my hands had gently moved away from hers and my mouth had uttered those dreaded words:<\/p>\n\n\n\n<p class=\"has-black-color has-text-color has-link-color has-small-font-size wp-elements-a89869be3a5dc46de42195ee9755e996\">\u00a0\"Kim, this has to stop. I'm leaving you and I don't want to see you anymore.\"<\/p>\n\n\n\n<p class=\"has-black-color has-text-color has-link-color has-small-font-size wp-elements-2cc30cfb2a75ea8182a4a2ba5d5a4d0b\">She smiled at me, but I could see she didn't believe me. She argued, but I remained deaf to her words. I slowly put on my gloves to signal that it was over. She stopped abruptly, took the last sip of her wine with a mechanical gesture, then stood up suddenly.<\/p>\n\n\n\n<p class=\"has-black-color has-text-color has-link-color has-system-font-family has-small-font-size wp-elements-fb0891deb62e2c666d68d054db617124\">Without a word, we went to her car, and the next moment we were in front of my house, the only music to this tragic and pathetic scene being the drums of the sky pounding against the poor car's bodywork. I discreetly wiped away my tears; she wanted my handkerchief as a souvenir; she would always keep it in her motorcycle jacket. God, how childish! God, how I love her!<\/p>\n\n\n\n<p class=\"has-black-color has-text-color has-link-color has-system-font-family has-small-font-size wp-elements-c5edefc816cb793ba8115d535892e509\">Je bondis hors de la voiture, ivre de douleur et, sous le d\u00e9luge assourdissant, lui murmure de loin : \u00a0\u00bb Adieu\u00a0\u00bb. Accroch\u00e9e au grillage du portail, je suis t\u00e9tanis\u00e9e et tremblante. Je tourne la t\u00eate une derni\u00e8re fois. Elle est sortie de la voiture, en pleurs et immobile, elle crie en silence: \u00a0\u00bb Je t&rsquo;aime !\u00a0\u00bb Une explosion en plein visage comme une r\u00e9v\u00e9lation.<\/p>\n<\/div>\n\n\n\n<p class=\"has-small-font-size\"><\/p>\n\n\n\n<hr class=\"wp-block-separator has-css-opacity is-style-default\"\/>\n\n\n\n<figure class=\"wp-block-image aligncenter size-full is-resized is-style-rounded\"><a href=\"https:\/\/www.amazon.fr\/stores\/Faya-Chidekh\/author\/B00VF4A19A?ref=ap_rdr&amp;shoppingPortalEnabled=true\" target=\"_blank\" rel=\" noreferrer noopener\"><img fetchpriority=\"high\" decoding=\"async\" width=\"346\" height=\"552\" src=\"https:\/\/fluxrecords.fr\/wp-content\/uploads\/2025\/11\/roman-encore-dimanche-web.jpg\" alt=\"couverture roman encore un dimanche\" class=\"wp-image-2837\" style=\"aspect-ratio:4\/3;object-fit:contain;width:150px\" title=\"Encore un dimanche\" srcset=\"https:\/\/fluxrecords.fr\/wp-content\/uploads\/2025\/11\/roman-encore-dimanche-web.jpg 346w, https:\/\/fluxrecords.fr\/wp-content\/uploads\/2025\/11\/roman-encore-dimanche-web-188x300.jpg 188w, https:\/\/fluxrecords.fr\/wp-content\/uploads\/2025\/11\/roman-encore-dimanche-web-8x12.jpg 8w\" sizes=\"(max-width: 346px) 100vw, 346px\" \/><\/a><\/figure>\n\n\n\n<blockquote class=\"wp-block-quote has-text-align-center is-style-large is-layout-flow wp-block-quote-is-layout-flow\">\n<p class=\"\">\u00ab&nbsp;la pure r\u00e9alit\u00e9 se trouve dans les r\u00eaves les plus fous.\u00bb<\/p>\n<cite>\u2014 Faya Chidekh, <em>A<a href=\"https:\/\/fluxrecords.fr\/en\/lauteure\/\" type=\"page\" id=\"207\">uteure<\/a><\/em><\/cite><\/blockquote>\n\n\n\n<hr class=\"wp-block-separator has-css-opacity is-style-default\"\/>\n\n\n\n<p class=\"\"><\/p>\n\n\n\n<p class=\"\"><\/p>","protected":false},"excerpt":{"rendered":"<p>La Rupture Fin octobre&#8230; Nous roulons \u00e0 vive allure sous une pluie battante. La c\u00f4te se d\u00e9chire sous les \u00e9clairages blafards et la mer est d&rsquo;un noir d&rsquo;encre. Le silence est pesant, Kim est accroch\u00e9e au volant comme une cavali\u00e8re \u00e0 ses r\u00eanes et, \u00e0 chaque passage sous un r\u00e9verb\u00e8re, je devine son grain de [&hellip;]<\/p>\n","protected":false},"author":1,"featured_media":0,"parent":0,"menu_order":0,"comment_status":"closed","ping_status":"closed","template":"wp-custom-template-l-ment-unique-article","meta":{"footnotes":""},"class_list":["post-5545","page","type-page","status-publish","hentry"],"yoast_head":"<!-- This site is optimized with the Yoast SEO plugin v27.3 - https:\/\/yoast.com\/product\/yoast-seo-wordpress\/ -->\n<title>Lire un extrait Encore Un Dimanche - FLUX RECORDS<\/title>\n<meta name=\"description\" content=\"Voici un extrait du roman Encore Un Dimanche de Faya Chidekh . L&#039;histoire d&#039;une math\u00e9maticienne renomm\u00e9e qui cherche la formule de l&#039;Amour.\" \/>\n<meta name=\"robots\" content=\"index, follow, max-snippet:-1, max-image-preview:large, max-video-preview:-1\" \/>\n<link rel=\"canonical\" href=\"https:\/\/fluxrecords.fr\/en\/lire-un-extrait-encore-un-dimanche\/\" \/>\n<meta property=\"og:locale\" content=\"en_US\" \/>\n<meta property=\"og:type\" content=\"article\" \/>\n<meta property=\"og:title\" content=\"Lire un extrait Encore Un Dimanche - FLUX RECORDS\" \/>\n<meta property=\"og:description\" content=\"Voici un extrait du roman Encore Un Dimanche de Faya Chidekh . L&#039;histoire d&#039;une math\u00e9maticienne renomm\u00e9e qui cherche la formule de l&#039;Amour.\" \/>\n<meta property=\"og:url\" content=\"https:\/\/fluxrecords.fr\/en\/lire-un-extrait-encore-un-dimanche\/\" \/>\n<meta property=\"og:site_name\" content=\"FLUX RECORDS\" \/>\n<meta property=\"article:modified_time\" content=\"2026-02-20T11:29:59+00:00\" \/>\n<meta property=\"og:image\" content=\"https:\/\/fluxrecords.fr\/wp-content\/uploads\/2025\/11\/roman-encore-dimanche-web.jpg\" \/>\n\t<meta property=\"og:image:width\" content=\"346\" \/>\n\t<meta property=\"og:image:height\" content=\"552\" \/>\n\t<meta property=\"og:image:type\" content=\"image\/jpeg\" \/>\n<meta name=\"twitter:card\" content=\"summary_large_image\" \/>\n<meta name=\"twitter:label1\" content=\"Est. reading time\" \/>\n\t<meta name=\"twitter:data1\" content=\"2 minutes\" \/>\n<script type=\"application\/ld+json\" class=\"yoast-schema-graph\">{\"@context\":\"https:\\\/\\\/schema.org\",\"@graph\":[{\"@type\":\"WebPage\",\"@id\":\"https:\\\/\\\/fluxrecords.fr\\\/lire-un-extrait-encore-un-dimanche\\\/\",\"url\":\"https:\\\/\\\/fluxrecords.fr\\\/lire-un-extrait-encore-un-dimanche\\\/\",\"name\":\"Lire un extrait Encore Un Dimanche - FLUX RECORDS\",\"isPartOf\":{\"@id\":\"https:\\\/\\\/fluxrecords.fr\\\/#website\"},\"primaryImageOfPage\":{\"@id\":\"https:\\\/\\\/fluxrecords.fr\\\/lire-un-extrait-encore-un-dimanche\\\/#primaryimage\"},\"image\":{\"@id\":\"https:\\\/\\\/fluxrecords.fr\\\/lire-un-extrait-encore-un-dimanche\\\/#primaryimage\"},\"thumbnailUrl\":\"https:\\\/\\\/fluxrecords.fr\\\/wp-content\\\/uploads\\\/2025\\\/11\\\/roman-encore-dimanche-web.jpg\",\"datePublished\":\"2026-02-20T10:21:30+00:00\",\"dateModified\":\"2026-02-20T11:29:59+00:00\",\"description\":\"Voici un extrait du roman Encore Un Dimanche de Faya Chidekh . L'histoire d'une math\u00e9maticienne renomm\u00e9e qui cherche la formule de l'Amour.\",\"breadcrumb\":{\"@id\":\"https:\\\/\\\/fluxrecords.fr\\\/lire-un-extrait-encore-un-dimanche\\\/#breadcrumb\"},\"inLanguage\":\"en-US\",\"potentialAction\":[{\"@type\":\"ReadAction\",\"target\":[\"https:\\\/\\\/fluxrecords.fr\\\/lire-un-extrait-encore-un-dimanche\\\/\"]}]},{\"@type\":\"ImageObject\",\"inLanguage\":\"en-US\",\"@id\":\"https:\\\/\\\/fluxrecords.fr\\\/lire-un-extrait-encore-un-dimanche\\\/#primaryimage\",\"url\":\"https:\\\/\\\/fluxrecords.fr\\\/wp-content\\\/uploads\\\/2025\\\/11\\\/roman-encore-dimanche-web.jpg\",\"contentUrl\":\"https:\\\/\\\/fluxrecords.fr\\\/wp-content\\\/uploads\\\/2025\\\/11\\\/roman-encore-dimanche-web.jpg\"},{\"@type\":\"BreadcrumbList\",\"@id\":\"https:\\\/\\\/fluxrecords.fr\\\/lire-un-extrait-encore-un-dimanche\\\/#breadcrumb\",\"itemListElement\":[{\"@type\":\"ListItem\",\"position\":1,\"name\":\"Accueil\",\"item\":\"https:\\\/\\\/fluxrecords.fr\\\/\"},{\"@type\":\"ListItem\",\"position\":2,\"name\":\"Lire un extrait Encore Un Dimanche\"}]},{\"@type\":\"WebSite\",\"@id\":\"https:\\\/\\\/fluxrecords.fr\\\/#website\",\"url\":\"https:\\\/\\\/fluxrecords.fr\\\/\",\"name\":\"FLUX RECORDS\",\"description\":\"FLUX Records\",\"publisher\":{\"@id\":\"https:\\\/\\\/fluxrecords.fr\\\/#organization\"},\"potentialAction\":[{\"@type\":\"SearchAction\",\"target\":{\"@type\":\"EntryPoint\",\"urlTemplate\":\"https:\\\/\\\/fluxrecords.fr\\\/?s={search_term_string}\"},\"query-input\":{\"@type\":\"PropertyValueSpecification\",\"valueRequired\":true,\"valueName\":\"search_term_string\"}}],\"inLanguage\":\"en-US\"},{\"@type\":\"Organization\",\"@id\":\"https:\\\/\\\/fluxrecords.fr\\\/#organization\",\"name\":\"FLUX RECORDS\",\"url\":\"https:\\\/\\\/fluxrecords.fr\\\/\",\"logo\":{\"@type\":\"ImageObject\",\"inLanguage\":\"en-US\",\"@id\":\"https:\\\/\\\/fluxrecords.fr\\\/#\\\/schema\\\/logo\\\/image\\\/\",\"url\":\"https:\\\/\\\/fluxrecords.fr\\\/wp-content\\\/uploads\\\/2025\\\/10\\\/symbole-noir.png\",\"contentUrl\":\"https:\\\/\\\/fluxrecords.fr\\\/wp-content\\\/uploads\\\/2025\\\/10\\\/symbole-noir.png\",\"width\":2280,\"height\":2016,\"caption\":\"FLUX RECORDS\"},\"image\":{\"@id\":\"https:\\\/\\\/fluxrecords.fr\\\/#\\\/schema\\\/logo\\\/image\\\/\"}}]}<\/script>\n<!-- \/ Yoast SEO plugin. -->","yoast_head_json":{"title":"Lire un extrait Encore Un Dimanche - FLUX RECORDS","description":"Voici un extrait du roman Encore Un Dimanche de Faya Chidekh . L'histoire d'une math\u00e9maticienne renomm\u00e9e qui cherche la formule de l'Amour.","robots":{"index":"index","follow":"follow","max-snippet":"max-snippet:-1","max-image-preview":"max-image-preview:large","max-video-preview":"max-video-preview:-1"},"canonical":"https:\/\/fluxrecords.fr\/en\/lire-un-extrait-encore-un-dimanche\/","og_locale":"en_US","og_type":"article","og_title":"Lire un extrait Encore Un Dimanche - FLUX RECORDS","og_description":"Voici un extrait du roman Encore Un Dimanche de Faya Chidekh . L'histoire d'une math\u00e9maticienne renomm\u00e9e qui cherche la formule de l'Amour.","og_url":"https:\/\/fluxrecords.fr\/en\/lire-un-extrait-encore-un-dimanche\/","og_site_name":"FLUX RECORDS","article_modified_time":"2026-02-20T11:29:59+00:00","og_image":[{"width":346,"height":552,"url":"https:\/\/fluxrecords.fr\/wp-content\/uploads\/2025\/11\/roman-encore-dimanche-web.jpg","type":"image\/jpeg"}],"twitter_card":"summary_large_image","twitter_misc":{"Est. reading time":"2 minutes"},"schema":{"@context":"https:\/\/schema.org","@graph":[{"@type":"WebPage","@id":"https:\/\/fluxrecords.fr\/lire-un-extrait-encore-un-dimanche\/","url":"https:\/\/fluxrecords.fr\/lire-un-extrait-encore-un-dimanche\/","name":"Lire un extrait Encore Un Dimanche - FLUX RECORDS","isPartOf":{"@id":"https:\/\/fluxrecords.fr\/#website"},"primaryImageOfPage":{"@id":"https:\/\/fluxrecords.fr\/lire-un-extrait-encore-un-dimanche\/#primaryimage"},"image":{"@id":"https:\/\/fluxrecords.fr\/lire-un-extrait-encore-un-dimanche\/#primaryimage"},"thumbnailUrl":"https:\/\/fluxrecords.fr\/wp-content\/uploads\/2025\/11\/roman-encore-dimanche-web.jpg","datePublished":"2026-02-20T10:21:30+00:00","dateModified":"2026-02-20T11:29:59+00:00","description":"Voici un extrait du roman Encore Un Dimanche de Faya Chidekh . L'histoire d'une math\u00e9maticienne renomm\u00e9e qui cherche la formule de l'Amour.","breadcrumb":{"@id":"https:\/\/fluxrecords.fr\/lire-un-extrait-encore-un-dimanche\/#breadcrumb"},"inLanguage":"en-US","potentialAction":[{"@type":"ReadAction","target":["https:\/\/fluxrecords.fr\/lire-un-extrait-encore-un-dimanche\/"]}]},{"@type":"ImageObject","inLanguage":"en-US","@id":"https:\/\/fluxrecords.fr\/lire-un-extrait-encore-un-dimanche\/#primaryimage","url":"https:\/\/fluxrecords.fr\/wp-content\/uploads\/2025\/11\/roman-encore-dimanche-web.jpg","contentUrl":"https:\/\/fluxrecords.fr\/wp-content\/uploads\/2025\/11\/roman-encore-dimanche-web.jpg"},{"@type":"BreadcrumbList","@id":"https:\/\/fluxrecords.fr\/lire-un-extrait-encore-un-dimanche\/#breadcrumb","itemListElement":[{"@type":"ListItem","position":1,"name":"Accueil","item":"https:\/\/fluxrecords.fr\/"},{"@type":"ListItem","position":2,"name":"Lire un extrait Encore Un Dimanche"}]},{"@type":"WebSite","@id":"https:\/\/fluxrecords.fr\/#website","url":"https:\/\/fluxrecords.fr\/","name":"FLUX RECORDS","description":"FLUX Records","publisher":{"@id":"https:\/\/fluxrecords.fr\/#organization"},"potentialAction":[{"@type":"SearchAction","target":{"@type":"EntryPoint","urlTemplate":"https:\/\/fluxrecords.fr\/?s={search_term_string}"},"query-input":{"@type":"PropertyValueSpecification","valueRequired":true,"valueName":"search_term_string"}}],"inLanguage":"en-US"},{"@type":"Organization","@id":"https:\/\/fluxrecords.fr\/#organization","name":"FLUX RECORDS","url":"https:\/\/fluxrecords.fr\/","logo":{"@type":"ImageObject","inLanguage":"en-US","@id":"https:\/\/fluxrecords.fr\/#\/schema\/logo\/image\/","url":"https:\/\/fluxrecords.fr\/wp-content\/uploads\/2025\/10\/symbole-noir.png","contentUrl":"https:\/\/fluxrecords.fr\/wp-content\/uploads\/2025\/10\/symbole-noir.png","width":2280,"height":2016,"caption":"FLUX RECORDS"},"image":{"@id":"https:\/\/fluxrecords.fr\/#\/schema\/logo\/image\/"}}]}},"_links":{"self":[{"href":"https:\/\/fluxrecords.fr\/en\/wp-json\/wp\/v2\/pages\/5545","targetHints":{"allow":["GET"]}}],"collection":[{"href":"https:\/\/fluxrecords.fr\/en\/wp-json\/wp\/v2\/pages"}],"about":[{"href":"https:\/\/fluxrecords.fr\/en\/wp-json\/wp\/v2\/types\/page"}],"author":[{"embeddable":true,"href":"https:\/\/fluxrecords.fr\/en\/wp-json\/wp\/v2\/users\/1"}],"replies":[{"embeddable":true,"href":"https:\/\/fluxrecords.fr\/en\/wp-json\/wp\/v2\/comments?post=5545"}],"version-history":[{"count":9,"href":"https:\/\/fluxrecords.fr\/en\/wp-json\/wp\/v2\/pages\/5545\/revisions"}],"predecessor-version":[{"id":5584,"href":"https:\/\/fluxrecords.fr\/en\/wp-json\/wp\/v2\/pages\/5545\/revisions\/5584"}],"wp:attachment":[{"href":"https:\/\/fluxrecords.fr\/en\/wp-json\/wp\/v2\/media?parent=5545"}],"curies":[{"name":"wp","href":"https:\/\/api.w.org\/{rel}","templated":true}]}}