{"id":5565,"date":"2026-02-20T10:59:05","date_gmt":"2026-02-20T10:59:05","guid":{"rendered":"https:\/\/fluxrecords.fr\/?page_id=5565"},"modified":"2026-02-20T11:33:52","modified_gmt":"2026-02-20T11:33:52","slug":"lire-un-extrait-la-louve","status":"publish","type":"page","link":"https:\/\/fluxrecords.fr\/en\/lire-un-extrait-la-louve\/","title":{"rendered":"Lire un extrait La Louve"},"content":{"rendered":"<div class=\"wp-block-group alignfull is-layout-constrained wp-container-core-group-is-layout-92b9201d wp-block-group-is-layout-constrained\">\n<div class=\"wp-block-wpopus-icon-text wpopus-icon-text\">\n<div class=\"wp-block-group is-horizontal is-layout-flex wp-block-group-is-layout-flex\">\n<div class=\"wp-block-wpopus-icon\"><span style=\"height:42px;width:42px\" class=\"wpopus-icon\"><svg xmlns=\"http:\/\/www.w3.org\/2000\/svg\" width=\"512\" height=\"512\" viewbox=\"0 0 512 512\"><path d=\"M202.24,74C166.11,56.75,115.61,48.3,48,48h0a31.36,31.36,0,0,0-17.92,5.33A32,32,0,0,0,16,79.9V366c0,19.34,13.76,33.93,32,33.93,71.07,0,142.36,6.64,185.06,47a4.11,4.11,0,0,0,6.94-3V106.82a15.89,15.89,0,0,0-5.46-12A143,143,0,0,0,202.24,74Z\"\/><path d=\"M481.92,53.3A31.33,31.33,0,0,0,464,48h0c-67.61.3-118.11,8.71-154.24,26a143.31,143.31,0,0,0-32.31,20.78,15.93,15.93,0,0,0-5.45,12V443.91a3.93,3.93,0,0,0,6.68,2.81c25.67-25.5,70.72-46.82,185.36-46.81a32,32,0,0,0,32-32v-288A32,32,0,0,0,481.92,53.3Z\"\/><\/svg><\/span><\/div>\n\n\n\n<p class=\"\">Extract<\/p>\n<\/div>\n<\/div>\n\n\n\n<h3 class=\"wp-block-heading\">The Sound of the Boomerang<\/h3>\n\n\n\n<p class=\"has-black-color has-text-color has-link-color has-small-font-size wp-elements-bbfb7e9ae990380a5b0637746f5a20ce\">Once again, the same phrase reached my ears.<\/p>\n\n\n\n<p class=\"has-black-color has-text-color has-link-color has-small-font-size wp-elements-292b43bd2696a5df7ed2de6766ea3006\">\"How excessive you are!\" Caroline exclaimed as we entered the dimly lit living room.<\/p>\n\n\n\n<p class=\"has-black-color has-text-color has-link-color has-small-font-size wp-elements-4bda28de19a698e333dec95088e1b69b\">Caroline had been my partner for two years, and this was the first time I'd ever seen her so irritable and nervous. Usually so calm and composed, she sat down in the most uncomfortable chair in the room and absently fiddled with her watch. All evening at the restaurant, she had teased me, goaded me, provoked me as if she were looking for an argument.<\/p>\n\n\n\n<p class=\"has-black-color has-text-color has-link-color has-small-font-size wp-elements-f0a9a9cf9c80c1ef591b1bb9f0eae3d4\">I knelt before her, close, very close. I looked into her eyes, intently, trying to calm her. My hands rested on her knees, and I felt an intense heat in my palms.<\/p>\n\n\n\n<p class=\"has-black-color has-text-color has-link-color has-small-font-size wp-elements-b9a9450b1131505cebd92ef118fb977a\">\"What are you doing?\" she said to me, her eyes downcast and her breath short.<\/p>\n\n\n\n<p class=\"has-black-color has-text-color has-link-color has-small-font-size wp-elements-449c1724fd5efe44b8a2b344e5949da0\">I remained in the same position, motionless and silent.<\/p>\n\n\n\n<p class=\"has-black-color has-text-color has-link-color has-small-font-size wp-elements-294f141c8be991da72f456ef0f86e346\">\"You know you have a very special look, Feema. Just like your name, actually. When you look at me like that, I can't take my eyes off you. I'm even afraid that if I blink, you'll fly away!\"<\/p>\n\n\n\n<p class=\"has-black-color has-text-color has-link-color has-small-font-size wp-elements-a47f1eac461b69cd3ba85b84cad8df76\">I smiled slightly while Caroline frowned, still gazing into my eyes. I stood up abruptly, shook the dust off my knees, and settled comfortably on the chocolate-colored sofa opposite the large bay window overlooking the garden.<\/p>\n\n\n\n<p class=\"has-black-color has-text-color has-link-color has-small-font-size wp-elements-0bd4629fb891bb10d3b1ebeab9c9d702\">\u2014 Speak to me, please! Caroline's request had something vital, essential about it.<\/p>\n\n\n\n<p class=\"has-black-color has-text-color has-link-color has-small-font-size wp-elements-451e4473cb63f40553c704707d77ad0c\">\"Whether I speak or not, it's the same thing, it won't change anything,\" I replied.<\/p>\n\n\n\n<p class=\"has-black-color has-text-color has-link-color has-system-font-family has-small-font-size wp-elements-c743e82be00691f4f0e591929e6df723\">\u201cNo, it\u2019s not true!\u201d cried Caroline, as a dog barked nearby. The overlapping of the two \u201cvoices\u201d was sublime and perfectly synchronized. This blend captivated my attention, and I almost forgot the solemnity of the moment.<\/p>\n\n\n\n<p class=\"has-black-color has-text-color has-link-color has-small-font-size wp-elements-bdf74bd06dbea6fab65b7fedc1e79575\">\u2014 When you talk to me, I feel like I'm the most important person in the world and that you're there for me, only for me. You know what I mean?<\/p>\n\n\n\n<p class=\"has-black-color has-text-color has-link-color has-small-font-size wp-elements-04678df5ad5814bd98d90383cfd9d48c\">The beauty of her voice alone immediately brought me back to the center of the living room.<\/p>\n\n\n\n<p class=\"has-black-color has-text-color has-link-color has-small-font-size wp-elements-6fcceb978807b68c7be2b446e98d4e85\">\u2014 And at the same time, what surprises me most about you is the quality of your silence. Or rather, I should say the purity of your breath and your presence. Beside you, my breath deepens, my hands loosen, and my chest expands. I feel like smiling all the time.<\/p>\n\n\n\n<p class=\"has-black-color has-text-color has-link-color has-small-font-size wp-elements-40fb6f381ee0d594b17000399097b7b3\">I had kept my eyes closed throughout her entire tirade, and just as I turned my head to look at her, she asked me:<\/p>\n\n\n\n<p class=\"has-black-color has-text-color has-link-color has-small-font-size wp-elements-80371048bbc7d228286c060a2a72e655\">\u2014 What are you thinking about?<\/p>\n\n\n\n<p class=\"has-black-color has-text-color has-link-color has-small-font-size wp-elements-db57bbd1f9adf515ce07d2e5b79d75b0\">Without thinking for a second, I replied in a warm and very soft voice:<\/p>\n\n\n\n<p class=\"has-black-color has-text-color has-link-color has-small-font-size wp-elements-ec5f1b7b9cf0e3fa7c194cf212ff9e95\">-Je trouve tr\u00e8s douloureux d\u2019\u00eatre \u00e0 c\u00f4t\u00e9 de la personne que l\u2019on aime le plus au monde et de se sentir aussi seule.<\/p>\n\n\n\n<p class=\"has-black-color has-text-color has-link-color has-system-font-family has-small-font-size wp-elements-4655ce0db12738988b5493c6e9edf505\">Caroline collapsed and immediately began to cry her eyes out.<\/p>\n<\/div>\n\n\n\n<p class=\"\"><\/p>\n\n\n\n<hr class=\"wp-block-separator has-css-opacity is-style-default\"\/>\n\n\n\n<figure class=\"wp-block-image aligncenter size-full is-resized is-style-rounded\"><a href=\"https:\/\/www.amazon.fr\/stores\/Faya-Chidekh\/author\/B00VF4A19A?ref=ap_rdr&amp;shoppingPortalEnabled=true\" target=\"_blank\" rel=\" noreferrer noopener\"><img fetchpriority=\"high\" decoding=\"async\" width=\"376\" height=\"600\" src=\"https:\/\/fluxrecords.fr\/wp-content\/uploads\/2025\/11\/la-louve-roman-web.jpg\" alt=\"la louve roman \" class=\"wp-image-2830\" style=\"aspect-ratio:4\/3;object-fit:contain;width:150px\" title=\"La Louve Roman\" srcset=\"https:\/\/fluxrecords.fr\/wp-content\/uploads\/2025\/11\/la-louve-roman-web.jpg 376w, https:\/\/fluxrecords.fr\/wp-content\/uploads\/2025\/11\/la-louve-roman-web-188x300.jpg 188w, https:\/\/fluxrecords.fr\/wp-content\/uploads\/2025\/11\/la-louve-roman-web-8x12.jpg 8w\" sizes=\"(max-width: 376px) 100vw, 376px\" \/><\/a><\/figure>\n\n\n\n<blockquote class=\"wp-block-quote has-text-align-center is-style-large is-layout-flow wp-block-quote-is-layout-flow\">\n<p class=\"\">\u00ab&nbsp;Je suis diff\u00e9rente parce qu&rsquo;ils sont tous pareils\u00bb<\/p>\n<cite>\u2014 Faya Chidekh, <em><a href=\"https:\/\/fluxrecords.fr\/en\/lauteure\/\" type=\"page\" id=\"207\" target=\"_blank\" rel=\"noreferrer noopener\">Auteure<\/a><\/em><\/cite><\/blockquote>\n\n\n\n<hr class=\"wp-block-separator has-css-opacity is-style-default\"\/>\n\n\n\n<div style=\"height:100px\" aria-hidden=\"true\" class=\"wp-block-spacer\"><\/div>","protected":false},"excerpt":{"rendered":"<p>Le Son du Boomerang Encore une fois, la m\u00eame phrase parvenait \u00e0 mes oreilles. \u2014 Qu&rsquo;est-ce que tu es excessive ! me lan\u00e7a Caroline alors que nous rentrions dans le salon \u00e0 peine \u00e9clair\u00e9. Caroline partageait ma vie depuis deux ans, et c&rsquo;\u00e9tait la premi\u00e8re fois que je la voyais irrit\u00e9e et nerveuse. D&rsquo;habitude si [&hellip;]<\/p>\n","protected":false},"author":1,"featured_media":0,"parent":0,"menu_order":0,"comment_status":"closed","ping_status":"closed","template":"wp-custom-template-l-ment-unique-article","meta":{"footnotes":""},"class_list":["post-5565","page","type-page","status-publish","hentry"],"yoast_head":"<!-- This site is optimized with the Yoast SEO plugin v27.3 - https:\/\/yoast.com\/product\/yoast-seo-wordpress\/ -->\n<title>Lire un extrait La Louve - FLUX RECORDS<\/title>\n<meta name=\"description\" content=\"Lire un extrait du roman La Louve de Faya Chidekh . L&#039;histoire d&#039;une artiste autiste qui voit sa mission de vie se r\u00e9v\u00e9ler.\" \/>\n<meta name=\"robots\" content=\"index, follow, max-snippet:-1, max-image-preview:large, max-video-preview:-1\" \/>\n<link rel=\"canonical\" href=\"https:\/\/fluxrecords.fr\/en\/lire-un-extrait-la-louve\/\" \/>\n<meta property=\"og:locale\" content=\"en_US\" \/>\n<meta property=\"og:type\" content=\"article\" \/>\n<meta property=\"og:title\" content=\"Lire un extrait La Louve - FLUX RECORDS\" \/>\n<meta property=\"og:description\" content=\"Lire un extrait du roman La Louve de Faya Chidekh . L&#039;histoire d&#039;une artiste autiste qui voit sa mission de vie se r\u00e9v\u00e9ler.\" \/>\n<meta property=\"og:url\" content=\"https:\/\/fluxrecords.fr\/en\/lire-un-extrait-la-louve\/\" \/>\n<meta property=\"og:site_name\" content=\"FLUX RECORDS\" \/>\n<meta property=\"article:modified_time\" content=\"2026-02-20T11:33:52+00:00\" \/>\n<meta property=\"og:image\" content=\"https:\/\/fluxrecords.fr\/wp-content\/uploads\/2025\/11\/la-louve-roman-web.jpg\" \/>\n\t<meta property=\"og:image:width\" content=\"376\" \/>\n\t<meta property=\"og:image:height\" content=\"600\" \/>\n\t<meta property=\"og:image:type\" content=\"image\/jpeg\" \/>\n<meta name=\"twitter:card\" content=\"summary_large_image\" \/>\n<meta name=\"twitter:label1\" content=\"Est. reading time\" \/>\n\t<meta name=\"twitter:data1\" content=\"3 minutes\" \/>\n<script type=\"application\/ld+json\" class=\"yoast-schema-graph\">{\"@context\":\"https:\\\/\\\/schema.org\",\"@graph\":[{\"@type\":\"WebPage\",\"@id\":\"https:\\\/\\\/fluxrecords.fr\\\/lire-un-extrait-la-louve\\\/\",\"url\":\"https:\\\/\\\/fluxrecords.fr\\\/lire-un-extrait-la-louve\\\/\",\"name\":\"Lire un extrait La Louve - FLUX RECORDS\",\"isPartOf\":{\"@id\":\"https:\\\/\\\/fluxrecords.fr\\\/#website\"},\"primaryImageOfPage\":{\"@id\":\"https:\\\/\\\/fluxrecords.fr\\\/lire-un-extrait-la-louve\\\/#primaryimage\"},\"image\":{\"@id\":\"https:\\\/\\\/fluxrecords.fr\\\/lire-un-extrait-la-louve\\\/#primaryimage\"},\"thumbnailUrl\":\"https:\\\/\\\/fluxrecords.fr\\\/wp-content\\\/uploads\\\/2025\\\/11\\\/la-louve-roman-web.jpg\",\"datePublished\":\"2026-02-20T10:59:05+00:00\",\"dateModified\":\"2026-02-20T11:33:52+00:00\",\"description\":\"Lire un extrait du roman La Louve de Faya Chidekh . L'histoire d'une artiste autiste qui voit sa mission de vie se r\u00e9v\u00e9ler.\",\"breadcrumb\":{\"@id\":\"https:\\\/\\\/fluxrecords.fr\\\/lire-un-extrait-la-louve\\\/#breadcrumb\"},\"inLanguage\":\"en-US\",\"potentialAction\":[{\"@type\":\"ReadAction\",\"target\":[\"https:\\\/\\\/fluxrecords.fr\\\/lire-un-extrait-la-louve\\\/\"]}]},{\"@type\":\"ImageObject\",\"inLanguage\":\"en-US\",\"@id\":\"https:\\\/\\\/fluxrecords.fr\\\/lire-un-extrait-la-louve\\\/#primaryimage\",\"url\":\"https:\\\/\\\/fluxrecords.fr\\\/wp-content\\\/uploads\\\/2025\\\/11\\\/la-louve-roman-web.jpg\",\"contentUrl\":\"https:\\\/\\\/fluxrecords.fr\\\/wp-content\\\/uploads\\\/2025\\\/11\\\/la-louve-roman-web.jpg\"},{\"@type\":\"BreadcrumbList\",\"@id\":\"https:\\\/\\\/fluxrecords.fr\\\/lire-un-extrait-la-louve\\\/#breadcrumb\",\"itemListElement\":[{\"@type\":\"ListItem\",\"position\":1,\"name\":\"Accueil\",\"item\":\"https:\\\/\\\/fluxrecords.fr\\\/\"},{\"@type\":\"ListItem\",\"position\":2,\"name\":\"Lire un extrait La Louve\"}]},{\"@type\":\"WebSite\",\"@id\":\"https:\\\/\\\/fluxrecords.fr\\\/#website\",\"url\":\"https:\\\/\\\/fluxrecords.fr\\\/\",\"name\":\"FLUX RECORDS\",\"description\":\"FLUX Records\",\"publisher\":{\"@id\":\"https:\\\/\\\/fluxrecords.fr\\\/#organization\"},\"potentialAction\":[{\"@type\":\"SearchAction\",\"target\":{\"@type\":\"EntryPoint\",\"urlTemplate\":\"https:\\\/\\\/fluxrecords.fr\\\/?s={search_term_string}\"},\"query-input\":{\"@type\":\"PropertyValueSpecification\",\"valueRequired\":true,\"valueName\":\"search_term_string\"}}],\"inLanguage\":\"en-US\"},{\"@type\":\"Organization\",\"@id\":\"https:\\\/\\\/fluxrecords.fr\\\/#organization\",\"name\":\"FLUX RECORDS\",\"url\":\"https:\\\/\\\/fluxrecords.fr\\\/\",\"logo\":{\"@type\":\"ImageObject\",\"inLanguage\":\"en-US\",\"@id\":\"https:\\\/\\\/fluxrecords.fr\\\/#\\\/schema\\\/logo\\\/image\\\/\",\"url\":\"https:\\\/\\\/fluxrecords.fr\\\/wp-content\\\/uploads\\\/2025\\\/10\\\/symbole-noir.png\",\"contentUrl\":\"https:\\\/\\\/fluxrecords.fr\\\/wp-content\\\/uploads\\\/2025\\\/10\\\/symbole-noir.png\",\"width\":2280,\"height\":2016,\"caption\":\"FLUX RECORDS\"},\"image\":{\"@id\":\"https:\\\/\\\/fluxrecords.fr\\\/#\\\/schema\\\/logo\\\/image\\\/\"}}]}<\/script>\n<!-- \/ Yoast SEO plugin. -->","yoast_head_json":{"title":"Lire un extrait La Louve - FLUX RECORDS","description":"Lire un extrait du roman La Louve de Faya Chidekh . L'histoire d'une artiste autiste qui voit sa mission de vie se r\u00e9v\u00e9ler.","robots":{"index":"index","follow":"follow","max-snippet":"max-snippet:-1","max-image-preview":"max-image-preview:large","max-video-preview":"max-video-preview:-1"},"canonical":"https:\/\/fluxrecords.fr\/en\/lire-un-extrait-la-louve\/","og_locale":"en_US","og_type":"article","og_title":"Lire un extrait La Louve - FLUX RECORDS","og_description":"Lire un extrait du roman La Louve de Faya Chidekh . L'histoire d'une artiste autiste qui voit sa mission de vie se r\u00e9v\u00e9ler.","og_url":"https:\/\/fluxrecords.fr\/en\/lire-un-extrait-la-louve\/","og_site_name":"FLUX RECORDS","article_modified_time":"2026-02-20T11:33:52+00:00","og_image":[{"width":376,"height":600,"url":"https:\/\/fluxrecords.fr\/wp-content\/uploads\/2025\/11\/la-louve-roman-web.jpg","type":"image\/jpeg"}],"twitter_card":"summary_large_image","twitter_misc":{"Est. reading time":"3 minutes"},"schema":{"@context":"https:\/\/schema.org","@graph":[{"@type":"WebPage","@id":"https:\/\/fluxrecords.fr\/lire-un-extrait-la-louve\/","url":"https:\/\/fluxrecords.fr\/lire-un-extrait-la-louve\/","name":"Lire un extrait La Louve - FLUX RECORDS","isPartOf":{"@id":"https:\/\/fluxrecords.fr\/#website"},"primaryImageOfPage":{"@id":"https:\/\/fluxrecords.fr\/lire-un-extrait-la-louve\/#primaryimage"},"image":{"@id":"https:\/\/fluxrecords.fr\/lire-un-extrait-la-louve\/#primaryimage"},"thumbnailUrl":"https:\/\/fluxrecords.fr\/wp-content\/uploads\/2025\/11\/la-louve-roman-web.jpg","datePublished":"2026-02-20T10:59:05+00:00","dateModified":"2026-02-20T11:33:52+00:00","description":"Lire un extrait du roman La Louve de Faya Chidekh . L'histoire d'une artiste autiste qui voit sa mission de vie se r\u00e9v\u00e9ler.","breadcrumb":{"@id":"https:\/\/fluxrecords.fr\/lire-un-extrait-la-louve\/#breadcrumb"},"inLanguage":"en-US","potentialAction":[{"@type":"ReadAction","target":["https:\/\/fluxrecords.fr\/lire-un-extrait-la-louve\/"]}]},{"@type":"ImageObject","inLanguage":"en-US","@id":"https:\/\/fluxrecords.fr\/lire-un-extrait-la-louve\/#primaryimage","url":"https:\/\/fluxrecords.fr\/wp-content\/uploads\/2025\/11\/la-louve-roman-web.jpg","contentUrl":"https:\/\/fluxrecords.fr\/wp-content\/uploads\/2025\/11\/la-louve-roman-web.jpg"},{"@type":"BreadcrumbList","@id":"https:\/\/fluxrecords.fr\/lire-un-extrait-la-louve\/#breadcrumb","itemListElement":[{"@type":"ListItem","position":1,"name":"Accueil","item":"https:\/\/fluxrecords.fr\/"},{"@type":"ListItem","position":2,"name":"Lire un extrait La Louve"}]},{"@type":"WebSite","@id":"https:\/\/fluxrecords.fr\/#website","url":"https:\/\/fluxrecords.fr\/","name":"FLUX RECORDS","description":"FLUX Records","publisher":{"@id":"https:\/\/fluxrecords.fr\/#organization"},"potentialAction":[{"@type":"SearchAction","target":{"@type":"EntryPoint","urlTemplate":"https:\/\/fluxrecords.fr\/?s={search_term_string}"},"query-input":{"@type":"PropertyValueSpecification","valueRequired":true,"valueName":"search_term_string"}}],"inLanguage":"en-US"},{"@type":"Organization","@id":"https:\/\/fluxrecords.fr\/#organization","name":"FLUX RECORDS","url":"https:\/\/fluxrecords.fr\/","logo":{"@type":"ImageObject","inLanguage":"en-US","@id":"https:\/\/fluxrecords.fr\/#\/schema\/logo\/image\/","url":"https:\/\/fluxrecords.fr\/wp-content\/uploads\/2025\/10\/symbole-noir.png","contentUrl":"https:\/\/fluxrecords.fr\/wp-content\/uploads\/2025\/10\/symbole-noir.png","width":2280,"height":2016,"caption":"FLUX RECORDS"},"image":{"@id":"https:\/\/fluxrecords.fr\/#\/schema\/logo\/image\/"}}]}},"_links":{"self":[{"href":"https:\/\/fluxrecords.fr\/en\/wp-json\/wp\/v2\/pages\/5565","targetHints":{"allow":["GET"]}}],"collection":[{"href":"https:\/\/fluxrecords.fr\/en\/wp-json\/wp\/v2\/pages"}],"about":[{"href":"https:\/\/fluxrecords.fr\/en\/wp-json\/wp\/v2\/types\/page"}],"author":[{"embeddable":true,"href":"https:\/\/fluxrecords.fr\/en\/wp-json\/wp\/v2\/users\/1"}],"replies":[{"embeddable":true,"href":"https:\/\/fluxrecords.fr\/en\/wp-json\/wp\/v2\/comments?post=5565"}],"version-history":[{"count":10,"href":"https:\/\/fluxrecords.fr\/en\/wp-json\/wp\/v2\/pages\/5565\/revisions"}],"predecessor-version":[{"id":5587,"href":"https:\/\/fluxrecords.fr\/en\/wp-json\/wp\/v2\/pages\/5565\/revisions\/5587"}],"wp:attachment":[{"href":"https:\/\/fluxrecords.fr\/en\/wp-json\/wp\/v2\/media?parent=5565"}],"curies":[{"name":"wp","href":"https:\/\/api.w.org\/{rel}","templated":true}]}}