{"id":5853,"date":"2026-02-21T16:58:04","date_gmt":"2026-02-21T16:58:04","guid":{"rendered":"https:\/\/fluxrecords.fr\/?page_id=5853"},"modified":"2026-02-21T19:10:19","modified_gmt":"2026-02-21T19:10:19","slug":"newsletter-de-faya-chidekh","status":"publish","type":"page","link":"https:\/\/fluxrecords.fr\/en\/newsletter-de-faya-chidekh\/","title":{"rendered":"Newsletter de Faya Chidekh"},"content":{"rendered":"\n<h2 class=\"wp-block-heading has-text-align-center\">Newsletter de Faya Chidekh<\/h2>\n\n\n  \n  \n  <div class=\"\n    mailpoet_form_popup_overlay\n      \"><\/div>\n  <div\n    id=\"mailpoet_form_1\"\n    class=\"\n      mailpoet_form\n      mailpoet_form_html\n      mailpoet_form_position_\n      mailpoet_form_animation_\n    \"\n      >\n\n    <style type=\"text\/css\">\n     #mailpoet_form_1 .mailpoet_form {  }\n#mailpoet_form_1 form { margin-bottom: 0; }\n#mailpoet_form_1 p.mailpoet_form_paragraph { margin-bottom: 10px; }\n#mailpoet_form_1 .mailpoet_column_with_background { padding: 10px; }\n#mailpoet_form_1 .mailpoet_form_column:not(:first-child) { margin-left: 20px; }\n#mailpoet_form_1 .mailpoet_paragraph { line-height: 20px; margin-bottom: 20px; }\n#mailpoet_form_1 .mailpoet_segment_label, #mailpoet_form_1 .mailpoet_text_label, #mailpoet_form_1 .mailpoet_textarea_label, #mailpoet_form_1 .mailpoet_select_label, #mailpoet_form_1 .mailpoet_radio_label, #mailpoet_form_1 .mailpoet_checkbox_label, #mailpoet_form_1 .mailpoet_list_label, #mailpoet_form_1 .mailpoet_date_label { display: block; font-weight: normal; }\n#mailpoet_form_1 .mailpoet_text, #mailpoet_form_1 .mailpoet_textarea, #mailpoet_form_1 .mailpoet_select, #mailpoet_form_1 .mailpoet_date_month, #mailpoet_form_1 .mailpoet_date_day, #mailpoet_form_1 .mailpoet_date_year, #mailpoet_form_1 .mailpoet_date { display: block; }\n#mailpoet_form_1 .mailpoet_text, #mailpoet_form_1 .mailpoet_textarea { width: 200px; }\n#mailpoet_form_1 .mailpoet_checkbox {  }\n#mailpoet_form_1 .mailpoet_submit {  }\n#mailpoet_form_1 .mailpoet_divider {  }\n#mailpoet_form_1 .mailpoet_message {  }\n#mailpoet_form_1 .mailpoet_form_loading { width: 30px; text-align: center; line-height: normal; }\n#mailpoet_form_1 .mailpoet_form_loading > span { width: 5px; height: 5px; background-color: #5b5b5b; }\n#mailpoet_form_1 h2.mailpoet-heading { margin: 0 0 20px 0; }\n#mailpoet_form_1 h1.mailpoet-heading { margin: 0 0 10px; }#mailpoet_form_1{border: 2px solid #000000;border-radius: 25px;background: #e7c055;color: #000000;text-align: center;}#mailpoet_form_1 form.mailpoet_form {padding: 25px;}#mailpoet_form_1{width: 60%;}#mailpoet_form_1 .mailpoet_message {margin: 0; padding: 0 20px;}\n        #mailpoet_form_1 .mailpoet_validate_success {color: #000000}\n        #mailpoet_form_1 input.parsley-success {color: #000000}\n        #mailpoet_form_1 select.parsley-success {color: #000000}\n        #mailpoet_form_1 textarea.parsley-success {color: #000000}\n      \n        #mailpoet_form_1 .mailpoet_validate_error {color: #cf2e2e}\n        #mailpoet_form_1 input.parsley-error {color: #cf2e2e}\n        #mailpoet_form_1 select.parsley-error {color: #cf2e2e}\n        #mailpoet_form_1 textarea.textarea.parsley-error {color: #cf2e2e}\n        #mailpoet_form_1 .parsley-errors-list {color: #cf2e2e}\n        #mailpoet_form_1 .parsley-required {color: #cf2e2e}\n        #mailpoet_form_1 .parsley-custom-error-message {color: #cf2e2e}\n      #mailpoet_form_1 .mailpoet_paragraph.last {margin-bottom: 0} @media (max-width: 500px) {#mailpoet_form_1 {background: #e7c055;}} @media (min-width: 500px) {#mailpoet_form_1 .last .mailpoet_paragraph:last-child {margin-bottom: 0}}  @media (max-width: 500px) {#mailpoet_form_1 .mailpoet_form_column:last-child .mailpoet_paragraph:last-child {margin-bottom: 0}} \n    <\/style>\n\n    <form\n      target=\"_self\"\n      method=\"post\"\n      action=\"https:\/\/fluxrecords.fr\/wp-admin\/admin-post.php?action=mailpoet_subscription_form\"\n      class=\"mailpoet_form mailpoet_form_form mailpoet_form_html\"\n      novalidate\n      data-delay=\"\"\n      data-exit-intent-enabled=\"\"\n      data-font-family=\"\"\n      data-cookie-expiration-time=\"\"\n    >\n      <input type=\"hidden\" name=\"data[form_id]\" value=\"1\" \/>\n      <input type=\"hidden\" name=\"token\" value=\"3d16a59bcf\" \/>\n      <input type=\"hidden\" name=\"api_version\" value=\"v1\" \/>\n      <input type=\"hidden\" name=\"endpoint\" value=\"subscribers\" \/>\n      <input type=\"hidden\" name=\"mailpoet_method\" value=\"subscribe\" \/>\n\n      <label class=\"mailpoet_hp_email_label\" style=\"display: none !important;\">Please leave this field empty<input type=\"email\" name=\"data[email]\"\/><\/label><div class='mailpoet_spacer' style='height: 1px;'><\/div>\n<h2 class=\"mailpoet-heading  mailpoet-has-font-size\" style=\"text-align: center; font-size: 22px; line-height: 1.5; padding:0 0 0 0;\">Entrez dans la liste premium de Faya Chidekh et recevez dans votre bo\u00eete mail des contenus exclusifs.<\/h2>\n<div class=\"mailpoet_paragraph center\"><input type=\"text\" autocomplete=\"given-name\" class=\"mailpoet_text\" id=\"form_first_name_1\" name=\"data[form_field_OGY0ODNhYjNjZGVmX2ZpcnN0X25hbWU=]\" title=\"Pr\u00e9nom\" value=\"\" style=\"width:100%;box-sizing:border-box;padding:11px;margin: 0 auto;font-family:&#039;Arial&#039;;font-size:16px;line-height:1.5;height:auto;\" data-automation-id=\"form_first_name\"  placeholder=\"Pr\u00e9nom *\" aria-label=\"Pr\u00e9nom *\" data-parsley-errors-container=\".mailpoet_error_o3hos\" data-parsley-names='[&quot;Please specify a valid name.&quot;,&quot;Addresses in names are not permitted, please add your name instead.&quot;]' data-parsley-required=\"true\" required aria-required=\"true\" data-parsley-required-message=\"This field is required.\"\/><span class=\"mailpoet_error_o3hos\"><\/span><\/div>\n<div class=\"mailpoet_paragraph center\"><input type=\"text\" autocomplete=\"family-name\" class=\"mailpoet_text\" id=\"form_last_name_1\" name=\"data[form_field_MzY4MWIwYjBkYTZiX2xhc3RfbmFtZQ==]\" title=\"Nom\" value=\"\" style=\"width:100%;box-sizing:border-box;padding:11px;margin: 0 auto;font-family:&#039;Arial&#039;;font-size:16px;line-height:1.5;height:auto;\" data-automation-id=\"form_last_name\"  placeholder=\"Nom *\" aria-label=\"Nom *\" data-parsley-errors-container=\".mailpoet_error_1pgsu\" data-parsley-names='[&quot;Please specify a valid name.&quot;,&quot;Addresses in names are not permitted, please add your name instead.&quot;]' data-parsley-required=\"true\" required aria-required=\"true\" data-parsley-required-message=\"This field is required.\"\/><span class=\"mailpoet_error_1pgsu\"><\/span><\/div>\n<div class='mailpoet_spacer' style='height: 1px;'><\/div>\n<div class=\"mailpoet_paragraph center\"><input type=\"email\" autocomplete=\"email\" class=\"mailpoet_text\" id=\"form_email_1\" name=\"data[form_field_ZTIzMGVjNDVhNjE3X2VtYWls]\" title=\"Adresse e-mail\" value=\"\" style=\"width:100%;box-sizing:border-box;padding:11px;margin: 0 auto;font-family:&#039;Arial&#039;;font-size:16px;line-height:1.5;height:auto;\" data-automation-id=\"form_email\"  placeholder=\"Adresse e-mail *\" aria-label=\"Adresse e-mail *\" data-parsley-errors-container=\".mailpoet_error_94g3r\" data-parsley-required=\"true\" required aria-required=\"true\" data-parsley-minlength=\"6\" data-parsley-maxlength=\"150\" data-parsley-type-message=\"This value should be a valid email.\" data-parsley-required-message=\"This field is required.\"\/><span class=\"mailpoet_error_94g3r\"><\/span><\/div>\n<div class=\"mailpoet_paragraph \"><input type=\"submit\" class=\"mailpoet_submit\" value=\"Validez votre inscription\" data-automation-id=\"subscribe-submit-button\" data-font-family='Arial' style=\"width:100%;box-sizing:border-box;background-color:#000000;border-style:solid;border-radius:40px !important;border-width:0px;border-color:#313131;padding:15px;margin: 0 auto;font-family:&#039;Arial&#039;;font-size:20px;line-height:1.5;height:auto;color:#ffffff;font-weight:bold;\" \/><span class=\"mailpoet_form_loading\"><span class=\"mailpoet_bounce1\"><\/span><span class=\"mailpoet_bounce2\"><\/span><span class=\"mailpoet_bounce3\"><\/span><\/span><\/div>\n<p class=\"mailpoet_form_paragraph  mailpoet-has-font-size\" style=\"text-align: center; color: #000000; font-size: 13px; line-height: 1.5\"><em>Nous ne spammons pas\u00a0! Consultez notre  <a href=\"https:\/\/fluxrecords.fr\/politique-de-confidentialite-2\/\" data-type=\"page\" data-id=\"719\">politique de confidentialit\u00e9<\/a> pour plus d\u2019informations.<\/em><\/p>\n\n      <div class=\"mailpoet_message\">\n        <p class=\"mailpoet_validate_success\"\n                style=\"display:none;\"\n                >V\u00e9rifiez votre boite de r\u00e9ception ou votre r\u00e9pertoire d\u2019ind\u00e9sirables pour confirmer votre abonnement.\n        <\/p>\n        <p class=\"mailpoet_validate_error\"\n                style=\"display:none;\"\n                >        <\/p>\n      <\/div>\n    <\/form>\n\n      <\/div>\n\n  \n\n\n<div class=\"wp-block-group alignfull is-style-ext-preset--group--natural-1--section has-tertiary-background-color has-background is-layout-constrained wp-block-group-is-layout-constrained\" style=\"margin-top:0;margin-bottom:0;padding-top:var(--wp--preset--spacing--70);padding-bottom:var(--wp--preset--spacing--70)\">\n<div class=\"wp-block-group alignwide is-vertical is-content-justification-center is-layout-flex wp-container-core-group-is-layout-c9ee0c5a wp-block-group-is-layout-flex\">\n<figure class=\"wp-block-image size-large wp-duotone-varpresetduotoneprimary-foreground-1\"><img decoding=\"async\" src=\"data:image\/svg+xml;base64,PHN2ZyB4bWxucz0iaHR0cDovL3d3dy53My5vcmcvMjAwMC9zdmciIHdpZHRoPSI2NCIgaGVpZ2h0PSI2NCIgZmlsbD0iIzAwMDAwMCIgdmlld0JveD0iMCAwIDI1NiAyNTYiPjxwYXRoIGQ9Ik0xNzMuNjYsOTguMzRhOCw4LDAsMCwxLDAsMTEuMzJsLTU2LDU2YTgsOCwwLDAsMS0xMS4zMiwwbC0yNC0yNGE4LDgsMCwwLDEsMTEuMzItMTEuMzJMMTEyLDE0OC42OWw1MC4zNC01MC4zNUE4LDgsMCwwLDEsMTczLjY2LDk4LjM0Wk0yMzIsMTI4QTEwNCwxMDQsMCwxLDEsMTI4LDI0LDEwNC4xMSwxMDQuMTEsMCwwLDEsMjMyLDEyOFptLTE2LDBhODgsODgsMCwxLDAtODgsODhBODguMSw4OC4xLDAsMCwwLDIxNiwxMjhaIj48L3BhdGg+PC9zdmc+\" alt=\"\"\/><\/figure>\n\n\n\n<div class=\"wp-block-group is-layout-constrained wp-container-core-group-is-layout-dd32767c wp-block-group-is-layout-constrained\">\n<h2 class=\"wp-block-heading has-text-align-center\">Merci de votre confiance<\/h2>\n<\/div>\n<\/div>\n\n\n\n<div class=\"wp-block-buttons is-content-justification-center is-layout-flex wp-container-core-buttons-is-layout-a89b3969 wp-block-buttons-is-layout-flex\">\n<div class=\"wp-block-button is-style-outline wpopus-hover-zoom-in is-style-outline--2\"><a class=\"wp-block-button__link has-small-font-size has-custom-font-size wp-element-button\" href=\"https:\/\/www.youtube.com\/@fayachidekh\" style=\"padding-top:var(--wp--preset--spacing--30);padding-right:var(--wp--preset--spacing--60);padding-bottom:var(--wp--preset--spacing--30);padding-left:var(--wp--preset--spacing--60)\" target=\"_blank\" rel=\"noreferrer noopener\">YouTube Music<\/a><\/div>\n\n\n\n<div class=\"wp-block-button is-style-outline wpopus-hover-zoom-in is-style-outline--3\"><a class=\"wp-block-button__link has-small-font-size has-custom-font-size wp-element-button\" href=\"https:\/\/fluxrecords.fr\/projets-actualites\/\" style=\"padding-top:var(--wp--preset--spacing--20);padding-right:var(--wp--preset--spacing--30);padding-bottom:var(--wp--preset--spacing--20);padding-left:var(--wp--preset--spacing--30)\" target=\"_blank\" rel=\"noreferrer noopener\">Explorez mes projets musicaux<\/a><\/div>\n<\/div>\n\n\n\n<div class=\"wp-block-group alignwide is-vertical is-content-justification-center is-layout-flex wp-container-core-group-is-layout-c9ee0c5a wp-block-group-is-layout-flex\">\n<p class=\"\"><\/p>\n<\/div>\n<\/div>\n","protected":false},"excerpt":{"rendered":"<p>Newsletter de Faya Chidekh Merci de votre confiance<\/p>","protected":false},"author":1,"featured_media":0,"parent":0,"menu_order":0,"comment_status":"closed","ping_status":"closed","template":"wp-custom-template-l-ment-unique-article","meta":{"footnotes":""},"class_list":["post-5853","page","type-page","status-publish","hentry"],"yoast_head":"<!-- This site is optimized with the Yoast SEO plugin v27.3 - https:\/\/yoast.com\/product\/yoast-seo-wordpress\/ -->\n<title>Newsletter de Faya Chidekh - FLUX RECORDS<\/title>\n<meta name=\"description\" content=\"Newsletter de Faya Chidekh. Entrez dans la liste premium de Faya Chidekh et recevez des contenus exclusifs.\" \/>\n<meta name=\"robots\" content=\"index, follow, max-snippet:-1, max-image-preview:large, max-video-preview:-1\" \/>\n<link rel=\"canonical\" href=\"https:\/\/fluxrecords.fr\/en\/newsletter-de-faya-chidekh\/\" \/>\n<meta property=\"og:locale\" content=\"en_US\" \/>\n<meta property=\"og:type\" content=\"article\" \/>\n<meta property=\"og:title\" content=\"Newsletter de Faya Chidekh - FLUX RECORDS\" \/>\n<meta property=\"og:description\" content=\"Newsletter de Faya Chidekh. Entrez dans la liste premium de Faya Chidekh et recevez des contenus exclusifs.\" \/>\n<meta property=\"og:url\" content=\"https:\/\/fluxrecords.fr\/en\/newsletter-de-faya-chidekh\/\" \/>\n<meta property=\"og:site_name\" content=\"FLUX RECORDS\" \/>\n<meta property=\"article:modified_time\" content=\"2026-02-21T19:10:19+00:00\" \/>\n<meta name=\"twitter:card\" content=\"summary_large_image\" \/>\n<meta name=\"twitter:label1\" content=\"Est. reading time\" \/>\n\t<meta name=\"twitter:data1\" content=\"1 minute\" \/>\n<script type=\"application\/ld+json\" class=\"yoast-schema-graph\">{\"@context\":\"https:\\\/\\\/schema.org\",\"@graph\":[{\"@type\":\"WebPage\",\"@id\":\"https:\\\/\\\/fluxrecords.fr\\\/newsletter-de-faya-chidekh\\\/\",\"url\":\"https:\\\/\\\/fluxrecords.fr\\\/newsletter-de-faya-chidekh\\\/\",\"name\":\"Newsletter de Faya Chidekh - FLUX RECORDS\",\"isPartOf\":{\"@id\":\"https:\\\/\\\/fluxrecords.fr\\\/#website\"},\"datePublished\":\"2026-02-21T16:58:04+00:00\",\"dateModified\":\"2026-02-21T19:10:19+00:00\",\"description\":\"Newsletter de Faya Chidekh. Entrez dans la liste premium de Faya Chidekh et recevez des contenus exclusifs.\",\"breadcrumb\":{\"@id\":\"https:\\\/\\\/fluxrecords.fr\\\/newsletter-de-faya-chidekh\\\/#breadcrumb\"},\"inLanguage\":\"en-US\",\"potentialAction\":[{\"@type\":\"ReadAction\",\"target\":[\"https:\\\/\\\/fluxrecords.fr\\\/newsletter-de-faya-chidekh\\\/\"]}]},{\"@type\":\"BreadcrumbList\",\"@id\":\"https:\\\/\\\/fluxrecords.fr\\\/newsletter-de-faya-chidekh\\\/#breadcrumb\",\"itemListElement\":[{\"@type\":\"ListItem\",\"position\":1,\"name\":\"Accueil\",\"item\":\"https:\\\/\\\/fluxrecords.fr\\\/\"},{\"@type\":\"ListItem\",\"position\":2,\"name\":\"Newsletter de Faya Chidekh\"}]},{\"@type\":\"WebSite\",\"@id\":\"https:\\\/\\\/fluxrecords.fr\\\/#website\",\"url\":\"https:\\\/\\\/fluxrecords.fr\\\/\",\"name\":\"FLUX RECORDS\",\"description\":\"FLUX Records\",\"publisher\":{\"@id\":\"https:\\\/\\\/fluxrecords.fr\\\/#organization\"},\"potentialAction\":[{\"@type\":\"SearchAction\",\"target\":{\"@type\":\"EntryPoint\",\"urlTemplate\":\"https:\\\/\\\/fluxrecords.fr\\\/?s={search_term_string}\"},\"query-input\":{\"@type\":\"PropertyValueSpecification\",\"valueRequired\":true,\"valueName\":\"search_term_string\"}}],\"inLanguage\":\"en-US\"},{\"@type\":\"Organization\",\"@id\":\"https:\\\/\\\/fluxrecords.fr\\\/#organization\",\"name\":\"FLUX RECORDS\",\"url\":\"https:\\\/\\\/fluxrecords.fr\\\/\",\"logo\":{\"@type\":\"ImageObject\",\"inLanguage\":\"en-US\",\"@id\":\"https:\\\/\\\/fluxrecords.fr\\\/#\\\/schema\\\/logo\\\/image\\\/\",\"url\":\"https:\\\/\\\/fluxrecords.fr\\\/wp-content\\\/uploads\\\/2025\\\/10\\\/symbole-noir.png\",\"contentUrl\":\"https:\\\/\\\/fluxrecords.fr\\\/wp-content\\\/uploads\\\/2025\\\/10\\\/symbole-noir.png\",\"width\":2280,\"height\":2016,\"caption\":\"FLUX RECORDS\"},\"image\":{\"@id\":\"https:\\\/\\\/fluxrecords.fr\\\/#\\\/schema\\\/logo\\\/image\\\/\"}}]}<\/script>\n<!-- \/ Yoast SEO plugin. -->","yoast_head_json":{"title":"Newsletter de Faya Chidekh - FLUX RECORDS","description":"Newsletter de Faya Chidekh. Entrez dans la liste premium de Faya Chidekh et recevez des contenus exclusifs.","robots":{"index":"index","follow":"follow","max-snippet":"max-snippet:-1","max-image-preview":"max-image-preview:large","max-video-preview":"max-video-preview:-1"},"canonical":"https:\/\/fluxrecords.fr\/en\/newsletter-de-faya-chidekh\/","og_locale":"en_US","og_type":"article","og_title":"Newsletter de Faya Chidekh - FLUX RECORDS","og_description":"Newsletter de Faya Chidekh. Entrez dans la liste premium de Faya Chidekh et recevez des contenus exclusifs.","og_url":"https:\/\/fluxrecords.fr\/en\/newsletter-de-faya-chidekh\/","og_site_name":"FLUX RECORDS","article_modified_time":"2026-02-21T19:10:19+00:00","twitter_card":"summary_large_image","twitter_misc":{"Est. reading time":"1 minute"},"schema":{"@context":"https:\/\/schema.org","@graph":[{"@type":"WebPage","@id":"https:\/\/fluxrecords.fr\/newsletter-de-faya-chidekh\/","url":"https:\/\/fluxrecords.fr\/newsletter-de-faya-chidekh\/","name":"Newsletter de Faya Chidekh - FLUX RECORDS","isPartOf":{"@id":"https:\/\/fluxrecords.fr\/#website"},"datePublished":"2026-02-21T16:58:04+00:00","dateModified":"2026-02-21T19:10:19+00:00","description":"Newsletter de Faya Chidekh. Entrez dans la liste premium de Faya Chidekh et recevez des contenus exclusifs.","breadcrumb":{"@id":"https:\/\/fluxrecords.fr\/newsletter-de-faya-chidekh\/#breadcrumb"},"inLanguage":"en-US","potentialAction":[{"@type":"ReadAction","target":["https:\/\/fluxrecords.fr\/newsletter-de-faya-chidekh\/"]}]},{"@type":"BreadcrumbList","@id":"https:\/\/fluxrecords.fr\/newsletter-de-faya-chidekh\/#breadcrumb","itemListElement":[{"@type":"ListItem","position":1,"name":"Accueil","item":"https:\/\/fluxrecords.fr\/"},{"@type":"ListItem","position":2,"name":"Newsletter de Faya Chidekh"}]},{"@type":"WebSite","@id":"https:\/\/fluxrecords.fr\/#website","url":"https:\/\/fluxrecords.fr\/","name":"FLUX RECORDS","description":"FLUX Records","publisher":{"@id":"https:\/\/fluxrecords.fr\/#organization"},"potentialAction":[{"@type":"SearchAction","target":{"@type":"EntryPoint","urlTemplate":"https:\/\/fluxrecords.fr\/?s={search_term_string}"},"query-input":{"@type":"PropertyValueSpecification","valueRequired":true,"valueName":"search_term_string"}}],"inLanguage":"en-US"},{"@type":"Organization","@id":"https:\/\/fluxrecords.fr\/#organization","name":"FLUX RECORDS","url":"https:\/\/fluxrecords.fr\/","logo":{"@type":"ImageObject","inLanguage":"en-US","@id":"https:\/\/fluxrecords.fr\/#\/schema\/logo\/image\/","url":"https:\/\/fluxrecords.fr\/wp-content\/uploads\/2025\/10\/symbole-noir.png","contentUrl":"https:\/\/fluxrecords.fr\/wp-content\/uploads\/2025\/10\/symbole-noir.png","width":2280,"height":2016,"caption":"FLUX RECORDS"},"image":{"@id":"https:\/\/fluxrecords.fr\/#\/schema\/logo\/image\/"}}]}},"_links":{"self":[{"href":"https:\/\/fluxrecords.fr\/en\/wp-json\/wp\/v2\/pages\/5853","targetHints":{"allow":["GET"]}}],"collection":[{"href":"https:\/\/fluxrecords.fr\/en\/wp-json\/wp\/v2\/pages"}],"about":[{"href":"https:\/\/fluxrecords.fr\/en\/wp-json\/wp\/v2\/types\/page"}],"author":[{"embeddable":true,"href":"https:\/\/fluxrecords.fr\/en\/wp-json\/wp\/v2\/users\/1"}],"replies":[{"embeddable":true,"href":"https:\/\/fluxrecords.fr\/en\/wp-json\/wp\/v2\/comments?post=5853"}],"version-history":[{"count":20,"href":"https:\/\/fluxrecords.fr\/en\/wp-json\/wp\/v2\/pages\/5853\/revisions"}],"predecessor-version":[{"id":5892,"href":"https:\/\/fluxrecords.fr\/en\/wp-json\/wp\/v2\/pages\/5853\/revisions\/5892"}],"wp:attachment":[{"href":"https:\/\/fluxrecords.fr\/en\/wp-json\/wp\/v2\/media?parent=5853"}],"curies":[{"name":"wp","href":"https:\/\/api.w.org\/{rel}","templated":true}]}}