{"id":6511,"date":"2026-04-20T10:26:36","date_gmt":"2026-04-20T10:26:36","guid":{"rendered":"https:\/\/fluxrecords.fr\/?page_id=6511"},"modified":"2026-04-20T11:13:20","modified_gmt":"2026-04-20T11:13:20","slug":"pure","status":"publish","type":"page","link":"https:\/\/fluxrecords.fr\/en\/pure\/","title":{"rendered":"PURE"},"content":{"rendered":"<div class=\"wp-block-group alignfull is-style-ext-preset--group--natural-1--section has-background-background-color has-background is-layout-constrained wp-container-core-group-is-layout-032be580 wp-block-group-is-layout-constrained\" style=\"margin-top:0;margin-bottom:0;padding-top:var(--wp--preset--spacing--30);padding-right:0;padding-bottom:var(--wp--preset--spacing--30);padding-left:0\">\n<div class=\"wp-block-columns alignwide is-layout-flex wp-container-core-columns-is-layout-174606dc wp-block-columns-is-layout-flex\">\n<div class=\"wp-block-column is-vertically-aligned-center is-layout-flow wp-container-core-column-is-layout-8a368f38 wp-block-column-is-layout-flow\">\n<figure class=\"wp-block-image size-full is-resized is-style-ext-preset--image--natural-1--image-1--content-left\"><img fetchpriority=\"high\" decoding=\"async\" width=\"700\" height=\"700\" src=\"https:\/\/fluxrecords.fr\/wp-content\/uploads\/2026\/04\/cover-cd-PURE.jpg\" alt=\"PURE Album\" class=\"wp-image-6512\" style=\"box-shadow:var(--wp--preset--shadow--natural);object-fit:cover;width:586px;height:auto\" title=\"PURE Album\" srcset=\"https:\/\/fluxrecords.fr\/wp-content\/uploads\/2026\/04\/cover-cd-PURE.jpg 700w, https:\/\/fluxrecords.fr\/wp-content\/uploads\/2026\/04\/cover-cd-PURE-300x300.jpg 300w, https:\/\/fluxrecords.fr\/wp-content\/uploads\/2026\/04\/cover-cd-PURE-150x150.jpg 150w, https:\/\/fluxrecords.fr\/wp-content\/uploads\/2026\/04\/cover-cd-PURE-12x12.jpg 12w\" sizes=\"(max-width: 700px) 100vw, 700px\" \/><\/figure>\n<\/div>\n\n\n\n<div class=\"wp-block-column is-vertically-aligned-top is-layout-flow wp-container-core-column-is-layout-77f8e629 wp-block-column-is-layout-flow\" style=\"padding-right:var(--wp--preset--spacing--70);padding-left:var(--wp--preset--spacing--70)\">\n<div class=\"wp-block-group alignwide is-vertical is-layout-flex wp-container-core-group-is-layout-c35747d5 wp-block-group-is-layout-flex\">\n<div class=\"wp-block-group is-layout-constrained wp-container-core-group-is-layout-dd32767c wp-block-group-is-layout-constrained\">\n<h1 class=\"wp-block-heading\" style=\"letter-spacing:6px\">PURE<\/h1>\n\n\n\n<p class=\"has-small-font-size\"><strong>BY FAYA CHIDEKH<\/strong><\/p>\n\n\n\n<p class=\"has-small-font-size\">Release by <strong>FLUX RECORDS<\/strong><\/p>\n\n\n\n<p class=\"has-normal-font-size\"><strong>Tracklist provisoire :<\/strong><\/p>\n\n\n\n<ol class=\"wp-block-list\">\n<li class=\"has-normal-font-size\">White Love<\/li>\n\n\n\n<li class=\"has-normal-font-size\">Natural Lover<\/li>\n\n\n\n<li class=\"has-normal-font-size\">Fire<\/li>\n\n\n\n<li class=\"has-normal-font-size\">Up And Down<\/li>\n\n\n\n<li class=\"has-normal-font-size\">Looking For You<\/li>\n\n\n\n<li class=\"has-normal-font-size\">Your Love is a lie<\/li>\n\n\n\n<li class=\"has-normal-font-size\">Don&rsquo;t Mind<\/li>\n\n\n\n<li class=\"has-normal-font-size\">I Will<\/li>\n\n\n\n<li class=\"has-normal-font-size\">Another Paradise<\/li>\n\n\n\n<li class=\"has-normal-font-size\">Human<\/li>\n\n\n\n<li class=\"has-normal-font-size\">Black Moon<\/li>\n<\/ol>\n<\/div>\n\n\n\n<div class=\"wp-block-buttons is-layout-flex wp-block-buttons-is-layout-flex\"><\/div>\n<\/div>\n<\/div>\n<\/div>\n<\/div>\n\n\n\n<div style=\"height:50px\" aria-hidden=\"true\" class=\"wp-block-spacer\"><\/div>\n\n\n\n<div class=\"wp-block-buttons is-content-justification-center is-layout-flex wp-container-core-buttons-is-layout-a89b3969 wp-block-buttons-is-layout-flex\">\n<div class=\"wp-block-button is-style-outline wpopus-hover-zoom-in is-style-outline--1\"><a class=\"wp-block-button__link has-small-font-size has-custom-font-size wp-element-button\" href=\"https:\/\/soundcloud.com\/faya-1-1\" style=\"padding-top:var(--wp--preset--spacing--30);padding-right:var(--wp--preset--spacing--40);padding-bottom:var(--wp--preset--spacing--30);padding-left:var(--wp--preset--spacing--40)\" target=\"_blank\" rel=\"noreferrer noopener\">\u00c9couter plus<\/a><\/div>\n\n\n\n<div class=\"wp-block-button is-style-outline wpopus-hover-zoom-in is-style-outline--2\"><a class=\"wp-block-button__link has-small-font-size has-custom-font-size wp-element-button\" href=\"https:\/\/fluxrecords.fr\/en\/musique\/\" style=\"padding-top:var(--wp--preset--spacing--30);padding-right:var(--wp--preset--spacing--40);padding-bottom:var(--wp--preset--spacing--30);padding-left:var(--wp--preset--spacing--40)\" target=\"_blank\" rel=\"noreferrer noopener\">Tous les albums<\/a><\/div>\n<\/div>\n\n\n\n<div style=\"height:50px\" aria-hidden=\"true\" class=\"wp-block-spacer\"><\/div>\n\n\n\n<div class=\"wp-block-cover alignfull\" style=\"min-height:267px;aspect-ratio:unset;\"><img decoding=\"async\" width=\"1024\" height=\"683\" class=\"wp-block-cover__image-background wp-image-4433 size-large\" alt=\"background human music\" src=\"https:\/\/fluxrecords.fr\/wp-content\/uploads\/2026\/01\/2026-01-28-23-12-23-b6176774-0e95-4f02-9f36-13779f77d430-1024x683.png\" data-object-fit=\"cover\" srcset=\"https:\/\/fluxrecords.fr\/wp-content\/uploads\/2026\/01\/2026-01-28-23-12-23-b6176774-0e95-4f02-9f36-13779f77d430-1024x683.png 1024w, https:\/\/fluxrecords.fr\/wp-content\/uploads\/2026\/01\/2026-01-28-23-12-23-b6176774-0e95-4f02-9f36-13779f77d430-300x200.png 300w, https:\/\/fluxrecords.fr\/wp-content\/uploads\/2026\/01\/2026-01-28-23-12-23-b6176774-0e95-4f02-9f36-13779f77d430-768x512.png 768w, https:\/\/fluxrecords.fr\/wp-content\/uploads\/2026\/01\/2026-01-28-23-12-23-b6176774-0e95-4f02-9f36-13779f77d430-18x12.png 18w, https:\/\/fluxrecords.fr\/wp-content\/uploads\/2026\/01\/2026-01-28-23-12-23-b6176774-0e95-4f02-9f36-13779f77d430.png 1248w\" sizes=\"(max-width: 1024px) 100vw, 1024px\" \/><span aria-hidden=\"true\" class=\"wp-block-cover__background has-red-coral-background-color has-background-dim-10 has-background-dim\"><\/span><div class=\"wp-block-cover__inner-container is-layout-constrained wp-block-cover-is-layout-constrained\">\n<div class=\"wp-block-group is-layout-constrained wp-block-group-is-layout-constrained\">\n<div class=\"wp-block-group is-layout-constrained wp-container-core-group-is-layout-41c06ba8 wp-block-group-is-layout-constrained\">\n<div class=\"wp-block-columns are-vertically-aligned-center is-layout-flex wp-container-core-columns-is-layout-9c22b1e3 wp-block-columns-is-layout-flex\">\n<div class=\"wp-block-column is-vertically-aligned-center is-layout-flow wp-block-column-is-layout-flow\" style=\"flex-basis:150px\">\n<figure class=\"wp-block-image aligncenter size-large is-resized\"><img decoding=\"async\" width=\"1024\" height=\"951\" src=\"https:\/\/fluxrecords.fr\/wp-content\/uploads\/2026\/03\/symbole-blanc-1024x951.png\" alt=\"symbole blanc\" class=\"wp-image-6030\" style=\"aspect-ratio:1.0767732901109504;width:126px;height:auto\" title=\"Flux  Records symbole\" srcset=\"https:\/\/fluxrecords.fr\/wp-content\/uploads\/2026\/03\/symbole-blanc-1024x951.png 1024w, https:\/\/fluxrecords.fr\/wp-content\/uploads\/2026\/03\/symbole-blanc-300x279.png 300w, https:\/\/fluxrecords.fr\/wp-content\/uploads\/2026\/03\/symbole-blanc-768x713.png 768w, https:\/\/fluxrecords.fr\/wp-content\/uploads\/2026\/03\/symbole-blanc-1536x1427.png 1536w, https:\/\/fluxrecords.fr\/wp-content\/uploads\/2026\/03\/symbole-blanc-2048x1902.png 2048w, https:\/\/fluxrecords.fr\/wp-content\/uploads\/2026\/03\/symbole-blanc-13x12.png 13w, https:\/\/fluxrecords.fr\/wp-content\/uploads\/2026\/03\/symbole-blanc-1320x1226.png 1320w\" sizes=\"(max-width: 1024px) 100vw, 1024px\" \/><\/figure>\n<\/div>\n\n\n\n<div class=\"wp-block-column is-vertically-aligned-center is-layout-flow wp-container-core-column-is-layout-1396dd20 wp-block-column-is-layout-flow\" style=\"padding-top:0;padding-right:0;padding-bottom:0;padding-left:0\">\n<h2 class=\"wp-block-heading has-text-align-left\" style=\"font-size:65px;font-style:normal;font-weight:900;letter-spacing:6px\">HUMAN MUSIC<\/h2>\n<\/div>\n<\/div>\n<\/div>\n<\/div>\n<\/div><\/div>\n\n\n\n<div style=\"height:50px\" aria-hidden=\"true\" class=\"wp-block-spacer\"><\/div>\n\n\n\n<p class=\"\"><\/p>","protected":false},"excerpt":{"rendered":"<p>PURE PAR FAYA CHIDEKH Release by FLUX RECORDS Tracklist provisoire :<\/p>","protected":false},"author":1,"featured_media":0,"parent":0,"menu_order":0,"comment_status":"closed","ping_status":"closed","template":"wp-custom-template-l-ment-unique-article","meta":{"footnotes":""},"class_list":["post-6511","page","type-page","status-publish","hentry"],"yoast_head":"<!-- This site is optimized with the Yoast SEO plugin v27.5 - https:\/\/yoast.com\/product\/yoast-seo-wordpress\/ -->\n<title>PURE - FLUX RECORDS<\/title>\n<meta name=\"description\" content=\"D\u00e9couvrez le dernier album PURE de la compositrice Faya Chidekh. Des chansons minimalistes, production \u00e9pur\u00e9e dans le style Quiet Storm.\" \/>\n<meta name=\"robots\" content=\"index, follow, max-snippet:-1, max-image-preview:large, max-video-preview:-1\" \/>\n<link rel=\"canonical\" href=\"https:\/\/fluxrecords.fr\/en\/pure\/\" \/>\n<meta property=\"og:locale\" content=\"en_US\" \/>\n<meta property=\"og:type\" content=\"article\" \/>\n<meta property=\"og:title\" content=\"PURE - FLUX RECORDS\" \/>\n<meta property=\"og:description\" content=\"D\u00e9couvrez le dernier album PURE de la compositrice Faya Chidekh. Des chansons minimalistes, production \u00e9pur\u00e9e dans le style Quiet Storm.\" \/>\n<meta property=\"og:url\" content=\"https:\/\/fluxrecords.fr\/en\/pure\/\" \/>\n<meta property=\"og:site_name\" content=\"FLUX RECORDS\" \/>\n<meta property=\"article:modified_time\" content=\"2026-04-20T11:13:20+00:00\" \/>\n<meta property=\"og:image\" content=\"https:\/\/fluxrecords.fr\/wp-content\/uploads\/2026\/04\/cover-cd-PURE.jpg\" \/>\n\t<meta property=\"og:image:width\" content=\"700\" \/>\n\t<meta property=\"og:image:height\" content=\"700\" \/>\n\t<meta property=\"og:image:type\" content=\"image\/jpeg\" \/>\n<meta name=\"twitter:card\" content=\"summary_large_image\" \/>\n<meta name=\"twitter:label1\" content=\"Est. reading time\" \/>\n\t<meta name=\"twitter:data1\" content=\"1 minute\" \/>\n<script type=\"application\/ld+json\" class=\"yoast-schema-graph\">{\"@context\":\"https:\\\/\\\/schema.org\",\"@graph\":[{\"@type\":\"WebPage\",\"@id\":\"https:\\\/\\\/fluxrecords.fr\\\/pure\\\/\",\"url\":\"https:\\\/\\\/fluxrecords.fr\\\/pure\\\/\",\"name\":\"PURE - FLUX RECORDS\",\"isPartOf\":{\"@id\":\"https:\\\/\\\/fluxrecords.fr\\\/#website\"},\"primaryImageOfPage\":{\"@id\":\"https:\\\/\\\/fluxrecords.fr\\\/pure\\\/#primaryimage\"},\"image\":{\"@id\":\"https:\\\/\\\/fluxrecords.fr\\\/pure\\\/#primaryimage\"},\"thumbnailUrl\":\"https:\\\/\\\/fluxrecords.fr\\\/wp-content\\\/uploads\\\/2026\\\/04\\\/cover-cd-PURE.jpg\",\"datePublished\":\"2026-04-20T10:26:36+00:00\",\"dateModified\":\"2026-04-20T11:13:20+00:00\",\"description\":\"D\u00e9couvrez le dernier album PURE de la compositrice Faya Chidekh. Des chansons minimalistes, production \u00e9pur\u00e9e dans le style Quiet Storm.\",\"breadcrumb\":{\"@id\":\"https:\\\/\\\/fluxrecords.fr\\\/pure\\\/#breadcrumb\"},\"inLanguage\":\"en-US\",\"potentialAction\":[{\"@type\":\"ReadAction\",\"target\":[\"https:\\\/\\\/fluxrecords.fr\\\/pure\\\/\"]}]},{\"@type\":\"ImageObject\",\"inLanguage\":\"en-US\",\"@id\":\"https:\\\/\\\/fluxrecords.fr\\\/pure\\\/#primaryimage\",\"url\":\"https:\\\/\\\/fluxrecords.fr\\\/wp-content\\\/uploads\\\/2026\\\/04\\\/cover-cd-PURE.jpg\",\"contentUrl\":\"https:\\\/\\\/fluxrecords.fr\\\/wp-content\\\/uploads\\\/2026\\\/04\\\/cover-cd-PURE.jpg\"},{\"@type\":\"BreadcrumbList\",\"@id\":\"https:\\\/\\\/fluxrecords.fr\\\/pure\\\/#breadcrumb\",\"itemListElement\":[{\"@type\":\"ListItem\",\"position\":1,\"name\":\"Accueil\",\"item\":\"https:\\\/\\\/fluxrecords.fr\\\/\"},{\"@type\":\"ListItem\",\"position\":2,\"name\":\"PURE\"}]},{\"@type\":\"WebSite\",\"@id\":\"https:\\\/\\\/fluxrecords.fr\\\/#website\",\"url\":\"https:\\\/\\\/fluxrecords.fr\\\/\",\"name\":\"FLUX RECORDS\",\"description\":\"FLUX Records\",\"publisher\":{\"@id\":\"https:\\\/\\\/fluxrecords.fr\\\/#organization\"},\"potentialAction\":[{\"@type\":\"SearchAction\",\"target\":{\"@type\":\"EntryPoint\",\"urlTemplate\":\"https:\\\/\\\/fluxrecords.fr\\\/?s={search_term_string}\"},\"query-input\":{\"@type\":\"PropertyValueSpecification\",\"valueRequired\":true,\"valueName\":\"search_term_string\"}}],\"inLanguage\":\"en-US\"},{\"@type\":\"Organization\",\"@id\":\"https:\\\/\\\/fluxrecords.fr\\\/#organization\",\"name\":\"FLUX RECORDS\",\"url\":\"https:\\\/\\\/fluxrecords.fr\\\/\",\"logo\":{\"@type\":\"ImageObject\",\"inLanguage\":\"en-US\",\"@id\":\"https:\\\/\\\/fluxrecords.fr\\\/#\\\/schema\\\/logo\\\/image\\\/\",\"url\":\"https:\\\/\\\/fluxrecords.fr\\\/wp-content\\\/uploads\\\/2025\\\/10\\\/symbole-noir.png\",\"contentUrl\":\"https:\\\/\\\/fluxrecords.fr\\\/wp-content\\\/uploads\\\/2025\\\/10\\\/symbole-noir.png\",\"width\":2280,\"height\":2016,\"caption\":\"FLUX RECORDS\"},\"image\":{\"@id\":\"https:\\\/\\\/fluxrecords.fr\\\/#\\\/schema\\\/logo\\\/image\\\/\"}}]}<\/script>\n<!-- \/ Yoast SEO plugin. -->","yoast_head_json":{"title":"PURE - FLUX RECORDS","description":"D\u00e9couvrez le dernier album PURE de la compositrice Faya Chidekh. Des chansons minimalistes, production \u00e9pur\u00e9e dans le style Quiet Storm.","robots":{"index":"index","follow":"follow","max-snippet":"max-snippet:-1","max-image-preview":"max-image-preview:large","max-video-preview":"max-video-preview:-1"},"canonical":"https:\/\/fluxrecords.fr\/en\/pure\/","og_locale":"en_US","og_type":"article","og_title":"PURE - FLUX RECORDS","og_description":"D\u00e9couvrez le dernier album PURE de la compositrice Faya Chidekh. Des chansons minimalistes, production \u00e9pur\u00e9e dans le style Quiet Storm.","og_url":"https:\/\/fluxrecords.fr\/en\/pure\/","og_site_name":"FLUX RECORDS","article_modified_time":"2026-04-20T11:13:20+00:00","og_image":[{"width":700,"height":700,"url":"https:\/\/fluxrecords.fr\/wp-content\/uploads\/2026\/04\/cover-cd-PURE.jpg","type":"image\/jpeg"}],"twitter_card":"summary_large_image","twitter_misc":{"Est. reading time":"1 minute"},"schema":{"@context":"https:\/\/schema.org","@graph":[{"@type":"WebPage","@id":"https:\/\/fluxrecords.fr\/pure\/","url":"https:\/\/fluxrecords.fr\/pure\/","name":"PURE - FLUX RECORDS","isPartOf":{"@id":"https:\/\/fluxrecords.fr\/#website"},"primaryImageOfPage":{"@id":"https:\/\/fluxrecords.fr\/pure\/#primaryimage"},"image":{"@id":"https:\/\/fluxrecords.fr\/pure\/#primaryimage"},"thumbnailUrl":"https:\/\/fluxrecords.fr\/wp-content\/uploads\/2026\/04\/cover-cd-PURE.jpg","datePublished":"2026-04-20T10:26:36+00:00","dateModified":"2026-04-20T11:13:20+00:00","description":"D\u00e9couvrez le dernier album PURE de la compositrice Faya Chidekh. Des chansons minimalistes, production \u00e9pur\u00e9e dans le style Quiet Storm.","breadcrumb":{"@id":"https:\/\/fluxrecords.fr\/pure\/#breadcrumb"},"inLanguage":"en-US","potentialAction":[{"@type":"ReadAction","target":["https:\/\/fluxrecords.fr\/pure\/"]}]},{"@type":"ImageObject","inLanguage":"en-US","@id":"https:\/\/fluxrecords.fr\/pure\/#primaryimage","url":"https:\/\/fluxrecords.fr\/wp-content\/uploads\/2026\/04\/cover-cd-PURE.jpg","contentUrl":"https:\/\/fluxrecords.fr\/wp-content\/uploads\/2026\/04\/cover-cd-PURE.jpg"},{"@type":"BreadcrumbList","@id":"https:\/\/fluxrecords.fr\/pure\/#breadcrumb","itemListElement":[{"@type":"ListItem","position":1,"name":"Accueil","item":"https:\/\/fluxrecords.fr\/"},{"@type":"ListItem","position":2,"name":"PURE"}]},{"@type":"WebSite","@id":"https:\/\/fluxrecords.fr\/#website","url":"https:\/\/fluxrecords.fr\/","name":"FLUX RECORDS","description":"FLUX Records","publisher":{"@id":"https:\/\/fluxrecords.fr\/#organization"},"potentialAction":[{"@type":"SearchAction","target":{"@type":"EntryPoint","urlTemplate":"https:\/\/fluxrecords.fr\/?s={search_term_string}"},"query-input":{"@type":"PropertyValueSpecification","valueRequired":true,"valueName":"search_term_string"}}],"inLanguage":"en-US"},{"@type":"Organization","@id":"https:\/\/fluxrecords.fr\/#organization","name":"FLUX RECORDS","url":"https:\/\/fluxrecords.fr\/","logo":{"@type":"ImageObject","inLanguage":"en-US","@id":"https:\/\/fluxrecords.fr\/#\/schema\/logo\/image\/","url":"https:\/\/fluxrecords.fr\/wp-content\/uploads\/2025\/10\/symbole-noir.png","contentUrl":"https:\/\/fluxrecords.fr\/wp-content\/uploads\/2025\/10\/symbole-noir.png","width":2280,"height":2016,"caption":"FLUX RECORDS"},"image":{"@id":"https:\/\/fluxrecords.fr\/#\/schema\/logo\/image\/"}}]}},"_links":{"self":[{"href":"https:\/\/fluxrecords.fr\/en\/wp-json\/wp\/v2\/pages\/6511","targetHints":{"allow":["GET"]}}],"collection":[{"href":"https:\/\/fluxrecords.fr\/en\/wp-json\/wp\/v2\/pages"}],"about":[{"href":"https:\/\/fluxrecords.fr\/en\/wp-json\/wp\/v2\/types\/page"}],"author":[{"embeddable":true,"href":"https:\/\/fluxrecords.fr\/en\/wp-json\/wp\/v2\/users\/1"}],"replies":[{"embeddable":true,"href":"https:\/\/fluxrecords.fr\/en\/wp-json\/wp\/v2\/comments?post=6511"}],"version-history":[{"count":12,"href":"https:\/\/fluxrecords.fr\/en\/wp-json\/wp\/v2\/pages\/6511\/revisions"}],"predecessor-version":[{"id":6540,"href":"https:\/\/fluxrecords.fr\/en\/wp-json\/wp\/v2\/pages\/6511\/revisions\/6540"}],"wp:attachment":[{"href":"https:\/\/fluxrecords.fr\/en\/wp-json\/wp\/v2\/media?parent=6511"}],"curies":[{"name":"wp","href":"https:\/\/api.w.org\/{rel}","templated":true}]}}