{"id":719,"date":"2025-10-11T22:09:14","date_gmt":"2025-10-11T22:09:14","guid":{"rendered":"https:\/\/fluxrecords.fr\/?page_id=719"},"modified":"2025-11-19T23:27:30","modified_gmt":"2025-11-19T23:27:30","slug":"politique-de-confidentialite-2","status":"publish","type":"page","link":"https:\/\/fluxrecords.fr\/en\/politique-de-confidentialite-2\/","title":{"rendered":"Privacy Policy"},"content":{"rendered":"<h1 class=\"wp-block-heading\">Privacy Policy <strong>www.fcprod.com<\/strong><\/h1>\n\n\n\n<p class=\"\">Welcome to the privacy policy of www.fcprod.com. This policy will help you understand what data we collect, why we collect it, and what your rights are in this regard.<\/p>\n\n\n\n<p class=\"\">Last updated: October 11, 2025<\/p>\n\n\n\n<h2 class=\"wp-block-heading\">Owner and data controller<\/h2>\n\n\n\n<p class=\"\">Faya Chidekh\/FC Music Productions\/13 Rue Scud\u00e9ri 06390 CONTES<\/p>\n\n\n\n<p class=\"\"><strong>Owner's contact email:<\/strong> contact@fcprod.com<\/p>\n\n\n\n<h2 class=\"wp-block-heading\" id=\"types-of-data\">Types of Data We Collect<\/h2>\n\n\n\n<p class=\"\">The owner does not provide a list of the types of Personal Data collected.<\/p>\n\n\n\n<p class=\"\">Le site d\u00e9taille chaque type de Donn\u00e9es personnelles collect\u00e9es dans la politique de confidentialit\u00e9 ou via des explications avant la collecte. L\u2019Utilisateur peut fournir librement ses Donn\u00e9es, ou le site collecte automatiquement les Donn\u00e9es d\u2019utilisation. Sauf indication contraire, toutes les Donn\u00e9es demand\u00e9es sont n\u00e9cessaires, sinon le Service peut \u00eatre indisponible. Si certaines Donn\u00e9es ne sont pas obligatoires, l\u2019Utilisateur peut choisir de ne pas les fournir sans nuire au Service. Le Propri\u00e9taire invite les Utilisateurs ayant des doutes sur les Donn\u00e9es obligatoires \u00e0 le contacter. Le site et ses services tiers utilisent des Cookies ou autres outils de suivi pour fournir le Service et selon la politique en mati\u00e8re de cookies.<\/p>\n\n\n\n<p class=\"\">Les Utilisateurs sont responsables des Donn\u00e9es personnelles de tiers qu\u2019ils publient ou communiquent via ce site.<\/p>\n\n\n\n<h2 class=\"wp-block-heading\" id=\"mode-and-place\">Method and location of data processing<\/h2>\n\n\n\n<h3 class=\"wp-block-heading\">Treatment methods<\/h3>\n\n\n\n<p class=\"\">Le Propri\u00e9taire prend des mesures pour emp\u00eacher l\u2019acc\u00e8s, la divulgation, la modification ou la destruction non autoris\u00e9s des Donn\u00e9es. Il traite les Donn\u00e9es avec des outils informatiques, selon des proc\u00e9dures li\u00e9es aux finalit\u00e9s indiqu\u00e9es. Certaines personnes (administration, ventes, marketing, service juridique, administration syst\u00e8me) peuvent acc\u00e9der aux Donn\u00e9es. Le Propri\u00e9taire peut aussi d\u00e9signer des tiers (fournisseurs techniques, messagerie, h\u00e9bergement, informatique, communication) comme Sous-traitants. Vous pouvez demander \u00e0 tout moment la liste mise \u00e0 jour de ces parties.<\/p>\n\n\n\n<h3 class=\"wp-block-heading\">Processing location<\/h3>\n\n\n\n<p class=\"\">Le Propri\u00e9taire traite les Donn\u00e9es au si\u00e8ge social et dans tous les autres lieux o\u00f9 les parties responsables du traitement sont situ\u00e9es. En fonction de la localisation de l\u2019Utilisateur, le Propri\u00e9taire peut transf\u00e9rer les Donn\u00e9es de celui-ci vers un pays diff\u00e9rent. Pour en savoir plus sur le lieu de traitement de ces Donn\u00e9es transf\u00e9r\u00e9es, les Utilisateurs peuvent consulter la section qui contient des d\u00e9tails sur le traitement des Donn\u00e9es personnelles.<\/p>\n\n\n\n<h3 class=\"wp-block-heading\">Storage time<\/h3>\n\n\n\n<p class=\"\">Sauf indication contraire, nous conservons les Donn\u00e9es personnelles aussi longtemps que n\u00e9cessaire pour leur finalit\u00e9. Nous pouvons aussi les garder plus longtemps en cas d\u2019obligation l\u00e9gale ou avec le consentement de l\u2019Utilisateur.<\/p>\n\n\n\n<h3 class=\"wp-block-heading\">Purposes of processing<\/h3>\n\n\n\n<p class=\"\">Le Propri\u00e9taire collecte les Donn\u00e9es de l\u2019Utilisateur pour fournir le Service, remplir ses obligations, r\u00e9pondre aux demandes l\u00e9gales, prot\u00e9ger ses droits et ceux des Utilisateurs ou tiers, d\u00e9tecter les activit\u00e9s frauduleuses, ainsi que pour les raisons suivantes :<\/p>\n\n\n\n<ul class=\"wp-block-list\">\n<li class=\"\">Platform and hosting services<\/li>\n\n\n\n<li class=\"\">Contact the User<\/li>\n\n\n\n<li class=\"\">Analytics<\/li>\n<\/ul>\n\n\n\n<h2 class=\"wp-block-heading\" id=\"cookie-policy\">Cookie Policy<\/h2>\n\n\n\n<p class=\"\">This site uses trackers. To learn more, users can consult the <a href=\"https:\/\/fluxrecords.fr\/en\/politique-de-cookies-ue\/\" target=\"_blank\" rel=\"noreferrer noopener\">Cookie Policy<\/a>.<\/p>\n\n\n\n<h2 class=\"wp-block-heading\" id=\"further-info-eu-users\">Additional information for users in the European Union<\/h2>\n\n\n\n<h3 class=\"wp-block-heading\">Legal basis for processing<\/h3>\n\n\n\n<p class=\"\">The Owner may process Personal Data relating to Users if one of the following conditions applies:<\/p>\n\n\n\n<ul class=\"wp-block-list\">\n<li class=\"\">Users have given their consent for one or more specific purposes.<\/li>\n\n\n\n<li class=\"\">the provision of Data is necessary for the performance of an agreement with the User or for any pre-contractual obligation of the latter;<\/li>\n\n\n\n<li class=\"\">the processing is necessary to comply with a legal obligation to which the Owner is subject;<\/li>\n\n\n\n<li class=\"\">the processing is related to a task carried out in the public interest or in the exercise of public authority vested in the Owner;<\/li>\n\n\n\n<li class=\"\">the processing is necessary for the purposes of the legitimate interests pursued by the Owner or by a third party.<\/li>\n<\/ul>\n\n\n\n<p class=\"\">In all cases, the Owner will gladly help you clarify the specific legal basis that applies to the processing, and in particular whether the provision of Personal Data is a statutory or contractual requirement, or a requirement necessary to enter into a contract.<\/p>\n\n\n\n<h3 class=\"wp-block-heading\">Additional information on shelf life<\/h3>\n\n\n\n<p class=\"\">Sauf indication contraire, nous conservons les Donn\u00e9es personnelles aussi longtemps que n\u00e9cessaire ou selon une obligation l\u00e9gale ou le consentement de l\u2019Utilisateur.<\/p>\n\n\n\n<p class=\"\">Therefore :<\/p>\n\n\n\n<ul class=\"wp-block-list\">\n<li class=\"\">Personal Data collected for purposes related to the performance of a contract between the Owner and the User must be kept until the contract has been fully performed.<\/li>\n\n\n\n<li class=\"\">Personal data collected for the purposes of the Owner's legitimate interests must be retained only as long as necessary to achieve those purposes. Users can find specific information regarding the legitimate interests pursued by the Owner in the relevant sections of this document or by contacting the Owner.<\/li>\n<\/ul>\n\n\n\n<p class=\"\">L\u2019Utilisateur peut autoriser le Propri\u00e9taire \u00e0 conserver ses Donn\u00e9es personnelles plus longtemps en donnant son consentement, tant qu\u2019il ne le retire pas. Une obligation l\u00e9gale ou un ordre d&rsquo;une autorit\u00e9 peut aussi imposer cette conservation. Une fois la p\u00e9riode expir\u00e9e, le Propri\u00e9taire supprime les Donn\u00e9es. Apr\u00e8s cela, l\u2019Utilisateur ne peut plus exercer ses droits d&rsquo;acc\u00e8s, d&rsquo;effacement, de rectification ni de portabilit\u00e9.<\/p>\n\n\n\n<h3 class=\"wp-block-heading\" id=\"rights_subjects\">User rights arising from the General Data Protection Regulation (GDPR)<\/h3>\n\n\n\n<p class=\"\">Les Membres peuvent exercer certains droits concernant leurs Donn\u00e9es trait\u00e9es par le Propri\u00e9taire.<\/p>\n\n\n\n<p class=\"\">Users have the right to do the following, to the extent permitted by law:<\/p>\n\n\n\n<ul class=\"wp-block-list\">\n<li class=\"\"><strong>They can withdraw their consent at any time.<\/strong> Users have the right to withdraw their consent if they have previously given their consent to the processing of their Personal Data.<\/li>\n\n\n\n<li class=\"\"><strong>To object to the processing of their Data.<\/strong> Users have the right to object to the processing of their Data if the processing is carried out on a legal basis other than consent.<\/li>\n\n\n\n<li class=\"\"><strong>Access their data.<\/strong> Users have the right to know if Data is being processed by the Owner, to obtain information on certain aspects of the processing and to obtain a copy of the Data being processed.<\/li>\n\n\n\n<li class=\"\"><strong>Check and obtain a correction.<\/strong> Users have the right to verify the accuracy of their Data and to request that it be updated or corrected.<\/li>\n\n\n\n<li class=\"\"><strong>Limit the processing of their data.<\/strong> Users have the right to restrict the processing of their Data. In this case, the Owner will only process their Data for storage purposes.<\/li>\n\n\n\n<li class=\"\"><strong>To have their personal data deleted or erased.<\/strong> Users have the right to obtain the erasure of their Data from the Owner.<\/li>\n\n\n\n<li class=\"\"><strong>Retrieve their data and have it transferred to another data controller.<\/strong> Users have the right to retrieve their Data in a structured, commonly used and machine-readable format and, if technically feasible, to have it transmitted to another data controller without hindrance of any kind.<\/li>\n\n\n\n<li class=\"\"><strong>File a complaint.<\/strong> Users have the right to lodge a complaint with their competent data protection authority.<\/li>\n<\/ul>\n\n\n\n<p class=\"\">Les Utilisateurs ont le droit de conna\u00eetre la base juridique des transferts de Donn\u00e9es vers l\u2019\u00e9tranger, notamment vers des organisations internationales comme l\u2019ONU. Ils peuvent aussi conna\u00eetre les mesures de s\u00e9curit\u00e9 mises en place par le Propri\u00e9taire pour prot\u00e9ger leurs Donn\u00e9es.<\/p>\n\n\n\n<h3 class=\"wp-block-heading\">Information regarding the right to object to processing<\/h3>\n\n\n\n<p class=\"\">Lorsque le Propri\u00e9taire traite les Donn\u00e9es personnelles dans l&rsquo;int\u00e9r\u00eat public, dans l&rsquo;exercice d&rsquo;une autorit\u00e9 officielle ou pour les int\u00e9r\u00eats l\u00e9gitimes qu&rsquo;il poursuit, les Utilisateurs peuvent s&rsquo;opposer \u00e0 ce traitement en fournissant un motif li\u00e9 \u00e0 leur situation particuli\u00e8re justifiant cette opposition.<\/p>\n\n\n\n<p class=\"\">Les Utilisateurs peuvent s\u2019opposer gratuitement et sans justification au traitement de leurs Donn\u00e9es personnelles \u00e0 des fins de marketing direct \u00e0 tout moment. En cas d\u2019opposition, le Propri\u00e9taire cesse ce traitement. Pour v\u00e9rifier si le Propri\u00e9taire utilise les Donn\u00e9es \u00e0 ces fins, les Utilisateurs peuvent consulter les sections correspondantes de ce document.<\/p>\n\n\n\n<h3 class=\"wp-block-heading\">How to exercise these rights<\/h3>\n\n\n\n<p class=\"\">L\u2019Utilisateur peut adresser toute demande d\u2019exercice de ses droits au propri\u00e9taire aux coordonn\u00e9es indiqu\u00e9es dans le pr\u00e9sent document. Le Propri\u00e9taire traite ces demandes gratuitement et r\u00e9pond aux Utilisateurs en leur fournissant les informations requises par la loi dans les plus brefs d\u00e9lais, et toujours dans un d\u00e9lai d\u2019un mois. Le Propri\u00e9taire communique toute rectification, effacement de Donn\u00e9es personnelles ou limitation du traitement \u00e0 chaque destinataire ayant re\u00e7u ces Donn\u00e9es, sauf si cela s\u2019av\u00e8re impossible ou n\u00e9cessite un effort disproportionn\u00e9. \u00c0 la demande des Utilisateurs, le Propri\u00e9taire leur fournit les renseignements sur ces destinataires.<\/p>\n\n\n\n<h2 class=\"wp-block-heading\" id=\"additional-info-on-collection-and-processing\">Additional information on the processing and collection of Data<\/h2>\n\n\n\n<h3 class=\"wp-block-heading\">Legal action<\/h3>\n\n\n\n<p class=\"\">Le Propri\u00e9taire peut utiliser les Donn\u00e9es personnelles de l\u2019Utilisateur \u00e0 des fins juridiques devant les tribunaux ou lors des \u00e9tapes pouvant conduire \u00e0 une action en justice r\u00e9sultant d\u2019une utilisation inappropri\u00e9e de ce site ou des Services connexes. Le Propri\u00e9taire peut \u00e9galement r\u00e9v\u00e9ler des Donn\u00e9es personnelles \u00e0 la demande des autorit\u00e9s publiques, et l\u2019Utilisateur en est conscient.<\/p>\n\n\n\n<h3 class=\"wp-block-heading\">Additional information regarding the User's Personal Data<\/h3>\n\n\n\n<p class=\"\">Ce site peut aussi fournir \u00e0 l\u2019Utilisateur des informations compl\u00e9mentaires sur certains services ou la collecte des Donn\u00e9es personnelles.<\/p>\n\n\n\n<h3 class=\"wp-block-heading\">System and maintenance logs<\/h3>\n\n\n\n<p class=\"\">Pour l&rsquo;exploitation et la maintenance, ce site et ses services tiers peuvent collecter des fichiers ou des donn\u00e9es personnelles (comme l&rsquo;adresse IP).<\/p>\n\n\n\n<h3 class=\"wp-block-heading\">Information not included in this policy<\/h3>\n\n\n\n<p class=\"\">Further information regarding the collection or processing of Personal Data can be requested from the Owner at any time. Please see the contact details at the beginning of this document.<\/p>\n\n\n\n<h3 class=\"wp-block-heading\">Changes to this privacy policy<\/h3>\n\n\n\n<p class=\"\">Le Propri\u00e9taire peut modifier cette politique de confidentialit\u00e9 \u00e0 tout moment en informant les Utilisateurs sur cette page et \u00e9ventuellement sur le site. Il peut aussi envoyer une notification via les coordonn\u00e9es disponibles, si possible. Il est conseill\u00e9 de consulter cette page r\u00e9guli\u00e8rement, en v\u00e9rifiant la date de la derni\u00e8re mise \u00e0 jour en bas. Si les changements affectent le traitement bas\u00e9 sur le consentement, un nouveau consentement de l&rsquo;Utilisateur sera demand\u00e9.<\/p>\n\n\n\n<h2 class=\"wp-block-heading\" id=\"definitions\">Definitions and legal references<\/h2>\n\n\n\n<h3 class=\"wp-block-heading\">Personal Data (or Data)<\/h3>\n\n\n\n<p class=\"\">Any information that, directly, indirectly or in connection with other information \u2013 including a personal identification number \u2013 allows the identification or identifiability of a natural person.<\/p>\n\n\n\n<h3 class=\"wp-block-heading\">Usage Data<\/h3>\n\n\n\n<p class=\"\">L\u2019Application collecte automatiquement des donn\u00e9es comme les adresses IP, les noms de domaine, les URI, l\u2019heure et la m\u00e9thode des demandes, la taille des fichiers re\u00e7us, les codes de statut, le pays d\u2019origine, les caract\u00e9ristiques du navigateur et du syst\u00e8me, le temps pass\u00e9 sur chaque page, le parcours de navigation, ainsi que d\u2019autres param\u00e8tres li\u00e9s \u00e0 l\u2019environnement informatique de l\u2019Utilisateur.<\/p>\n\n\n\n<h3 class=\"wp-block-heading\">User<\/h3>\n\n\n\n<p class=\"\">The person using this site who, unless otherwise indicated, corresponds to the Person concerned.<\/p>\n\n\n\n<h3 class=\"wp-block-heading\">Data subject<\/h3>\n\n\n\n<p class=\"\">The natural person to whom the Personal Data refers.<\/p>\n\n\n\n<h3 class=\"wp-block-heading\">Subcontractor<\/h3>\n\n\n\n<p class=\"\">La personne physique ou morale, l&rsquo;autorit\u00e9 publique, l&rsquo;institution ou tout autre organisme traitant les Donn\u00e9es personnelles pour le compte du Responsable du traitement, selon cette politique de confidentialit\u00e9.<\/p>\n\n\n\n<h3 class=\"wp-block-heading\">Data Controller (or Owner)<\/h3>\n\n\n\n<p class=\"\">La personne ou organisme d\u00e9terminant les finalit\u00e9s, moyens et la s\u00e9curit\u00e9 du traitement des Donn\u00e9es personnelles, g\u00e9n\u00e9ralement le Propri\u00e9taire du site.<\/p>\n\n\n\n<h3 class=\"wp-block-heading\">This Site<\/h3>\n\n\n\n<p class=\"\">Les responsables collectent et traitent les Donn\u00e9es personnelles de l&rsquo;Utilisateur.<\/p>\n\n\n\n<h3 class=\"wp-block-heading\">Services<\/h3>\n\n\n\n<p class=\"\">The services provided by this site are as described in the relevant terms and conditions (if any) and on this site.<\/p>\n\n\n\n<h3 class=\"wp-block-heading\">European Union (or EU)<\/h3>\n\n\n\n<p class=\"\">Sauf indication contraire, toutes les r\u00e9f\u00e9rences \u00e0 l&rsquo;Union europ\u00e9enne incluent ses \u00c9tats membres actuels et ceux de l&rsquo;Espace \u00e9conomique europ\u00e9en.<\/p>\n\n\n\n<hr class=\"wp-block-separator has-alpha-channel-opacity\"\/>\n\n\n\n<h4 class=\"wp-block-heading\">Legal information<\/h4>\n\n\n\n<p class=\"\">This privacy policy applies only to this site, unless otherwise stated in this document.<\/p>\n\n\n\n<p class=\"\"><\/p>","protected":false},"excerpt":{"rendered":"<p>Politique de confidentialit\u00e9 de www.fcprod.com Bienvenue sur la politique de confidentialit\u00e9 de www.fcprod.com. La pr\u00e9sente politique vous aidera \u00e0 comprendre quelles donn\u00e9es nous recueillons, pourquoi nous les recueillons et quels sont vos droits \u00e0 cet \u00e9gard. Derni\u00e8re mise \u00e0 jour : 11 octobre 2025 Propri\u00e9taire et responsable du traitement Faya Chidekh\/ FC Music Productions\/ 13 [&hellip;]<\/p>\n","protected":false},"author":1,"featured_media":0,"parent":0,"menu_order":0,"comment_status":"closed","ping_status":"closed","template":"wp-custom-template-l-ment-unique-article","meta":{"footnotes":""},"class_list":["post-719","page","type-page","status-publish","hentry"],"yoast_head":"<!-- This site is optimized with the Yoast SEO plugin v27.3 - https:\/\/yoast.com\/product\/yoast-seo-wordpress\/ -->\n<title>Politique de confidentialit\u00e9 : Comprendre vos droits - FLUX RECORDS<\/title>\n<meta name=\"description\" content=\"D\u00e9couvrez la politique de confidentialit\u00e9 de www.fcprod.com et comprenez les donn\u00e9es que nous collectons et pourquoi.\" \/>\n<meta name=\"robots\" content=\"index, follow, max-snippet:-1, max-image-preview:large, max-video-preview:-1\" \/>\n<link rel=\"canonical\" href=\"https:\/\/fluxrecords.fr\/en\/politique-de-confidentialite-2\/\" \/>\n<meta property=\"og:locale\" content=\"en_US\" \/>\n<meta property=\"og:type\" content=\"article\" \/>\n<meta property=\"og:title\" content=\"Politique de confidentialit\u00e9 : Comprendre vos droits - FLUX RECORDS\" \/>\n<meta property=\"og:description\" content=\"D\u00e9couvrez la politique de confidentialit\u00e9 de www.fcprod.com et comprenez les donn\u00e9es que nous collectons et pourquoi.\" \/>\n<meta property=\"og:url\" content=\"https:\/\/fluxrecords.fr\/en\/politique-de-confidentialite-2\/\" \/>\n<meta property=\"og:site_name\" content=\"FLUX RECORDS\" \/>\n<meta property=\"article:modified_time\" content=\"2025-11-19T23:27:30+00:00\" \/>\n<meta name=\"twitter:card\" content=\"summary_large_image\" \/>\n<meta name=\"twitter:label1\" content=\"Est. reading time\" \/>\n\t<meta name=\"twitter:data1\" content=\"10 minutes\" \/>\n<script type=\"application\/ld+json\" class=\"yoast-schema-graph\">{\"@context\":\"https:\\\/\\\/schema.org\",\"@graph\":[{\"@type\":\"WebPage\",\"@id\":\"https:\\\/\\\/fluxrecords.fr\\\/politique-de-confidentialite-2\\\/\",\"url\":\"https:\\\/\\\/fluxrecords.fr\\\/politique-de-confidentialite-2\\\/\",\"name\":\"Politique de confidentialit\u00e9 : Comprendre vos droits - FLUX RECORDS\",\"isPartOf\":{\"@id\":\"https:\\\/\\\/fluxrecords.fr\\\/#website\"},\"datePublished\":\"2025-10-11T22:09:14+00:00\",\"dateModified\":\"2025-11-19T23:27:30+00:00\",\"description\":\"D\u00e9couvrez la politique de confidentialit\u00e9 de www.fcprod.com et comprenez les donn\u00e9es que nous collectons et pourquoi.\",\"breadcrumb\":{\"@id\":\"https:\\\/\\\/fluxrecords.fr\\\/politique-de-confidentialite-2\\\/#breadcrumb\"},\"inLanguage\":\"en-US\",\"potentialAction\":[{\"@type\":\"ReadAction\",\"target\":[\"https:\\\/\\\/fluxrecords.fr\\\/politique-de-confidentialite-2\\\/\"]}]},{\"@type\":\"BreadcrumbList\",\"@id\":\"https:\\\/\\\/fluxrecords.fr\\\/politique-de-confidentialite-2\\\/#breadcrumb\",\"itemListElement\":[{\"@type\":\"ListItem\",\"position\":1,\"name\":\"Accueil\",\"item\":\"https:\\\/\\\/fluxrecords.fr\\\/\"},{\"@type\":\"ListItem\",\"position\":2,\"name\":\"Politique de confidentialit\u00e9\"}]},{\"@type\":\"WebSite\",\"@id\":\"https:\\\/\\\/fluxrecords.fr\\\/#website\",\"url\":\"https:\\\/\\\/fluxrecords.fr\\\/\",\"name\":\"FLUX RECORDS\",\"description\":\"FLUX Records\",\"publisher\":{\"@id\":\"https:\\\/\\\/fluxrecords.fr\\\/#organization\"},\"potentialAction\":[{\"@type\":\"SearchAction\",\"target\":{\"@type\":\"EntryPoint\",\"urlTemplate\":\"https:\\\/\\\/fluxrecords.fr\\\/?s={search_term_string}\"},\"query-input\":{\"@type\":\"PropertyValueSpecification\",\"valueRequired\":true,\"valueName\":\"search_term_string\"}}],\"inLanguage\":\"en-US\"},{\"@type\":\"Organization\",\"@id\":\"https:\\\/\\\/fluxrecords.fr\\\/#organization\",\"name\":\"FLUX RECORDS\",\"url\":\"https:\\\/\\\/fluxrecords.fr\\\/\",\"logo\":{\"@type\":\"ImageObject\",\"inLanguage\":\"en-US\",\"@id\":\"https:\\\/\\\/fluxrecords.fr\\\/#\\\/schema\\\/logo\\\/image\\\/\",\"url\":\"https:\\\/\\\/fluxrecords.fr\\\/wp-content\\\/uploads\\\/2025\\\/10\\\/symbole-noir.png\",\"contentUrl\":\"https:\\\/\\\/fluxrecords.fr\\\/wp-content\\\/uploads\\\/2025\\\/10\\\/symbole-noir.png\",\"width\":2280,\"height\":2016,\"caption\":\"FLUX RECORDS\"},\"image\":{\"@id\":\"https:\\\/\\\/fluxrecords.fr\\\/#\\\/schema\\\/logo\\\/image\\\/\"}}]}<\/script>\n<!-- \/ Yoast SEO plugin. -->","yoast_head_json":{"title":"Politique de confidentialit\u00e9 : Comprendre vos droits - FLUX RECORDS","description":"D\u00e9couvrez la politique de confidentialit\u00e9 de www.fcprod.com et comprenez les donn\u00e9es que nous collectons et pourquoi.","robots":{"index":"index","follow":"follow","max-snippet":"max-snippet:-1","max-image-preview":"max-image-preview:large","max-video-preview":"max-video-preview:-1"},"canonical":"https:\/\/fluxrecords.fr\/en\/politique-de-confidentialite-2\/","og_locale":"en_US","og_type":"article","og_title":"Politique de confidentialit\u00e9 : Comprendre vos droits - FLUX RECORDS","og_description":"D\u00e9couvrez la politique de confidentialit\u00e9 de www.fcprod.com et comprenez les donn\u00e9es que nous collectons et pourquoi.","og_url":"https:\/\/fluxrecords.fr\/en\/politique-de-confidentialite-2\/","og_site_name":"FLUX RECORDS","article_modified_time":"2025-11-19T23:27:30+00:00","twitter_card":"summary_large_image","twitter_misc":{"Est. reading time":"10 minutes"},"schema":{"@context":"https:\/\/schema.org","@graph":[{"@type":"WebPage","@id":"https:\/\/fluxrecords.fr\/politique-de-confidentialite-2\/","url":"https:\/\/fluxrecords.fr\/politique-de-confidentialite-2\/","name":"Politique de confidentialit\u00e9 : Comprendre vos droits - FLUX RECORDS","isPartOf":{"@id":"https:\/\/fluxrecords.fr\/#website"},"datePublished":"2025-10-11T22:09:14+00:00","dateModified":"2025-11-19T23:27:30+00:00","description":"D\u00e9couvrez la politique de confidentialit\u00e9 de www.fcprod.com et comprenez les donn\u00e9es que nous collectons et pourquoi.","breadcrumb":{"@id":"https:\/\/fluxrecords.fr\/politique-de-confidentialite-2\/#breadcrumb"},"inLanguage":"en-US","potentialAction":[{"@type":"ReadAction","target":["https:\/\/fluxrecords.fr\/politique-de-confidentialite-2\/"]}]},{"@type":"BreadcrumbList","@id":"https:\/\/fluxrecords.fr\/politique-de-confidentialite-2\/#breadcrumb","itemListElement":[{"@type":"ListItem","position":1,"name":"Accueil","item":"https:\/\/fluxrecords.fr\/"},{"@type":"ListItem","position":2,"name":"Politique de confidentialit\u00e9"}]},{"@type":"WebSite","@id":"https:\/\/fluxrecords.fr\/#website","url":"https:\/\/fluxrecords.fr\/","name":"FLUX RECORDS","description":"FLUX Records","publisher":{"@id":"https:\/\/fluxrecords.fr\/#organization"},"potentialAction":[{"@type":"SearchAction","target":{"@type":"EntryPoint","urlTemplate":"https:\/\/fluxrecords.fr\/?s={search_term_string}"},"query-input":{"@type":"PropertyValueSpecification","valueRequired":true,"valueName":"search_term_string"}}],"inLanguage":"en-US"},{"@type":"Organization","@id":"https:\/\/fluxrecords.fr\/#organization","name":"FLUX RECORDS","url":"https:\/\/fluxrecords.fr\/","logo":{"@type":"ImageObject","inLanguage":"en-US","@id":"https:\/\/fluxrecords.fr\/#\/schema\/logo\/image\/","url":"https:\/\/fluxrecords.fr\/wp-content\/uploads\/2025\/10\/symbole-noir.png","contentUrl":"https:\/\/fluxrecords.fr\/wp-content\/uploads\/2025\/10\/symbole-noir.png","width":2280,"height":2016,"caption":"FLUX RECORDS"},"image":{"@id":"https:\/\/fluxrecords.fr\/#\/schema\/logo\/image\/"}}]}},"_links":{"self":[{"href":"https:\/\/fluxrecords.fr\/en\/wp-json\/wp\/v2\/pages\/719","targetHints":{"allow":["GET"]}}],"collection":[{"href":"https:\/\/fluxrecords.fr\/en\/wp-json\/wp\/v2\/pages"}],"about":[{"href":"https:\/\/fluxrecords.fr\/en\/wp-json\/wp\/v2\/types\/page"}],"author":[{"embeddable":true,"href":"https:\/\/fluxrecords.fr\/en\/wp-json\/wp\/v2\/users\/1"}],"replies":[{"embeddable":true,"href":"https:\/\/fluxrecords.fr\/en\/wp-json\/wp\/v2\/comments?post=719"}],"version-history":[{"count":31,"href":"https:\/\/fluxrecords.fr\/en\/wp-json\/wp\/v2\/pages\/719\/revisions"}],"predecessor-version":[{"id":3491,"href":"https:\/\/fluxrecords.fr\/en\/wp-json\/wp\/v2\/pages\/719\/revisions\/3491"}],"wp:attachment":[{"href":"https:\/\/fluxrecords.fr\/en\/wp-json\/wp\/v2\/media?parent=719"}],"curies":[{"name":"wp","href":"https:\/\/api.w.org\/{rel}","templated":true}]}}