{"id":946,"date":"2025-10-13T19:55:00","date_gmt":"2025-10-13T19:55:00","guid":{"rendered":"https:\/\/fluxrecords.fr\/politique-de-cookies-ue\/"},"modified":"2025-11-19T23:33:10","modified_gmt":"2025-11-19T23:33:10","slug":"politique-de-cookies","status":"publish","type":"page","link":"https:\/\/fluxrecords.fr\/en\/politique-de-cookies\/","title":{"rendered":"Politique de cookies (UE)"},"content":{"rendered":"<h2 class=\"wp-block-heading\">Politique de cookies (UE)<\/h2>\n\n\n\n<p class=\"\">Nous avons mis \u00e0 jour cette politique de cookies pour la derni\u00e8re fois le 13 octobre 2025 et elle s\u2019applique aux citoyens et aux r\u00e9sidents permanents l\u00e9gaux de l\u2019Espace \u00c9conomique Europ\u00e9en et de la Suisse.<\/p>\n\n\n\n<h2 class=\"wp-block-heading\">1. Introduction<\/h2>\n\n\n\n<p class=\"\">Notre site web, https:\/\/fluxrecords.fr (ci-apr\u00e8s : \u00ab le site web \u00bb), utilise des cookies et d\u2019autres technologies li\u00e9es (nous d\u00e9signons toutes ces technologies par le terme \u00ab cookies \u00bb). Des tierces parties que nous avons engag\u00e9es placent \u00e9galement des cookies. Dans le document ci-dessous, nous vous informons sur l\u2019utilisation des cookies sur notre site web.<\/p>\n\n\n\n<h2 class=\"wp-block-heading\">2. Que sont les cookies&nbsp;?<\/h2>\n\n\n\n<p class=\"\">Nous envoyons un petit fichier simple appel\u00e9 cookie avec les pages de ce site web, et votre navigateur le stocke sur le disque dur de votre ordinateur ou d\u2019un autre appareil. Lors de votre visite ult\u00e9rieure, votre navigateur renvoie ces informations \u00e0 nos serveurs ou aux serveurs des tierces parties concern\u00e9es.<\/p>\n\n\n\n<h2 class=\"wp-block-heading\">3. Que sont les scripts&nbsp;?<\/h2>\n\n\n\n<p class=\"\">Un script est un \u00e9l\u00e9ment de code utilis\u00e9 pour que notre site web fonctionne correctement et de mani\u00e8re interactive. Ce code est ex\u00e9cut\u00e9 sur notre serveur ou sur votre appareil.<\/p>\n\n\n\n<h2 class=\"wp-block-heading\">4. Qu\u2019est-ce qu\u2019une balise invisible&nbsp;?<\/h2>\n\n\n\n<p class=\"\">Une balise invisible (ou balise web) est un petit morceau de texte ou d\u2019image invisible sur un site web, utilis\u00e9 pour suivre le trafic sur un site web. Pour ce faire, diverses donn\u00e9es vous concernant sont stock\u00e9es \u00e0 l\u2019aide de balises invisibles.<\/p>\n\n\n\n<h2 class=\"wp-block-heading\">5. Cookies<\/h2>\n\n\n\n<p class=\"\">5.1 Cookies techniques ou fonctionnels<\/p>\n\n\n\n<p class=\"\">Certains cookies assurent le fonctionnement correct de certaines parties du site web et la prise en compte de vos pr\u00e9f\u00e9rences en tant qu\u2019internaute. En pla\u00e7ant des cookies fonctionnels, nous vous facilitons la visite de notre site web. Ainsi, vous n\u2019avez pas besoin de saisir \u00e0 plusieurs reprises les m\u00eames informations lors de la visite de notre site web et, par exemple, les \u00e9l\u00e9ments restent dans votre panier jusqu\u2019\u00e0 votre paiement. Nous pouvons d\u00e9poser ces cookies sans votre consentement.<\/p>\n\n\n\n<p class=\"\">5.2 Cookies de marketing\/suivi<\/p>\n\n\n\n<p class=\"\">Les cookies de marketing\/suivi sont des cookies ou toute autre forme de stockage local, utilis\u00e9s pour cr\u00e9er des profils d\u2019utilisateurs afin d\u2019afficher de la publicit\u00e9 ou de suivre l\u2019utilisateur sur ce site web ou sur plusieurs sites web dans des finalit\u00e9s marketing similaires.<\/p>\n\n\n\n<p class=\"\">6. Cookies plac\u00e9s<\/p>\n\n\n\n<h4 class=\"wp-block-heading\">Elementor <\/h4>\n\n\n\n<p class=\"\">Cr\u00e9ation de contenu. Partage de donn\u00e9es : Ces donn\u00e9es ne sont pas partag\u00e9es avec des tierces parties.<\/p>\n\n\n\n<h4 class=\"wp-block-heading\">WordPress<\/h4>\n\n\n\n<p class=\"\">Nous d\u00e9veloppons le site web. Nous ne partageons pas ces donn\u00e9es avec des tierces parties.<\/p>\n\n\n\n<h4 class=\"wp-block-heading\">Mailpoet<\/h4>\n\n\n\n<p class=\"\">Abonnement aux liste de diffusion.  Partage de donn\u00e9es : Pour plus d\u2019informations, veuillez lire la <a href=\"https:\/\/automattic.com\/privacy\/\" target=\"_blank\" rel=\"noreferrer noopener\">d\u00e9claration de confidentialit\u00e9 mailpoet<\/a>.<\/p>\n\n\n\n<h4 class=\"wp-block-heading\">YouTube<\/h4>\n\n\n\n<p class=\"\">Affichage de vid\u00e9os. Partage de donn\u00e9es : Pour plus d\u2019informations, veuillez lire la <a href=\"https:\/\/policies.google.com\/privacy\" target=\"_blank\" rel=\"noreferrer noopener\">d\u00e9claration de confidentialit\u00e9 YouTube<\/a>.<\/p>\n\n\n\n<h4 class=\"wp-block-heading\">Complianz<\/h4>\n\n\n\n<p class=\"\">Nous utilisons Complianz pour la gestion du consentement aux cookies. Partage de donn\u00e9es : Ces donn\u00e9es ne sont pas partag\u00e9es avec des tierces parties.&nbsp;Pour plus d\u2019informations, veuillez lire la <a href=\"https:\/\/complianz.io\/legal\/privacy-statement\/\" target=\"_blank\" rel=\"noreferrer noopener\">d\u00e9claration de confidentialit\u00e9 Complianz<\/a>.<\/p>\n\n\n\n<h2 class=\"wp-block-heading\">7. Consentement<\/h2>\n\n\n\n<p class=\"\">Lorsque vous visitez notre site web pour la premi\u00e8re fois, nous vous montrerons une fen\u00eatre contextuelle avec une explication sur les cookies. D\u00e8s que vous cliquez sur \u00ab&nbsp;Enregistrer les pr\u00e9f\u00e9rences&nbsp;\u00bb vous nous autorisez \u00e0 utiliser les cat\u00e9gories de cookies et d\u2019extensions que vous avez s\u00e9lectionn\u00e9s dans la fen\u00eatre contextuelle, comme d\u00e9crit dans la pr\u00e9sente politique de cookies. Vous pouvez d\u00e9sactiver l\u2019utilisation des cookies via votre navigateur, mais veuillez noter que notre site web pourrait ne plus fonctionner correctement.<\/p>\n\n\n\n<p class=\"\">7.1 G\u00e9rez vos r\u00e9glages de consentement<\/p>\n\n\n\n<p class=\"\">Fonctionnel : L\u2019acc\u00e8s ou le stockage technique permet strictement d\u2019atteindre la finalit\u00e9 d\u2019int\u00e9r\u00eat l\u00e9gitime consistant \u00e0 offrir l\u2019utilisation d\u2019un service sp\u00e9cifique explicitement demand\u00e9 par l\u2019abonn\u00e9 ou l\u2019utilisateur, ou \u00e0 effectuer la transmission d\u2019une communication sur un r\u00e9seau de communications \u00e9lectroniques.<\/p>\n\n\n\n<p class=\"\">Pr\u00e9f\u00e9rences : Nous devons acc\u00e9der ou stocker techniquement des pr\u00e9f\u00e9rences non demand\u00e9es par l\u2019abonn\u00e9 ou l\u2019internaute dans un but l\u00e9gitime.<\/p>\n\n\n\n<p class=\"\">Marketing : L\u2019acc\u00e8s ou le stockage technique est n\u00e9cessaire pour cr\u00e9er des profils d\u2019internautes afin d\u2019envoyer des publicit\u00e9s, ou pour suivre l\u2019utilisateur sur un site web ou sur plusieurs sites web ayant des finalit\u00e9s marketing similaires.<\/p>\n\n\n\n<h2 class=\"wp-block-heading\">8. Activer\/d\u00e9sactiver et supprimer les cookies<\/h2>\n\n\n\n<p class=\"\">Vous pouvez utiliser votre navigateur pour supprimer automatiquement ou manuellement les cookies. Vous pouvez aussi emp\u00eacher certains cookies d\u2019\u00eatre plac\u00e9s. Une autre option est de configurer votre navigateur pour recevoir un message \u00e0 chaque fois qu\u2019un cookie est pos\u00e9. Pour en savoir plus, consultez la section Aide de votre navigateur.<\/p>\n\n\n\n<p class=\"\">Veuillez noter que notre site web peut ne pas fonctionner correctement si vous d\u00e9sactivez tous les cookies. Si vous supprimez les cookies dans votre navigateur, notre site les placera de nouveau apr\u00e8s que vous aurez donn\u00e9 votre consentement lors de votre prochaine visite.<\/p>\n\n\n\n<h2 class=\"wp-block-heading\">9. Vos droits concernant les donn\u00e9es personnelles<\/h2>\n\n\n\n<p class=\"\">Vous avez les droits suivants concernant vos donn\u00e9es personnelles&nbsp;:<\/p>\n\n\n\n<ul class=\"wp-block-list\">\n<li class=\"\">Vous avez le droit de savoir pourquoi vos donn\u00e9es personnelles sont n\u00e9cessaires, ce qui leur arrivera et combien de temps elles seront conserv\u00e9es.<\/li>\n\n\n\n<li class=\"\">Droit d\u2019acc\u00e8s&nbsp;: vous avez le droit d\u2019acc\u00e9der \u00e0 vos donn\u00e9es personnelles que nous connaissons.<\/li>\n\n\n\n<li class=\"\">Droit de rectification&nbsp;: vous avez le droit \u00e0 tout moment de compl\u00e9ter, corriger, faire supprimer ou bloquer vos donn\u00e9es personnelles.<\/li>\n\n\n\n<li class=\"\">Si vous nous donnez votre consentement pour le traitement de vos donn\u00e9es, vous avez le droit de r\u00e9voquer ce consentement et de faire supprimer vos donn\u00e9es personnelles.<\/li>\n\n\n\n<li class=\"\">Droit de transf\u00e9rer vos donn\u00e9es&nbsp;: vous avez le droit de demander toutes vos donn\u00e9es personnelles au responsable du traitement et de les transf\u00e9rer dans leur int\u00e9gralit\u00e9 \u00e0 un autre responsable du traitement.<\/li>\n\n\n\n<li class=\"\">Droit d\u2019opposition&nbsp;: vous pouvez vous opposer au traitement de vos donn\u00e9es. Nous obtemp\u00e9rerons, \u00e0 moins que certaines raisons ne justifient ce traitement.<\/li>\n<\/ul>\n\n\n\n<p class=\"\">Pour exercer ces droits, contactez-nous. Reportez-vous aux coordonn\u00e9es situ\u00e9es au bas de cette politique de cookies. Si vous avez une plainte concernant notre traitement de vos donn\u00e9es, informez-nous. Vous pouvez \u00e9galement d\u00e9poser une plainte aupr\u00e8s de l\u2019autorit\u00e9 de contr\u00f4le (l\u2019autorit\u00e9 charg\u00e9e de la protection des donn\u00e9es).<\/p>\n\n\n\n<h2 class=\"wp-block-heading\">10. Coordonn\u00e9es<\/h2>\n\n\n\n<p class=\"\">Pour des questions et\/ou des commentaires sur notre politique de cookies et cette d\u00e9claration, veuillez nous contacter en utilisant les coordonn\u00e9es suivantes&nbsp;:<\/p>\n\n\n\n<p class=\"\">Faya chidekh<br>13 rue scud\u00e9ri 06390 Contes<br>France<br>Site web&nbsp;: <a href=\"https:\/\/fluxrecords.fr\/en\/\">https:\/\/fluxrecords.fr<\/a><br>E-mail&nbsp;: contact@fcprod.com<br>Num\u00e9ro de t\u00e9l\u00e9phone : 06.11.51.84.15<\/p>\n\n\n\n<p class=\"\">Cookiedatabase.org a synchronis\u00e9 cette politique de cookies le 13 octobre 2025.<\/p>","protected":false},"excerpt":{"rendered":"<p>Politique de cookies (UE) Nous avons mis \u00e0 jour cette politique de cookies pour la derni\u00e8re fois le 13 octobre 2025 et elle s\u2019applique aux citoyens et aux r\u00e9sidents permanents l\u00e9gaux de l\u2019Espace \u00c9conomique Europ\u00e9en et de la Suisse. 1. Introduction Notre site web, https:\/\/fluxrecords.fr (ci-apr\u00e8s : \u00ab le site web \u00bb), utilise des cookies [&hellip;]<\/p>\n","protected":false},"author":1,"featured_media":0,"parent":0,"menu_order":0,"comment_status":"closed","ping_status":"closed","template":"wp-custom-template-l-ment-unique-article","meta":{"footnotes":""},"class_list":["post-946","page","type-page","status-publish","hentry"],"yoast_head":"<!-- This site is optimized with the Yoast SEO plugin v27.3 - https:\/\/yoast.com\/product\/yoast-seo-wordpress\/ -->\n<title>Politique de cookies (UE) - FLUX RECORDS<\/title>\n<meta name=\"description\" content=\"Politique de cookies Notre site web, https:\/\/fluxrecords.fr utilise des cookies et autres technologies li\u00e9es (par simplification, toutes ces technologies sont d\u00e9sign\u00e9es par le terme \u00ab cookies \u00bb).\" \/>\n<meta name=\"robots\" content=\"index, follow, max-snippet:-1, max-image-preview:large, max-video-preview:-1\" \/>\n<link rel=\"canonical\" href=\"https:\/\/fluxrecords.fr\/en\/politique-de-cookies\/\" \/>\n<meta property=\"og:locale\" content=\"en_US\" \/>\n<meta property=\"og:type\" content=\"article\" \/>\n<meta property=\"og:title\" content=\"Politique de cookies (UE) - FLUX RECORDS\" \/>\n<meta property=\"og:description\" content=\"Politique de cookies Notre site web, https:\/\/fluxrecords.fr utilise des cookies et autres technologies li\u00e9es (par simplification, toutes ces technologies sont d\u00e9sign\u00e9es par le terme \u00ab cookies \u00bb).\" \/>\n<meta property=\"og:url\" content=\"https:\/\/fluxrecords.fr\/en\/politique-de-cookies\/\" \/>\n<meta property=\"og:site_name\" content=\"FLUX RECORDS\" \/>\n<meta property=\"article:modified_time\" content=\"2025-11-19T23:33:10+00:00\" \/>\n<meta name=\"twitter:card\" content=\"summary_large_image\" \/>\n<meta name=\"twitter:label1\" content=\"Est. reading time\" \/>\n\t<meta name=\"twitter:data1\" content=\"6 minutes\" \/>\n<script type=\"application\/ld+json\" class=\"yoast-schema-graph\">{\"@context\":\"https:\\\/\\\/schema.org\",\"@graph\":[{\"@type\":\"WebPage\",\"@id\":\"https:\\\/\\\/fluxrecords.fr\\\/politique-de-cookies\\\/\",\"url\":\"https:\\\/\\\/fluxrecords.fr\\\/politique-de-cookies\\\/\",\"name\":\"Politique de cookies (UE) - FLUX RECORDS\",\"isPartOf\":{\"@id\":\"https:\\\/\\\/fluxrecords.fr\\\/#website\"},\"datePublished\":\"2025-10-13T19:55:00+00:00\",\"dateModified\":\"2025-11-19T23:33:10+00:00\",\"description\":\"Politique de cookies Notre site web, https:\\\/\\\/fluxrecords.fr utilise des cookies et autres technologies li\u00e9es (par simplification, toutes ces technologies sont d\u00e9sign\u00e9es par le terme \u00ab cookies \u00bb).\",\"breadcrumb\":{\"@id\":\"https:\\\/\\\/fluxrecords.fr\\\/politique-de-cookies\\\/#breadcrumb\"},\"inLanguage\":\"en-US\",\"potentialAction\":[{\"@type\":\"ReadAction\",\"target\":[\"https:\\\/\\\/fluxrecords.fr\\\/politique-de-cookies\\\/\"]}]},{\"@type\":\"BreadcrumbList\",\"@id\":\"https:\\\/\\\/fluxrecords.fr\\\/politique-de-cookies\\\/#breadcrumb\",\"itemListElement\":[{\"@type\":\"ListItem\",\"position\":1,\"name\":\"Accueil\",\"item\":\"https:\\\/\\\/fluxrecords.fr\\\/\"},{\"@type\":\"ListItem\",\"position\":2,\"name\":\"Politique de cookies (UE)\"}]},{\"@type\":\"WebSite\",\"@id\":\"https:\\\/\\\/fluxrecords.fr\\\/#website\",\"url\":\"https:\\\/\\\/fluxrecords.fr\\\/\",\"name\":\"FLUX RECORDS\",\"description\":\"FLUX Records\",\"publisher\":{\"@id\":\"https:\\\/\\\/fluxrecords.fr\\\/#organization\"},\"potentialAction\":[{\"@type\":\"SearchAction\",\"target\":{\"@type\":\"EntryPoint\",\"urlTemplate\":\"https:\\\/\\\/fluxrecords.fr\\\/?s={search_term_string}\"},\"query-input\":{\"@type\":\"PropertyValueSpecification\",\"valueRequired\":true,\"valueName\":\"search_term_string\"}}],\"inLanguage\":\"en-US\"},{\"@type\":\"Organization\",\"@id\":\"https:\\\/\\\/fluxrecords.fr\\\/#organization\",\"name\":\"FLUX RECORDS\",\"url\":\"https:\\\/\\\/fluxrecords.fr\\\/\",\"logo\":{\"@type\":\"ImageObject\",\"inLanguage\":\"en-US\",\"@id\":\"https:\\\/\\\/fluxrecords.fr\\\/#\\\/schema\\\/logo\\\/image\\\/\",\"url\":\"https:\\\/\\\/fluxrecords.fr\\\/wp-content\\\/uploads\\\/2025\\\/10\\\/symbole-noir.png\",\"contentUrl\":\"https:\\\/\\\/fluxrecords.fr\\\/wp-content\\\/uploads\\\/2025\\\/10\\\/symbole-noir.png\",\"width\":2280,\"height\":2016,\"caption\":\"FLUX RECORDS\"},\"image\":{\"@id\":\"https:\\\/\\\/fluxrecords.fr\\\/#\\\/schema\\\/logo\\\/image\\\/\"}}]}<\/script>\n<!-- \/ Yoast SEO plugin. -->","yoast_head_json":{"title":"Politique de cookies (UE) - FLUX RECORDS","description":"Politique de cookies Notre site web, https:\/\/fluxrecords.fr utilise des cookies et autres technologies li\u00e9es (par simplification, toutes ces technologies sont d\u00e9sign\u00e9es par le terme \u00ab cookies \u00bb).","robots":{"index":"index","follow":"follow","max-snippet":"max-snippet:-1","max-image-preview":"max-image-preview:large","max-video-preview":"max-video-preview:-1"},"canonical":"https:\/\/fluxrecords.fr\/en\/politique-de-cookies\/","og_locale":"en_US","og_type":"article","og_title":"Politique de cookies (UE) - FLUX RECORDS","og_description":"Politique de cookies Notre site web, https:\/\/fluxrecords.fr utilise des cookies et autres technologies li\u00e9es (par simplification, toutes ces technologies sont d\u00e9sign\u00e9es par le terme \u00ab cookies \u00bb).","og_url":"https:\/\/fluxrecords.fr\/en\/politique-de-cookies\/","og_site_name":"FLUX RECORDS","article_modified_time":"2025-11-19T23:33:10+00:00","twitter_card":"summary_large_image","twitter_misc":{"Est. reading time":"6 minutes"},"schema":{"@context":"https:\/\/schema.org","@graph":[{"@type":"WebPage","@id":"https:\/\/fluxrecords.fr\/politique-de-cookies\/","url":"https:\/\/fluxrecords.fr\/politique-de-cookies\/","name":"Politique de cookies (UE) - FLUX RECORDS","isPartOf":{"@id":"https:\/\/fluxrecords.fr\/#website"},"datePublished":"2025-10-13T19:55:00+00:00","dateModified":"2025-11-19T23:33:10+00:00","description":"Politique de cookies Notre site web, https:\/\/fluxrecords.fr utilise des cookies et autres technologies li\u00e9es (par simplification, toutes ces technologies sont d\u00e9sign\u00e9es par le terme \u00ab cookies \u00bb).","breadcrumb":{"@id":"https:\/\/fluxrecords.fr\/politique-de-cookies\/#breadcrumb"},"inLanguage":"en-US","potentialAction":[{"@type":"ReadAction","target":["https:\/\/fluxrecords.fr\/politique-de-cookies\/"]}]},{"@type":"BreadcrumbList","@id":"https:\/\/fluxrecords.fr\/politique-de-cookies\/#breadcrumb","itemListElement":[{"@type":"ListItem","position":1,"name":"Accueil","item":"https:\/\/fluxrecords.fr\/"},{"@type":"ListItem","position":2,"name":"Politique de cookies (UE)"}]},{"@type":"WebSite","@id":"https:\/\/fluxrecords.fr\/#website","url":"https:\/\/fluxrecords.fr\/","name":"FLUX RECORDS","description":"FLUX Records","publisher":{"@id":"https:\/\/fluxrecords.fr\/#organization"},"potentialAction":[{"@type":"SearchAction","target":{"@type":"EntryPoint","urlTemplate":"https:\/\/fluxrecords.fr\/?s={search_term_string}"},"query-input":{"@type":"PropertyValueSpecification","valueRequired":true,"valueName":"search_term_string"}}],"inLanguage":"en-US"},{"@type":"Organization","@id":"https:\/\/fluxrecords.fr\/#organization","name":"FLUX RECORDS","url":"https:\/\/fluxrecords.fr\/","logo":{"@type":"ImageObject","inLanguage":"en-US","@id":"https:\/\/fluxrecords.fr\/#\/schema\/logo\/image\/","url":"https:\/\/fluxrecords.fr\/wp-content\/uploads\/2025\/10\/symbole-noir.png","contentUrl":"https:\/\/fluxrecords.fr\/wp-content\/uploads\/2025\/10\/symbole-noir.png","width":2280,"height":2016,"caption":"FLUX RECORDS"},"image":{"@id":"https:\/\/fluxrecords.fr\/#\/schema\/logo\/image\/"}}]}},"_links":{"self":[{"href":"https:\/\/fluxrecords.fr\/en\/wp-json\/wp\/v2\/pages\/946","targetHints":{"allow":["GET"]}}],"collection":[{"href":"https:\/\/fluxrecords.fr\/en\/wp-json\/wp\/v2\/pages"}],"about":[{"href":"https:\/\/fluxrecords.fr\/en\/wp-json\/wp\/v2\/types\/page"}],"author":[{"embeddable":true,"href":"https:\/\/fluxrecords.fr\/en\/wp-json\/wp\/v2\/users\/1"}],"replies":[{"embeddable":true,"href":"https:\/\/fluxrecords.fr\/en\/wp-json\/wp\/v2\/comments?post=946"}],"version-history":[{"count":5,"href":"https:\/\/fluxrecords.fr\/en\/wp-json\/wp\/v2\/pages\/946\/revisions"}],"predecessor-version":[{"id":3493,"href":"https:\/\/fluxrecords.fr\/en\/wp-json\/wp\/v2\/pages\/946\/revisions\/3493"}],"wp:attachment":[{"href":"https:\/\/fluxrecords.fr\/en\/wp-json\/wp\/v2\/media?parent=946"}],"curies":[{"name":"wp","href":"https:\/\/api.w.org\/{rel}","templated":true}]}}