{"id":968,"date":"2025-10-13T21:54:10","date_gmt":"2025-10-13T21:54:10","guid":{"rendered":"https:\/\/fluxrecords.fr\/?page_id=968"},"modified":"2026-02-20T10:08:07","modified_gmt":"2026-02-20T10:08:07","slug":"extrait-deux-et-demi","status":"publish","type":"page","link":"https:\/\/fluxrecords.fr\/en\/extrait-deux-et-demi\/","title":{"rendered":"Extrait Deux et demi"},"content":{"rendered":"<p class=\"\"><\/p>\n\n\n\n<div class=\"wp-block-group alignfull is-style-ext-preset--group--natural-1--section is-layout-constrained wp-container-core-group-is-layout-b22a53da wp-block-group-is-layout-constrained has-background\" style=\"margin-top:0;margin-bottom:0;padding-top:var(--wp--preset--spacing--50);padding-right:0;padding-bottom:var(--wp--preset--spacing--50);padding-left:0;background-image:url(&apos;https:\/\/fluxrecords.fr\/wp-content\/uploads\/2026\/02\/2026-02-06-12-32-21-b6176774-0e95-4f02-9f36-13779f77d430.png&apos;);background-size:cover;\">\n<div class=\"wp-block-media-text is-stacked-on-mobile is-vertically-aligned-top is-style-ext-preset--media-text--natural-1--card-1 has-tertiary-background-color has-background\" style=\"border-style:none;border-width:0px;border-top-left-radius:0px;border-top-right-radius:0px;border-bottom-left-radius:0px;border-bottom-right-radius:0px;padding-right:0;padding-left:0;grid-template-columns:36% auto\"><figure class=\"wp-block-media-text__media\"><a href=\"https:\/\/www.amazon.fr\/stores\/Faya-Chidekh\/author\/B00VF4A19A?ref=ap_rdr&amp;shoppingPortalEnabled=true\" target=\"_blank\" rel=\" noreferrer noopener\"><img fetchpriority=\"high\" decoding=\"async\" width=\"346\" height=\"552\" src=\"https:\/\/fluxrecords.fr\/wp-content\/uploads\/2025\/11\/deux-et-demi-roman-web.jpg\" alt=\"couverture roman deux et demi\" class=\"wp-image-2832 size-full\" srcset=\"https:\/\/fluxrecords.fr\/wp-content\/uploads\/2025\/11\/deux-et-demi-roman-web.jpg 346w, https:\/\/fluxrecords.fr\/wp-content\/uploads\/2025\/11\/deux-et-demi-roman-web-188x300.jpg 188w, https:\/\/fluxrecords.fr\/wp-content\/uploads\/2025\/11\/deux-et-demi-roman-web-8x12.jpg 8w\" sizes=\"(max-width: 346px) 100vw, 346px\" \/><\/a><\/figure><div class=\"wp-block-media-text__content\">\n<div class=\"wp-block-group alignwide is-vertical is-layout-flex wp-container-core-group-is-layout-77880bde wp-block-group-is-layout-flex\" style=\"padding-top:var(--wp--preset--spacing--30);padding-bottom:var(--wp--preset--spacing--30)\">\n<div class=\"wp-block-group is-layout-constrained wp-container-core-group-is-layout-812d5580 wp-block-group-is-layout-constrained\" style=\"padding-top:0;padding-right:0;padding-bottom:0;padding-left:0\">\n<h2 class=\"wp-block-heading\">Deux Et Demi<\/h2>\n\n\n\n<div class=\"wp-block-group is-nowrap is-layout-flex wp-container-core-group-is-layout-6fee25ed wp-block-group-is-layout-flex\" style=\"margin-top:24px;padding-top:0;padding-right:0;padding-bottom:0;padding-left:0\">\n<div class=\"wp-block-group is-nowrap is-layout-flex wp-container-core-group-is-layout-2ca071df wp-block-group-is-layout-flex\" style=\"padding-top:0;padding-right:0;padding-bottom:0;padding-left:0\">\n<p style=\"font-size:16px\" class=\"wp-container-content-9cfa9a5a\">2009 <\/p>\n<\/div>\n\n\n\n<div class=\"wp-block-group is-nowrap is-layout-flex wp-container-core-group-is-layout-2ca071df wp-block-group-is-layout-flex\" style=\"padding-top:0;padding-right:0;padding-bottom:0;padding-left:0\">\n<p class=\"\">My Novels<\/p>\n<\/div>\n<\/div>\n\n\n\n<h4 class=\"wp-block-heading\">Un plus un \u00e9gal trois&#8230;&#8230;<\/h4>\n\n\n\n<p class=\"\"><\/p>\n<\/div>\n\n\n\n<div class=\"wp-block-buttons is-layout-flex wp-block-buttons-is-layout-flex\">\n<div class=\"wp-block-button is-style-ext-preset--button--natural-1--button-1 is-style-outline wpopus-hover-zoom-in is-style-outline--1\"><a class=\"wp-block-button__link has-small-font-size has-custom-font-size wp-element-button\" href=\"https:\/\/fluxrecords.fr\/en\/lire-un-extrait-deux-et-demi\/\" style=\"border-top-left-radius:9px;border-top-right-radius:9px;border-bottom-left-radius:9px;border-bottom-right-radius:9px;padding-top:var(--wp--preset--spacing--20);padding-right:var(--wp--preset--spacing--50);padding-bottom:var(--wp--preset--spacing--20);padding-left:var(--wp--preset--spacing--50)\" target=\"_blank\" rel=\"noreferrer noopener\">Read an excerpt<\/a><\/div>\n<\/div>\n<\/div>\n<\/div><\/div>\n<\/div>\n\n\n\n<div class=\"wp-block-columns is-layout-flex wp-container-core-columns-is-layout-28f84493 wp-block-columns-is-layout-flex\">\n<div class=\"wp-block-column is-layout-flow wp-block-column-is-layout-flow\">\n<h4 class=\"wp-block-heading\">R\u00e9sum\u00e9<\/h4>\n\n\n\n<p class=\"has-black-color has-text-color has-link-color has-small-font-size wp-elements-3514ce2ecd421051d61b86aa16c0c2d6\">After a deeply painful breakup, Lisa Lange chose to leave her position as a mathematician at the prestigious Paris-Saclay University. She acquired a small house in the south of France, where she aspired to withdraw completely from the world.<\/p>\n\n\n\n<p class=\"has-black-color has-text-color has-link-color has-small-font-size wp-elements-2ea933ecf9e73b5699a17c31a0a1852a\">Lisa has been working for years to develop the mathematical formula for love. Deep down, she is convinced that it is in sun-drenched solitude that she will discover the key.<\/p>\n\n\n\n<p class=\"has-black-color has-text-color has-link-color has-small-font-size wp-elements-3c7bc4680d9137aa0b408ecaba5eecba\">Thus begins a unique adventure, where the value lies more in the journey than in the final destination.<\/p>\n<\/div>\n<\/div>\n\n\n\n<div style=\"height:91px\" aria-hidden=\"true\" class=\"wp-block-spacer\"><\/div>\n\n\n\n<p class=\"\"><\/p>\n\n\n\n<div class=\"wp-block-group alignfull is-layout-constrained wp-container-core-group-is-layout-19e250f3 wp-block-group-is-layout-constrained\">\n<div class=\"wp-block-cover alignfull\" style=\"min-height:196px;aspect-ratio:unset;\"><img decoding=\"async\" width=\"1024\" height=\"307\" class=\"wp-block-cover__image-background wp-image-3089 size-large\" alt=\"banner human author black\" src=\"https:\/\/fluxrecords.fr\/wp-content\/uploads\/2025\/11\/banner-human-author-black--1024x307.jpg\" data-object-fit=\"cover\" srcset=\"https:\/\/fluxrecords.fr\/wp-content\/uploads\/2025\/11\/banner-human-author-black--1024x307.jpg 1024w, https:\/\/fluxrecords.fr\/wp-content\/uploads\/2025\/11\/banner-human-author-black--300x90.jpg 300w, https:\/\/fluxrecords.fr\/wp-content\/uploads\/2025\/11\/banner-human-author-black--768x230.jpg 768w, https:\/\/fluxrecords.fr\/wp-content\/uploads\/2025\/11\/banner-human-author-black--1536x461.jpg 1536w, https:\/\/fluxrecords.fr\/wp-content\/uploads\/2025\/11\/banner-human-author-black--18x5.jpg 18w, https:\/\/fluxrecords.fr\/wp-content\/uploads\/2025\/11\/banner-human-author-black--1320x396.jpg 1320w, https:\/\/fluxrecords.fr\/wp-content\/uploads\/2025\/11\/banner-human-author-black-.jpg 2000w\" sizes=\"(max-width: 1024px) 100vw, 1024px\" \/><span aria-hidden=\"true\" class=\"wp-block-cover__background has-red-coral-background-color has-background-dim-10 has-background-dim\"><\/span><div class=\"wp-block-cover__inner-container is-layout-constrained wp-block-cover-is-layout-constrained\">\n<p class=\"has-text-align-center has-large-font-size\"><\/p>\n<\/div><\/div>\n<\/div>\n\n\n\n<p class=\"\"><\/p>\n\n\n\n<p class=\"\"><\/p>\n\n\n\n<p class=\"\"><\/p>","protected":false},"excerpt":{"rendered":"<p>Deux Et Demi 2009 Mes Romans Un plus un \u00e9gal trois&#8230;&#8230; R\u00e9sum\u00e9 Apr\u00e8s une rupture profond\u00e9ment douloureuse, Lisa Lange choisit de quitter son poste de math\u00e9maticienne \u00e0 la prestigieuse universit\u00e9 Paris-Saclay. Elle acquiert une petite maison dans le sud de la France, o\u00f9 elle aspire \u00e0 se retirer compl\u00e8tement du monde. Lisa travaille depuis des [&hellip;]<\/p>\n","protected":false},"author":1,"featured_media":0,"parent":0,"menu_order":0,"comment_status":"closed","ping_status":"closed","template":"wp-custom-template-l-ment-unique-article","meta":{"footnotes":""},"class_list":["post-968","page","type-page","status-publish","hentry"],"yoast_head":"<!-- This site is optimized with the Yoast SEO plugin v27.3 - https:\/\/yoast.com\/product\/yoast-seo-wordpress\/ -->\n<title>Extrait Deux et demi - FLUX RECORDS<\/title>\n<meta name=\"description\" content=\"Voici un extrait du roman Deux et Demi de Faya Chidekh . L&#039;histoire d&#039;une math\u00e9maticienne renomm\u00e9e qui cherche la formule de l&#039;Amour.\" \/>\n<meta name=\"robots\" content=\"index, follow, max-snippet:-1, max-image-preview:large, max-video-preview:-1\" \/>\n<link rel=\"canonical\" href=\"https:\/\/fluxrecords.fr\/en\/extrait-deux-et-demi\/\" \/>\n<meta property=\"og:locale\" content=\"en_US\" \/>\n<meta property=\"og:type\" content=\"article\" \/>\n<meta property=\"og:title\" content=\"Extrait Deux et demi - FLUX RECORDS\" \/>\n<meta property=\"og:description\" content=\"Voici un extrait du roman Deux et Demi de Faya Chidekh . L&#039;histoire d&#039;une math\u00e9maticienne renomm\u00e9e qui cherche la formule de l&#039;Amour.\" \/>\n<meta property=\"og:url\" content=\"https:\/\/fluxrecords.fr\/en\/extrait-deux-et-demi\/\" \/>\n<meta property=\"og:site_name\" content=\"FLUX RECORDS\" \/>\n<meta property=\"article:modified_time\" content=\"2026-02-20T10:08:07+00:00\" \/>\n<meta property=\"og:image\" content=\"https:\/\/fluxrecords.fr\/wp-content\/uploads\/2025\/11\/deux-et-demi-roman-web.jpg\" \/>\n\t<meta property=\"og:image:width\" content=\"346\" \/>\n\t<meta property=\"og:image:height\" content=\"552\" \/>\n\t<meta property=\"og:image:type\" content=\"image\/jpeg\" \/>\n<meta name=\"twitter:card\" content=\"summary_large_image\" \/>\n<meta name=\"twitter:label1\" content=\"Est. reading time\" \/>\n\t<meta name=\"twitter:data1\" content=\"1 minute\" \/>\n<script type=\"application\/ld+json\" class=\"yoast-schema-graph\">{\"@context\":\"https:\\\/\\\/schema.org\",\"@graph\":[{\"@type\":\"WebPage\",\"@id\":\"https:\\\/\\\/fluxrecords.fr\\\/extrait-deux-et-demi\\\/\",\"url\":\"https:\\\/\\\/fluxrecords.fr\\\/extrait-deux-et-demi\\\/\",\"name\":\"Extrait Deux et demi - FLUX RECORDS\",\"isPartOf\":{\"@id\":\"https:\\\/\\\/fluxrecords.fr\\\/#website\"},\"primaryImageOfPage\":{\"@id\":\"https:\\\/\\\/fluxrecords.fr\\\/extrait-deux-et-demi\\\/#primaryimage\"},\"image\":{\"@id\":\"https:\\\/\\\/fluxrecords.fr\\\/extrait-deux-et-demi\\\/#primaryimage\"},\"thumbnailUrl\":\"https:\\\/\\\/fluxrecords.fr\\\/wp-content\\\/uploads\\\/2025\\\/11\\\/deux-et-demi-roman-web.jpg\",\"datePublished\":\"2025-10-13T21:54:10+00:00\",\"dateModified\":\"2026-02-20T10:08:07+00:00\",\"description\":\"Voici un extrait du roman Deux et Demi de Faya Chidekh . L'histoire d'une math\u00e9maticienne renomm\u00e9e qui cherche la formule de l'Amour.\",\"breadcrumb\":{\"@id\":\"https:\\\/\\\/fluxrecords.fr\\\/extrait-deux-et-demi\\\/#breadcrumb\"},\"inLanguage\":\"en-US\",\"potentialAction\":[{\"@type\":\"ReadAction\",\"target\":[\"https:\\\/\\\/fluxrecords.fr\\\/extrait-deux-et-demi\\\/\"]}]},{\"@type\":\"ImageObject\",\"inLanguage\":\"en-US\",\"@id\":\"https:\\\/\\\/fluxrecords.fr\\\/extrait-deux-et-demi\\\/#primaryimage\",\"url\":\"https:\\\/\\\/fluxrecords.fr\\\/wp-content\\\/uploads\\\/2025\\\/11\\\/deux-et-demi-roman-web.jpg\",\"contentUrl\":\"https:\\\/\\\/fluxrecords.fr\\\/wp-content\\\/uploads\\\/2025\\\/11\\\/deux-et-demi-roman-web.jpg\"},{\"@type\":\"BreadcrumbList\",\"@id\":\"https:\\\/\\\/fluxrecords.fr\\\/extrait-deux-et-demi\\\/#breadcrumb\",\"itemListElement\":[{\"@type\":\"ListItem\",\"position\":1,\"name\":\"Accueil\",\"item\":\"https:\\\/\\\/fluxrecords.fr\\\/\"},{\"@type\":\"ListItem\",\"position\":2,\"name\":\"Extrait Deux et demi\"}]},{\"@type\":\"WebSite\",\"@id\":\"https:\\\/\\\/fluxrecords.fr\\\/#website\",\"url\":\"https:\\\/\\\/fluxrecords.fr\\\/\",\"name\":\"FLUX RECORDS\",\"description\":\"FLUX Records\",\"publisher\":{\"@id\":\"https:\\\/\\\/fluxrecords.fr\\\/#organization\"},\"potentialAction\":[{\"@type\":\"SearchAction\",\"target\":{\"@type\":\"EntryPoint\",\"urlTemplate\":\"https:\\\/\\\/fluxrecords.fr\\\/?s={search_term_string}\"},\"query-input\":{\"@type\":\"PropertyValueSpecification\",\"valueRequired\":true,\"valueName\":\"search_term_string\"}}],\"inLanguage\":\"en-US\"},{\"@type\":\"Organization\",\"@id\":\"https:\\\/\\\/fluxrecords.fr\\\/#organization\",\"name\":\"FLUX RECORDS\",\"url\":\"https:\\\/\\\/fluxrecords.fr\\\/\",\"logo\":{\"@type\":\"ImageObject\",\"inLanguage\":\"en-US\",\"@id\":\"https:\\\/\\\/fluxrecords.fr\\\/#\\\/schema\\\/logo\\\/image\\\/\",\"url\":\"https:\\\/\\\/fluxrecords.fr\\\/wp-content\\\/uploads\\\/2025\\\/10\\\/symbole-noir.png\",\"contentUrl\":\"https:\\\/\\\/fluxrecords.fr\\\/wp-content\\\/uploads\\\/2025\\\/10\\\/symbole-noir.png\",\"width\":2280,\"height\":2016,\"caption\":\"FLUX RECORDS\"},\"image\":{\"@id\":\"https:\\\/\\\/fluxrecords.fr\\\/#\\\/schema\\\/logo\\\/image\\\/\"}}]}<\/script>\n<!-- \/ Yoast SEO plugin. -->","yoast_head_json":{"title":"Extrait Deux et demi - FLUX RECORDS","description":"Voici un extrait du roman Deux et Demi de Faya Chidekh . L'histoire d'une math\u00e9maticienne renomm\u00e9e qui cherche la formule de l'Amour.","robots":{"index":"index","follow":"follow","max-snippet":"max-snippet:-1","max-image-preview":"max-image-preview:large","max-video-preview":"max-video-preview:-1"},"canonical":"https:\/\/fluxrecords.fr\/en\/extrait-deux-et-demi\/","og_locale":"en_US","og_type":"article","og_title":"Extrait Deux et demi - FLUX RECORDS","og_description":"Voici un extrait du roman Deux et Demi de Faya Chidekh . L'histoire d'une math\u00e9maticienne renomm\u00e9e qui cherche la formule de l'Amour.","og_url":"https:\/\/fluxrecords.fr\/en\/extrait-deux-et-demi\/","og_site_name":"FLUX RECORDS","article_modified_time":"2026-02-20T10:08:07+00:00","og_image":[{"width":346,"height":552,"url":"https:\/\/fluxrecords.fr\/wp-content\/uploads\/2025\/11\/deux-et-demi-roman-web.jpg","type":"image\/jpeg"}],"twitter_card":"summary_large_image","twitter_misc":{"Est. reading time":"1 minute"},"schema":{"@context":"https:\/\/schema.org","@graph":[{"@type":"WebPage","@id":"https:\/\/fluxrecords.fr\/extrait-deux-et-demi\/","url":"https:\/\/fluxrecords.fr\/extrait-deux-et-demi\/","name":"Extrait Deux et demi - FLUX RECORDS","isPartOf":{"@id":"https:\/\/fluxrecords.fr\/#website"},"primaryImageOfPage":{"@id":"https:\/\/fluxrecords.fr\/extrait-deux-et-demi\/#primaryimage"},"image":{"@id":"https:\/\/fluxrecords.fr\/extrait-deux-et-demi\/#primaryimage"},"thumbnailUrl":"https:\/\/fluxrecords.fr\/wp-content\/uploads\/2025\/11\/deux-et-demi-roman-web.jpg","datePublished":"2025-10-13T21:54:10+00:00","dateModified":"2026-02-20T10:08:07+00:00","description":"Voici un extrait du roman Deux et Demi de Faya Chidekh . L'histoire d'une math\u00e9maticienne renomm\u00e9e qui cherche la formule de l'Amour.","breadcrumb":{"@id":"https:\/\/fluxrecords.fr\/extrait-deux-et-demi\/#breadcrumb"},"inLanguage":"en-US","potentialAction":[{"@type":"ReadAction","target":["https:\/\/fluxrecords.fr\/extrait-deux-et-demi\/"]}]},{"@type":"ImageObject","inLanguage":"en-US","@id":"https:\/\/fluxrecords.fr\/extrait-deux-et-demi\/#primaryimage","url":"https:\/\/fluxrecords.fr\/wp-content\/uploads\/2025\/11\/deux-et-demi-roman-web.jpg","contentUrl":"https:\/\/fluxrecords.fr\/wp-content\/uploads\/2025\/11\/deux-et-demi-roman-web.jpg"},{"@type":"BreadcrumbList","@id":"https:\/\/fluxrecords.fr\/extrait-deux-et-demi\/#breadcrumb","itemListElement":[{"@type":"ListItem","position":1,"name":"Accueil","item":"https:\/\/fluxrecords.fr\/"},{"@type":"ListItem","position":2,"name":"Extrait Deux et demi"}]},{"@type":"WebSite","@id":"https:\/\/fluxrecords.fr\/#website","url":"https:\/\/fluxrecords.fr\/","name":"FLUX RECORDS","description":"FLUX Records","publisher":{"@id":"https:\/\/fluxrecords.fr\/#organization"},"potentialAction":[{"@type":"SearchAction","target":{"@type":"EntryPoint","urlTemplate":"https:\/\/fluxrecords.fr\/?s={search_term_string}"},"query-input":{"@type":"PropertyValueSpecification","valueRequired":true,"valueName":"search_term_string"}}],"inLanguage":"en-US"},{"@type":"Organization","@id":"https:\/\/fluxrecords.fr\/#organization","name":"FLUX RECORDS","url":"https:\/\/fluxrecords.fr\/","logo":{"@type":"ImageObject","inLanguage":"en-US","@id":"https:\/\/fluxrecords.fr\/#\/schema\/logo\/image\/","url":"https:\/\/fluxrecords.fr\/wp-content\/uploads\/2025\/10\/symbole-noir.png","contentUrl":"https:\/\/fluxrecords.fr\/wp-content\/uploads\/2025\/10\/symbole-noir.png","width":2280,"height":2016,"caption":"FLUX RECORDS"},"image":{"@id":"https:\/\/fluxrecords.fr\/#\/schema\/logo\/image\/"}}]}},"_links":{"self":[{"href":"https:\/\/fluxrecords.fr\/en\/wp-json\/wp\/v2\/pages\/968","targetHints":{"allow":["GET"]}}],"collection":[{"href":"https:\/\/fluxrecords.fr\/en\/wp-json\/wp\/v2\/pages"}],"about":[{"href":"https:\/\/fluxrecords.fr\/en\/wp-json\/wp\/v2\/types\/page"}],"author":[{"embeddable":true,"href":"https:\/\/fluxrecords.fr\/en\/wp-json\/wp\/v2\/users\/1"}],"replies":[{"embeddable":true,"href":"https:\/\/fluxrecords.fr\/en\/wp-json\/wp\/v2\/comments?post=968"}],"version-history":[{"count":92,"href":"https:\/\/fluxrecords.fr\/en\/wp-json\/wp\/v2\/pages\/968\/revisions"}],"predecessor-version":[{"id":5540,"href":"https:\/\/fluxrecords.fr\/en\/wp-json\/wp\/v2\/pages\/968\/revisions\/5540"}],"wp:attachment":[{"href":"https:\/\/fluxrecords.fr\/en\/wp-json\/wp\/v2\/media?parent=968"}],"curies":[{"name":"wp","href":"https:\/\/api.w.org\/{rel}","templated":true}]}}